{"id":115,"date":"2020-09-30T20:44:31","date_gmt":"2020-09-30T18:44:31","guid":{"rendered":"http:\/\/virtual.usac.edu.gt\/criminalistica\/?page_id=115"},"modified":"2024-03-11T17:53:32","modified_gmt":"2024-03-11T23:53:32","slug":"plan-de-estudios","status":"publish","type":"page","link":"https:\/\/virtual.usac.edu.gt\/criminalistica\/plan-de-estudios\/","title":{"rendered":"Plan de estudios"},"content":{"rendered":"\n<p>El plan de estudios <strong>incluye cursos existentes en la carrera de Licenciatura en Ciencias Jur\u00eddicas y Sociales, Abogac\u00eda y Notariado<\/strong> del Centro Universitario de Sur Oriente de la Universidad de San Carlos de Guatemala; <strong>algunos cursos de nueva creaci\u00f3n<\/strong>; as\u00ed como <strong>otras asignaturas del Plan de Estudios de la Licenciatura en Criminolog\u00eda de la Universidad Internacional de la Rioja<\/strong> (UNIR), Espa\u00f1a, producto de los acuerdos de cooperaci\u00f3n que se tienen con esta universidad.<\/p>\n\n\n\n<figure class=\"wp-block-image size-large\"><img loading=\"lazy\" decoding=\"async\" width=\"1024\" height=\"680\" src=\"http:\/\/virtual.usac.edu.gt\/criminalistica\/wp-content\/uploads\/2020\/10\/GRAFICOS-CRIMINOLOGIA-WEB-4-1024x680.jpg\" alt=\"\" class=\"wp-image-671\" srcset=\"https:\/\/virtual.usac.edu.gt\/criminalistica\/wp-content\/uploads\/2020\/10\/GRAFICOS-CRIMINOLOGIA-WEB-4-1024x680.jpg 1024w, https:\/\/virtual.usac.edu.gt\/criminalistica\/wp-content\/uploads\/2020\/10\/GRAFICOS-CRIMINOLOGIA-WEB-4-300x199.jpg 300w, https:\/\/virtual.usac.edu.gt\/criminalistica\/wp-content\/uploads\/2020\/10\/GRAFICOS-CRIMINOLOGIA-WEB-4-768x510.jpg 768w, https:\/\/virtual.usac.edu.gt\/criminalistica\/wp-content\/uploads\/2020\/10\/GRAFICOS-CRIMINOLOGIA-WEB-4-1536x1020.jpg 1536w, https:\/\/virtual.usac.edu.gt\/criminalistica\/wp-content\/uploads\/2020\/10\/GRAFICOS-CRIMINOLOGIA-WEB-4-2048x1360.jpg 2048w, https:\/\/virtual.usac.edu.gt\/criminalistica\/wp-content\/uploads\/2020\/10\/GRAFICOS-CRIMINOLOGIA-WEB-4-1626x1080.jpg 1626w\" sizes=\"auto, (max-width: 1024px) 100vw, 1024px\" \/><\/figure>\n\n\n\n<p><strong>Selecciona una opci\u00f3n para conocer m\u00e1s detalles:<\/strong><\/p>\n\n\n\n<table border=\"0\">\n<tbody>\n<tr>\n<td><img loading=\"lazy\" decoding=\"async\" id=\"Image-Maps-Com-image-maps-2020-10-01-234948\" src=\"http:\/\/virtual.usac.edu.gt\/criminalistica\/wp-content\/uploads\/2020\/10\/basica.jpg\" border=\"0\" width=\"518\" height=\"344\" orgwidth=\"518\" orgheight=\"344\" usemap=\"#image-maps-2020-10-01-234948\" alt=\"\"> <map name=\"image-maps-2020-10-01-234948\" id=\"ImageMapsCom-image-maps-2020-10-01-234948\"> \n<area alt=\"\" title=\"\" href=\"http:\/\/virtual.usac.edu.gt\/criminalistica\/area-basica\/#page-content\" shape=\"rect\" coords=\"0,0,518,344\" style=\"outline: none;\" target=\"_blank\" onmouseover=\"if(document.images) document.getElementById('Image-Maps-Com-image-maps-2020-10-01-234948').src= 'http:\/\/virtual.usac.edu.gt\/criminalistica\/wp-content\/uploads\/2020\/10\/basica_hover.png';\" onmouseout=\"if(document.images) document.getElementById('Image-Maps-Com-image-maps-2020-10-01-234948').src= 'http:\/\/virtual.usac.edu.gt\/criminalistica\/wp-content\/uploads\/2020\/10\/basica.jpg';\">\n \n<area shape=\"rect\" coords=\"516,342,518,344\" alt=\"Image Map\" style=\"outline: none;\" title=\"Image Map\" href=\"http:\/\/www.image-maps.com\/index.php?aff=mapped_users_0\">\n <\/map><\/td>\n<td><img loading=\"lazy\" decoding=\"async\" id=\"Image-Maps-Com-image-maps-2020-10-01-235957\" src=\"http:\/\/virtual.usac.edu.gt\/criminalistica\/wp-content\/uploads\/2020\/10\/tecnica.jpg\" border=\"0\" width=\"518\" height=\"344\" orgwidth=\"518\" orgheight=\"344\" usemap=\"#image-maps-2020-10-01-235957\" alt=\"\"> <map name=\"image-maps-2020-10-01-235957\" id=\"ImageMapsCom-image-maps-2020-10-01-235957\"> \n<area alt=\"\" title=\"\" href=\"http:\/\/virtual.usac.edu.gt\/criminalistica\/area-tecnica\/#page-content\" shape=\"rect\" coords=\"0,0,518,344\" style=\"outline: none;\" target=\"_blank\" onmouseover=\"if(document.images) document.getElementById('Image-Maps-Com-image-maps-2020-10-01-235957').src= 'http:\/\/virtual.usac.edu.gt\/criminalistica\/wp-content\/uploads\/2020\/10\/tecnica_hover.png';\" onmouseout=\"if(document.images) document.getElementById('Image-Maps-Com-image-maps-2020-10-01-235957').src= 'http:\/\/virtual.usac.edu.gt\/criminalistica\/wp-content\/uploads\/2020\/10\/tecnica.jpg';\">\n \n<area shape=\"rect\" coords=\"516,342,518,344\" alt=\"Image Map\" style=\"outline: none;\" title=\"Image Map\" href=\"http:\/\/www.image-maps.com\/index.php?aff=mapped_users_0\">\n <\/map><\/td>\n<td><img loading=\"lazy\" decoding=\"async\" id=\"Image-Maps-Com-image-maps-2020-10-02-000406\" src=\"http:\/\/virtual.usac.edu.gt\/criminalistica\/wp-content\/uploads\/2020\/10\/profesional.jpg\" border=\"0\" width=\"518\" height=\"344\" orgwidth=\"518\" orgheight=\"344\" usemap=\"#image-maps-2020-10-02-000406\" alt=\"\"> <map name=\"image-maps-2020-10-02-000406\" id=\"ImageMapsCom-image-maps-2020-10-02-000406\"> \n<area alt=\"\" title=\"\" href=\"http:\/\/virtual.usac.edu.gt\/criminalistica\/area-profesional\/#page-content\" shape=\"rect\" coords=\"0,0,518,344\" style=\"outline: none;\" target=\"_blank\" onmouseover=\"if(document.images) document.getElementById('Image-Maps-Com-image-maps-2020-10-02-000406').src= 'http:\/\/virtual.usac.edu.gt\/criminalistica\/wp-content\/uploads\/2020\/10\/profesional_hover.png';\" onmouseout=\"if(document.images) document.getElementById('Image-Maps-Com-image-maps-2020-10-02-000406').src= 'http:\/\/virtual.usac.edu.gt\/criminalistica\/wp-content\/uploads\/2020\/10\/profesional.jpg';\">\n \n<area shape=\"rect\" coords=\"516,342,518,344\" alt=\"Image Map\" style=\"outline: none;\" title=\"Image Map\" href=\"http:\/\/www.image-maps.com\/index.php?aff=mapped_users_0\">\n <\/map><\/td>\n<\/tr>\n<\/tbody>\n<\/table>\n\n\n\n<figure class=\"wp-block-image size-large\"><img loading=\"lazy\" decoding=\"async\" width=\"1024\" height=\"680\" src=\"http:\/\/virtual.usac.edu.gt\/criminalistica\/wp-content\/uploads\/2020\/10\/GRAFICOS-CRIMINOLOGIA-WEB2-1-1024x680.jpg\" alt=\"\" class=\"wp-image-448\" srcset=\"https:\/\/virtual.usac.edu.gt\/criminalistica\/wp-content\/uploads\/2020\/10\/GRAFICOS-CRIMINOLOGIA-WEB2-1-1024x680.jpg 1024w, https:\/\/virtual.usac.edu.gt\/criminalistica\/wp-content\/uploads\/2020\/10\/GRAFICOS-CRIMINOLOGIA-WEB2-1-300x199.jpg 300w, https:\/\/virtual.usac.edu.gt\/criminalistica\/wp-content\/uploads\/2020\/10\/GRAFICOS-CRIMINOLOGIA-WEB2-1-768x510.jpg 768w, https:\/\/virtual.usac.edu.gt\/criminalistica\/wp-content\/uploads\/2020\/10\/GRAFICOS-CRIMINOLOGIA-WEB2-1-1536x1020.jpg 1536w, https:\/\/virtual.usac.edu.gt\/criminalistica\/wp-content\/uploads\/2020\/10\/GRAFICOS-CRIMINOLOGIA-WEB2-1-2048x1360.jpg 2048w, https:\/\/virtual.usac.edu.gt\/criminalistica\/wp-content\/uploads\/2020\/10\/GRAFICOS-CRIMINOLOGIA-WEB2-1-1626x1080.jpg 1626w\" sizes=\"auto, (max-width: 1024px) 100vw, 1024px\" \/><\/figure>\n\n\n\n<p class=\"has-large-font-size\"><strong>Clic sobre la imagen para m\u00e1s detalles<\/strong><\/p>\n\n\n\n<figure class=\"wp-block-image size-large is-style-default\"><a href=\"https:\/\/drive.google.com\/file\/d\/16Ac3VwkjqZbN_raRBANFfqGkWV3TIDWs\/view?usp=sharing\" target=\"_blank\" rel=\"noreferrer noopener\"><img loading=\"lazy\" decoding=\"async\" width=\"1024\" height=\"615\" src=\"https:\/\/virtual.usac.edu.gt\/criminalistica\/wp-content\/uploads\/2024\/03\/Image-1024x615.jpg\" alt=\"\" class=\"wp-image-994\" srcset=\"https:\/\/virtual.usac.edu.gt\/criminalistica\/wp-content\/uploads\/2024\/03\/Image-1024x615.jpg 1024w, https:\/\/virtual.usac.edu.gt\/criminalistica\/wp-content\/uploads\/2024\/03\/Image-300x180.jpg 300w, https:\/\/virtual.usac.edu.gt\/criminalistica\/wp-content\/uploads\/2024\/03\/Image-768x461.jpg 768w, https:\/\/virtual.usac.edu.gt\/criminalistica\/wp-content\/uploads\/2024\/03\/Image.jpg 1489w\" sizes=\"auto, (max-width: 1024px) 100vw, 1024px\" \/><\/a><\/figure>\n","protected":false},"excerpt":{"rendered":"<p>El plan de estudios incluye cursos existentes en la carrera de Licenciatura en Ciencias Jur\u00eddicas y Sociales, Abogac\u00eda y Notariado del Centro Universitario de Sur Oriente de la Universidad de San Carlos de Guatemala; algunos cursos de nueva creaci\u00f3n; as\u00ed como otras asignaturas del Plan de Estudios de la Licenciatura en Criminolog\u00eda de la Universidad&hellip; <br \/> <a class=\"button small blue\" href=\"https:\/\/virtual.usac.edu.gt\/criminalistica\/plan-de-estudios\/\">Read more<\/a><\/p>\n","protected":false},"author":1,"featured_media":0,"parent":0,"menu_order":0,"comment_status":"closed","ping_status":"closed","template":"","meta":{"footnotes":""},"class_list":["post-115","page","type-page","status-publish","hentry"],"_links":{"self":[{"href":"https:\/\/virtual.usac.edu.gt\/criminalistica\/wp-json\/wp\/v2\/pages\/115","targetHints":{"allow":["GET"]}}],"collection":[{"href":"https:\/\/virtual.usac.edu.gt\/criminalistica\/wp-json\/wp\/v2\/pages"}],"about":[{"href":"https:\/\/virtual.usac.edu.gt\/criminalistica\/wp-json\/wp\/v2\/types\/page"}],"author":[{"embeddable":true,"href":"https:\/\/virtual.usac.edu.gt\/criminalistica\/wp-json\/wp\/v2\/users\/1"}],"replies":[{"embeddable":true,"href":"https:\/\/virtual.usac.edu.gt\/criminalistica\/wp-json\/wp\/v2\/comments?post=115"}],"version-history":[{"count":38,"href":"https:\/\/virtual.usac.edu.gt\/criminalistica\/wp-json\/wp\/v2\/pages\/115\/revisions"}],"predecessor-version":[{"id":998,"href":"https:\/\/virtual.usac.edu.gt\/criminalistica\/wp-json\/wp\/v2\/pages\/115\/revisions\/998"}],"wp:attachment":[{"href":"https:\/\/virtual.usac.edu.gt\/criminalistica\/wp-json\/wp\/v2\/media?parent=115"}],"curies":[{"name":"wp","href":"https:\/\/api.w.org\/{rel}","templated":true}]}}