{"id":127,"date":"2020-09-30T20:51:19","date_gmt":"2020-09-30T18:51:19","guid":{"rendered":"http:\/\/virtual.usac.edu.gt\/criminalistica\/?page_id=127"},"modified":"2020-10-02T10:45:58","modified_gmt":"2020-10-02T16:45:58","slug":"area-profesional","status":"publish","type":"page","link":"https:\/\/virtual.usac.edu.gt\/criminalistica\/area-profesional\/","title":{"rendered":"\u00c1rea profesional"},"content":{"rendered":"\n<p><strong>Licenciatura en Criminolog\u00eda y Criminal\u00edstica<\/strong><\/p>\n\n\n\n<p>El licenciado en criminolog\u00eda y criminal\u00edstica es el profesional con formaci\u00f3n especializada para el estudio de la delincuencia, su predicci\u00f3n, prevenci\u00f3n y tratamiento. Est\u00e1 orientado al desarrollo y aplicaci\u00f3n de competencias espec\u00edficas para delimitar y aplicar mecanismos de prevenci\u00f3n y actuaci\u00f3n frente al crimen.<\/p>\n\n\n\n<p>El <strong>pensum<\/strong> de la Licenciatura en Criminolog\u00eda y Criminal\u00edstica es de tipo <strong>cerrado<\/strong>, por lo que el estudiante deber\u00e1 aprobar la totalidad de los cursos programados en cada uno de los semestres hasta finalizar (cerrar) el pensum de estudios.<\/p>\n\n\n\n<figure class=\"wp-block-image size-large\"><img loading=\"lazy\" decoding=\"async\" width=\"1024\" height=\"680\" src=\"http:\/\/virtual.usac.edu.gt\/criminalistica\/wp-content\/uploads\/2020\/10\/GRAFICOS-CRIMINOLOGIA-WEB6-1024x680.jpg\" alt=\"\" class=\"wp-image-639\" srcset=\"https:\/\/virtual.usac.edu.gt\/criminalistica\/wp-content\/uploads\/2020\/10\/GRAFICOS-CRIMINOLOGIA-WEB6-1024x680.jpg 1024w, https:\/\/virtual.usac.edu.gt\/criminalistica\/wp-content\/uploads\/2020\/10\/GRAFICOS-CRIMINOLOGIA-WEB6-300x199.jpg 300w, https:\/\/virtual.usac.edu.gt\/criminalistica\/wp-content\/uploads\/2020\/10\/GRAFICOS-CRIMINOLOGIA-WEB6-768x510.jpg 768w, https:\/\/virtual.usac.edu.gt\/criminalistica\/wp-content\/uploads\/2020\/10\/GRAFICOS-CRIMINOLOGIA-WEB6-1536x1020.jpg 1536w, https:\/\/virtual.usac.edu.gt\/criminalistica\/wp-content\/uploads\/2020\/10\/GRAFICOS-CRIMINOLOGIA-WEB6-2048x1360.jpg 2048w, https:\/\/virtual.usac.edu.gt\/criminalistica\/wp-content\/uploads\/2020\/10\/GRAFICOS-CRIMINOLOGIA-WEB6-1626x1080.jpg 1626w\" sizes=\"auto, (max-width: 1024px) 100vw, 1024px\" \/><\/figure>\n\n\n\n<figure class=\"wp-block-image size-large\"><img loading=\"lazy\" decoding=\"async\" width=\"1024\" height=\"680\" src=\"http:\/\/virtual.usac.edu.gt\/criminalistica\/wp-content\/uploads\/2020\/10\/GRAFICOS-CRIMINOLOGIA-WEB7-1024x680.jpg\" alt=\"\" class=\"wp-image-640\" srcset=\"https:\/\/virtual.usac.edu.gt\/criminalistica\/wp-content\/uploads\/2020\/10\/GRAFICOS-CRIMINOLOGIA-WEB7-1024x680.jpg 1024w, https:\/\/virtual.usac.edu.gt\/criminalistica\/wp-content\/uploads\/2020\/10\/GRAFICOS-CRIMINOLOGIA-WEB7-300x199.jpg 300w, https:\/\/virtual.usac.edu.gt\/criminalistica\/wp-content\/uploads\/2020\/10\/GRAFICOS-CRIMINOLOGIA-WEB7-768x510.jpg 768w, https:\/\/virtual.usac.edu.gt\/criminalistica\/wp-content\/uploads\/2020\/10\/GRAFICOS-CRIMINOLOGIA-WEB7-1536x1020.jpg 1536w, https:\/\/virtual.usac.edu.gt\/criminalistica\/wp-content\/uploads\/2020\/10\/GRAFICOS-CRIMINOLOGIA-WEB7-2048x1360.jpg 2048w, https:\/\/virtual.usac.edu.gt\/criminalistica\/wp-content\/uploads\/2020\/10\/GRAFICOS-CRIMINOLOGIA-WEB7-1626x1080.jpg 1626w\" sizes=\"auto, (max-width: 1024px) 100vw, 1024px\" \/><\/figure>\n","protected":false},"excerpt":{"rendered":"<p>Licenciatura en Criminolog\u00eda y Criminal\u00edstica El licenciado en criminolog\u00eda y criminal\u00edstica es el profesional con formaci\u00f3n especializada para el estudio de la delincuencia, su predicci\u00f3n, prevenci\u00f3n y tratamiento. Est\u00e1 orientado al desarrollo y aplicaci\u00f3n de competencias espec\u00edficas para delimitar y aplicar mecanismos de prevenci\u00f3n y actuaci\u00f3n frente al crimen. El pensum de la Licenciatura en&hellip; <br \/> <a class=\"button small blue\" href=\"https:\/\/virtual.usac.edu.gt\/criminalistica\/area-profesional\/\">Read more<\/a><\/p>\n","protected":false},"author":1,"featured_media":0,"parent":0,"menu_order":0,"comment_status":"closed","ping_status":"closed","template":"","meta":{"footnotes":""},"class_list":["post-127","page","type-page","status-publish","hentry"],"_links":{"self":[{"href":"https:\/\/virtual.usac.edu.gt\/criminalistica\/wp-json\/wp\/v2\/pages\/127","targetHints":{"allow":["GET"]}}],"collection":[{"href":"https:\/\/virtual.usac.edu.gt\/criminalistica\/wp-json\/wp\/v2\/pages"}],"about":[{"href":"https:\/\/virtual.usac.edu.gt\/criminalistica\/wp-json\/wp\/v2\/types\/page"}],"author":[{"embeddable":true,"href":"https:\/\/virtual.usac.edu.gt\/criminalistica\/wp-json\/wp\/v2\/users\/1"}],"replies":[{"embeddable":true,"href":"https:\/\/virtual.usac.edu.gt\/criminalistica\/wp-json\/wp\/v2\/comments?post=127"}],"version-history":[{"count":4,"href":"https:\/\/virtual.usac.edu.gt\/criminalistica\/wp-json\/wp\/v2\/pages\/127\/revisions"}],"predecessor-version":[{"id":664,"href":"https:\/\/virtual.usac.edu.gt\/criminalistica\/wp-json\/wp\/v2\/pages\/127\/revisions\/664"}],"wp:attachment":[{"href":"https:\/\/virtual.usac.edu.gt\/criminalistica\/wp-json\/wp\/v2\/media?parent=127"}],"curies":[{"name":"wp","href":"https:\/\/api.w.org\/{rel}","templated":true}]}}