{"id":96,"date":"2020-09-30T20:34:51","date_gmt":"2020-09-30T18:34:51","guid":{"rendered":"http:\/\/virtual.usac.edu.gt\/criminalistica\/?page_id=96"},"modified":"2022-05-23T16:24:06","modified_gmt":"2022-05-23T22:24:06","slug":"requisitos-de-ingreso","status":"publish","type":"page","link":"https:\/\/virtual.usac.edu.gt\/criminalistica\/requisitos-de-ingreso\/","title":{"rendered":"Requisitos de ingreso"},"content":{"rendered":"\n<p>Toda persona que desee ingresar por primera vez a la Universidad de San Carlos de Guatemala podr\u00e1 hacerlo de acuerdo con el proceso de ingreso establecido. Para el efecto, los aspirantes deben cumplir con lo siguiente:<\/p>\n\n\n\n<p><\/p>\n\n\n\n<p><strong>Prueba de Conocimientos B\u00e1sicos de Lenguaje<\/strong><\/p>\n\n\n\n<table border=\"0\">\n<tbody>\n<tr>\n<td valign=\"middle\"><img loading=\"lazy\" decoding=\"async\" src=\"http:\/\/virtual.usac.edu.gt\/criminalistica\/wp-content\/uploads\/2020\/10\/REQUISITOS-DE-INGRESO-02.png\" width=\"100\" height=\"100\" class=\"text-right\">&nbsp;&nbsp;&nbsp;<\/td>\n<td valign=\"middle\">\n<p><span style=\"font-size: xx-small; color: #ffffff;\">1<\/span><\/p>\n<p>Obtener un resultado satisfactorio en la <a href=\"https:\/\/sun.usac.edu.gt\/\" target=\"_blank\" rel=\"noopener noreferrer\">prueba de lenguaje<\/a>.<\/p>\n<\/td>\n<\/tr>\n<\/tbody>\n<\/table>\n<table border=\"0\" style=\"width: 72px; height: 34px;\">\n<tbody>\n<tr>\n<td><\/td>\n<td><\/td>\n<\/tr>\n<\/tbody>\n<\/table>\n\n\n\n<p><strong>Prueba espec\u00edfica<\/strong><\/p>\n\n\n\n<table border=\"0\">\n<tbody>\n<tr>\n<td valign=\"bottom\" rowspan=\"2\"><img loading=\"lazy\" decoding=\"async\" src=\"http:\/\/virtual.usac.edu.gt\/criminalistica\/wp-content\/uploads\/2020\/10\/REQUISITOS-DE-INGRESO-03.png\" width=\"125\" height=\"125\" class=\"text-right\">&nbsp;&nbsp;&nbsp;<\/td>\n<td valign=\"top\">\n<p><\/p>\n<\/td>\n<\/tr>\n<tr>\n<td valign=\"top\">\n<p><span style=\"background-color: transparent;\">Obtener resultado satisfactorio en la <\/span><a href=\"https:\/\/www.facebook.com\/Control-Acad\u00e9mico-Cunsurori-102856824714919\" target=\"_blank\" rel=\"noopener noreferrer\" style=\"background-color: transparent;\">prueba espec\u00edfica<\/a><span style=\"background-color: transparent;\"> establecida para el ingreso a la Licenciatura de <\/span><strong style=\"background-color: transparent;\">Ciencias Jur\u00eddicas y Sociales, Abogado y Notario del CUNSURORI.<\/strong><\/p>\n<\/td>\n<\/tr>\n<\/tbody>\n<\/table>\n<table border=\"0\" style=\"width: 72px; height: 16px;\">\n<tbody>\n<tr>\n<td><\/td>\n<td><\/td>\n<\/tr>\n<\/tbody>\n<\/table>\n\n\n\n<p><strong>Curso proped\u00e9utico<\/strong><\/p>\n\n\n\n<table border=\"0\">\n<tbody>\n<tr>\n<td valign=\"middle\"><img loading=\"lazy\" decoding=\"async\" src=\"http:\/\/virtual.usac.edu.gt\/criminalistica\/wp-content\/uploads\/2020\/10\/REQUISITOS-DE-INGRESO-04.png\" width=\"100\" height=\"100\" class=\"text-right\">&nbsp;&nbsp;&nbsp;<\/td>\n<td valign=\"middle\">\n<p><span style=\"font-size: xx-small; color: #ffffff;\">1<\/span><\/p>\n<p><strong>Aprobar el<\/strong> <a href=\"http:\/\/virtual.usac.edu.gt\/criminalistica\/curso-propedeutico\/#page-content\" target=\"_blank\" rel=\"noopener noreferrer\">curso proped\u00e9utico<\/a> de <em>Ambientaci\u00f3n a las plataformas virtuales y nociones generales de las Ciencias Criminol\u00f3gicas.<\/em> <\/p>\n<\/td>\n<\/tr>\n<\/tbody>\n<\/table>\n<table border=\"0\" style=\"width: 72px; height: 34px;\">\n<tbody>\n<tr>\n<td><\/td>\n<td><\/td>\n<\/tr>\n<\/tbody>\n<\/table>\n\n\n\n<p><strong>Inscripci\u00f3n e inversi\u00f3n econ\u00f3mica<\/strong><\/p>\n\n\n\n<table border=\"0\">\n<tbody>\n<tr>\n<td valign=\"middle\" rowspan=\"2\"><img loading=\"lazy\" decoding=\"async\" src=\"http:\/\/virtual.usac.edu.gt\/criminalistica\/wp-content\/uploads\/2020\/10\/REQUISITOS-DE-INGRESO-05.png\" width=\"125\" height=\"125\" class=\"text-right\">&nbsp;&nbsp;&nbsp;<\/td>\n<td valign=\"top\">\n<p><strong style=\"background-color: transparent;\"><\/strong><\/p>\n<\/td>\n<\/tr>\n<tr>\n<td valign=\"top\">\n<p><strong style=\"background-color: transparent;\">Una vez completados y aprobados <\/strong><span style=\"background-color: transparent;\">los procesos anteriores, se puede realizar la <\/span><a href=\"http:\/\/www.registro.usac.edu.gt\/\" target=\"_blank\" rel=\"noopener noreferrer\" style=\"background-color: transparent;\">inscripci\u00f3n<\/a><span style=\"background-color: transparent;\"> correspondiente ante el departamento de Registro y Estad\u00edstica de la Universidad de San Carlos de Guatemala.<\/span><\/p>\n<\/td>\n<\/tr>\n<\/tbody>\n<\/table>\n\n\n\n<table border=\"0\">\n<tbody>\n<tr>\n<td valign=\"middle\"><img loading=\"lazy\" decoding=\"async\" src=\"http:\/\/virtual.usac.edu.gt\/criminalistica\/wp-content\/uploads\/2020\/10\/REQUISITOS-DE-INGRESO-06.png\" width=\"100\" height=\"100\"><\/td>\n<td valign=\"middle\">\n<p><span style=\"font-size: xx-small; color: #ffffff;\"><\/span><span style=\"color: #ffffff;\"><strong>1<\/strong><\/span><\/p>\n<p><strong>Inversi\u00f3n para <span class=\"nolink\"><a href=\"https:\/\/registro.usac.edu.gt\/index.php?ping=3&amp;amp;matricula=guatemalteco\" target=\"_blank\" rel=\"noopener noreferrer\">guatemaltecos<\/a><span class=\"nolink\">.<span style=\"color: #ffffff;\">11111111111111111111111111111<\/span><\/span><\/span><\/strong><\/p>\n<\/td>\n<td valign=\"middle\">\n<p><span style=\"font-size: xx-small; color: #ffffff;\">11111111111111111111111111111111111111<\/span><\/p>\n<\/td>\n<\/tr>\n<\/tbody>\n<\/table>\n\n\n\n<table border=\"0\">\n<tbody>\n<tr>\n<td valign=\"middle\"><img loading=\"lazy\" decoding=\"async\" src=\"http:\/\/virtual.usac.edu.gt\/criminalistica\/wp-content\/uploads\/2020\/10\/REQUISITOS-DE-INGRESO-07.png\" width=\"100\" height=\"100\" class=\"img-responsive\">&nbsp;<\/td>\n<td valign=\"middle\">\n<p><span style=\"font-size: xx-small; color: #ffffff;\">1<\/span><\/p>\n<p><strong>Inversi\u00f3n para <a href=\"https:\/\/registro.usac.edu.gt\/index.php?ping=3&amp;matricula=extranjero\" target=\"_blank\" rel=\"noopener noreferrer\">extranjeros<\/a>.<a href=\"https:\/\/registro.usac.edu.gt\/index.php?ping=3&amp;matricula=extranjero\" target=\"_blank\" rel=\"noopener noreferrer\"><\/a><\/strong><\/p>\n<\/td>\n<\/tr>\n<\/tbody>\n<\/table>\n","protected":false},"excerpt":{"rendered":"<p>Toda persona que desee ingresar por primera vez a la Universidad de San Carlos de Guatemala podr\u00e1 hacerlo de acuerdo con el proceso de ingreso establecido. Para el efecto, los aspirantes deben cumplir con lo siguiente: Prueba de Conocimientos B\u00e1sicos de Lenguaje &nbsp;&nbsp;&nbsp; 1 Obtener un resultado satisfactorio en la prueba de lenguaje. Prueba espec\u00edfica&hellip; <br \/> <a class=\"button small blue\" href=\"https:\/\/virtual.usac.edu.gt\/criminalistica\/requisitos-de-ingreso\/\">Read more<\/a><\/p>\n","protected":false},"author":1,"featured_media":0,"parent":0,"menu_order":0,"comment_status":"closed","ping_status":"closed","template":"","meta":{"footnotes":""},"class_list":["post-96","page","type-page","status-publish","hentry"],"_links":{"self":[{"href":"https:\/\/virtual.usac.edu.gt\/criminalistica\/wp-json\/wp\/v2\/pages\/96","targetHints":{"allow":["GET"]}}],"collection":[{"href":"https:\/\/virtual.usac.edu.gt\/criminalistica\/wp-json\/wp\/v2\/pages"}],"about":[{"href":"https:\/\/virtual.usac.edu.gt\/criminalistica\/wp-json\/wp\/v2\/types\/page"}],"author":[{"embeddable":true,"href":"https:\/\/virtual.usac.edu.gt\/criminalistica\/wp-json\/wp\/v2\/users\/1"}],"replies":[{"embeddable":true,"href":"https:\/\/virtual.usac.edu.gt\/criminalistica\/wp-json\/wp\/v2\/comments?post=96"}],"version-history":[{"count":105,"href":"https:\/\/virtual.usac.edu.gt\/criminalistica\/wp-json\/wp\/v2\/pages\/96\/revisions"}],"predecessor-version":[{"id":977,"href":"https:\/\/virtual.usac.edu.gt\/criminalistica\/wp-json\/wp\/v2\/pages\/96\/revisions\/977"}],"wp:attachment":[{"href":"https:\/\/virtual.usac.edu.gt\/criminalistica\/wp-json\/wp\/v2\/media?parent=96"}],"curies":[{"name":"wp","href":"https:\/\/api.w.org\/{rel}","templated":true}]}}