{"id":211,"date":"2023-05-13T00:01:00","date_gmt":"2023-05-12T22:01:00","guid":{"rendered":"http:\/\/192.168.100.2:81\/?page_id=211"},"modified":"2024-02-12T15:53:01","modified_gmt":"2024-02-12T14:53:01","slug":"funciones","status":"publish","type":"page","link":"https:\/\/virtual.usac.edu.gt\/dbeu\/funciones\/","title":{"rendered":"funciones"},"content":{"rendered":"\n<p><h1><strong style=\"color: var(--ast-global-color-2); font-style: inherit; font-family: var( --e-global-typography-text-font-family ), Sans-serif; font-size: 2.66667rem;\"><span style=\"color: #1E1D53;\"><\/span><\/strong><\/h1>\n<p><h1><strong style=\"color: var(--ast-global-color-2); font-style: inherit; font-family: var( --e-global-typography-text-font-family ), Sans-serif; font-size: 2.66667rem;\"><span style=\"color: #1E1D53;\">Funciones<\/span><\/strong><\/h1>\n\n    <h2 style=\"text-align: justify;\"><span style=\"color: #000000;\">\n    <\/span>   \n    <ol style= \"list-style-type: lower-alpha;\">\n        <li><span class=\"label\">Servir a los estudiantes preuniversitarios en la orientaci\u00f3n, estimulaci\u00f3n y vocaci\u00f3n de la elecci\u00f3n de su carrera universitaria.<\/span><\/li>\n        <li><span class=\"label\">Servir a la comunidad universitaria mediante la realizaci\u00f3n de diversos programas y proyectos dirigidos a la misma.<\/span><\/li>\n        <li><span class=\"label\">Realizar acciones que permitan mejorar la salud de la comunidad universitaria.<\/span><\/li>\n        <li><span class=\"label\">Dar a conocer el quehacer de la Divisi\u00f3n en sus diversas actividades de investigaci\u00f3n, docencia y principalmente de servicio.<\/span><\/li>\n        <li><span class=\"label\">Motivar a la Comunidad Universitaria a participar en diversas actividades que mejoren su salud psicosocial.<\/span><\/li>\n        <li><span class=\"label\">Administrar en general las funciones de las diversas dependencias que integran la Divisi\u00f3n de Bienestar Estudiantil Universitario.<\/span><\/li>\n        <li><span class=\"label\">Dirigir las pol\u00edticas de bienestar estudiantil dispuestas por la Universidad de San Carlos.<\/span><\/li>\n        <li><span class=\"label\">Coordinar los programas espec\u00edficos, que en el campo de su competencia, desarrollen la Secci\u00f3n Socioecon\u00f3mica, Secci\u00f3n de Orientaci\u00f3n Vocacional y la Unidad de Salud.<\/span><\/li>\n      <\/ol>\n    <\/h2>\n    <\/p>\n\n\n\n<div class=\"wp-block-buttons is-layout-flex wp-block-buttons-is-layout-flex\">\n<div class=\"wp-block-button is-style-fill\"><a class=\"wp-block-button__link has-white-color has-text-color has-background wp-element-button\" href=\"http:\/\/virtual.usac.edu.gt\/dbeu\/\" style=\"border-radius:100px;background-color:#1e1d53\"><strong>Regresar <\/strong><\/a><\/div>\n<\/div>\n","protected":false},"excerpt":{"rendered":"<p>Funciones Servir a los estudiantes preuniversitarios en la orientaci\u00f3n, estimulaci\u00f3n y vocaci\u00f3n de la elecci\u00f3n de su carrera universitaria. Servir a la comunidad universitaria mediante la realizaci\u00f3n de diversos programas y proyectos dirigidos a la misma. Realizar acciones que permitan mejorar la salud de la comunidad universitaria. Dar a conocer el quehacer de la Divisi\u00f3n &hellip;<\/p>\n<p class=\"read-more\"> <a class=\"\" href=\"https:\/\/virtual.usac.edu.gt\/dbeu\/funciones\/\"> <span class=\"screen-reader-text\">funciones<\/span> Read More &raquo;<\/a><\/p>\n","protected":false},"author":1,"featured_media":0,"parent":0,"menu_order":0,"comment_status":"closed","ping_status":"closed","template":"","meta":{"site-sidebar-layout":"default","site-content-layout":"default","ast-global-header-display":"","ast-banner-title-visibility":"","ast-main-header-display":"","ast-hfb-above-header-display":"","ast-hfb-below-header-display":"","ast-hfb-mobile-header-display":"","site-post-title":"disabled","ast-breadcrumbs-content":"","ast-featured-img":"","footer-sml-layout":"","theme-transparent-header-meta":"","adv-header-id-meta":"","stick-header-meta":"","header-above-stick-meta":"","header-main-stick-meta":"","header-below-stick-meta":"","footnotes":""},"class_list":["post-211","page","type-page","status-publish","hentry"],"_links":{"self":[{"href":"https:\/\/virtual.usac.edu.gt\/dbeu\/wp-json\/wp\/v2\/pages\/211","targetHints":{"allow":["GET"]}}],"collection":[{"href":"https:\/\/virtual.usac.edu.gt\/dbeu\/wp-json\/wp\/v2\/pages"}],"about":[{"href":"https:\/\/virtual.usac.edu.gt\/dbeu\/wp-json\/wp\/v2\/types\/page"}],"author":[{"embeddable":true,"href":"https:\/\/virtual.usac.edu.gt\/dbeu\/wp-json\/wp\/v2\/users\/1"}],"replies":[{"embeddable":true,"href":"https:\/\/virtual.usac.edu.gt\/dbeu\/wp-json\/wp\/v2\/comments?post=211"}],"version-history":[{"count":48,"href":"https:\/\/virtual.usac.edu.gt\/dbeu\/wp-json\/wp\/v2\/pages\/211\/revisions"}],"predecessor-version":[{"id":981,"href":"https:\/\/virtual.usac.edu.gt\/dbeu\/wp-json\/wp\/v2\/pages\/211\/revisions\/981"}],"wp:attachment":[{"href":"https:\/\/virtual.usac.edu.gt\/dbeu\/wp-json\/wp\/v2\/media?parent=211"}],"curies":[{"name":"wp","href":"https:\/\/api.w.org\/{rel}","templated":true}]}}