{"id":228,"date":"2023-05-13T00:18:52","date_gmt":"2023-05-12T22:18:52","guid":{"rendered":"http:\/\/192.168.100.2:81\/?page_id=228"},"modified":"2025-08-07T23:52:34","modified_gmt":"2025-08-07T21:52:34","slug":"estructura","status":"publish","type":"page","link":"https:\/\/virtual.usac.edu.gt\/dbeu\/estructura\/","title":{"rendered":"PRUEBA"},"content":{"rendered":"\n<p><\/p>\n\n\n\n<p><h1><strong style=\"color: var(--ast-global-color-2); font-style: inherit; font-family: var( --e-global-typography-text-font-family ), Sans-serif; font-size: 2.66667rem;\"><span style=\"color: #1E1D53;\">ESTRUCTURA ORG\u00c1NICA<\/span><\/strong><\/h1>\n    <h2 style=\"text-align: justify;\"><span style=\"color: #000000;\">\n        A continuaci\u00f3n, se describen las dependencias administrativas que integran la Divisi\u00f3n de Bienestar Estudiantil Universitario que es el \u00f3rgano encargado de la direcci\u00f3n, promoci\u00f3n y coordinaci\u00f3n del trabajo de las diferentes secciones que la conforman. Su direcci\u00f3n est\u00e1 a cargo de la Jefatura y tiene bajo su responsabilidad la Secci\u00f3n de Orientaci\u00f3n Vocacional, la Secci\u00f3n Socioecon\u00f3mica y la Unidad de Salud. As\u00ed como tambi\u00e9n, el \u00c1rea de Tesorer\u00eda, Secretar\u00eda y Servicio Interno.\n    <\/span><\/h2>\n<\/p>\n\n\n\n<div class=\"wp-block-columns is-layout-flex wp-container-core-columns-is-layout-28f84493 wp-block-columns-is-layout-flex\">\n<div class=\"wp-block-column is-layout-flow wp-block-column-is-layout-flow\" style=\"flex-basis:100%\">\n<figure class=\"wp-block-gallery has-nested-images columns-default is-cropped wp-block-gallery-1 is-layout-flex wp-block-gallery-is-layout-flex\">\n<figure class=\"wp-block-image size-large\"><img loading=\"lazy\" decoding=\"async\" width=\"862\" height=\"1024\" data-id=\"230\" src=\"http:\/\/virtual.usac.edu.gt\/dbeu\/wp-content\/uploads\/2023\/05\/ESTRUCTURA-ORGANIZACIONAL-DBEU-23-01-862x1024.png\" alt=\"\" class=\"wp-image-230\" srcset=\"https:\/\/virtual.usac.edu.gt\/dbeu\/wp-content\/uploads\/2023\/05\/ESTRUCTURA-ORGANIZACIONAL-DBEU-23-01-862x1024.png 862w, https:\/\/virtual.usac.edu.gt\/dbeu\/wp-content\/uploads\/2023\/05\/ESTRUCTURA-ORGANIZACIONAL-DBEU-23-01-252x300.png 252w, https:\/\/virtual.usac.edu.gt\/dbeu\/wp-content\/uploads\/2023\/05\/ESTRUCTURA-ORGANIZACIONAL-DBEU-23-01-768x913.png 768w, https:\/\/virtual.usac.edu.gt\/dbeu\/wp-content\/uploads\/2023\/05\/ESTRUCTURA-ORGANIZACIONAL-DBEU-23-01-1293x1536.png 1293w, https:\/\/virtual.usac.edu.gt\/dbeu\/wp-content\/uploads\/2023\/05\/ESTRUCTURA-ORGANIZACIONAL-DBEU-23-01-1724x2048.png 1724w, https:\/\/virtual.usac.edu.gt\/dbeu\/wp-content\/uploads\/2023\/05\/ESTRUCTURA-ORGANIZACIONAL-DBEU-23-01-1024x1217.png 1024w, https:\/\/virtual.usac.edu.gt\/dbeu\/wp-content\/uploads\/2023\/05\/ESTRUCTURA-ORGANIZACIONAL-DBEU-23-01-909x1080.png 909w\" sizes=\"auto, (max-width: 862px) 100vw, 862px\" \/><\/figure>\n<\/figure>\n<\/div>\n<\/div>\n\n\n\n<div class=\"wp-block-buttons is-layout-flex wp-block-buttons-is-layout-flex\">\n<div class=\"wp-block-button is-style-fill\"><a class=\"wp-block-button__link has-white-color has-text-color has-background wp-element-button\" href=\"http:\/\/virtual.usac.edu.gt\/dbeu\/\" style=\"border-radius:100px;background-color:#1e1d53\"><strong>Regresar <\/strong><\/a><\/div>\n<\/div>\n","protected":false},"excerpt":{"rendered":"<p>ESTRUCTURA ORG\u00c1NICA A continuaci\u00f3n, se describen las dependencias administrativas que integran la Divisi\u00f3n de Bienestar Estudiantil Universitario que es el \u00f3rgano encargado de la direcci\u00f3n, promoci\u00f3n y coordinaci\u00f3n del trabajo de las diferentes secciones que la conforman. Su direcci\u00f3n est\u00e1 a cargo de la Jefatura y tiene bajo su responsabilidad la Secci\u00f3n de Orientaci\u00f3n Vocacional, &hellip;<\/p>\n<p class=\"read-more\"> <a class=\"\" href=\"https:\/\/virtual.usac.edu.gt\/dbeu\/estructura\/\"> <span class=\"screen-reader-text\">PRUEBA<\/span> Read More &raquo;<\/a><\/p>\n","protected":false},"author":1,"featured_media":0,"parent":0,"menu_order":0,"comment_status":"closed","ping_status":"closed","template":"","meta":{"site-sidebar-layout":"default","site-content-layout":"default","ast-global-header-display":"","ast-banner-title-visibility":"","ast-main-header-display":"","ast-hfb-above-header-display":"","ast-hfb-below-header-display":"","ast-hfb-mobile-header-display":"","site-post-title":"","ast-breadcrumbs-content":"","ast-featured-img":"","footer-sml-layout":"","theme-transparent-header-meta":"","adv-header-id-meta":"","stick-header-meta":"","header-above-stick-meta":"","header-main-stick-meta":"","header-below-stick-meta":"","footnotes":""},"class_list":["post-228","page","type-page","status-publish","hentry"],"_links":{"self":[{"href":"https:\/\/virtual.usac.edu.gt\/dbeu\/wp-json\/wp\/v2\/pages\/228","targetHints":{"allow":["GET"]}}],"collection":[{"href":"https:\/\/virtual.usac.edu.gt\/dbeu\/wp-json\/wp\/v2\/pages"}],"about":[{"href":"https:\/\/virtual.usac.edu.gt\/dbeu\/wp-json\/wp\/v2\/types\/page"}],"author":[{"embeddable":true,"href":"https:\/\/virtual.usac.edu.gt\/dbeu\/wp-json\/wp\/v2\/users\/1"}],"replies":[{"embeddable":true,"href":"https:\/\/virtual.usac.edu.gt\/dbeu\/wp-json\/wp\/v2\/comments?post=228"}],"version-history":[{"count":8,"href":"https:\/\/virtual.usac.edu.gt\/dbeu\/wp-json\/wp\/v2\/pages\/228\/revisions"}],"predecessor-version":[{"id":1173,"href":"https:\/\/virtual.usac.edu.gt\/dbeu\/wp-json\/wp\/v2\/pages\/228\/revisions\/1173"}],"wp:attachment":[{"href":"https:\/\/virtual.usac.edu.gt\/dbeu\/wp-json\/wp\/v2\/media?parent=228"}],"curies":[{"name":"wp","href":"https:\/\/api.w.org\/{rel}","templated":true}]}}