{"id":658,"date":"2023-06-22T16:15:18","date_gmt":"2023-06-22T14:15:18","guid":{"rendered":"https:\/\/virtual.usac.edu.gt\/dbeu\/?page_id=658"},"modified":"2025-02-20T23:30:46","modified_gmt":"2025-02-20T22:30:46","slug":"658-2","status":"publish","type":"page","link":"https:\/\/virtual.usac.edu.gt\/dbeu\/658-2\/","title":{"rendered":"quienes somos"},"content":{"rendered":"\n<p><h1><strong style=\"color: var(--ast-global-color-2); font-style: inherit; font-family: var( --e-global-typography-text-font-family ), Sans-serif; font-size: 2.66667rem;\"><span style=\"color: #1E1D53;\">DEFINICI\u00d3N<\/span><\/strong><\/h1>\n<h2 style=\"text-align: justify;\"><span style=\"color: #000000;\">La Divisi\u00f3n de Bienestar Estudiantil Universitario, fue creada con base a la necesidad, de velar por el bienestar de las personas que est\u00e1n dentro de la Universidad, principalmente al estudiante y luego al trabajador, sin hacer distinci\u00f3n de edad, sexo, religi\u00f3n, nivel socioecon\u00f3mico, porque su finalidad es integrarlo de una manera correcta al \u00e1mbito profesional del pa\u00eds.\n<\/span><\/h2><\/p>\n\n<p><h1><strong style=\"color: var(--ast-global-color-2); font-style: inherit; font-family: var( --e-global-typography-text-font-family ), Sans-serif; font-size: 2.66667rem;\"><span style=\"color: #1E1D53;\">BASE LEGAL<\/span><\/strong><\/h1>\n<h2 style=\"text-align: justify;\"><span style=\"color: #000000;\">Seg\u00fan Acuerdo de Rector\u00eda No. 699-81 de fecha 25 de agosto de 1981, se le da la categor\u00eda de Divisi\u00f3n de Bienestar Estudiantil, conformada por tres secciones: Secci\u00f3n Socioecon\u00f3mica, Secci\u00f3n de Orientaci\u00f3n Vocacional y Unidad de Salud.\n<\/span><\/h2><\/p>\n\n\n\n\n <p><h1><strong style=\"color: var(--ast-global-color-2); font-style: inherit; font-family: var( --e-global-typography-text-font-family ), Sans-serif; font-size: 2.66667rem;\"><span style=\"color: #1E1D53;\">OBJETIVOS<\/span><\/strong><\/h1>\n    <h2 style=\"text-align: justify;\"><span style=\"color: #000000;\">Los objetivos de la Divisi\u00f3n son promover el desarrollo del estudiante preuniversitario y universitario, as\u00ed como, al trabajador de la Universidad de San Carlos de Guatemala, estableciendo lineamientos y previendo programas en beneficio ellos, para alcanzar los siguientes puntos.\n    <\/span><\/h2><\/p>\n\n <p><h1><strong style=\"color: var(--ast-global-color-2); font-style: inherit; font-family: var( --e-global-typography-text-font-family ), Sans-serif; font-size: 2.66667rem;\"><span style=\"color: #1E1D53;\">OBJETIVO GENERAL<\/span><\/strong><\/h1>\n<h2 style=\"text-align: justify;\"><span style=\"color: #000000;\">\n<\/span>   \n <ol style= \"list-style-type: lower-alpha;\">\n    <li><span class=\"label\">Facilitar al personal el conocimiento de su posici\u00f3n dentro de la estructura organizacional de la Divisi\u00f3n de Bienestar Estudiantil de la Universidad de San Carlos de Guatemala.<\/span><\/li>\n    <li><span class=\"label\">Normalizar las actividades al nivel de cada puesto, para evitar la duplicidad de funciones y permitir una adecuada interrelaci\u00f3n entre cada uno de los puestos.<\/span><\/li>\n    <li><span class=\"label\">Servir de gu\u00eda y orientaci\u00f3n para todo aquel que desee conocer aspectos generales de la estructura de la Instituci\u00f3n.<\/span><\/li>  \n  <\/ol>\n<\/h2>\n<\/p>\n\n<p><h1><strong style=\"color: var(--ast-global-color-2); font-style: inherit; font-family: var( --e-global-typography-text-font-family ), Sans-serif; font-size: 2.66667rem;\"><span style=\"color: #1E1D53;\">OBJETIVO GENERAL<\/span><\/strong><\/h1>\n    <h2 style=\"text-align: justify;\"><span style=\"color: #000000;\">\n    <\/span>   \n   <ol style= \"list-style-type: lower-alpha;\">\n        <li><span class=\"label\">Dar a conocer gr\u00e1ficamente la estructura e integraci\u00f3n de la organizaci\u00f3n, sus respectivas unidades y puestos que conforman la Divisi\u00f3n de Bienestar Estudiantil de la Universidad de San Carlos de Guatemala, para aprovechar en mejor forma los recursos y evitar el incumplimiento de tareas por no estar definidas.<\/span><\/li>\n        <li><span class=\"label\">Brindar al personal que integra cada unidad, el conocimiento de los niveles jer\u00e1rquicos, el grado de autoridad y responsabilidad, los canales de comunicaci\u00f3n y coordinaci\u00f3n con los dem\u00e1s miembros de la organizaci\u00f3n.<\/span><\/li>\n        <li><span class=\"label\">Facilitar la inducci\u00f3n y entrenamiento del personal, ya que sus funciones y atribuciones est\u00e1n descritas en el presente manual.<\/span><\/li>\n        <li><span class=\"label\">Fortalecer la estructura operacional para mejorar los procesos internos, la integraci\u00f3n del personal y el nivel de conocimiento de las autoridades, funcionarios y empleados de la Divisi\u00f3n de Bienestar Estudiantil de la Universidad de San Carlos de Guatemala.<\/span><\/li>\n        <li><span class=\"label\">Proponer una estructura organizacional que responda a los planes de trabajo anuales y a la pol\u00edtica a mediano y largo plazo que las autoridades de la Divisi\u00f3n de Bienestar Estudiantil est\u00e1n impulsado, as\u00ed como las prioridades establecidas.<\/span><\/li>\n        <li><span class=\"label\">Impulsar, promover y mantener la salud Psicobiosocial del estudiante y del trabajador universitario.<\/span><\/li>\n        <li><span class=\"label\">Investigar la situaci\u00f3n socioecon\u00f3mica del estudiante universitario con el objeto de identificar y jerarquizar problemas y promover los programas que coadyuven a su soluci\u00f3n.<\/span><\/li>\n        <li><span class=\"label\">Orientar al futuro estudiante de la Universidad de San Carlos de Guatemala hacia la carrera para la cual se encuentra apto y en la cual obtendr\u00e1 \u00e9xito acad\u00e9mico.<\/span><\/li>\n        <li><span class=\"label\">Plantear, analizar y resolver los problemas que inciden en el bienestar del estudiante universitario, a trav\u00e9s de un enfoque interdisciplinario con las dependencias que la conforman.<\/span><\/li>\n        <li><span class=\"label\">Buscar con distintos organismos los recursos que permitan desarrollar los programas ya existentes o crear nuevas opciones de servicio.<\/span><\/li>\n      <\/ol>\n    <\/h2>\n    <\/p>\n\n\n\n<div class=\"wp-block-button is-style-fill\"><a class=\"wp-block-button__link has-white-color has-text-color has-background wp-element-button\" href=\"http:\/\/virtual.usac.edu.gt\/dbeu\/\" style=\"border-radius:100px;background-color:#1e1d53\"><strong>Regresar <\/strong><\/a><\/div>\n","protected":false},"excerpt":{"rendered":"<p>DEFINICI\u00d3N La Divisi\u00f3n de Bienestar Estudiantil Universitario, fue creada con base a la necesidad, de velar por el bienestar de las personas que est\u00e1n dentro de la Universidad, principalmente al estudiante y luego al trabajador, sin hacer distinci\u00f3n de edad, sexo, religi\u00f3n, nivel socioecon\u00f3mico, porque su finalidad es integrarlo de una manera correcta al \u00e1mbito &hellip;<\/p>\n<p class=\"read-more\"> <a class=\"\" href=\"https:\/\/virtual.usac.edu.gt\/dbeu\/658-2\/\"> <span class=\"screen-reader-text\">quienes somos<\/span> Read More &raquo;<\/a><\/p>\n","protected":false},"author":1,"featured_media":0,"parent":0,"menu_order":0,"comment_status":"closed","ping_status":"closed","template":"","meta":{"site-sidebar-layout":"default","site-content-layout":"default","ast-global-header-display":"","ast-banner-title-visibility":"","ast-main-header-display":"","ast-hfb-above-header-display":"","ast-hfb-below-header-display":"","ast-hfb-mobile-header-display":"","site-post-title":"disabled","ast-breadcrumbs-content":"","ast-featured-img":"","footer-sml-layout":"","theme-transparent-header-meta":"","adv-header-id-meta":"","stick-header-meta":"","header-above-stick-meta":"","header-main-stick-meta":"","header-below-stick-meta":"","footnotes":""},"class_list":["post-658","page","type-page","status-publish","hentry"],"_links":{"self":[{"href":"https:\/\/virtual.usac.edu.gt\/dbeu\/wp-json\/wp\/v2\/pages\/658","targetHints":{"allow":["GET"]}}],"collection":[{"href":"https:\/\/virtual.usac.edu.gt\/dbeu\/wp-json\/wp\/v2\/pages"}],"about":[{"href":"https:\/\/virtual.usac.edu.gt\/dbeu\/wp-json\/wp\/v2\/types\/page"}],"author":[{"embeddable":true,"href":"https:\/\/virtual.usac.edu.gt\/dbeu\/wp-json\/wp\/v2\/users\/1"}],"replies":[{"embeddable":true,"href":"https:\/\/virtual.usac.edu.gt\/dbeu\/wp-json\/wp\/v2\/comments?post=658"}],"version-history":[{"count":5,"href":"https:\/\/virtual.usac.edu.gt\/dbeu\/wp-json\/wp\/v2\/pages\/658\/revisions"}],"predecessor-version":[{"id":1143,"href":"https:\/\/virtual.usac.edu.gt\/dbeu\/wp-json\/wp\/v2\/pages\/658\/revisions\/1143"}],"wp:attachment":[{"href":"https:\/\/virtual.usac.edu.gt\/dbeu\/wp-json\/wp\/v2\/media?parent=658"}],"curies":[{"name":"wp","href":"https:\/\/api.w.org\/{rel}","templated":true}]}}