{"id":2728,"date":"2024-04-17T16:22:58","date_gmt":"2024-04-17T14:22:58","guid":{"rendered":"https:\/\/virtual.usac.edu.gt\/dda\/?page_id=2728"},"modified":"2024-06-04T22:21:35","modified_gmt":"2024-06-04T20:21:35","slug":"material-de-apoyo-carpetas","status":"publish","type":"page","link":"https:\/\/virtual.usac.edu.gt\/dda\/material-de-apoyo-carpetas\/","title":{"rendered":"Carpeta de Documentos Institucionales"},"content":{"rendered":"\t\t<div data-elementor-type=\"wp-page\" data-elementor-id=\"2728\" class=\"elementor elementor-2728\">\n\t\t\t\t\t\t\t\t\t<section class=\"elementor-section elementor-top-section elementor-element elementor-element-16d7869 elementor-section-boxed elementor-section-height-default elementor-section-height-default exad-glass-effect-no exad-sticky-section-no\" data-id=\"16d7869\" data-element_type=\"section\">\n\t\t\t\t\t\t<div class=\"elementor-container elementor-column-gap-default\">\n\t\t\t\t\t<div class=\"elementor-column elementor-col-100 elementor-top-column elementor-element elementor-element-f4f1663 exad-glass-effect-no exad-sticky-section-no\" data-id=\"f4f1663\" data-element_type=\"column\">\n\t\t\t<div class=\"elementor-widget-wrap elementor-element-populated\">\n\t\t\t\t\t\t\t\t<div class=\"elementor-element elementor-element-bfe6d0b exad-sticky-section-no exad-glass-effect-no elementor-widget elementor-widget-text-editor\" data-id=\"bfe6d0b\" data-element_type=\"widget\" data-widget_type=\"text-editor.default\">\n\t\t\t\t<div class=\"elementor-widget-container\">\n\t\t\t<style>\/*! elementor - v3.14.0 - 26-06-2023 *\/\n.elementor-widget-text-editor.elementor-drop-cap-view-stacked .elementor-drop-cap{background-color:#69727d;color:#fff}.elementor-widget-text-editor.elementor-drop-cap-view-framed .elementor-drop-cap{color:#69727d;border:3px solid;background-color:transparent}.elementor-widget-text-editor:not(.elementor-drop-cap-view-default) .elementor-drop-cap{margin-top:8px}.elementor-widget-text-editor:not(.elementor-drop-cap-view-default) .elementor-drop-cap-letter{width:1em;height:1em}.elementor-widget-text-editor .elementor-drop-cap{float:left;text-align:center;line-height:1;font-size:50px}.elementor-widget-text-editor .elementor-drop-cap-letter{display:inline-block}<\/style>\t\t\t\t<h1><span style=\"color: #003b57;\"><span style=\"font-size: 42.6667px;\">Carpeta de Documentos Institucionales<\/span><\/span><\/h1>\t\t\t\t\t\t<\/div>\n\t\t\t\t<\/div>\n\t\t\t\t<div class=\"elementor-element elementor-element-75b420c exad-sticky-section-no exad-glass-effect-no elementor-widget elementor-widget-text-editor\" data-id=\"75b420c\" data-element_type=\"widget\" data-widget_type=\"text-editor.default\">\n\t\t\t\t<div class=\"elementor-widget-container\">\n\t\t\t\t\t\t\t<p>La Carpeta de documentos institucionales contiene informaci\u00f3n de respaldo para llevar a cabo tr\u00e1mites con la Divisi\u00f3n de Desarrollo Acad\u00e9mico.<\/p>\t\t\t\t\t\t<\/div>\n\t\t\t\t<\/div>\n\t\t\t\t\t<\/div>\n\t\t<\/div>\n\t\t\t\t\t\t\t<\/div>\n\t\t<\/section>\n\t\t\t\t<section class=\"elementor-section elementor-top-section elementor-element elementor-element-9f854e6 elementor-section-boxed elementor-section-height-default elementor-section-height-default exad-glass-effect-no exad-sticky-section-no\" data-id=\"9f854e6\" data-element_type=\"section\">\n\t\t\t\t\t\t<div class=\"elementor-container elementor-column-gap-default\">\n\t\t\t\t\t<div class=\"elementor-column elementor-col-100 elementor-top-column elementor-element elementor-element-9d1a6b3 exad-glass-effect-no exad-sticky-section-no\" data-id=\"9d1a6b3\" data-element_type=\"column\">\n\t\t\t<div class=\"elementor-widget-wrap elementor-element-populated\">\n\t\t\t\t\t\t\t\t<div class=\"elementor-element elementor-element-39a9546 elementor-arrows-position-inside elementor-pagination-position-outside exad-sticky-section-no exad-glass-effect-no elementor-widget elementor-widget-image-carousel\" data-id=\"39a9546\" data-element_type=\"widget\" data-settings=\"{&quot;slides_to_show&quot;:&quot;1&quot;,&quot;navigation&quot;:&quot;both&quot;,&quot;autoplay&quot;:&quot;yes&quot;,&quot;pause_on_hover&quot;:&quot;yes&quot;,&quot;pause_on_interaction&quot;:&quot;yes&quot;,&quot;autoplay_speed&quot;:5000,&quot;infinite&quot;:&quot;yes&quot;,&quot;effect&quot;:&quot;slide&quot;,&quot;speed&quot;:500}\" data-widget_type=\"image-carousel.default\">\n\t\t\t\t<div class=\"elementor-widget-container\">\n\t\t\t<style>\/*! elementor - v3.14.0 - 26-06-2023 *\/\n.elementor-widget-image-carousel .swiper,.elementor-widget-image-carousel .swiper-container{position:static}.elementor-widget-image-carousel .swiper-container .swiper-slide figure,.elementor-widget-image-carousel .swiper .swiper-slide figure{line-height:inherit}.elementor-widget-image-carousel .swiper-slide{text-align:center}.elementor-image-carousel-wrapper:not(.swiper-container-initialized):not(.swiper-initialized) .swiper-slide{max-width:calc(100% \/ var(--e-image-carousel-slides-to-show, 3))}<\/style>\t\t<div class=\"elementor-image-carousel-wrapper swiper\" dir=\"ltr\">\n\t\t\t<div class=\"elementor-image-carousel swiper-wrapper\" aria-live=\"off\">\n\t\t\t\t\t\t\t\t<div class=\"swiper-slide\" role=\"group\" aria-roledescription=\"slide\" aria-label=\"1 of 11\"><a data-elementor-open-lightbox=\"yes\" data-elementor-lightbox-slideshow=\"39a9546\" data-elementor-lightbox-title=\"Disen\u0303os Documentos institucionales -Abril 2024-11\" data-e-action-hash=\"#elementor-action%3Aaction%3Dlightbox%26settings%3DeyJpZCI6MzI2MywidXJsIjoiaHR0cHM6XC9cL3ZpcnR1YWwudXNhYy5lZHUuZ3RcL2RkYVwvd3AtY29udGVudFwvdXBsb2Fkc1wvMjAyNFwvMDVcL0Rpc2Vub3MtRG9jdW1lbnRvcy1pbnN0aXR1Y2lvbmFsZXMtQWJyaWwtMjAyNC0xMS1zY2FsZWQuanBnIiwic2xpZGVzaG93IjoiMzlhOTU0NiJ9\" href=\"https:\/\/drive.google.com\/file\/d\/1gsl2LEGEQKgzmYkAUQeH8GfFL-ohLctf\/view?usp=sharing\"><figure class=\"swiper-slide-inner\"><img decoding=\"async\" class=\"swiper-slide-image\" src=\"https:\/\/virtual.usac.edu.gt\/dda\/wp-content\/uploads\/2024\/05\/Disenos-Documentos-institucionales-Abril-2024-11-2048x434.jpg\" alt=\"Disen\u0303os Documentos institucionales -Abril 2024-11\" \/><\/figure><\/a><\/div><div class=\"swiper-slide\" role=\"group\" aria-roledescription=\"slide\" aria-label=\"2 of 11\"><a data-elementor-open-lightbox=\"yes\" data-elementor-lightbox-slideshow=\"39a9546\" data-elementor-lightbox-title=\"Disen\u0303os Documentos institucionales -Abril 2024-10\" data-e-action-hash=\"#elementor-action%3Aaction%3Dlightbox%26settings%3DeyJpZCI6MzI2MSwidXJsIjoiaHR0cHM6XC9cL3ZpcnR1YWwudXNhYy5lZHUuZ3RcL2RkYVwvd3AtY29udGVudFwvdXBsb2Fkc1wvMjAyNFwvMDVcL0Rpc2Vub3MtRG9jdW1lbnRvcy1pbnN0aXR1Y2lvbmFsZXMtQWJyaWwtMjAyNC0xMC1zY2FsZWQuanBnIiwic2xpZGVzaG93IjoiMzlhOTU0NiJ9\" href=\"https:\/\/drive.google.com\/file\/d\/1gsl2LEGEQKgzmYkAUQeH8GfFL-ohLctf\/view?usp=sharing\"><figure class=\"swiper-slide-inner\"><img decoding=\"async\" class=\"swiper-slide-image\" src=\"https:\/\/virtual.usac.edu.gt\/dda\/wp-content\/uploads\/2024\/05\/Disenos-Documentos-institucionales-Abril-2024-10-2048x434.jpg\" alt=\"Disen\u0303os Documentos institucionales -Abril 2024-10\" \/><\/figure><\/a><\/div><div class=\"swiper-slide\" role=\"group\" aria-roledescription=\"slide\" aria-label=\"3 of 11\"><a data-elementor-open-lightbox=\"yes\" data-elementor-lightbox-slideshow=\"39a9546\" data-elementor-lightbox-title=\"Disen\u0303os Documentos institucionales -Abril 2024-9\" data-e-action-hash=\"#elementor-action%3Aaction%3Dlightbox%26settings%3DeyJpZCI6MzI2MCwidXJsIjoiaHR0cHM6XC9cL3ZpcnR1YWwudXNhYy5lZHUuZ3RcL2RkYVwvd3AtY29udGVudFwvdXBsb2Fkc1wvMjAyNFwvMDVcL0Rpc2Vub3MtRG9jdW1lbnRvcy1pbnN0aXR1Y2lvbmFsZXMtQWJyaWwtMjAyNC05LXNjYWxlZC5qcGciLCJzbGlkZXNob3ciOiIzOWE5NTQ2In0%3D\" href=\"https:\/\/drive.google.com\/file\/d\/1gsl2LEGEQKgzmYkAUQeH8GfFL-ohLctf\/view?usp=sharing\"><figure class=\"swiper-slide-inner\"><img decoding=\"async\" class=\"swiper-slide-image\" src=\"https:\/\/virtual.usac.edu.gt\/dda\/wp-content\/uploads\/2024\/05\/Disenos-Documentos-institucionales-Abril-2024-9-2048x434.jpg\" alt=\"Disen\u0303os Documentos institucionales -Abril 2024-9\" \/><\/figure><\/a><\/div><div class=\"swiper-slide\" role=\"group\" aria-roledescription=\"slide\" aria-label=\"4 of 11\"><a data-elementor-open-lightbox=\"yes\" data-elementor-lightbox-slideshow=\"39a9546\" data-elementor-lightbox-title=\"Disen\u0303os Documentos institucionales -Abril 2024-8\" data-e-action-hash=\"#elementor-action%3Aaction%3Dlightbox%26settings%3DeyJpZCI6MzI1OSwidXJsIjoiaHR0cHM6XC9cL3ZpcnR1YWwudXNhYy5lZHUuZ3RcL2RkYVwvd3AtY29udGVudFwvdXBsb2Fkc1wvMjAyNFwvMDVcL0Rpc2Vub3MtRG9jdW1lbnRvcy1pbnN0aXR1Y2lvbmFsZXMtQWJyaWwtMjAyNC04LXNjYWxlZC5qcGciLCJzbGlkZXNob3ciOiIzOWE5NTQ2In0%3D\" href=\"https:\/\/drive.google.com\/file\/d\/1gsl2LEGEQKgzmYkAUQeH8GfFL-ohLctf\/view?usp=sharing\"><figure class=\"swiper-slide-inner\"><img decoding=\"async\" class=\"swiper-slide-image\" src=\"https:\/\/virtual.usac.edu.gt\/dda\/wp-content\/uploads\/2024\/05\/Disenos-Documentos-institucionales-Abril-2024-8-2048x434.jpg\" alt=\"Disen\u0303os Documentos institucionales -Abril 2024-8\" \/><\/figure><\/a><\/div><div class=\"swiper-slide\" role=\"group\" aria-roledescription=\"slide\" aria-label=\"5 of 11\"><a data-elementor-open-lightbox=\"yes\" data-elementor-lightbox-slideshow=\"39a9546\" data-elementor-lightbox-title=\"Disen\u0303os Documentos institucionales -Abril 2024-7\" data-e-action-hash=\"#elementor-action%3Aaction%3Dlightbox%26settings%3DeyJpZCI6MzI1OCwidXJsIjoiaHR0cHM6XC9cL3ZpcnR1YWwudXNhYy5lZHUuZ3RcL2RkYVwvd3AtY29udGVudFwvdXBsb2Fkc1wvMjAyNFwvMDVcL0Rpc2Vub3MtRG9jdW1lbnRvcy1pbnN0aXR1Y2lvbmFsZXMtQWJyaWwtMjAyNC03LXNjYWxlZC5qcGciLCJzbGlkZXNob3ciOiIzOWE5NTQ2In0%3D\" href=\"https:\/\/drive.google.com\/file\/d\/1gsl2LEGEQKgzmYkAUQeH8GfFL-ohLctf\/view?usp=sharing\"><figure class=\"swiper-slide-inner\"><img decoding=\"async\" class=\"swiper-slide-image\" src=\"https:\/\/virtual.usac.edu.gt\/dda\/wp-content\/uploads\/2024\/05\/Disenos-Documentos-institucionales-Abril-2024-7-2048x434.jpg\" alt=\"Disen\u0303os Documentos institucionales -Abril 2024-7\" \/><\/figure><\/a><\/div><div class=\"swiper-slide\" role=\"group\" aria-roledescription=\"slide\" aria-label=\"6 of 11\"><a data-elementor-open-lightbox=\"yes\" data-elementor-lightbox-slideshow=\"39a9546\" data-elementor-lightbox-title=\"Disen\u0303os Documentos institucionales -Abril 2024-6\" data-e-action-hash=\"#elementor-action%3Aaction%3Dlightbox%26settings%3DeyJpZCI6MzI1NywidXJsIjoiaHR0cHM6XC9cL3ZpcnR1YWwudXNhYy5lZHUuZ3RcL2RkYVwvd3AtY29udGVudFwvdXBsb2Fkc1wvMjAyNFwvMDVcL0Rpc2Vub3MtRG9jdW1lbnRvcy1pbnN0aXR1Y2lvbmFsZXMtQWJyaWwtMjAyNC02LXNjYWxlZC5qcGciLCJzbGlkZXNob3ciOiIzOWE5NTQ2In0%3D\" href=\"https:\/\/drive.google.com\/file\/d\/1gsl2LEGEQKgzmYkAUQeH8GfFL-ohLctf\/view?usp=sharing\"><figure class=\"swiper-slide-inner\"><img decoding=\"async\" class=\"swiper-slide-image\" src=\"https:\/\/virtual.usac.edu.gt\/dda\/wp-content\/uploads\/2024\/05\/Disenos-Documentos-institucionales-Abril-2024-6-2048x434.jpg\" alt=\"Disen\u0303os Documentos institucionales -Abril 2024-6\" \/><\/figure><\/a><\/div><div class=\"swiper-slide\" role=\"group\" aria-roledescription=\"slide\" aria-label=\"7 of 11\"><a data-elementor-open-lightbox=\"yes\" data-elementor-lightbox-slideshow=\"39a9546\" data-elementor-lightbox-title=\"Disen\u0303os Documentos institucionales -Abril 2024-5\" data-e-action-hash=\"#elementor-action%3Aaction%3Dlightbox%26settings%3DeyJpZCI6MzI1NiwidXJsIjoiaHR0cHM6XC9cL3ZpcnR1YWwudXNhYy5lZHUuZ3RcL2RkYVwvd3AtY29udGVudFwvdXBsb2Fkc1wvMjAyNFwvMDVcL0Rpc2Vub3MtRG9jdW1lbnRvcy1pbnN0aXR1Y2lvbmFsZXMtQWJyaWwtMjAyNC01LXNjYWxlZC5qcGciLCJzbGlkZXNob3ciOiIzOWE5NTQ2In0%3D\" href=\"https:\/\/drive.google.com\/file\/d\/1gsl2LEGEQKgzmYkAUQeH8GfFL-ohLctf\/view?usp=sharing\"><figure class=\"swiper-slide-inner\"><img decoding=\"async\" class=\"swiper-slide-image\" src=\"https:\/\/virtual.usac.edu.gt\/dda\/wp-content\/uploads\/2024\/05\/Disenos-Documentos-institucionales-Abril-2024-5-2048x434.jpg\" alt=\"Disen\u0303os Documentos institucionales -Abril 2024-5\" \/><\/figure><\/a><\/div><div class=\"swiper-slide\" role=\"group\" aria-roledescription=\"slide\" aria-label=\"8 of 11\"><a data-elementor-open-lightbox=\"yes\" data-elementor-lightbox-slideshow=\"39a9546\" data-elementor-lightbox-title=\"Disen\u0303os Documentos institucionales -Abril 2024-4\" data-e-action-hash=\"#elementor-action%3Aaction%3Dlightbox%26settings%3DeyJpZCI6MzI1NSwidXJsIjoiaHR0cHM6XC9cL3ZpcnR1YWwudXNhYy5lZHUuZ3RcL2RkYVwvd3AtY29udGVudFwvdXBsb2Fkc1wvMjAyNFwvMDVcL0Rpc2Vub3MtRG9jdW1lbnRvcy1pbnN0aXR1Y2lvbmFsZXMtQWJyaWwtMjAyNC00LXNjYWxlZC5qcGciLCJzbGlkZXNob3ciOiIzOWE5NTQ2In0%3D\" href=\"https:\/\/drive.google.com\/file\/d\/1gsl2LEGEQKgzmYkAUQeH8GfFL-ohLctf\/view?usp=sharing\"><figure class=\"swiper-slide-inner\"><img decoding=\"async\" class=\"swiper-slide-image\" src=\"https:\/\/virtual.usac.edu.gt\/dda\/wp-content\/uploads\/2024\/05\/Disenos-Documentos-institucionales-Abril-2024-4-2048x434.jpg\" alt=\"Disen\u0303os Documentos institucionales -Abril 2024-4\" \/><\/figure><\/a><\/div><div class=\"swiper-slide\" role=\"group\" aria-roledescription=\"slide\" aria-label=\"9 of 11\"><a data-elementor-open-lightbox=\"yes\" data-elementor-lightbox-slideshow=\"39a9546\" data-elementor-lightbox-title=\"Disen\u0303os Documentos institucionales -Abril 2024-3\" data-e-action-hash=\"#elementor-action%3Aaction%3Dlightbox%26settings%3DeyJpZCI6MzI1NCwidXJsIjoiaHR0cHM6XC9cL3ZpcnR1YWwudXNhYy5lZHUuZ3RcL2RkYVwvd3AtY29udGVudFwvdXBsb2Fkc1wvMjAyNFwvMDVcL0Rpc2Vub3MtRG9jdW1lbnRvcy1pbnN0aXR1Y2lvbmFsZXMtQWJyaWwtMjAyNC0zLXNjYWxlZC5qcGciLCJzbGlkZXNob3ciOiIzOWE5NTQ2In0%3D\" href=\"https:\/\/drive.google.com\/file\/d\/1gsl2LEGEQKgzmYkAUQeH8GfFL-ohLctf\/view?usp=sharing\"><figure class=\"swiper-slide-inner\"><img decoding=\"async\" class=\"swiper-slide-image\" src=\"https:\/\/virtual.usac.edu.gt\/dda\/wp-content\/uploads\/2024\/05\/Disenos-Documentos-institucionales-Abril-2024-3-2048x434.jpg\" alt=\"Disen\u0303os Documentos institucionales -Abril 2024-3\" \/><\/figure><\/a><\/div><div class=\"swiper-slide\" role=\"group\" aria-roledescription=\"slide\" aria-label=\"10 of 11\"><a data-elementor-open-lightbox=\"yes\" data-elementor-lightbox-slideshow=\"39a9546\" data-elementor-lightbox-title=\"Disen\u0303os Documentos institucionales -Abril 2024-2\" data-e-action-hash=\"#elementor-action%3Aaction%3Dlightbox%26settings%3DeyJpZCI6MzI1MywidXJsIjoiaHR0cHM6XC9cL3ZpcnR1YWwudXNhYy5lZHUuZ3RcL2RkYVwvd3AtY29udGVudFwvdXBsb2Fkc1wvMjAyNFwvMDVcL0Rpc2Vub3MtRG9jdW1lbnRvcy1pbnN0aXR1Y2lvbmFsZXMtQWJyaWwtMjAyNC0yLXNjYWxlZC5qcGciLCJzbGlkZXNob3ciOiIzOWE5NTQ2In0%3D\" href=\"https:\/\/drive.google.com\/file\/d\/1gsl2LEGEQKgzmYkAUQeH8GfFL-ohLctf\/view?usp=sharing\"><figure class=\"swiper-slide-inner\"><img decoding=\"async\" class=\"swiper-slide-image\" src=\"https:\/\/virtual.usac.edu.gt\/dda\/wp-content\/uploads\/2024\/05\/Disenos-Documentos-institucionales-Abril-2024-2-2048x434.jpg\" alt=\"Disen\u0303os Documentos institucionales -Abril 2024-2\" \/><\/figure><\/a><\/div><div class=\"swiper-slide\" role=\"group\" aria-roledescription=\"slide\" aria-label=\"11 of 11\"><a data-elementor-open-lightbox=\"yes\" data-elementor-lightbox-slideshow=\"39a9546\" data-elementor-lightbox-title=\"Disen\u0303os Documentos institucionales -Abril 2024-\" data-e-action-hash=\"#elementor-action%3Aaction%3Dlightbox%26settings%3DeyJpZCI6MzI1MiwidXJsIjoiaHR0cHM6XC9cL3ZpcnR1YWwudXNhYy5lZHUuZ3RcL2RkYVwvd3AtY29udGVudFwvdXBsb2Fkc1wvMjAyNFwvMDVcL0Rpc2Vub3MtRG9jdW1lbnRvcy1pbnN0aXR1Y2lvbmFsZXMtQWJyaWwtMjAyNC0tc2NhbGVkLmpwZyIsInNsaWRlc2hvdyI6IjM5YTk1NDYifQ%3D%3D\" href=\"https:\/\/drive.google.com\/file\/d\/1gsl2LEGEQKgzmYkAUQeH8GfFL-ohLctf\/view?usp=sharing\"><figure class=\"swiper-slide-inner\"><img decoding=\"async\" class=\"swiper-slide-image\" src=\"https:\/\/virtual.usac.edu.gt\/dda\/wp-content\/uploads\/2024\/05\/Disenos-Documentos-institucionales-Abril-2024--2048x434.jpg\" alt=\"Disen\u0303os Documentos institucionales -Abril 2024-\" \/><\/figure><\/a><\/div>\t\t\t<\/div>\n\t\t\t\t\t\t\t\t\t\t\t\t<div class=\"elementor-swiper-button elementor-swiper-button-prev\" role=\"button\" tabindex=\"0\">\n\t\t\t\t\t\t<i aria-hidden=\"true\" class=\"eicon-chevron-left\"><\/i>\t\t\t\t\t<\/div>\n\t\t\t\t\t<div class=\"elementor-swiper-button elementor-swiper-button-next\" role=\"button\" tabindex=\"0\">\n\t\t\t\t\t\t<i aria-hidden=\"true\" class=\"eicon-chevron-right\"><\/i>\t\t\t\t\t<\/div>\n\t\t\t\t\n\t\t\t\t\t\t\t\t\t<div class=\"swiper-pagination\"><\/div>\n\t\t\t\t\t\t\t\t\t<\/div>\n\t\t\t\t<\/div>\n\t\t\t\t<\/div>\n\t\t\t\t\t<\/div>\n\t\t<\/div>\n\t\t\t\t\t\t\t<\/div>\n\t\t<\/section>\n\t\t\t\t<section class=\"elementor-section elementor-top-section elementor-element elementor-element-f461e4f elementor-section-boxed elementor-section-height-default elementor-section-height-default exad-glass-effect-no exad-sticky-section-no\" data-id=\"f461e4f\" data-element_type=\"section\">\n\t\t\t\t\t\t<div class=\"elementor-container elementor-column-gap-default\">\n\t\t\t\t\t<div class=\"elementor-column elementor-col-100 elementor-top-column elementor-element elementor-element-2ec244b exad-glass-effect-no exad-sticky-section-no\" data-id=\"2ec244b\" data-element_type=\"column\" data-settings=\"{&quot;background_background&quot;:&quot;gradient&quot;}\">\n\t\t\t<div class=\"elementor-widget-wrap elementor-element-populated\">\n\t\t\t\t\t\t\t\t<div class=\"elementor-element elementor-element-ea85b66 exad-sticky-section-no exad-glass-effect-no elementor-widget elementor-widget-html\" data-id=\"ea85b66\" data-element_type=\"widget\" data-widget_type=\"html.default\">\n\t\t\t\t<div class=\"elementor-widget-container\">\n\t\t\t\r\n <style>\r\n\r\n        .footer {\r\n            height: 100%;\r\n            width: 100%;\r\n            display: flex;\r\n            justify-content: space-around;\r\n            \r\n            color: #fff;\r\n        }\r\n\r\n        .footer h1 {\r\n            margin-bottom: 10px;\r\n            font-size: 15px;\r\n            color: #fff\r\n        }\r\n           .footer h2 {\r\n             line-height: 0;\r\n            font-size: 12px;\r\n            color: #fff\r\n        }\r\n\r\n        .footer div {\r\n            width: 100%;\r\n            margin: 0 10px;\r\n            text-align: center;\r\n        }\r\n\r\n        .footer p {\r\n            font-size: 10px;\r\n            line-height: 0;\r\n        }\r\n\r\n        .footer a {\r\n            color: #fff;\r\n        }\r\n\r\n        @media screen and (max-width: 750px) {\r\n            .footer {\r\n                flex-direction: column;\r\n            }\r\n            \r\n            .footer h1 {\r\n             font-size: 16px;\r\n            }\r\n            \r\n            .footer p {\r\n                font-size: 10px;\r\n                line-height: 0;\r\n            }\r\n             .footer h2 {\r\n                font-size: 11px;\r\n                line-height: 0;\r\n            }\r\n        }\r\n\r\n    <\/style>\r\n    <section class=\"footer\">\r\n        <div>\r\n            <h1>CONTACTO<\/h1>\r\n            <p> <\/p>\r\n             <h2><\/h2>\r\n            <p><h2>Edificio antiguo CALUSAC <\/h2> <\/p>\r\n              <p><h2>2o. Nivel Departamento de Educaci\u00f3n <\/h2> <\/p>\r\n             <h2>Ciudad Universitaria, zona 12<\/h2>\r\n             <p><h2>Ciudad de Guatemala<\/h2> <\/p>\r\n            \r\n            <h2>\r\n            <a href=\"mailto:secretaria.jefaturadda@usac.edu.gt\">secretaria.jefaturadda@usac.edu.gt <\/a>\r\n            <\/h2>\r\n            <h2>   <\/h2>\r\n        <\/div>\r\n        <div>\r\n            <h1>AVISOS LEGALES<\/h1>\r\n            <p> <a href=\"https:\/\/drive.google.com\/file\/d\/1DofTvMu7LQCTXop-v1ips7m8NPqwOfk-\/view?usp=sharing\" target=\"_blank\">Terminos de Uso<\/a><\/p>\r\n            <p> <a href=\"https:\/\/drive.google.com\/file\/d\/1zJUVhfjDJMl0jXy3ap1qa4ZG5839VWHg\/view?usp=sharing\" target=\"_blank\">Pol\u00edtica de privacidad y cookies<\/a><\/p>\r\n             <p>\r\n            <a rel=\"license\" href=\"http:\/\/creativecommons.org\/licenses\/by-nc-nd\/4.0\/\"  target=\"_blank\"><img decoding=\"async\" style=\"border-width: 0; max-width: 180px; height: auto;\" src=\"https:\/\/virtual.usac.edu.gt\/diged\/wp-content\/uploads\/2023\/05\/LICENCIA-CREATIVE-COMMONS-23-03.png\" \/><\/a><br \/>\r\n            <p> <\/p>\r\n           \r\n           \r\n        <\/div>\r\n    <\/section>\t\t<\/div>\n\t\t\t\t<\/div>\n\t\t\t\t\t<\/div>\n\t\t<\/div>\n\t\t\t\t\t\t\t<\/div>\n\t\t<\/section>\n\t\t\t\t\t\t\t<\/div>\n\t\t","protected":false},"excerpt":{"rendered":"<p>Carpeta de Documentos Institucionales La Carpeta de documentos institucionales contiene informaci\u00f3n de respaldo para llevar a cabo tr\u00e1mites con la Divisi\u00f3n de Desarrollo Acad\u00e9mico. CONTACTO Edificio antiguo CALUSAC 2o. Nivel Departamento de Educaci\u00f3n Ciudad Universitaria, zona 12 Ciudad de Guatemala secretaria.jefaturadda@usac.edu.gt AVISOS LEGALES Terminos de Uso Pol\u00edtica de privacidad y cookies<\/p>\n<div class=\"pvc_clear\"><\/div>\n<p id=\"pvc_stats_2728\" class=\"pvc_stats all  \" data-element-id=\"2728\" style=\"\"><i class=\"pvc-stats-icon medium\" aria-hidden=\"true\"><svg aria-hidden=\"true\" focusable=\"false\" data-prefix=\"far\" data-icon=\"chart-bar\" role=\"img\" xmlns=\"http:\/\/www.w3.org\/2000\/svg\" viewBox=\"0 0 512 512\" class=\"svg-inline--fa fa-chart-bar fa-w-16 fa-2x\"><path fill=\"currentColor\" d=\"M396.8 352h22.4c6.4 0 12.8-6.4 12.8-12.8V108.8c0-6.4-6.4-12.8-12.8-12.8h-22.4c-6.4 0-12.8 6.4-12.8 12.8v230.4c0 6.4 6.4 12.8 12.8 12.8zm-192 0h22.4c6.4 0 12.8-6.4 12.8-12.8V140.8c0-6.4-6.4-12.8-12.8-12.8h-22.4c-6.4 0-12.8 6.4-12.8 12.8v198.4c0 6.4 6.4 12.8 12.8 12.8zm96 0h22.4c6.4 0 12.8-6.4 12.8-12.8V204.8c0-6.4-6.4-12.8-12.8-12.8h-22.4c-6.4 0-12.8 6.4-12.8 12.8v134.4c0 6.4 6.4 12.8 12.8 12.8zM496 400H48V80c0-8.84-7.16-16-16-16H16C7.16 64 0 71.16 0 80v336c0 17.67 14.33 32 32 32h464c8.84 0 16-7.16 16-16v-16c0-8.84-7.16-16-16-16zm-387.2-48h22.4c6.4 0 12.8-6.4 12.8-12.8v-70.4c0-6.4-6.4-12.8-12.8-12.8h-22.4c-6.4 0-12.8 6.4-12.8 12.8v70.4c0 6.4 6.4 12.8 12.8 12.8z\" class=\"\"><\/path><\/svg><\/i> <img loading=\"lazy\" decoding=\"async\" width=\"16\" height=\"16\" alt=\"Loading\" src=\"https:\/\/virtual.usac.edu.gt\/dda\/wp-content\/plugins\/page-views-count\/ajax-loader-2x.gif\" border=0 \/><\/p>\n<div class=\"pvc_clear\"><\/div>\n","protected":false},"author":2,"featured_media":0,"parent":0,"menu_order":0,"comment_status":"closed","ping_status":"closed","template":"","meta":{"site-sidebar-layout":"no-sidebar","site-content-layout":"page-builder","ast-global-header-display":"","ast-banner-title-visibility":"","ast-main-header-display":"","ast-hfb-above-header-display":"","ast-hfb-below-header-display":"","ast-hfb-mobile-header-display":"","site-post-title":"disabled","ast-breadcrumbs-content":"","ast-featured-img":"disabled","footer-sml-layout":"","theme-transparent-header-meta":"","adv-header-id-meta":"","stick-header-meta":"","header-above-stick-meta":"","header-main-stick-meta":"","header-below-stick-meta":"","footnotes":""},"class_list":["post-2728","page","type-page","status-publish","hentry"],"a3_pvc":{"activated":true,"total_views":0,"today_views":0},"_links":{"self":[{"href":"https:\/\/virtual.usac.edu.gt\/dda\/wp-json\/wp\/v2\/pages\/2728","targetHints":{"allow":["GET"]}}],"collection":[{"href":"https:\/\/virtual.usac.edu.gt\/dda\/wp-json\/wp\/v2\/pages"}],"about":[{"href":"https:\/\/virtual.usac.edu.gt\/dda\/wp-json\/wp\/v2\/types\/page"}],"author":[{"embeddable":true,"href":"https:\/\/virtual.usac.edu.gt\/dda\/wp-json\/wp\/v2\/users\/2"}],"replies":[{"embeddable":true,"href":"https:\/\/virtual.usac.edu.gt\/dda\/wp-json\/wp\/v2\/comments?post=2728"}],"version-history":[{"count":104,"href":"https:\/\/virtual.usac.edu.gt\/dda\/wp-json\/wp\/v2\/pages\/2728\/revisions"}],"predecessor-version":[{"id":3682,"href":"https:\/\/virtual.usac.edu.gt\/dda\/wp-json\/wp\/v2\/pages\/2728\/revisions\/3682"}],"wp:attachment":[{"href":"https:\/\/virtual.usac.edu.gt\/dda\/wp-json\/wp\/v2\/media?parent=2728"}],"curies":[{"name":"wp","href":"https:\/\/api.w.org\/{rel}","templated":true}]}}