{"id":3624,"date":"2024-05-31T18:23:14","date_gmt":"2024-05-31T16:23:14","guid":{"rendered":"https:\/\/virtual.usac.edu.gt\/dda\/?page_id=3624"},"modified":"2024-06-14T19:51:14","modified_gmt":"2024-06-14T17:51:14","slug":"actividades-2023","status":"publish","type":"page","link":"https:\/\/virtual.usac.edu.gt\/dda\/actividades-2023\/","title":{"rendered":"Actividades 2023"},"content":{"rendered":"\t\t<div data-elementor-type=\"wp-page\" data-elementor-id=\"3624\" class=\"elementor elementor-3624\">\n\t\t\t\t\t\t\t\t\t<section class=\"elementor-section elementor-top-section elementor-element elementor-element-714994b elementor-section-boxed elementor-section-height-default elementor-section-height-default exad-glass-effect-no exad-sticky-section-no\" data-id=\"714994b\" data-element_type=\"section\">\n\t\t\t\t\t\t<div class=\"elementor-container elementor-column-gap-default\">\n\t\t\t\t\t<div class=\"elementor-column elementor-col-100 elementor-top-column elementor-element elementor-element-8306cd7 exad-glass-effect-no exad-sticky-section-no\" data-id=\"8306cd7\" data-element_type=\"column\">\n\t\t\t<div class=\"elementor-widget-wrap elementor-element-populated\">\n\t\t\t\t\t\t\t\t<div class=\"elementor-element elementor-element-b364cb2 exad-sticky-section-no exad-glass-effect-no elementor-widget elementor-widget-spacer\" data-id=\"b364cb2\" data-element_type=\"widget\" data-widget_type=\"spacer.default\">\n\t\t\t\t<div class=\"elementor-widget-container\">\n\t\t\t<style>\/*! elementor - v3.14.0 - 26-06-2023 *\/\n.elementor-column .elementor-spacer-inner{height:var(--spacer-size)}.e-con{--container-widget-width:100%}.e-con-inner>.elementor-widget-spacer,.e-con>.elementor-widget-spacer{width:var(--container-widget-width,var(--spacer-size));--align-self:var(--container-widget-align-self,initial);--flex-shrink:0}.e-con-inner>.elementor-widget-spacer>.elementor-widget-container,.e-con-inner>.elementor-widget-spacer>.elementor-widget-container>.elementor-spacer,.e-con>.elementor-widget-spacer>.elementor-widget-container,.e-con>.elementor-widget-spacer>.elementor-widget-container>.elementor-spacer{height:100%}.e-con-inner>.elementor-widget-spacer>.elementor-widget-container>.elementor-spacer>.elementor-spacer-inner,.e-con>.elementor-widget-spacer>.elementor-widget-container>.elementor-spacer>.elementor-spacer-inner{height:var(--container-widget-height,var(--spacer-size))}<\/style>\t\t<div class=\"elementor-spacer\">\n\t\t\t<div class=\"elementor-spacer-inner\"><\/div>\n\t\t<\/div>\n\t\t\t\t<\/div>\n\t\t\t\t<\/div>\n\t\t\t\t\t<\/div>\n\t\t<\/div>\n\t\t\t\t\t\t\t<\/div>\n\t\t<\/section>\n\t\t\t\t<section class=\"elementor-section elementor-top-section elementor-element elementor-element-193132a elementor-section-boxed elementor-section-height-default elementor-section-height-default exad-glass-effect-no exad-sticky-section-no\" data-id=\"193132a\" data-element_type=\"section\">\n\t\t\t\t\t\t<div class=\"elementor-container elementor-column-gap-default\">\n\t\t\t\t\t<div class=\"elementor-column elementor-col-100 elementor-top-column elementor-element elementor-element-f9ddade exad-glass-effect-no exad-sticky-section-no\" data-id=\"f9ddade\" data-element_type=\"column\">\n\t\t\t<div class=\"elementor-widget-wrap elementor-element-populated\">\n\t\t\t\t\t\t\t\t<div class=\"elementor-element elementor-element-dd60567 exad-sticky-section-no exad-glass-effect-no elementor-widget elementor-widget-heading\" data-id=\"dd60567\" data-element_type=\"widget\" data-widget_type=\"heading.default\">\n\t\t\t\t<div class=\"elementor-widget-container\">\n\t\t\t<style>\/*! elementor - v3.14.0 - 26-06-2023 *\/\n.elementor-heading-title{padding:0;margin:0;line-height:1}.elementor-widget-heading .elementor-heading-title[class*=elementor-size-]>a{color:inherit;font-size:inherit;line-height:inherit}.elementor-widget-heading .elementor-heading-title.elementor-size-small{font-size:15px}.elementor-widget-heading .elementor-heading-title.elementor-size-medium{font-size:19px}.elementor-widget-heading .elementor-heading-title.elementor-size-large{font-size:29px}.elementor-widget-heading .elementor-heading-title.elementor-size-xl{font-size:39px}.elementor-widget-heading .elementor-heading-title.elementor-size-xxl{font-size:59px}<\/style><h1 class=\"elementor-heading-title elementor-size-default\">Actividades 2023<\/h1>\t\t<\/div>\n\t\t\t\t<\/div>\n\t\t\t\t\t<\/div>\n\t\t<\/div>\n\t\t\t\t\t\t\t<\/div>\n\t\t<\/section>\n\t\t\t\t<section class=\"elementor-section elementor-top-section elementor-element elementor-element-f9cc81c elementor-section-boxed elementor-section-height-default elementor-section-height-default exad-glass-effect-no exad-sticky-section-no\" data-id=\"f9cc81c\" data-element_type=\"section\">\n\t\t\t\t\t\t<div class=\"elementor-container elementor-column-gap-default\">\n\t\t\t\t\t<div class=\"elementor-column elementor-col-100 elementor-top-column elementor-element elementor-element-5d32d43 exad-glass-effect-no exad-sticky-section-no\" data-id=\"5d32d43\" data-element_type=\"column\">\n\t\t\t<div class=\"elementor-widget-wrap elementor-element-populated\">\n\t\t\t\t\t\t\t\t<div class=\"elementor-element elementor-element-38266b3 exad-sticky-section-no exad-glass-effect-no elementor-widget elementor-widget-heading\" data-id=\"38266b3\" data-element_type=\"widget\" data-widget_type=\"heading.default\">\n\t\t\t\t<div class=\"elementor-widget-container\">\n\t\t\t<h2 class=\"elementor-heading-title elementor-size-default\"><a href=\"https:\/\/virtual.usac.edu.gt\/dda\/actividad-motivacional-trabajar-juntos-para-crear-equipo\/\" target=\"_blank\">Actividad motivacional \"Trabajar juntos para crear equipo\"<\/a><\/h2>\t\t<\/div>\n\t\t\t\t<\/div>\n\t\t\t\t\t<\/div>\n\t\t<\/div>\n\t\t\t\t\t\t\t<\/div>\n\t\t<\/section>\n\t\t\t\t<section class=\"elementor-section elementor-top-section elementor-element elementor-element-f5a8482 elementor-section-boxed elementor-section-height-default elementor-section-height-default exad-glass-effect-no exad-sticky-section-no\" data-id=\"f5a8482\" data-element_type=\"section\">\n\t\t\t\t\t\t<div class=\"elementor-container elementor-column-gap-default\">\n\t\t\t\t\t<div class=\"elementor-column elementor-col-100 elementor-top-column elementor-element elementor-element-7ac5ad2 exad-glass-effect-no exad-sticky-section-no\" data-id=\"7ac5ad2\" data-element_type=\"column\">\n\t\t\t<div class=\"elementor-widget-wrap elementor-element-populated\">\n\t\t\t\t\t\t\t\t<div class=\"elementor-element elementor-element-f801eae exad-sticky-section-no exad-glass-effect-no elementor-widget elementor-widget-heading\" data-id=\"f801eae\" data-element_type=\"widget\" data-widget_type=\"heading.default\">\n\t\t\t\t<div class=\"elementor-widget-container\">\n\t\t\t<h2 class=\"elementor-heading-title elementor-size-default\"><a href=\"https:\/\/virtual.usac.edu.gt\/dda\/jornada-desarrollo-profesional-dda\/\" target=\"_blank\">Jornada Desarrollo Profesional DDA<\/a><\/h2>\t\t<\/div>\n\t\t\t\t<\/div>\n\t\t\t\t\t<\/div>\n\t\t<\/div>\n\t\t\t\t\t\t\t<\/div>\n\t\t<\/section>\n\t\t\t\t<section class=\"elementor-section elementor-top-section elementor-element elementor-element-a1e7889 elementor-section-boxed elementor-section-height-default elementor-section-height-default exad-glass-effect-no exad-sticky-section-no\" data-id=\"a1e7889\" data-element_type=\"section\">\n\t\t\t\t\t\t<div class=\"elementor-container elementor-column-gap-default\">\n\t\t\t\t\t<div class=\"elementor-column elementor-col-100 elementor-top-column elementor-element elementor-element-80a8176 exad-glass-effect-no exad-sticky-section-no\" data-id=\"80a8176\" data-element_type=\"column\">\n\t\t\t<div class=\"elementor-widget-wrap elementor-element-populated\">\n\t\t\t\t\t\t\t\t<div class=\"elementor-element elementor-element-deaa45f exad-sticky-section-no exad-glass-effect-no elementor-widget elementor-widget-heading\" data-id=\"deaa45f\" data-element_type=\"widget\" data-widget_type=\"heading.default\">\n\t\t\t\t<div class=\"elementor-widget-container\">\n\t\t\t<h2 class=\"elementor-heading-title elementor-size-default\"><a href=\"https:\/\/virtual.usac.edu.gt\/dda\/congreso-de-innovacion-docente\/\" target=\"_blank\">Congreso de Innovaci\u00f3n Docente<\/a><\/h2>\t\t<\/div>\n\t\t\t\t<\/div>\n\t\t\t\t\t<\/div>\n\t\t<\/div>\n\t\t\t\t\t\t\t<\/div>\n\t\t<\/section>\n\t\t\t\t<section class=\"elementor-section elementor-top-section elementor-element elementor-element-452aae6 elementor-hidden-desktop elementor-hidden-tablet elementor-hidden-mobile elementor-section-boxed elementor-section-height-default elementor-section-height-default exad-glass-effect-no exad-sticky-section-no\" data-id=\"452aae6\" data-element_type=\"section\">\n\t\t\t\t\t\t<div class=\"elementor-container elementor-column-gap-default\">\n\t\t\t\t\t<div class=\"elementor-column elementor-col-50 elementor-top-column elementor-element elementor-element-782985f exad-glass-effect-no exad-sticky-section-no\" data-id=\"782985f\" data-element_type=\"column\">\n\t\t\t<div class=\"elementor-widget-wrap elementor-element-populated\">\n\t\t\t\t\t\t\t\t<div class=\"elementor-element elementor-element-6610d2b elementor-arrows-position-inside elementor-pagination-position-outside exad-sticky-section-no exad-glass-effect-no elementor-widget elementor-widget-image-carousel\" data-id=\"6610d2b\" data-element_type=\"widget\" data-settings=\"{&quot;slides_to_show&quot;:&quot;1&quot;,&quot;navigation&quot;:&quot;both&quot;,&quot;autoplay&quot;:&quot;yes&quot;,&quot;pause_on_hover&quot;:&quot;yes&quot;,&quot;pause_on_interaction&quot;:&quot;yes&quot;,&quot;autoplay_speed&quot;:5000,&quot;infinite&quot;:&quot;yes&quot;,&quot;effect&quot;:&quot;slide&quot;,&quot;speed&quot;:500}\" data-widget_type=\"image-carousel.default\">\n\t\t\t\t<div class=\"elementor-widget-container\">\n\t\t\t<style>\/*! elementor - v3.14.0 - 26-06-2023 *\/\n.elementor-widget-image-carousel .swiper,.elementor-widget-image-carousel .swiper-container{position:static}.elementor-widget-image-carousel .swiper-container .swiper-slide figure,.elementor-widget-image-carousel .swiper .swiper-slide figure{line-height:inherit}.elementor-widget-image-carousel .swiper-slide{text-align:center}.elementor-image-carousel-wrapper:not(.swiper-container-initialized):not(.swiper-initialized) .swiper-slide{max-width:calc(100% \/ var(--e-image-carousel-slides-to-show, 3))}<\/style>\t\t<div class=\"elementor-image-carousel-wrapper swiper\" dir=\"ltr\">\n\t\t\t<div class=\"elementor-image-carousel swiper-wrapper\" aria-live=\"off\">\n\t\t\t\t\t\t\t\t<div class=\"swiper-slide\" role=\"group\" aria-roledescription=\"slide\" aria-label=\"1 of 2\"><figure class=\"swiper-slide-inner\"><img decoding=\"async\" class=\"swiper-slide-image\" src=\"https:\/\/virtual.usac.edu.gt\/dda\/wp-content\/uploads\/2023\/11\/Jornada-4000-\u00d7-3000-px-2-768x896.jpg\" alt=\"Jornada (4000\u00a0\u00d7\u00a03000\u00a0px) (2)\" \/><\/figure><\/div><div class=\"swiper-slide\" role=\"group\" aria-roledescription=\"slide\" aria-label=\"2 of 2\"><figure class=\"swiper-slide-inner\"><img decoding=\"async\" class=\"swiper-slide-image\" src=\"https:\/\/virtual.usac.edu.gt\/dda\/wp-content\/uploads\/2023\/09\/Jornada-Desarrollo-06092023-768x994.jpg\" alt=\"Jornada Desarrollo 06092023\" \/><\/figure><\/div>\t\t\t<\/div>\n\t\t\t\t\t\t\t\t\t\t\t\t<div class=\"elementor-swiper-button elementor-swiper-button-prev\" role=\"button\" tabindex=\"0\">\n\t\t\t\t\t\t<i aria-hidden=\"true\" class=\"eicon-chevron-left\"><\/i>\t\t\t\t\t<\/div>\n\t\t\t\t\t<div class=\"elementor-swiper-button elementor-swiper-button-next\" role=\"button\" tabindex=\"0\">\n\t\t\t\t\t\t<i aria-hidden=\"true\" class=\"eicon-chevron-right\"><\/i>\t\t\t\t\t<\/div>\n\t\t\t\t\n\t\t\t\t\t\t\t\t\t<div class=\"swiper-pagination\"><\/div>\n\t\t\t\t\t\t\t\t\t<\/div>\n\t\t\t\t<\/div>\n\t\t\t\t<\/div>\n\t\t\t\t\t<\/div>\n\t\t<\/div>\n\t\t\t\t<div class=\"elementor-column elementor-col-50 elementor-top-column elementor-element elementor-element-34d45a5 exad-glass-effect-no exad-sticky-section-no\" data-id=\"34d45a5\" data-element_type=\"column\">\n\t\t\t<div class=\"elementor-widget-wrap elementor-element-populated\">\n\t\t\t\t\t\t\t\t<div class=\"elementor-element elementor-element-74b7ac4 exad-sticky-section-no exad-glass-effect-no elementor-widget elementor-widget-text-editor\" data-id=\"74b7ac4\" data-element_type=\"widget\" data-widget_type=\"text-editor.default\">\n\t\t\t\t<div class=\"elementor-widget-container\">\n\t\t\t<style>\/*! elementor - v3.14.0 - 26-06-2023 *\/\n.elementor-widget-text-editor.elementor-drop-cap-view-stacked .elementor-drop-cap{background-color:#69727d;color:#fff}.elementor-widget-text-editor.elementor-drop-cap-view-framed .elementor-drop-cap{color:#69727d;border:3px solid;background-color:transparent}.elementor-widget-text-editor:not(.elementor-drop-cap-view-default) .elementor-drop-cap{margin-top:8px}.elementor-widget-text-editor:not(.elementor-drop-cap-view-default) .elementor-drop-cap-letter{width:1em;height:1em}.elementor-widget-text-editor .elementor-drop-cap{float:left;text-align:center;line-height:1;font-size:50px}.elementor-widget-text-editor .elementor-drop-cap-letter{display:inline-block}<\/style>\t\t\t\t<p><span style=\"color: #000000;\"><strong>Actividad motivacional &#8220;Trabajar juntos para crear equipo&#8221;<\/strong><\/span><\/p><p><span style=\"color: #000000;\">La Divisi\u00f3n de Desarrollo Acad\u00e9mico (DDA) de la Direcci\u00f3n General de Docencia (DIGED) llev\u00f3 a cabo la actividad motivacional &#8220;Trabajar juntos para crear equipo&#8221;, con el prop\u00f3sito de fortalecer los v\u00ednculos y el trabajo conjunto del personal de la DDA. La actividad tuvo lugar en Majadas, zona 11, el jueves 23 del presente a\u00f1o.<\/span><\/p><p><span style=\"color: #000000;\"><strong>Jornada Desarrollo Profesional DDA<\/strong><\/span><\/p><p><span style=\"color: #000000;\">La Divisi\u00f3n de Desarrollo Acad\u00e9mico que pertenece a la Direcci\u00f3n General de la USAC realiz\u00f3 la Jornada de Desarrollo Profesional DDA con el fin de fortalecer el liderazgo y cooperaci\u00f3n del personal administrativo de la divisi\u00f3n. La jornada fue realizada en el Colegio de Profesionales Zona 15, Sal\u00f3n M\u00e9ndez Montenegro, el 6 de septiembre de 2023<\/span>.<\/p>\t\t\t\t\t\t<\/div>\n\t\t\t\t<\/div>\n\t\t\t\t<div class=\"elementor-element elementor-element-5ce5885 elementor-arrows-position-inside elementor-pagination-position-outside exad-sticky-section-no exad-glass-effect-no elementor-widget elementor-widget-image-carousel\" data-id=\"5ce5885\" data-element_type=\"widget\" data-settings=\"{&quot;slides_to_show&quot;:&quot;1&quot;,&quot;navigation&quot;:&quot;both&quot;,&quot;autoplay&quot;:&quot;yes&quot;,&quot;pause_on_hover&quot;:&quot;yes&quot;,&quot;pause_on_interaction&quot;:&quot;yes&quot;,&quot;autoplay_speed&quot;:5000,&quot;infinite&quot;:&quot;yes&quot;,&quot;effect&quot;:&quot;slide&quot;,&quot;speed&quot;:500}\" data-widget_type=\"image-carousel.default\">\n\t\t\t\t<div class=\"elementor-widget-container\">\n\t\t\t\t\t<div class=\"elementor-image-carousel-wrapper swiper\" dir=\"ltr\">\n\t\t\t<div class=\"elementor-image-carousel swiper-wrapper\" aria-live=\"off\">\n\t\t\t\t\t\t\t\t<div class=\"swiper-slide\" role=\"group\" aria-roledescription=\"slide\" aria-label=\"1 of 11\"><figure class=\"swiper-slide-inner\"><img decoding=\"async\" class=\"swiper-slide-image\" src=\"https:\/\/virtual.usac.edu.gt\/dda\/wp-content\/uploads\/2023\/11\/WhatsApp-Image-2023-11-23-at-1.30.36-PM-1-768x576.jpeg\" alt=\"WhatsApp Image 2023-11-23 at 1.30.36 PM (1)\" \/><\/figure><\/div><div class=\"swiper-slide\" role=\"group\" aria-roledescription=\"slide\" aria-label=\"2 of 11\"><figure class=\"swiper-slide-inner\"><img decoding=\"async\" class=\"swiper-slide-image\" src=\"https:\/\/virtual.usac.edu.gt\/dda\/wp-content\/uploads\/2023\/11\/20231123_111405-768x576.jpg\" alt=\"20231123_111405\" \/><\/figure><\/div><div class=\"swiper-slide\" role=\"group\" aria-roledescription=\"slide\" aria-label=\"3 of 11\"><figure class=\"swiper-slide-inner\"><img decoding=\"async\" class=\"swiper-slide-image\" src=\"https:\/\/virtual.usac.edu.gt\/dda\/wp-content\/uploads\/2023\/11\/WhatsApp-Image-2023-11-23-at-1.32.49-PM-1-768x576.jpeg\" alt=\"WhatsApp Image 2023-11-23 at 1.32.49 PM\" \/><\/figure><\/div><div class=\"swiper-slide\" role=\"group\" aria-roledescription=\"slide\" aria-label=\"4 of 11\"><figure class=\"swiper-slide-inner\"><img decoding=\"async\" class=\"swiper-slide-image\" src=\"https:\/\/virtual.usac.edu.gt\/dda\/wp-content\/uploads\/2023\/11\/Jornada-4000-\u00d7-3000-px-5-768x576.jpg\" alt=\"Jornada (4000\u00a0\u00d7\u00a03000\u00a0px) (5)\" \/><\/figure><\/div><div class=\"swiper-slide\" role=\"group\" aria-roledescription=\"slide\" aria-label=\"5 of 11\"><figure class=\"swiper-slide-inner\"><img decoding=\"async\" class=\"swiper-slide-image\" src=\"https:\/\/virtual.usac.edu.gt\/dda\/wp-content\/uploads\/2023\/11\/20231123_083320-1-768x576.jpg\" alt=\"20231123_083320\" \/><\/figure><\/div><div class=\"swiper-slide\" role=\"group\" aria-roledescription=\"slide\" aria-label=\"6 of 11\"><figure class=\"swiper-slide-inner\"><img decoding=\"async\" class=\"swiper-slide-image\" src=\"https:\/\/virtual.usac.edu.gt\/dda\/wp-content\/uploads\/2023\/11\/IMG_20231123_093008-768x576.jpg\" alt=\"IMG_20231123_093008\" \/><\/figure><\/div><div class=\"swiper-slide\" role=\"group\" aria-roledescription=\"slide\" aria-label=\"7 of 11\"><figure class=\"swiper-slide-inner\"><img decoding=\"async\" class=\"swiper-slide-image\" src=\"https:\/\/virtual.usac.edu.gt\/dda\/wp-content\/uploads\/2023\/09\/20230906_105728-768x576.jpg\" alt=\"20230906_105728\" \/><\/figure><\/div><div class=\"swiper-slide\" role=\"group\" aria-roledescription=\"slide\" aria-label=\"8 of 11\"><figure class=\"swiper-slide-inner\"><img decoding=\"async\" class=\"swiper-slide-image\" src=\"https:\/\/virtual.usac.edu.gt\/dda\/wp-content\/uploads\/2023\/09\/20230906_1159380-768x576.jpg\" alt=\"20230906_115938(0)\" \/><\/figure><\/div><div class=\"swiper-slide\" role=\"group\" aria-roledescription=\"slide\" aria-label=\"9 of 11\"><figure class=\"swiper-slide-inner\"><img decoding=\"async\" class=\"swiper-slide-image\" src=\"https:\/\/virtual.usac.edu.gt\/dda\/wp-content\/uploads\/2023\/09\/Diseno-sin-titulo-4-1-768x576.png\" alt=\"Dise\u00f1o sin t\u00edtulo (4) (1)\" \/><\/figure><\/div><div class=\"swiper-slide\" role=\"group\" aria-roledescription=\"slide\" aria-label=\"10 of 11\"><figure class=\"swiper-slide-inner\"><img decoding=\"async\" class=\"swiper-slide-image\" src=\"https:\/\/virtual.usac.edu.gt\/dda\/wp-content\/uploads\/2023\/09\/20230906_100928-768x576.jpg\" alt=\"20230906_100928\" \/><\/figure><\/div><div class=\"swiper-slide\" role=\"group\" aria-roledescription=\"slide\" aria-label=\"11 of 11\"><figure class=\"swiper-slide-inner\"><img decoding=\"async\" class=\"swiper-slide-image\" src=\"https:\/\/virtual.usac.edu.gt\/dda\/wp-content\/uploads\/2023\/09\/20230906_093514-768x576.jpg\" alt=\"20230906_093514\" \/><\/figure><\/div>\t\t\t<\/div>\n\t\t\t\t\t\t\t\t\t\t\t\t<div class=\"elementor-swiper-button elementor-swiper-button-prev\" role=\"button\" tabindex=\"0\">\n\t\t\t\t\t\t<i aria-hidden=\"true\" class=\"eicon-chevron-left\"><\/i>\t\t\t\t\t<\/div>\n\t\t\t\t\t<div class=\"elementor-swiper-button elementor-swiper-button-next\" role=\"button\" tabindex=\"0\">\n\t\t\t\t\t\t<i aria-hidden=\"true\" class=\"eicon-chevron-right\"><\/i>\t\t\t\t\t<\/div>\n\t\t\t\t\n\t\t\t\t\t\t\t\t\t<div class=\"swiper-pagination\"><\/div>\n\t\t\t\t\t\t\t\t\t<\/div>\n\t\t\t\t<\/div>\n\t\t\t\t<\/div>\n\t\t\t\t\t<\/div>\n\t\t<\/div>\n\t\t\t\t\t\t\t<\/div>\n\t\t<\/section>\n\t\t\t\t<section class=\"elementor-section elementor-top-section elementor-element elementor-element-e08c6b1 elementor-section-boxed elementor-section-height-default elementor-section-height-default exad-glass-effect-no exad-sticky-section-no\" data-id=\"e08c6b1\" data-element_type=\"section\">\n\t\t\t\t\t\t<div class=\"elementor-container elementor-column-gap-default\">\n\t\t\t\t\t<div class=\"elementor-column elementor-col-100 elementor-top-column elementor-element elementor-element-24db1d8 exad-glass-effect-no exad-sticky-section-no\" data-id=\"24db1d8\" data-element_type=\"column\" data-settings=\"{&quot;background_background&quot;:&quot;gradient&quot;}\">\n\t\t\t<div class=\"elementor-widget-wrap elementor-element-populated\">\n\t\t\t\t\t\t\t\t<div class=\"elementor-element elementor-element-e94e125 exad-sticky-section-no exad-glass-effect-no elementor-widget elementor-widget-html\" data-id=\"e94e125\" data-element_type=\"widget\" data-widget_type=\"html.default\">\n\t\t\t\t<div class=\"elementor-widget-container\">\n\t\t\t\r\n <style>\r\n\r\n        .footer {\r\n            height: 100%;\r\n            width: 100%;\r\n            display: flex;\r\n            justify-content: space-around;\r\n            \r\n            color: #fff;\r\n        }\r\n\r\n        .footer h1 {\r\n            margin-bottom: 10px;\r\n            font-size: 15px;\r\n            color: #fff\r\n        }\r\n           .footer h2 {\r\n             line-height: 0;\r\n            font-size: 12px;\r\n            color: #fff\r\n        }\r\n\r\n        .footer div {\r\n            width: 100%;\r\n            margin: 0 10px;\r\n            text-align: center;\r\n        }\r\n\r\n        .footer p {\r\n            font-size: 10px;\r\n            line-height: 0;\r\n        }\r\n\r\n        .footer a {\r\n            color: #fff;\r\n        }\r\n\r\n        @media screen and (max-width: 750px) {\r\n            .footer {\r\n                flex-direction: column;\r\n            }\r\n            \r\n            .footer h1 {\r\n             font-size: 16px;\r\n            }\r\n            \r\n            .footer p {\r\n                font-size: 10px;\r\n                line-height: 0;\r\n            }\r\n             .footer h2 {\r\n                font-size: 11px;\r\n                line-height: 0;\r\n            }\r\n        }\r\n\r\n    <\/style>\r\n    <section class=\"footer\">\r\n        <div>\r\n            <h1>CONTACTO<\/h1>\r\n            <p> <\/p>\r\n             <h2><\/h2>\r\n            <p><h2>Edificio antiguo CALUSAC <\/h2> <\/p>\r\n              <p><h2>2o. Nivel Departamento de Educaci\u00f3n <\/h2> <\/p>\r\n             <h2>Ciudad Universitaria, zona 12<\/h2>\r\n             <p><h2>Ciudad de Guatemala<\/h2> <\/p>\r\n            \r\n            <h2>\r\n            <a href=\"mailto:secretaria.jefaturadda@usac.edu.gt\">secretaria.jefaturadda@usac.edu.gt <\/a>\r\n            <\/h2>\r\n            <h2>   <\/h2>\r\n        <\/div>\r\n        <div>\r\n            <h1>AVISOS LEGALES<\/h1>\r\n            <p> <a href=\"https:\/\/drive.google.com\/file\/d\/1DofTvMu7LQCTXop-v1ips7m8NPqwOfk-\/view?usp=sharing\" target=\"_blank\">Terminos de Uso<\/a><\/p>\r\n            <p> <a href=\"https:\/\/drive.google.com\/file\/d\/1zJUVhfjDJMl0jXy3ap1qa4ZG5839VWHg\/view?usp=sharing\" target=\"_blank\">Pol\u00edtica de privacidad y cookies<\/a><\/p>\r\n             <p>\r\n            <a rel=\"license\" href=\"http:\/\/creativecommons.org\/licenses\/by-nc-nd\/4.0\/\"  target=\"_blank\"><img decoding=\"async\" style=\"border-width: 0; max-width: 180px; height: auto;\" src=\"https:\/\/virtual.usac.edu.gt\/diged\/wp-content\/uploads\/2023\/05\/LICENCIA-CREATIVE-COMMONS-23-03.png\" \/><\/a><br \/>\r\n            <p> <\/p>\r\n           \r\n           \r\n        <\/div>\r\n    <\/section>\t\t<\/div>\n\t\t\t\t<\/div>\n\t\t\t\t\t<\/div>\n\t\t<\/div>\n\t\t\t\t\t\t\t<\/div>\n\t\t<\/section>\n\t\t\t\t\t\t\t<\/div>\n\t\t","protected":false},"excerpt":{"rendered":"<p>Actividades 2023 Actividad motivacional &#8220;Trabajar juntos para crear equipo&#8221; Jornada Desarrollo Profesional DDA Congreso de Innovaci\u00f3n Docente Actividad motivacional &#8220;Trabajar juntos para crear equipo&#8221; La Divisi\u00f3n de Desarrollo Acad\u00e9mico (DDA) de la Direcci\u00f3n General de Docencia (DIGED) llev\u00f3 a cabo la actividad motivacional &#8220;Trabajar juntos para crear equipo&#8221;, con el prop\u00f3sito de fortalecer los v\u00ednculos &hellip;<\/p>\n<p class=\"read-more\"> <a class=\"\" href=\"https:\/\/virtual.usac.edu.gt\/dda\/actividades-2023\/\"> <span class=\"screen-reader-text\">Actividades 2023<\/span> Read More &raquo;<\/a><\/p>\n<div class=\"pvc_clear\"><\/div>\n<p id=\"pvc_stats_3624\" class=\"pvc_stats all  \" data-element-id=\"3624\" style=\"\"><i class=\"pvc-stats-icon medium\" aria-hidden=\"true\"><svg aria-hidden=\"true\" focusable=\"false\" data-prefix=\"far\" data-icon=\"chart-bar\" role=\"img\" xmlns=\"http:\/\/www.w3.org\/2000\/svg\" viewBox=\"0 0 512 512\" class=\"svg-inline--fa fa-chart-bar fa-w-16 fa-2x\"><path fill=\"currentColor\" d=\"M396.8 352h22.4c6.4 0 12.8-6.4 12.8-12.8V108.8c0-6.4-6.4-12.8-12.8-12.8h-22.4c-6.4 0-12.8 6.4-12.8 12.8v230.4c0 6.4 6.4 12.8 12.8 12.8zm-192 0h22.4c6.4 0 12.8-6.4 12.8-12.8V140.8c0-6.4-6.4-12.8-12.8-12.8h-22.4c-6.4 0-12.8 6.4-12.8 12.8v198.4c0 6.4 6.4 12.8 12.8 12.8zm96 0h22.4c6.4 0 12.8-6.4 12.8-12.8V204.8c0-6.4-6.4-12.8-12.8-12.8h-22.4c-6.4 0-12.8 6.4-12.8 12.8v134.4c0 6.4 6.4 12.8 12.8 12.8zM496 400H48V80c0-8.84-7.16-16-16-16H16C7.16 64 0 71.16 0 80v336c0 17.67 14.33 32 32 32h464c8.84 0 16-7.16 16-16v-16c0-8.84-7.16-16-16-16zm-387.2-48h22.4c6.4 0 12.8-6.4 12.8-12.8v-70.4c0-6.4-6.4-12.8-12.8-12.8h-22.4c-6.4 0-12.8 6.4-12.8 12.8v70.4c0 6.4 6.4 12.8 12.8 12.8z\" class=\"\"><\/path><\/svg><\/i> <img loading=\"lazy\" decoding=\"async\" width=\"16\" height=\"16\" alt=\"Loading\" src=\"https:\/\/virtual.usac.edu.gt\/dda\/wp-content\/plugins\/page-views-count\/ajax-loader-2x.gif\" border=0 \/><\/p>\n<div class=\"pvc_clear\"><\/div>\n","protected":false},"author":2,"featured_media":0,"parent":0,"menu_order":0,"comment_status":"closed","ping_status":"closed","template":"","meta":{"site-sidebar-layout":"no-sidebar","site-content-layout":"page-builder","ast-global-header-display":"","ast-banner-title-visibility":"","ast-main-header-display":"","ast-hfb-above-header-display":"","ast-hfb-below-header-display":"","ast-hfb-mobile-header-display":"","site-post-title":"disabled","ast-breadcrumbs-content":"","ast-featured-img":"disabled","footer-sml-layout":"","theme-transparent-header-meta":"","adv-header-id-meta":"","stick-header-meta":"","header-above-stick-meta":"","header-main-stick-meta":"","header-below-stick-meta":"","footnotes":""},"class_list":["post-3624","page","type-page","status-publish","hentry"],"a3_pvc":{"activated":true,"total_views":0,"today_views":0},"_links":{"self":[{"href":"https:\/\/virtual.usac.edu.gt\/dda\/wp-json\/wp\/v2\/pages\/3624","targetHints":{"allow":["GET"]}}],"collection":[{"href":"https:\/\/virtual.usac.edu.gt\/dda\/wp-json\/wp\/v2\/pages"}],"about":[{"href":"https:\/\/virtual.usac.edu.gt\/dda\/wp-json\/wp\/v2\/types\/page"}],"author":[{"embeddable":true,"href":"https:\/\/virtual.usac.edu.gt\/dda\/wp-json\/wp\/v2\/users\/2"}],"replies":[{"embeddable":true,"href":"https:\/\/virtual.usac.edu.gt\/dda\/wp-json\/wp\/v2\/comments?post=3624"}],"version-history":[{"count":41,"href":"https:\/\/virtual.usac.edu.gt\/dda\/wp-json\/wp\/v2\/pages\/3624\/revisions"}],"predecessor-version":[{"id":3857,"href":"https:\/\/virtual.usac.edu.gt\/dda\/wp-json\/wp\/v2\/pages\/3624\/revisions\/3857"}],"wp:attachment":[{"href":"https:\/\/virtual.usac.edu.gt\/dda\/wp-json\/wp\/v2\/media?parent=3624"}],"curies":[{"name":"wp","href":"https:\/\/api.w.org\/{rel}","templated":true}]}}