{"id":3738,"date":"2024-06-12T18:11:20","date_gmt":"2024-06-12T16:11:20","guid":{"rendered":"https:\/\/virtual.usac.edu.gt\/dda\/?page_id=3738"},"modified":"2024-09-26T22:10:24","modified_gmt":"2024-09-26T20:10:24","slug":"actividad-motivacional-trabajar-juntos-para-crear-equipo","status":"publish","type":"page","link":"https:\/\/virtual.usac.edu.gt\/dda\/actividad-motivacional-trabajar-juntos-para-crear-equipo\/","title":{"rendered":"Actividad motivacional &#8220;Trabajar juntos para crear equipo&#8221;"},"content":{"rendered":"<style>\/*! elementor - v3.14.0 - 26-06-2023 *\/\n.elementor-column .elementor-spacer-inner{height:var(--spacer-size)}.e-con{--container-widget-width:100%}.e-con-inner>.elementor-widget-spacer,.e-con>.elementor-widget-spacer{width:var(--container-widget-width,var(--spacer-size));--align-self:var(--container-widget-align-self,initial);--flex-shrink:0}.e-con-inner>.elementor-widget-spacer>.elementor-widget-container,.e-con-inner>.elementor-widget-spacer>.elementor-widget-container>.elementor-spacer,.e-con>.elementor-widget-spacer>.elementor-widget-container,.e-con>.elementor-widget-spacer>.elementor-widget-container>.elementor-spacer{height:100%}.e-con-inner>.elementor-widget-spacer>.elementor-widget-container>.elementor-spacer>.elementor-spacer-inner,.e-con>.elementor-widget-spacer>.elementor-widget-container>.elementor-spacer>.elementor-spacer-inner{height:var(--container-widget-height,var(--spacer-size))}<\/style>\n<style>\/*! elementor - v3.14.0 - 26-06-2023 *\/\n.elementor-heading-title{padding:0;margin:0;line-height:1}.elementor-widget-heading .elementor-heading-title[class*=elementor-size-]>a{color:inherit;font-size:inherit;line-height:inherit}.elementor-widget-heading .elementor-heading-title.elementor-size-small{font-size:15px}.elementor-widget-heading .elementor-heading-title.elementor-size-medium{font-size:19px}.elementor-widget-heading .elementor-heading-title.elementor-size-large{font-size:29px}.elementor-widget-heading .elementor-heading-title.elementor-size-xl{font-size:39px}.elementor-widget-heading .elementor-heading-title.elementor-size-xxl{font-size:59px}<\/style>\n<h3>Actividad motivacional &#8220;Trabajar juntos para crear equipo&#8221;<\/h3>\n<style>\/*! elementor - v3.14.0 - 26-06-2023 *\/\n.elementor-widget-image-carousel .swiper,.elementor-widget-image-carousel .swiper-container{position:static}.elementor-widget-image-carousel .swiper-container .swiper-slide figure,.elementor-widget-image-carousel .swiper .swiper-slide figure{line-height:inherit}.elementor-widget-image-carousel .swiper-slide{text-align:center}.elementor-image-carousel-wrapper:not(.swiper-container-initialized):not(.swiper-initialized) .swiper-slide{max-width:calc(100% \/ var(--e-image-carousel-slides-to-show, 3))}<\/style>\n<figure><img decoding=\"async\" src=\"http:\/\/virtual.usac.edu.gt\/dda\/wp-content\/uploads\/2023\/11\/Jornada-4000-\u00d7-3000-px-2-768x896.jpg\" alt=\"Jornada (4000\u00a0\u00d7\u00a03000\u00a0px) (2)\" \/><\/figure>\n<p><strong>Actividad motivacional &#8220;Trabajar juntos para crear equipo&#8221;<\/strong><\/p>\n<p>La Divisi\u00f3n de Desarrollo Acad\u00e9mico (DDA) de la Direcci\u00f3n General de Docencia (DIGED) llev\u00f3 a cabo la actividad motivacional &#8220;Trabajar juntos para crear equipo&#8221;, con el prop\u00f3sito de fortalecer los v\u00ednculos y el trabajo conjunto del personal de la DDA. La actividad tuvo lugar en Majadas, zona 11, el jueves 23 del presente a\u00f1o.<\/p>\n<figure><img decoding=\"async\" src=\"http:\/\/virtual.usac.edu.gt\/dda\/wp-content\/uploads\/2023\/11\/WhatsApp-Image-2023-11-23-at-1.30.36-PM-1-768x576.jpeg\" alt=\"WhatsApp Image 2023-11-23 at 1.30.36 PM (1)\" \/><\/figure>\n<figure><img decoding=\"async\" src=\"http:\/\/virtual.usac.edu.gt\/dda\/wp-content\/uploads\/2023\/11\/20231123_111405-768x576.jpg\" alt=\"20231123_111405\" \/><\/figure>\n<figure><img decoding=\"async\" src=\"http:\/\/virtual.usac.edu.gt\/dda\/wp-content\/uploads\/2023\/11\/WhatsApp-Image-2023-11-23-at-1.32.49-PM-1-768x576.jpeg\" alt=\"WhatsApp Image 2023-11-23 at 1.32.49 PM\" \/><\/figure>\n<figure><img decoding=\"async\" src=\"http:\/\/virtual.usac.edu.gt\/dda\/wp-content\/uploads\/2023\/11\/Jornada-4000-\u00d7-3000-px-5-768x576.jpg\" alt=\"Jornada (4000\u00a0\u00d7\u00a03000\u00a0px) (5)\" \/><\/figure>\n<figure><img decoding=\"async\" src=\"http:\/\/virtual.usac.edu.gt\/dda\/wp-content\/uploads\/2023\/11\/20231123_083320-1-768x576.jpg\" alt=\"20231123_083320\" \/><\/figure>\n<figure><img decoding=\"async\" src=\"http:\/\/virtual.usac.edu.gt\/dda\/wp-content\/uploads\/2023\/11\/IMG_20231123_093008-768x576.jpg\" alt=\"IMG_20231123_093008\" \/><\/figure>\n<style>\n        .footer {\n            height: 100%;\n            width: 100%;\n            display: flex;\n            justify-content: space-around;\n            color: #fff;\n        }\n        .footer h1 {\n            margin-bottom: 10px;\n            font-size: 15px;\n            color: #fff\n        }\n           .footer h2 {\n             line-height: 0;\n            font-size: 12px;\n            color: #fff\n        }\n        .footer div {\n            width: 100%;\n            margin: 0 10px;\n            text-align: center;\n        }\n        .footer p {\n            font-size: 10px;\n            line-height: 0;\n        }\n        .footer a {\n            color: #fff;\n        }\n        @media screen and (max-width: 750px) {\n            .footer {\n                flex-direction: column;\n            }\n            .footer h1 {\n             font-size: 16px;\n            }\n            .footer p {\n                font-size: 10px;\n                line-height: 0;\n            }\n             .footer h2 {\n                font-size: 11px;\n                line-height: 0;\n            }\n        }\n    <\/style>\n<section>\n<h1>CONTACTO<\/h1>\n<\/p>\n<h2><\/h2>\n<p><h2>Edificio antiguo CALUSAC <\/h2>\n<\/p>\n<p><h2>2o. Nivel Departamento de Educaci\u00f3n <\/h2>\n<\/p>\n<h2>Ciudad Universitaria, zona 12<\/h2>\n<p><h2>Ciudad de Guatemala<\/h2>\n<\/p>\n<h2>\n            <a href=\"mailto:secretaria.jefaturadda@usac.edu.gt\">secretaria.jefaturadda@usac.edu.gt <\/a><br \/>\n            <\/h2>\n<h2>   <\/h2>\n<h1>AVISOS LEGALES<\/h1>\n<p> <a href=\"https:\/\/drive.google.com\/file\/d\/1DofTvMu7LQCTXop-v1ips7m8NPqwOfk-\/view?usp=sharing\" target=\"_blank\" rel=\"noopener\">Terminos de Uso<\/a><\/p>\n<p> <a href=\"https:\/\/drive.google.com\/file\/d\/1zJUVhfjDJMl0jXy3ap1qa4ZG5839VWHg\/view?usp=sharing\" target=\"_blank\" rel=\"noopener\">Pol\u00edtica de privacidad y cookies<\/a><\/p>\n<p>\n            <a rel=\"license noopener\" href=\"http:\/\/creativecommons.org\/licenses\/by-nc-nd\/4.0\/\" target=\"_blank\"><img decoding=\"async\" style=\"border-width: 0; max-width: 180px; height: auto;\" src=\"https:\/\/virtual.usac.edu.gt\/diged\/wp-content\/uploads\/2023\/05\/LICENCIA-CREATIVE-COMMONS-23-03.png\" \/><\/a><\/p>\n<\/section>\n<div class=\"pvc_clear\"><\/div>\n<p id=\"pvc_stats_3738\" class=\"pvc_stats all  \" data-element-id=\"3738\" style=\"\"><i class=\"pvc-stats-icon medium\" aria-hidden=\"true\"><svg aria-hidden=\"true\" focusable=\"false\" data-prefix=\"far\" data-icon=\"chart-bar\" role=\"img\" xmlns=\"http:\/\/www.w3.org\/2000\/svg\" viewBox=\"0 0 512 512\" class=\"svg-inline--fa fa-chart-bar fa-w-16 fa-2x\"><path fill=\"currentColor\" d=\"M396.8 352h22.4c6.4 0 12.8-6.4 12.8-12.8V108.8c0-6.4-6.4-12.8-12.8-12.8h-22.4c-6.4 0-12.8 6.4-12.8 12.8v230.4c0 6.4 6.4 12.8 12.8 12.8zm-192 0h22.4c6.4 0 12.8-6.4 12.8-12.8V140.8c0-6.4-6.4-12.8-12.8-12.8h-22.4c-6.4 0-12.8 6.4-12.8 12.8v198.4c0 6.4 6.4 12.8 12.8 12.8zm96 0h22.4c6.4 0 12.8-6.4 12.8-12.8V204.8c0-6.4-6.4-12.8-12.8-12.8h-22.4c-6.4 0-12.8 6.4-12.8 12.8v134.4c0 6.4 6.4 12.8 12.8 12.8zM496 400H48V80c0-8.84-7.16-16-16-16H16C7.16 64 0 71.16 0 80v336c0 17.67 14.33 32 32 32h464c8.84 0 16-7.16 16-16v-16c0-8.84-7.16-16-16-16zm-387.2-48h22.4c6.4 0 12.8-6.4 12.8-12.8v-70.4c0-6.4-6.4-12.8-12.8-12.8h-22.4c-6.4 0-12.8 6.4-12.8 12.8v70.4c0 6.4 6.4 12.8 12.8 12.8z\" class=\"\"><\/path><\/svg><\/i> <img loading=\"lazy\" decoding=\"async\" width=\"16\" height=\"16\" alt=\"Loading\" src=\"https:\/\/virtual.usac.edu.gt\/dda\/wp-content\/plugins\/page-views-count\/ajax-loader-2x.gif\" border=0 \/><\/p>\n<div class=\"pvc_clear\"><\/div>\n","protected":false},"excerpt":{"rendered":"<p>Actividad motivacional &#8220;Trabajar juntos para crear equipo&#8221; Actividad motivacional &#8220;Trabajar juntos para crear equipo&#8221; La Divisi\u00f3n de Desarrollo Acad\u00e9mico (DDA) de la Direcci\u00f3n General de Docencia (DIGED) llev\u00f3 a cabo la actividad motivacional &#8220;Trabajar juntos para crear equipo&#8221;, con el prop\u00f3sito de fortalecer los v\u00ednculos y el trabajo conjunto del personal de la DDA. La &hellip;<\/p>\n<p class=\"read-more\"> <a class=\"\" href=\"https:\/\/virtual.usac.edu.gt\/dda\/actividad-motivacional-trabajar-juntos-para-crear-equipo\/\"> <span class=\"screen-reader-text\">Actividad motivacional &#8220;Trabajar juntos para crear equipo&#8221;<\/span> Read More &raquo;<\/a><\/p>\n<div class=\"pvc_clear\"><\/div>\n<p id=\"pvc_stats_3738\" class=\"pvc_stats all  \" data-element-id=\"3738\" style=\"\"><i class=\"pvc-stats-icon medium\" aria-hidden=\"true\"><svg aria-hidden=\"true\" focusable=\"false\" data-prefix=\"far\" data-icon=\"chart-bar\" role=\"img\" xmlns=\"http:\/\/www.w3.org\/2000\/svg\" viewBox=\"0 0 512 512\" class=\"svg-inline--fa fa-chart-bar fa-w-16 fa-2x\"><path fill=\"currentColor\" d=\"M396.8 352h22.4c6.4 0 12.8-6.4 12.8-12.8V108.8c0-6.4-6.4-12.8-12.8-12.8h-22.4c-6.4 0-12.8 6.4-12.8 12.8v230.4c0 6.4 6.4 12.8 12.8 12.8zm-192 0h22.4c6.4 0 12.8-6.4 12.8-12.8V140.8c0-6.4-6.4-12.8-12.8-12.8h-22.4c-6.4 0-12.8 6.4-12.8 12.8v198.4c0 6.4 6.4 12.8 12.8 12.8zm96 0h22.4c6.4 0 12.8-6.4 12.8-12.8V204.8c0-6.4-6.4-12.8-12.8-12.8h-22.4c-6.4 0-12.8 6.4-12.8 12.8v134.4c0 6.4 6.4 12.8 12.8 12.8zM496 400H48V80c0-8.84-7.16-16-16-16H16C7.16 64 0 71.16 0 80v336c0 17.67 14.33 32 32 32h464c8.84 0 16-7.16 16-16v-16c0-8.84-7.16-16-16-16zm-387.2-48h22.4c6.4 0 12.8-6.4 12.8-12.8v-70.4c0-6.4-6.4-12.8-12.8-12.8h-22.4c-6.4 0-12.8 6.4-12.8 12.8v70.4c0 6.4 6.4 12.8 12.8 12.8z\" class=\"\"><\/path><\/svg><\/i> <img loading=\"lazy\" decoding=\"async\" width=\"16\" height=\"16\" alt=\"Loading\" src=\"https:\/\/virtual.usac.edu.gt\/dda\/wp-content\/plugins\/page-views-count\/ajax-loader-2x.gif\" border=0 \/><\/p>\n<div class=\"pvc_clear\"><\/div>\n","protected":false},"author":2,"featured_media":0,"parent":0,"menu_order":0,"comment_status":"closed","ping_status":"closed","template":"","meta":{"site-sidebar-layout":"no-sidebar","site-content-layout":"page-builder","ast-global-header-display":"","ast-banner-title-visibility":"","ast-main-header-display":"","ast-hfb-above-header-display":"","ast-hfb-below-header-display":"","ast-hfb-mobile-header-display":"","site-post-title":"disabled","ast-breadcrumbs-content":"","ast-featured-img":"disabled","footer-sml-layout":"","theme-transparent-header-meta":"","adv-header-id-meta":"","stick-header-meta":"","header-above-stick-meta":"","header-main-stick-meta":"","header-below-stick-meta":"","footnotes":""},"class_list":["post-3738","page","type-page","status-publish","hentry"],"_links":{"self":[{"href":"https:\/\/virtual.usac.edu.gt\/dda\/wp-json\/wp\/v2\/pages\/3738","targetHints":{"allow":["GET"]}}],"collection":[{"href":"https:\/\/virtual.usac.edu.gt\/dda\/wp-json\/wp\/v2\/pages"}],"about":[{"href":"https:\/\/virtual.usac.edu.gt\/dda\/wp-json\/wp\/v2\/types\/page"}],"author":[{"embeddable":true,"href":"https:\/\/virtual.usac.edu.gt\/dda\/wp-json\/wp\/v2\/users\/2"}],"replies":[{"embeddable":true,"href":"https:\/\/virtual.usac.edu.gt\/dda\/wp-json\/wp\/v2\/comments?post=3738"}],"version-history":[{"count":7,"href":"https:\/\/virtual.usac.edu.gt\/dda\/wp-json\/wp\/v2\/pages\/3738\/revisions"}],"predecessor-version":[{"id":3746,"href":"https:\/\/virtual.usac.edu.gt\/dda\/wp-json\/wp\/v2\/pages\/3738\/revisions\/3746"}],"wp:attachment":[{"href":"https:\/\/virtual.usac.edu.gt\/dda\/wp-json\/wp\/v2\/media?parent=3738"}],"curies":[{"name":"wp","href":"https:\/\/api.w.org\/{rel}","templated":true}]}}