{"id":5254,"date":"2025-02-20T15:22:36","date_gmt":"2025-02-20T21:22:36","guid":{"rendered":"https:\/\/virtual.usac.edu.gt\/dda\/?page_id=5254"},"modified":"2025-10-16T11:49:58","modified_gmt":"2025-10-16T17:49:58","slug":"conferencia-manejo-de-estres-trabajo-vida","status":"publish","type":"page","link":"https:\/\/virtual.usac.edu.gt\/dda\/actividades-2025\/conferencia-manejo-de-estres-trabajo-vida\/","title":{"rendered":"Conferencia Manejo de Estr\u00e9s Trabajo-Vida"},"content":{"rendered":"\t\t<div data-elementor-type=\"wp-page\" data-elementor-id=\"5254\" class=\"elementor elementor-5254\">\n\t\t\t\t\t\t\t\t\t<section class=\"elementor-section elementor-top-section elementor-element elementor-element-8615d07 elementor-section-boxed elementor-section-height-default elementor-section-height-default exad-glass-effect-no exad-sticky-section-no\" data-id=\"8615d07\" data-element_type=\"section\">\n\t\t\t\t\t\t<div class=\"elementor-container elementor-column-gap-default\">\n\t\t\t\t\t<div class=\"elementor-column elementor-col-100 elementor-top-column elementor-element elementor-element-febc7e2 exad-glass-effect-no exad-sticky-section-no\" data-id=\"febc7e2\" data-element_type=\"column\" data-settings=\"{&quot;background_background&quot;:&quot;classic&quot;}\">\n\t\t\t<div class=\"elementor-widget-wrap elementor-element-populated\">\n\t\t\t\t\t\t\t\t<div class=\"elementor-element elementor-element-bda49e9 exad-sticky-section-no exad-glass-effect-no elementor-widget elementor-widget-heading\" data-id=\"bda49e9\" data-element_type=\"widget\" data-widget_type=\"heading.default\">\n\t\t\t\t<div class=\"elementor-widget-container\">\n\t\t\t<style>\/*! elementor - v3.14.0 - 26-06-2023 *\/\n.elementor-heading-title{padding:0;margin:0;line-height:1}.elementor-widget-heading .elementor-heading-title[class*=elementor-size-]>a{color:inherit;font-size:inherit;line-height:inherit}.elementor-widget-heading .elementor-heading-title.elementor-size-small{font-size:15px}.elementor-widget-heading .elementor-heading-title.elementor-size-medium{font-size:19px}.elementor-widget-heading .elementor-heading-title.elementor-size-large{font-size:29px}.elementor-widget-heading .elementor-heading-title.elementor-size-xl{font-size:39px}.elementor-widget-heading .elementor-heading-title.elementor-size-xxl{font-size:59px}<\/style><h2 class=\"elementor-heading-title elementor-size-default\">Manejo del estr\u00e9s: trabajo-vida<\/h2>\t\t<\/div>\n\t\t\t\t<\/div>\n\t\t\t\t\t<\/div>\n\t\t<\/div>\n\t\t\t\t\t\t\t<\/div>\n\t\t<\/section>\n\t\t\t\t<section class=\"elementor-section elementor-top-section elementor-element elementor-element-d963abd elementor-section-boxed elementor-section-height-default elementor-section-height-default exad-glass-effect-no exad-sticky-section-no\" data-id=\"d963abd\" data-element_type=\"section\">\n\t\t\t\t\t\t<div class=\"elementor-container elementor-column-gap-default\">\n\t\t\t\t\t<div class=\"elementor-column elementor-col-100 elementor-top-column elementor-element elementor-element-db2bf61 exad-glass-effect-no exad-sticky-section-no\" data-id=\"db2bf61\" data-element_type=\"column\">\n\t\t\t<div class=\"elementor-widget-wrap elementor-element-populated\">\n\t\t\t\t\t\t\t\t<div class=\"elementor-element elementor-element-6c38afb elementor-widget-divider--view-line exad-sticky-section-no exad-glass-effect-no elementor-widget elementor-widget-divider\" data-id=\"6c38afb\" data-element_type=\"widget\" data-widget_type=\"divider.default\">\n\t\t\t\t<div class=\"elementor-widget-container\">\n\t\t\t<style>\/*! elementor - v3.14.0 - 26-06-2023 *\/\n.elementor-widget-divider{--divider-border-style:none;--divider-border-width:1px;--divider-color:#0c0d0e;--divider-icon-size:20px;--divider-element-spacing:10px;--divider-pattern-height:24px;--divider-pattern-size:20px;--divider-pattern-url:none;--divider-pattern-repeat:repeat-x}.elementor-widget-divider .elementor-divider{display:flex}.elementor-widget-divider .elementor-divider__text{font-size:15px;line-height:1;max-width:95%}.elementor-widget-divider .elementor-divider__element{margin:0 var(--divider-element-spacing);flex-shrink:0}.elementor-widget-divider .elementor-icon{font-size:var(--divider-icon-size)}.elementor-widget-divider .elementor-divider-separator{display:flex;margin:0;direction:ltr}.elementor-widget-divider--view-line_icon .elementor-divider-separator,.elementor-widget-divider--view-line_text .elementor-divider-separator{align-items:center}.elementor-widget-divider--view-line_icon .elementor-divider-separator:after,.elementor-widget-divider--view-line_icon .elementor-divider-separator:before,.elementor-widget-divider--view-line_text .elementor-divider-separator:after,.elementor-widget-divider--view-line_text .elementor-divider-separator:before{display:block;content:\"\";border-bottom:0;flex-grow:1;border-top:var(--divider-border-width) var(--divider-border-style) var(--divider-color)}.elementor-widget-divider--element-align-left .elementor-divider .elementor-divider-separator>.elementor-divider__svg:first-of-type{flex-grow:0;flex-shrink:100}.elementor-widget-divider--element-align-left .elementor-divider-separator:before{content:none}.elementor-widget-divider--element-align-left .elementor-divider__element{margin-left:0}.elementor-widget-divider--element-align-right .elementor-divider .elementor-divider-separator>.elementor-divider__svg:last-of-type{flex-grow:0;flex-shrink:100}.elementor-widget-divider--element-align-right .elementor-divider-separator:after{content:none}.elementor-widget-divider--element-align-right .elementor-divider__element{margin-right:0}.elementor-widget-divider:not(.elementor-widget-divider--view-line_text):not(.elementor-widget-divider--view-line_icon) .elementor-divider-separator{border-top:var(--divider-border-width) var(--divider-border-style) var(--divider-color)}.elementor-widget-divider--separator-type-pattern{--divider-border-style:none}.elementor-widget-divider--separator-type-pattern.elementor-widget-divider--view-line .elementor-divider-separator,.elementor-widget-divider--separator-type-pattern:not(.elementor-widget-divider--view-line) .elementor-divider-separator:after,.elementor-widget-divider--separator-type-pattern:not(.elementor-widget-divider--view-line) .elementor-divider-separator:before,.elementor-widget-divider--separator-type-pattern:not([class*=elementor-widget-divider--view]) .elementor-divider-separator{width:100%;min-height:var(--divider-pattern-height);-webkit-mask-size:var(--divider-pattern-size) 100%;mask-size:var(--divider-pattern-size) 100%;-webkit-mask-repeat:var(--divider-pattern-repeat);mask-repeat:var(--divider-pattern-repeat);background-color:var(--divider-color);-webkit-mask-image:var(--divider-pattern-url);mask-image:var(--divider-pattern-url)}.elementor-widget-divider--no-spacing{--divider-pattern-size:auto}.elementor-widget-divider--bg-round{--divider-pattern-repeat:round}.rtl .elementor-widget-divider .elementor-divider__text{direction:rtl}.e-con-inner>.elementor-widget-divider,.e-con>.elementor-widget-divider{width:var(--container-widget-width,100%);--flex-grow:var(--container-widget-flex-grow)}<\/style>\t\t<div class=\"elementor-divider\">\n\t\t\t<span class=\"elementor-divider-separator\">\n\t\t\t\t\t\t<\/span>\n\t\t<\/div>\n\t\t\t\t<\/div>\n\t\t\t\t<\/div>\n\t\t\t\t\t<\/div>\n\t\t<\/div>\n\t\t\t\t\t\t\t<\/div>\n\t\t<\/section>\n\t\t\t\t<section class=\"elementor-section elementor-top-section elementor-element elementor-element-ed5a995 elementor-section-boxed elementor-section-height-default elementor-section-height-default exad-glass-effect-no exad-sticky-section-no\" data-id=\"ed5a995\" data-element_type=\"section\">\n\t\t\t\t\t\t<div class=\"elementor-container elementor-column-gap-default\">\n\t\t\t\t\t<div class=\"elementor-column elementor-col-100 elementor-top-column elementor-element elementor-element-75f671e exad-glass-effect-no exad-sticky-section-no\" data-id=\"75f671e\" data-element_type=\"column\">\n\t\t\t<div class=\"elementor-widget-wrap elementor-element-populated\">\n\t\t\t\t\t\t\t\t<div class=\"elementor-element elementor-element-13a4250 exad-sticky-section-no exad-glass-effect-no elementor-widget elementor-widget-text-editor\" data-id=\"13a4250\" data-element_type=\"widget\" data-widget_type=\"text-editor.default\">\n\t\t\t\t<div class=\"elementor-widget-container\">\n\t\t\t<style>\/*! elementor - v3.14.0 - 26-06-2023 *\/\n.elementor-widget-text-editor.elementor-drop-cap-view-stacked .elementor-drop-cap{background-color:#69727d;color:#fff}.elementor-widget-text-editor.elementor-drop-cap-view-framed .elementor-drop-cap{color:#69727d;border:3px solid;background-color:transparent}.elementor-widget-text-editor:not(.elementor-drop-cap-view-default) .elementor-drop-cap{margin-top:8px}.elementor-widget-text-editor:not(.elementor-drop-cap-view-default) .elementor-drop-cap-letter{width:1em;height:1em}.elementor-widget-text-editor .elementor-drop-cap{float:left;text-align:center;line-height:1;font-size:50px}.elementor-widget-text-editor .elementor-drop-cap-letter{display:inline-block}<\/style>\t\t\t\t<p style=\"text-align: right;\">Guatemala, 20 de marzo de 2025<\/p>\t\t\t\t\t\t<\/div>\n\t\t\t\t<\/div>\n\t\t\t\t\t<\/div>\n\t\t<\/div>\n\t\t\t\t\t\t\t<\/div>\n\t\t<\/section>\n\t\t\t\t<section class=\"elementor-section elementor-top-section elementor-element elementor-element-61aee5a elementor-section-boxed elementor-section-height-default elementor-section-height-default exad-glass-effect-no exad-sticky-section-no\" data-id=\"61aee5a\" data-element_type=\"section\">\n\t\t\t\t\t\t<div class=\"elementor-container elementor-column-gap-default\">\n\t\t\t\t\t<div class=\"elementor-column elementor-col-50 elementor-top-column elementor-element elementor-element-aedc09b exad-glass-effect-no exad-sticky-section-no\" data-id=\"aedc09b\" data-element_type=\"column\">\n\t\t\t<div class=\"elementor-widget-wrap elementor-element-populated\">\n\t\t\t\t\t\t\t\t<div class=\"elementor-element elementor-element-d34543d exad-sticky-section-no exad-glass-effect-no elementor-widget elementor-widget-text-editor\" data-id=\"d34543d\" data-element_type=\"widget\" data-widget_type=\"text-editor.default\">\n\t\t\t\t<div class=\"elementor-widget-container\">\n\t\t\t\t\t\t\t<p>La Divisi\u00f3n de Desarrollo Acad\u00e9mico (DDA) realiz\u00f3 una jornada clave enfocada en la salud mental de sus colaboradores con la conferencia <b>\u201cManejo del estr\u00e9s: trabajo \u2013 vida\u201d<\/b>. El evento se llev\u00f3 a cabo en el Aula Carlos Gonz\u00e1lez Orellana.<\/p><p>La sesi\u00f3n, a cargo de la Licenciada <b>Ana Mar\u00eda Taracena Gil<\/b>, profesional de la Unidad de Salud, estuvo orientada a una meta fundamental: promover un equilibrio sano entre las exigencias de la vida laboral y la personal.<\/p><p>La conferencia busc\u00f3 dotar al personal de herramientas pr\u00e1cticas para gestionar el estr\u00e9s, fortalecer la salud mental y fomentar el autocuidado como una pr\u00e1ctica diaria. Un objetivo central de la actividad fue ayudar a los colaboradores a identificar claramente los factores de estr\u00e9s en su entorno y a establecer los l\u00edmites necesarios para proteger su bienestar y, consecuentemente, su productividad.<\/p>\t\t\t\t\t\t<\/div>\n\t\t\t\t<\/div>\n\t\t\t\t\t<\/div>\n\t\t<\/div>\n\t\t\t\t<div class=\"elementor-column elementor-col-50 elementor-top-column elementor-element elementor-element-e8c27fd exad-glass-effect-no exad-sticky-section-no\" data-id=\"e8c27fd\" data-element_type=\"column\">\n\t\t\t<div class=\"elementor-widget-wrap elementor-element-populated\">\n\t\t\t\t\t\t\t\t<div class=\"elementor-element elementor-element-94a8951 elementor-widget__width-inherit elementor-absolute elementor-arrows-position-inside elementor-pagination-position-outside exad-sticky-section-no exad-glass-effect-no elementor-widget elementor-widget-image-carousel\" data-id=\"94a8951\" data-element_type=\"widget\" data-settings=\"{&quot;slides_to_show&quot;:&quot;1&quot;,&quot;_position&quot;:&quot;absolute&quot;,&quot;navigation&quot;:&quot;both&quot;,&quot;autoplay&quot;:&quot;yes&quot;,&quot;pause_on_hover&quot;:&quot;yes&quot;,&quot;pause_on_interaction&quot;:&quot;yes&quot;,&quot;autoplay_speed&quot;:5000,&quot;infinite&quot;:&quot;yes&quot;,&quot;effect&quot;:&quot;slide&quot;,&quot;speed&quot;:500}\" data-widget_type=\"image-carousel.default\">\n\t\t\t\t<div class=\"elementor-widget-container\">\n\t\t\t<style>\/*! elementor - v3.14.0 - 26-06-2023 *\/\n.elementor-widget-image-carousel .swiper,.elementor-widget-image-carousel .swiper-container{position:static}.elementor-widget-image-carousel .swiper-container .swiper-slide figure,.elementor-widget-image-carousel .swiper .swiper-slide figure{line-height:inherit}.elementor-widget-image-carousel .swiper-slide{text-align:center}.elementor-image-carousel-wrapper:not(.swiper-container-initialized):not(.swiper-initialized) .swiper-slide{max-width:calc(100% \/ var(--e-image-carousel-slides-to-show, 3))}<\/style>\t\t<div class=\"elementor-image-carousel-wrapper swiper\" dir=\"ltr\">\n\t\t\t<div class=\"elementor-image-carousel swiper-wrapper\" aria-live=\"off\">\n\t\t\t\t\t\t\t\t<div class=\"swiper-slide\" role=\"group\" aria-roledescription=\"slide\" aria-label=\"1 of 3\"><figure class=\"swiper-slide-inner\"><img decoding=\"async\" class=\"swiper-slide-image\" src=\"https:\/\/virtual.usac.edu.gt\/dda\/wp-content\/uploads\/2025\/10\/IMG_6806-1536x1024.jpg\" alt=\"IMG_6806\" \/><\/figure><\/div><div class=\"swiper-slide\" role=\"group\" aria-roledescription=\"slide\" aria-label=\"2 of 3\"><figure class=\"swiper-slide-inner\"><img decoding=\"async\" class=\"swiper-slide-image\" src=\"https:\/\/virtual.usac.edu.gt\/dda\/wp-content\/uploads\/2025\/10\/IMG_6785-1536x1024.jpg\" alt=\"IMG_6785\" \/><\/figure><\/div><div class=\"swiper-slide\" role=\"group\" aria-roledescription=\"slide\" aria-label=\"3 of 3\"><figure class=\"swiper-slide-inner\"><img decoding=\"async\" class=\"swiper-slide-image\" src=\"https:\/\/virtual.usac.edu.gt\/dda\/wp-content\/uploads\/2025\/10\/IMG_6791-1536x1024.jpg\" alt=\"IMG_6791\" \/><\/figure><\/div>\t\t\t<\/div>\n\t\t\t\t\t\t\t\t\t\t\t\t<div class=\"elementor-swiper-button elementor-swiper-button-prev\" role=\"button\" tabindex=\"0\">\n\t\t\t\t\t\t<i aria-hidden=\"true\" class=\"eicon-chevron-left\"><\/i>\t\t\t\t\t<\/div>\n\t\t\t\t\t<div class=\"elementor-swiper-button elementor-swiper-button-next\" role=\"button\" tabindex=\"0\">\n\t\t\t\t\t\t<i aria-hidden=\"true\" class=\"eicon-chevron-right\"><\/i>\t\t\t\t\t<\/div>\n\t\t\t\t\n\t\t\t\t\t\t\t\t\t<div class=\"swiper-pagination\"><\/div>\n\t\t\t\t\t\t\t\t\t<\/div>\n\t\t\t\t<\/div>\n\t\t\t\t<\/div>\n\t\t\t\t\t<\/div>\n\t\t<\/div>\n\t\t\t\t\t\t\t<\/div>\n\t\t<\/section>\n\t\t\t\t<section class=\"elementor-section elementor-top-section elementor-element elementor-element-ea92775 elementor-section-boxed elementor-section-height-default elementor-section-height-default exad-glass-effect-no exad-sticky-section-no\" data-id=\"ea92775\" data-element_type=\"section\">\n\t\t\t\t\t\t<div class=\"elementor-container elementor-column-gap-default\">\n\t\t\t\t\t<div class=\"elementor-column elementor-col-50 elementor-top-column elementor-element elementor-element-44e348f exad-glass-effect-no exad-sticky-section-no\" data-id=\"44e348f\" data-element_type=\"column\">\n\t\t\t<div class=\"elementor-widget-wrap elementor-element-populated\">\n\t\t\t\t\t\t\t\t<div class=\"elementor-element elementor-element-d03df2b elementor-absolute elementor-arrows-position-inside elementor-pagination-position-outside exad-sticky-section-no exad-glass-effect-no elementor-widget elementor-widget-image-carousel\" data-id=\"d03df2b\" data-element_type=\"widget\" data-settings=\"{&quot;slides_to_show&quot;:&quot;1&quot;,&quot;_position&quot;:&quot;absolute&quot;,&quot;navigation&quot;:&quot;both&quot;,&quot;autoplay&quot;:&quot;yes&quot;,&quot;pause_on_hover&quot;:&quot;yes&quot;,&quot;pause_on_interaction&quot;:&quot;yes&quot;,&quot;autoplay_speed&quot;:5000,&quot;infinite&quot;:&quot;yes&quot;,&quot;effect&quot;:&quot;slide&quot;,&quot;speed&quot;:500}\" data-widget_type=\"image-carousel.default\">\n\t\t\t\t<div class=\"elementor-widget-container\">\n\t\t\t\t\t<div class=\"elementor-image-carousel-wrapper swiper\" dir=\"ltr\">\n\t\t\t<div class=\"elementor-image-carousel swiper-wrapper\" aria-live=\"off\">\n\t\t\t\t\t\t\t\t<div class=\"swiper-slide\" role=\"group\" aria-roledescription=\"slide\" aria-label=\"1 of 3\"><figure class=\"swiper-slide-inner\"><img decoding=\"async\" class=\"swiper-slide-image\" src=\"https:\/\/virtual.usac.edu.gt\/dda\/wp-content\/uploads\/2025\/10\/IMG_6771-1536x1024.jpg\" alt=\"IMG_6771\" \/><\/figure><\/div><div class=\"swiper-slide\" role=\"group\" aria-roledescription=\"slide\" aria-label=\"2 of 3\"><figure class=\"swiper-slide-inner\"><img decoding=\"async\" class=\"swiper-slide-image\" src=\"https:\/\/virtual.usac.edu.gt\/dda\/wp-content\/uploads\/2025\/10\/IMG_6780-1536x1024.jpg\" alt=\"IMG_6780\" \/><\/figure><\/div><div class=\"swiper-slide\" role=\"group\" aria-roledescription=\"slide\" aria-label=\"3 of 3\"><figure class=\"swiper-slide-inner\"><img decoding=\"async\" class=\"swiper-slide-image\" src=\"https:\/\/virtual.usac.edu.gt\/dda\/wp-content\/uploads\/2025\/10\/IMG_6781-1536x1024.jpg\" alt=\"IMG_6781\" \/><\/figure><\/div>\t\t\t<\/div>\n\t\t\t\t\t\t\t\t\t\t\t\t<div class=\"elementor-swiper-button elementor-swiper-button-prev\" role=\"button\" tabindex=\"0\">\n\t\t\t\t\t\t<i aria-hidden=\"true\" class=\"eicon-chevron-left\"><\/i>\t\t\t\t\t<\/div>\n\t\t\t\t\t<div class=\"elementor-swiper-button elementor-swiper-button-next\" role=\"button\" tabindex=\"0\">\n\t\t\t\t\t\t<i aria-hidden=\"true\" class=\"eicon-chevron-right\"><\/i>\t\t\t\t\t<\/div>\n\t\t\t\t\n\t\t\t\t\t\t\t\t\t<div class=\"swiper-pagination\"><\/div>\n\t\t\t\t\t\t\t\t\t<\/div>\n\t\t\t\t<\/div>\n\t\t\t\t<\/div>\n\t\t\t\t\t<\/div>\n\t\t<\/div>\n\t\t\t\t<div class=\"elementor-column elementor-col-50 elementor-top-column elementor-element elementor-element-fe3287f exad-glass-effect-no exad-sticky-section-no\" data-id=\"fe3287f\" data-element_type=\"column\">\n\t\t\t<div class=\"elementor-widget-wrap elementor-element-populated\">\n\t\t\t\t\t\t\t\t<div class=\"elementor-element elementor-element-3cd4e1c exad-sticky-section-no exad-glass-effect-no elementor-widget elementor-widget-text-editor\" data-id=\"3cd4e1c\" data-element_type=\"widget\" data-widget_type=\"text-editor.default\">\n\t\t\t\t<div class=\"elementor-widget-container\">\n\t\t\t\t\t\t\t<p>Durante la sesi\u00f3n, la Lcda. Taracena Gil profundiz\u00f3 en varios aspectos cruciales:<\/p><ul><li><p><b>Identificaci\u00f3n:<\/b> Definici\u00f3n clara del estr\u00e9s y los &#8220;estresores&#8221; que afectan la vida diaria.<\/p><\/li><li><p><b>Impacto y Consecuencias:<\/b> Se analiz\u00f3 el efecto del estr\u00e9s en la salud, el desempe\u00f1o laboral y las relaciones personales.<\/p><\/li><li><p><b>Autoevaluaci\u00f3n:<\/b> Se realiz\u00f3 un ejercicio de autoevaluaci\u00f3n para que cada asistente pudiera reconocer sus propios niveles y s\u00edntomas de estr\u00e9s.<\/p><\/li><\/ul><p>La Unidad de Salud enfatiz\u00f3 que el primer paso para un manejo eficaz es la <b>identificaci\u00f3n de las causas del estr\u00e9s<\/b>. Al hacerlo, el personal puede aplicar estrategias de autocuidado de manera proactiva, previniendo el impacto negativo en la salud y en el desempe\u00f1o general.<\/p><p>Con esta iniciativa, la DDA reafirma su compromiso con el bienestar integral de su equipo, reconociendo que un personal equilibrado y con l\u00edmites sanos es esencial para la eficiencia institucional.<\/p>\t\t\t\t\t\t<\/div>\n\t\t\t\t<\/div>\n\t\t\t\t\t<\/div>\n\t\t<\/div>\n\t\t\t\t\t\t\t<\/div>\n\t\t<\/section>\n\t\t\t\t<section class=\"elementor-section elementor-top-section elementor-element elementor-element-4d0eeb8 elementor-section-boxed elementor-section-height-default elementor-section-height-default exad-glass-effect-no exad-sticky-section-no\" data-id=\"4d0eeb8\" data-element_type=\"section\">\n\t\t\t\t\t\t<div class=\"elementor-container elementor-column-gap-default\">\n\t\t\t\t\t<div class=\"elementor-column elementor-col-100 elementor-top-column elementor-element elementor-element-dfbb1fa exad-glass-effect-no exad-sticky-section-no\" data-id=\"dfbb1fa\" data-element_type=\"column\" data-settings=\"{&quot;background_background&quot;:&quot;gradient&quot;}\">\n\t\t\t<div class=\"elementor-widget-wrap elementor-element-populated\">\n\t\t\t\t\t\t\t\t<div class=\"elementor-element elementor-element-3099334 exad-sticky-section-no exad-glass-effect-no elementor-widget elementor-widget-html\" data-id=\"3099334\" data-element_type=\"widget\" data-widget_type=\"html.default\">\n\t\t\t\t<div class=\"elementor-widget-container\">\n\t\t\t\r\n <style>\r\n\r\n        .footer {\r\n            height: 100%;\r\n            width: 100%;\r\n            display: flex;\r\n            justify-content: space-around;\r\n            \r\n            color: #fff;\r\n        }\r\n\r\n        .footer h1 {\r\n            margin-bottom: 10px;\r\n            font-size: 15px;\r\n            color: #fff\r\n        }\r\n           .footer h2 {\r\n             line-height: 0;\r\n            font-size: 12px;\r\n            color: #fff\r\n        }\r\n\r\n        .footer div {\r\n            width: 100%;\r\n            margin: 0 10px;\r\n            text-align: center;\r\n        }\r\n\r\n        .footer p {\r\n            font-size: 10px;\r\n            line-height: 0;\r\n        }\r\n\r\n        .footer a {\r\n            color: #fff;\r\n        }\r\n\r\n        @media screen and (max-width: 750px) {\r\n            .footer {\r\n                flex-direction: column;\r\n            }\r\n            \r\n            .footer h1 {\r\n             font-size: 16px;\r\n            }\r\n            \r\n            .footer p {\r\n                font-size: 10px;\r\n                line-height: 0;\r\n            }\r\n             .footer h2 {\r\n                font-size: 11px;\r\n                line-height: 0;\r\n            }\r\n        }\r\n\r\n    <\/style>\r\n    <section class=\"footer\">\r\n        <div>\r\n            <h1>CONTACTO<\/h1>\r\n            <p> <\/p>\r\n             <h2><\/h2>\r\n            <p><h2>Edificio antiguo CALUSAC <\/h2> <\/p>\r\n              <p><h2>2o. Nivel Departamento de Educaci\u00f3n <\/h2> <\/p>\r\n             <h2>Ciudad Universitaria, zona 12<\/h2>\r\n             <p><h2>Ciudad de Guatemala<\/h2> <\/p>\r\n            \r\n            <h2>\r\n            <a href=\"mailto:secretaria.jefaturadda@usac.edu.gt\">secretaria.jefaturadda@usac.edu.gt <\/a>\r\n            <\/h2>\r\n            <h2>   <\/h2>\r\n        <\/div>\r\n        <div>\r\n            <h1>AVISOS LEGALES<\/h1>\r\n            <p> <a href=\"https:\/\/drive.google.com\/file\/d\/1DofTvMu7LQCTXop-v1ips7m8NPqwOfk-\/view?usp=sharing\" target=\"_blank\">Terminos de Uso<\/a><\/p>\r\n            <p> <a href=\"https:\/\/drive.google.com\/file\/d\/1zJUVhfjDJMl0jXy3ap1qa4ZG5839VWHg\/view?usp=sharing\" target=\"_blank\">Pol\u00edtica de privacidad y cookies<\/a><\/p>\r\n             <p>\r\n            <a rel=\"license\" href=\"http:\/\/creativecommons.org\/licenses\/by-nc-nd\/4.0\/\"  target=\"_blank\"><img decoding=\"async\" style=\"border-width: 0; max-width: 180px; height: auto;\" src=\"https:\/\/virtual.usac.edu.gt\/diged\/wp-content\/uploads\/2023\/05\/LICENCIA-CREATIVE-COMMONS-23-03.png\" \/><\/a><br \/>\r\n            <p> <\/p>\r\n           \r\n           \r\n        <\/div>\r\n    <\/section>\t\t<\/div>\n\t\t\t\t<\/div>\n\t\t\t\t\t<\/div>\n\t\t<\/div>\n\t\t\t\t\t\t\t<\/div>\n\t\t<\/section>\n\t\t\t\t\t\t\t<\/div>\n\t\t","protected":false},"excerpt":{"rendered":"<p>Manejo del estr\u00e9s: trabajo-vida Guatemala, 20 de marzo de 2025 La Divisi\u00f3n de Desarrollo Acad\u00e9mico (DDA) realiz\u00f3 una jornada clave enfocada en la salud mental de sus colaboradores con la conferencia \u201cManejo del estr\u00e9s: trabajo \u2013 vida\u201d. El evento se llev\u00f3 a cabo en el Aula Carlos Gonz\u00e1lez Orellana. La sesi\u00f3n, a cargo de la &hellip;<\/p>\n<p class=\"read-more\"> <a class=\"\" href=\"https:\/\/virtual.usac.edu.gt\/dda\/actividades-2025\/conferencia-manejo-de-estres-trabajo-vida\/\"> <span class=\"screen-reader-text\">Conferencia Manejo de Estr\u00e9s Trabajo-Vida<\/span> Read More &raquo;<\/a><\/p>\n<div class=\"pvc_clear\"><\/div>\n<p id=\"pvc_stats_5254\" class=\"pvc_stats all  \" data-element-id=\"5254\" style=\"\"><i class=\"pvc-stats-icon medium\" aria-hidden=\"true\"><svg aria-hidden=\"true\" focusable=\"false\" data-prefix=\"far\" data-icon=\"chart-bar\" role=\"img\" xmlns=\"http:\/\/www.w3.org\/2000\/svg\" viewBox=\"0 0 512 512\" class=\"svg-inline--fa fa-chart-bar fa-w-16 fa-2x\"><path fill=\"currentColor\" d=\"M396.8 352h22.4c6.4 0 12.8-6.4 12.8-12.8V108.8c0-6.4-6.4-12.8-12.8-12.8h-22.4c-6.4 0-12.8 6.4-12.8 12.8v230.4c0 6.4 6.4 12.8 12.8 12.8zm-192 0h22.4c6.4 0 12.8-6.4 12.8-12.8V140.8c0-6.4-6.4-12.8-12.8-12.8h-22.4c-6.4 0-12.8 6.4-12.8 12.8v198.4c0 6.4 6.4 12.8 12.8 12.8zm96 0h22.4c6.4 0 12.8-6.4 12.8-12.8V204.8c0-6.4-6.4-12.8-12.8-12.8h-22.4c-6.4 0-12.8 6.4-12.8 12.8v134.4c0 6.4 6.4 12.8 12.8 12.8zM496 400H48V80c0-8.84-7.16-16-16-16H16C7.16 64 0 71.16 0 80v336c0 17.67 14.33 32 32 32h464c8.84 0 16-7.16 16-16v-16c0-8.84-7.16-16-16-16zm-387.2-48h22.4c6.4 0 12.8-6.4 12.8-12.8v-70.4c0-6.4-6.4-12.8-12.8-12.8h-22.4c-6.4 0-12.8 6.4-12.8 12.8v70.4c0 6.4 6.4 12.8 12.8 12.8z\" class=\"\"><\/path><\/svg><\/i> <img loading=\"lazy\" decoding=\"async\" width=\"16\" height=\"16\" alt=\"Loading\" src=\"https:\/\/virtual.usac.edu.gt\/dda\/wp-content\/plugins\/page-views-count\/ajax-loader-2x.gif\" border=0 \/><\/p>\n<div class=\"pvc_clear\"><\/div>\n","protected":false},"author":2,"featured_media":0,"parent":4870,"menu_order":1,"comment_status":"closed","ping_status":"closed","template":"","meta":{"site-sidebar-layout":"no-sidebar","site-content-layout":"page-builder","ast-global-header-display":"","ast-banner-title-visibility":"","ast-main-header-display":"","ast-hfb-above-header-display":"","ast-hfb-below-header-display":"","ast-hfb-mobile-header-display":"","site-post-title":"disabled","ast-breadcrumbs-content":"","ast-featured-img":"disabled","footer-sml-layout":"","theme-transparent-header-meta":"","adv-header-id-meta":"","stick-header-meta":"","header-above-stick-meta":"","header-main-stick-meta":"","header-below-stick-meta":"","footnotes":""},"class_list":["post-5254","page","type-page","status-publish","hentry"],"a3_pvc":{"activated":true,"total_views":0,"today_views":0},"_links":{"self":[{"href":"https:\/\/virtual.usac.edu.gt\/dda\/wp-json\/wp\/v2\/pages\/5254","targetHints":{"allow":["GET"]}}],"collection":[{"href":"https:\/\/virtual.usac.edu.gt\/dda\/wp-json\/wp\/v2\/pages"}],"about":[{"href":"https:\/\/virtual.usac.edu.gt\/dda\/wp-json\/wp\/v2\/types\/page"}],"author":[{"embeddable":true,"href":"https:\/\/virtual.usac.edu.gt\/dda\/wp-json\/wp\/v2\/users\/2"}],"replies":[{"embeddable":true,"href":"https:\/\/virtual.usac.edu.gt\/dda\/wp-json\/wp\/v2\/comments?post=5254"}],"version-history":[{"count":23,"href":"https:\/\/virtual.usac.edu.gt\/dda\/wp-json\/wp\/v2\/pages\/5254\/revisions"}],"predecessor-version":[{"id":7157,"href":"https:\/\/virtual.usac.edu.gt\/dda\/wp-json\/wp\/v2\/pages\/5254\/revisions\/7157"}],"up":[{"embeddable":true,"href":"https:\/\/virtual.usac.edu.gt\/dda\/wp-json\/wp\/v2\/pages\/4870"}],"wp:attachment":[{"href":"https:\/\/virtual.usac.edu.gt\/dda\/wp-json\/wp\/v2\/media?parent=5254"}],"curies":[{"name":"wp","href":"https:\/\/api.w.org\/{rel}","templated":true}]}}