{"id":54,"date":"2023-05-25T22:17:00","date_gmt":"2023-05-25T20:17:00","guid":{"rendered":"http:\/\/192.168.100.2:83\/?page_id=54"},"modified":"2023-06-29T17:32:10","modified_gmt":"2023-06-29T15:32:10","slug":"quienes-somos","status":"publish","type":"page","link":"https:\/\/virtual.usac.edu.gt\/dda\/quienes-somos\/","title":{"rendered":"quienes-somos"},"content":{"rendered":"\n<p><h1><strong style=\"color: var(--ast-global-color-2); font-style: inherit; font-family: var( --e-global-typography-text-font-family ), Sans-serif; font-size: 2.66667rem;\"><span style=\"color: #1E1D53;\">DEFINICI\u00d3N<\/span><\/strong><\/h1>\n    <h2 style=\"text-align: justify;\"><span style=\"color: #000000;\">Es una unidad acad\u00e9mico administrativa de la Direcci\u00f3n General de Docencia a quien le corresponde la evaluaci\u00f3n, formaci\u00f3n y desarrollo psicopedag\u00f3gico del personal docente, as\u00ed como la orientaci\u00f3n y desarrollo curricular, investigaci\u00f3n y evaluaci\u00f3n educativa de la Universidad de San Carlos de Guatemala.\n    <\/span><\/h2>\n    <\/p>\n    \n    <p><h1><strong style=\"color: var(--ast-global-color-2); font-style: inherit; font-family: var( --e-global-typography-text-font-family ), Sans-serif; font-size: 2.66667rem;\"><span style=\"color: #1E1D53;\">MARCO LEGAL<\/span><\/strong><\/h1>\n    <h2 style=\"text-align: justify;\"><span style=\"color: #000000;\">La Divisi\u00f3n de Desarrollo Acad\u00e9mico, fue creada el 6 de octubre de 1999, seg\u00fan Punto S\u00c9PTIMO, inciso 7.2., Acta No. 32-99 del Consejo Superior Universitario, integrado por los departamentos de Investigaci\u00f3n, Educaci\u00f3n, Asesor\u00eda y Orientaci\u00f3n Curricular, Evaluaci\u00f3n y Promoci\u00f3n del Personal Acad\u00e9mico. \n    <\/span><\/h2><\/p>\n    \n    <p><h1><strong style=\"color: var(--ast-global-color-2); font-style: inherit; font-family: var( --e-global-typography-text-font-family ), Sans-serif; font-size: 2.66667rem;\"><span style=\"color: #1E1D53;\">MISI\u00d3N<\/span><\/strong><\/h1>\n    <h2 style=\"text-align: justify;\"><span style=\"color: #000000;\">Ser la Divisi\u00f3n de Desarrollo Acad\u00e9mico de la Direcci\u00f3n General de Docencia, nos caracteriza la calidad de nuestros servicios y el compromiso \u00e9tico para ejecutarlos, por medio de la evaluaci\u00f3n, formaci\u00f3n y desarrollo psicopedag\u00f3gico del personal acad\u00e9mico, orientaci\u00f3n y desarrollo curricular, investigaci\u00f3n y evaluaci\u00f3n educativos, en concordancia con el ser de la Universidad de San Carlos de Guatemala.\n    <\/span><\/h2><\/p>\n    \n    <p><h1><strong style=\"color: var(--ast-global-color-2); font-style: inherit; font-family: var( --e-global-typography-text-font-family ), Sans-serif; font-size: 2.66667rem;\"><span style=\"color: #1E1D53;\">VISI\u00d3N<\/span><\/strong><\/h1>\n    <h2 style=\"text-align: justify;\"><span style=\"color: #000000;\">Se concibe a la Divisi\u00f3n de Desarrollo Acad\u00e9mico como un organismo de la Direcci\u00f3n General de Docencia en b\u00fasqueda de la excelencia acad\u00e9mica del sistema educativo en la Universidad de San Carlos de Guatemala, potenciando los recursos y la calidad de los servicios educativos que se ofrece al personal acad\u00e9mico de la Universidad, con \u00e9tica y enfoque humanista.\n   \n    <\/span><\/h2><\/p>\n    \n<p><h1><strong style=\"color: var(--ast-global-color-2); font-style: inherit; font-family: var( --e-global-typography-text-font-family ), Sans-serif; font-size: 2.66667rem;\"><span style=\"color: #1E1D53;\">OBJETIVOS<\/span><\/strong><\/h1>\n    <h2 style=\"text-align: justify;\"><span style=\"color: #000000;\">\n    <\/span>   \n    <ol type=\"a\">\n        <li><span class=\"label\">Promover el desarrollo del personal acad\u00e9mico para el logro de los fines de la Universidad de San Carlos de Guatemala.<\/span><\/li>\n        <li><span class=\"label\">Definir pol\u00edticas y lineamientos generales de evaluaci\u00f3n, promoci\u00f3n y desarrollo del personal acad\u00e9mico.<\/span><\/li>\n        <li><span class=\"label\">Desarrollar e integrar en la Universidad los procesos de evaluaci\u00f3n, promoci\u00f3n y desarrollo del personal acad\u00e9mico, definir y aprobar para cada caso, las pol\u00edticas y lineamientos.<\/span><\/li>\n        <li><span class=\"label\">Coadyuvar al cumplimiento del Estatuto de la Carrera Universitaria, Parte Acad\u00e9mica.<\/span><\/li>\n        <li><span class=\"label\">Realizar investigaci\u00f3n en el \u00e1mbito educativo de la Universidad de San Carlos de Guatemala.<\/span><\/li>\n        <li><span class=\"label\">Coordinar la formaci\u00f3n y actualizaci\u00f3n del personal acad\u00e9mico de la Universidad de San Carlos de Guatemala.<\/span><\/li>\n        <li><span class=\"label\">Proponer pol\u00edticas en materia de curr\u00edculo, docencia, investigaci\u00f3n y proyecci\u00f3n a la sociedad guatemalteca.<\/span><\/li>\n      <\/ol>\n    <\/h2>\n    <\/p>\n\n\n\n<div class=\"wp-block-button\"><a class=\"wp-block-button__link has-background wp-element-button\" href=\"http:\/\/virtual.usac.edu.gt\/dda\/\" style=\"background-color:#1e1d53\"><strong>Regresar<\/strong><\/a><\/div>\n<div class=\"pvc_clear\"><\/div><p id=\"pvc_stats_54\" class=\"pvc_stats all  \" data-element-id=\"54\" style=\"\"><i class=\"pvc-stats-icon medium\" aria-hidden=\"true\"><svg aria-hidden=\"true\" focusable=\"false\" data-prefix=\"far\" data-icon=\"chart-bar\" role=\"img\" xmlns=\"http:\/\/www.w3.org\/2000\/svg\" viewBox=\"0 0 512 512\" class=\"svg-inline--fa fa-chart-bar fa-w-16 fa-2x\"><path fill=\"currentColor\" d=\"M396.8 352h22.4c6.4 0 12.8-6.4 12.8-12.8V108.8c0-6.4-6.4-12.8-12.8-12.8h-22.4c-6.4 0-12.8 6.4-12.8 12.8v230.4c0 6.4 6.4 12.8 12.8 12.8zm-192 0h22.4c6.4 0 12.8-6.4 12.8-12.8V140.8c0-6.4-6.4-12.8-12.8-12.8h-22.4c-6.4 0-12.8 6.4-12.8 12.8v198.4c0 6.4 6.4 12.8 12.8 12.8zm96 0h22.4c6.4 0 12.8-6.4 12.8-12.8V204.8c0-6.4-6.4-12.8-12.8-12.8h-22.4c-6.4 0-12.8 6.4-12.8 12.8v134.4c0 6.4 6.4 12.8 12.8 12.8zM496 400H48V80c0-8.84-7.16-16-16-16H16C7.16 64 0 71.16 0 80v336c0 17.67 14.33 32 32 32h464c8.84 0 16-7.16 16-16v-16c0-8.84-7.16-16-16-16zm-387.2-48h22.4c6.4 0 12.8-6.4 12.8-12.8v-70.4c0-6.4-6.4-12.8-12.8-12.8h-22.4c-6.4 0-12.8 6.4-12.8 12.8v70.4c0 6.4 6.4 12.8 12.8 12.8z\" class=\"\"><\/path><\/svg><\/i> <img loading=\"lazy\" decoding=\"async\" width=\"16\" height=\"16\" alt=\"Loading\" src=\"https:\/\/virtual.usac.edu.gt\/dda\/wp-content\/plugins\/page-views-count\/ajax-loader-2x.gif\" border=0 \/><\/p><div class=\"pvc_clear\"><\/div>","protected":false},"excerpt":{"rendered":"<p>DEFINICI\u00d3N Es una unidad acad\u00e9mico administrativa de la Direcci\u00f3n General de Docencia a quien le corresponde la evaluaci\u00f3n, formaci\u00f3n y desarrollo psicopedag\u00f3gico del personal docente, as\u00ed como la orientaci\u00f3n y desarrollo curricular, investigaci\u00f3n y evaluaci\u00f3n educativa de la Universidad de San Carlos de Guatemala. MARCO LEGAL La Divisi\u00f3n de Desarrollo Acad\u00e9mico, fue creada el 6 &hellip;<\/p>\n<p class=\"read-more\"> <a class=\"\" href=\"https:\/\/virtual.usac.edu.gt\/dda\/quienes-somos\/\"> <span class=\"screen-reader-text\">quienes-somos<\/span> Read More &raquo;<\/a><\/p>\n<div class=\"pvc_clear\"><\/div>\n<p id=\"pvc_stats_54\" class=\"pvc_stats all  \" data-element-id=\"54\" style=\"\"><i class=\"pvc-stats-icon medium\" aria-hidden=\"true\"><svg aria-hidden=\"true\" focusable=\"false\" data-prefix=\"far\" data-icon=\"chart-bar\" role=\"img\" xmlns=\"http:\/\/www.w3.org\/2000\/svg\" viewBox=\"0 0 512 512\" class=\"svg-inline--fa fa-chart-bar fa-w-16 fa-2x\"><path fill=\"currentColor\" d=\"M396.8 352h22.4c6.4 0 12.8-6.4 12.8-12.8V108.8c0-6.4-6.4-12.8-12.8-12.8h-22.4c-6.4 0-12.8 6.4-12.8 12.8v230.4c0 6.4 6.4 12.8 12.8 12.8zm-192 0h22.4c6.4 0 12.8-6.4 12.8-12.8V140.8c0-6.4-6.4-12.8-12.8-12.8h-22.4c-6.4 0-12.8 6.4-12.8 12.8v198.4c0 6.4 6.4 12.8 12.8 12.8zm96 0h22.4c6.4 0 12.8-6.4 12.8-12.8V204.8c0-6.4-6.4-12.8-12.8-12.8h-22.4c-6.4 0-12.8 6.4-12.8 12.8v134.4c0 6.4 6.4 12.8 12.8 12.8zM496 400H48V80c0-8.84-7.16-16-16-16H16C7.16 64 0 71.16 0 80v336c0 17.67 14.33 32 32 32h464c8.84 0 16-7.16 16-16v-16c0-8.84-7.16-16-16-16zm-387.2-48h22.4c6.4 0 12.8-6.4 12.8-12.8v-70.4c0-6.4-6.4-12.8-12.8-12.8h-22.4c-6.4 0-12.8 6.4-12.8 12.8v70.4c0 6.4 6.4 12.8 12.8 12.8z\" class=\"\"><\/path><\/svg><\/i> <img loading=\"lazy\" decoding=\"async\" width=\"16\" height=\"16\" alt=\"Loading\" src=\"https:\/\/virtual.usac.edu.gt\/dda\/wp-content\/plugins\/page-views-count\/ajax-loader-2x.gif\" border=0 \/><\/p>\n<div class=\"pvc_clear\"><\/div>\n","protected":false},"author":1,"featured_media":0,"parent":0,"menu_order":0,"comment_status":"closed","ping_status":"closed","template":"","meta":{"site-sidebar-layout":"default","site-content-layout":"default","ast-global-header-display":"","ast-banner-title-visibility":"","ast-main-header-display":"","ast-hfb-above-header-display":"","ast-hfb-below-header-display":"","ast-hfb-mobile-header-display":"","site-post-title":"disabled","ast-breadcrumbs-content":"","ast-featured-img":"","footer-sml-layout":"","theme-transparent-header-meta":"","adv-header-id-meta":"","stick-header-meta":"","header-above-stick-meta":"","header-main-stick-meta":"","header-below-stick-meta":"","footnotes":""},"class_list":["post-54","page","type-page","status-publish","hentry"],"a3_pvc":{"activated":true,"total_views":532,"today_views":0},"_links":{"self":[{"href":"https:\/\/virtual.usac.edu.gt\/dda\/wp-json\/wp\/v2\/pages\/54","targetHints":{"allow":["GET"]}}],"collection":[{"href":"https:\/\/virtual.usac.edu.gt\/dda\/wp-json\/wp\/v2\/pages"}],"about":[{"href":"https:\/\/virtual.usac.edu.gt\/dda\/wp-json\/wp\/v2\/types\/page"}],"author":[{"embeddable":true,"href":"https:\/\/virtual.usac.edu.gt\/dda\/wp-json\/wp\/v2\/users\/1"}],"replies":[{"embeddable":true,"href":"https:\/\/virtual.usac.edu.gt\/dda\/wp-json\/wp\/v2\/comments?post=54"}],"version-history":[{"count":3,"href":"https:\/\/virtual.usac.edu.gt\/dda\/wp-json\/wp\/v2\/pages\/54\/revisions"}],"predecessor-version":[{"id":174,"href":"https:\/\/virtual.usac.edu.gt\/dda\/wp-json\/wp\/v2\/pages\/54\/revisions\/174"}],"wp:attachment":[{"href":"https:\/\/virtual.usac.edu.gt\/dda\/wp-json\/wp\/v2\/media?parent=54"}],"curies":[{"name":"wp","href":"https:\/\/api.w.org\/{rel}","templated":true}]}}