{"id":56,"date":"2023-05-25T22:17:14","date_gmt":"2023-05-25T20:17:14","guid":{"rendered":"http:\/\/192.168.100.2:83\/?page_id=56"},"modified":"2023-06-29T17:32:23","modified_gmt":"2023-06-29T15:32:23","slug":"funciones","status":"publish","type":"page","link":"https:\/\/virtual.usac.edu.gt\/dda\/funciones\/","title":{"rendered":"funciones"},"content":{"rendered":"\n<p><h1><strong style=\"color: var(--ast-global-color-2); font-style: inherit; font-family: var( --e-global-typography-text-font-family ), Sans-serif; font-size: 2.66667rem;\"><span style=\"color: #1E1D53;\"><\/span><\/strong><\/h1>\n        <h2 style=\"text-align: justify;\"><span style=\"color: #000000;\">\n        <\/span>   \n        <ol type=\"a\">\n            <li><span class=\"label\">Brindar apoyo y orientaci\u00f3n a las unidades acad\u00e9micas en materia de planificaci\u00f3n t\u00e9cnicopedag\u00f3gica, dise\u00f1o y administraci\u00f3n curricular.<\/span><\/li>\n            <li><span class=\"label\">Formular y fortalecer nuevos modelos de pr\u00e1ctica profesional mediante la vinculaci\u00f3n de los diversos sectores de la sociedad.<\/span><\/li>\n            <li><span class=\"label\">Divulgar permanentemente las tendencias mundiales de la educaci\u00f3n superior, en especial lo relativo a modelos curriculares.<\/span><\/li>\n            <li><span class=\"label\">Impulsar m\u00e9todos y t\u00e9cnicas educativas, presenciales y a distancia, apropiadas a las caracter\u00edsticas de los planes de estudios, la poblaci\u00f3n estudiantil, las etapas de formaci\u00f3n del personal docente y el equipo educativo disponible.<\/span><\/li>\n            <li><span class=\"label\">Orientar las acciones acad\u00e9micas hacia la formaci\u00f3n de profesionales en concordancia con las pol\u00edticas generales de la Universidad y las necesidades de desarrollo nacional.<\/span><\/li>\n            <li><span class=\"label\">Promover el intercambio acad\u00e9mico nacional, regional e internacional para el mejoramiento educativo mediante la realizaci\u00f3n de actividades de actualizaci\u00f3n, capacitaci\u00f3n y perfeccionamiento en docencia e investigaci\u00f3n educativa del personal acad\u00e9mico para alcanzar nuevas formas de desarrollo y gesti\u00f3n.<\/span><\/li>\n            <li><span class=\"label\">Asesorar y emitir dict\u00e1menes t\u00e9cnicos en materia acad\u00e9mica y de evaluaci\u00f3n del personal docente y estudiantil.<\/span><\/li>\n            <li><span class=\"label\">Publicar y divulgar estudios sobre aspectos educativos relacionados con nuevos enfoques metodol\u00f3gicos de la ense\u00f1anza-aprendizaje.<\/span><\/li>\n            <li><span class=\"label\">Proponer las pol\u00edticas y lineamientos generales de evaluaci\u00f3n, promoci\u00f3n y desarrollo del personal universitario.<\/span><\/li>\n            <li><span class=\"label\">Proponer soluciones a los problemas que se detecten al estudiar permanentemente el sistema nacional y regional de educaci\u00f3n en los niveles preuniversitarios y de educaci\u00f3n superior, tendentes a conocer los problemas prioritarios, sus causas y posibles soluciones, as\u00ed como establecer el impacto rec\u00edproco entre ellos y el desarrollo social, pol\u00edtico y econ\u00f3mico del pa\u00eds.<\/span><\/li>\n            <li><span class=\"label\">Planificar, organizar y coordinar los recursos generales de la instituci\u00f3n para el desarrollo de las actividades que propicien y concreten la formaci\u00f3n y desarrollo del personal acad\u00e9mico de la Universidad de San Carlos de Guatemala.<\/span><\/li>\n          <\/ol>\n        <\/h2>\n        <\/p>\n\n\n\n<div class=\"wp-block-button\"><a class=\"wp-block-button__link has-background wp-element-button\" href=\"http:\/\/virtual.usac.edu.gt\/dda\/\" style=\"background-color:#1e1d53\"><strong>Regresar<\/strong><\/a><\/div>\n<div class=\"pvc_clear\"><\/div><p id=\"pvc_stats_56\" class=\"pvc_stats all  \" data-element-id=\"56\" style=\"\"><i class=\"pvc-stats-icon medium\" aria-hidden=\"true\"><svg aria-hidden=\"true\" focusable=\"false\" data-prefix=\"far\" data-icon=\"chart-bar\" role=\"img\" xmlns=\"http:\/\/www.w3.org\/2000\/svg\" viewBox=\"0 0 512 512\" class=\"svg-inline--fa fa-chart-bar fa-w-16 fa-2x\"><path fill=\"currentColor\" d=\"M396.8 352h22.4c6.4 0 12.8-6.4 12.8-12.8V108.8c0-6.4-6.4-12.8-12.8-12.8h-22.4c-6.4 0-12.8 6.4-12.8 12.8v230.4c0 6.4 6.4 12.8 12.8 12.8zm-192 0h22.4c6.4 0 12.8-6.4 12.8-12.8V140.8c0-6.4-6.4-12.8-12.8-12.8h-22.4c-6.4 0-12.8 6.4-12.8 12.8v198.4c0 6.4 6.4 12.8 12.8 12.8zm96 0h22.4c6.4 0 12.8-6.4 12.8-12.8V204.8c0-6.4-6.4-12.8-12.8-12.8h-22.4c-6.4 0-12.8 6.4-12.8 12.8v134.4c0 6.4 6.4 12.8 12.8 12.8zM496 400H48V80c0-8.84-7.16-16-16-16H16C7.16 64 0 71.16 0 80v336c0 17.67 14.33 32 32 32h464c8.84 0 16-7.16 16-16v-16c0-8.84-7.16-16-16-16zm-387.2-48h22.4c6.4 0 12.8-6.4 12.8-12.8v-70.4c0-6.4-6.4-12.8-12.8-12.8h-22.4c-6.4 0-12.8 6.4-12.8 12.8v70.4c0 6.4 6.4 12.8 12.8 12.8z\" class=\"\"><\/path><\/svg><\/i> <img loading=\"lazy\" decoding=\"async\" width=\"16\" height=\"16\" alt=\"Loading\" src=\"https:\/\/virtual.usac.edu.gt\/dda\/wp-content\/plugins\/page-views-count\/ajax-loader-2x.gif\" border=0 \/><\/p><div class=\"pvc_clear\"><\/div>","protected":false},"excerpt":{"rendered":"<p>Brindar apoyo y orientaci\u00f3n a las unidades acad\u00e9micas en materia de planificaci\u00f3n t\u00e9cnicopedag\u00f3gica, dise\u00f1o y administraci\u00f3n curricular. Formular y fortalecer nuevos modelos de pr\u00e1ctica profesional mediante la vinculaci\u00f3n de los diversos sectores de la sociedad. Divulgar permanentemente las tendencias mundiales de la educaci\u00f3n superior, en especial lo relativo a modelos curriculares. Impulsar m\u00e9todos y t\u00e9cnicas &hellip;<\/p>\n<p class=\"read-more\"> <a class=\"\" href=\"https:\/\/virtual.usac.edu.gt\/dda\/funciones\/\"> <span class=\"screen-reader-text\">funciones<\/span> Read More &raquo;<\/a><\/p>\n<div class=\"pvc_clear\"><\/div>\n<p id=\"pvc_stats_56\" class=\"pvc_stats all  \" data-element-id=\"56\" style=\"\"><i class=\"pvc-stats-icon medium\" aria-hidden=\"true\"><svg aria-hidden=\"true\" focusable=\"false\" data-prefix=\"far\" data-icon=\"chart-bar\" role=\"img\" xmlns=\"http:\/\/www.w3.org\/2000\/svg\" viewBox=\"0 0 512 512\" class=\"svg-inline--fa fa-chart-bar fa-w-16 fa-2x\"><path fill=\"currentColor\" d=\"M396.8 352h22.4c6.4 0 12.8-6.4 12.8-12.8V108.8c0-6.4-6.4-12.8-12.8-12.8h-22.4c-6.4 0-12.8 6.4-12.8 12.8v230.4c0 6.4 6.4 12.8 12.8 12.8zm-192 0h22.4c6.4 0 12.8-6.4 12.8-12.8V140.8c0-6.4-6.4-12.8-12.8-12.8h-22.4c-6.4 0-12.8 6.4-12.8 12.8v198.4c0 6.4 6.4 12.8 12.8 12.8zm96 0h22.4c6.4 0 12.8-6.4 12.8-12.8V204.8c0-6.4-6.4-12.8-12.8-12.8h-22.4c-6.4 0-12.8 6.4-12.8 12.8v134.4c0 6.4 6.4 12.8 12.8 12.8zM496 400H48V80c0-8.84-7.16-16-16-16H16C7.16 64 0 71.16 0 80v336c0 17.67 14.33 32 32 32h464c8.84 0 16-7.16 16-16v-16c0-8.84-7.16-16-16-16zm-387.2-48h22.4c6.4 0 12.8-6.4 12.8-12.8v-70.4c0-6.4-6.4-12.8-12.8-12.8h-22.4c-6.4 0-12.8 6.4-12.8 12.8v70.4c0 6.4 6.4 12.8 12.8 12.8z\" class=\"\"><\/path><\/svg><\/i> <img loading=\"lazy\" decoding=\"async\" width=\"16\" height=\"16\" alt=\"Loading\" src=\"https:\/\/virtual.usac.edu.gt\/dda\/wp-content\/plugins\/page-views-count\/ajax-loader-2x.gif\" border=0 \/><\/p>\n<div class=\"pvc_clear\"><\/div>\n","protected":false},"author":1,"featured_media":0,"parent":0,"menu_order":0,"comment_status":"closed","ping_status":"closed","template":"","meta":{"site-sidebar-layout":"default","site-content-layout":"default","ast-global-header-display":"","ast-banner-title-visibility":"","ast-main-header-display":"","ast-hfb-above-header-display":"","ast-hfb-below-header-display":"","ast-hfb-mobile-header-display":"","site-post-title":"disabled","ast-breadcrumbs-content":"","ast-featured-img":"","footer-sml-layout":"","theme-transparent-header-meta":"","adv-header-id-meta":"","stick-header-meta":"","header-above-stick-meta":"","header-main-stick-meta":"","header-below-stick-meta":"","footnotes":""},"class_list":["post-56","page","type-page","status-publish","hentry"],"a3_pvc":{"activated":true,"total_views":644,"today_views":0},"_links":{"self":[{"href":"https:\/\/virtual.usac.edu.gt\/dda\/wp-json\/wp\/v2\/pages\/56","targetHints":{"allow":["GET"]}}],"collection":[{"href":"https:\/\/virtual.usac.edu.gt\/dda\/wp-json\/wp\/v2\/pages"}],"about":[{"href":"https:\/\/virtual.usac.edu.gt\/dda\/wp-json\/wp\/v2\/types\/page"}],"author":[{"embeddable":true,"href":"https:\/\/virtual.usac.edu.gt\/dda\/wp-json\/wp\/v2\/users\/1"}],"replies":[{"embeddable":true,"href":"https:\/\/virtual.usac.edu.gt\/dda\/wp-json\/wp\/v2\/comments?post=56"}],"version-history":[{"count":4,"href":"https:\/\/virtual.usac.edu.gt\/dda\/wp-json\/wp\/v2\/pages\/56\/revisions"}],"predecessor-version":[{"id":175,"href":"https:\/\/virtual.usac.edu.gt\/dda\/wp-json\/wp\/v2\/pages\/56\/revisions\/175"}],"wp:attachment":[{"href":"https:\/\/virtual.usac.edu.gt\/dda\/wp-json\/wp\/v2\/media?parent=56"}],"curies":[{"name":"wp","href":"https:\/\/api.w.org\/{rel}","templated":true}]}}