{"id":2127,"date":"2025-01-24T15:36:30","date_gmt":"2025-01-24T14:36:30","guid":{"rendered":"https:\/\/virtual.usac.edu.gt\/deai\/?page_id=2127"},"modified":"2025-02-11T16:08:19","modified_gmt":"2025-02-11T15:08:19","slug":"graduados","status":"publish","type":"page","link":"https:\/\/virtual.usac.edu.gt\/deai\/graduados\/","title":{"rendered":"graduados"},"content":{"rendered":"\t\t<div data-elementor-type=\"wp-page\" data-elementor-id=\"2127\" class=\"elementor elementor-2127\">\n\t\t\t\t\t\t\t\t\t<section class=\"elementor-section elementor-top-section elementor-element elementor-element-166a64e elementor-section-full_width elementor-section-height-default elementor-section-height-default\" data-id=\"166a64e\" data-element_type=\"section\">\n\t\t\t\t\t\t<div class=\"elementor-container elementor-column-gap-default\">\n\t\t\t\t\t<div class=\"elementor-column elementor-col-20 elementor-top-column elementor-element elementor-element-3a30751\" data-id=\"3a30751\" data-element_type=\"column\">\n\t\t\t<div class=\"elementor-widget-wrap elementor-element-populated\">\n\t\t\t\t\t\t\t\t<div class=\"elementor-element elementor-element-3c591c2 elementor-widget elementor-widget-image\" data-id=\"3c591c2\" data-element_type=\"widget\" data-widget_type=\"image.default\">\n\t\t\t\t<div class=\"elementor-widget-container\">\n\t\t\t<style>\/*! elementor - v3.14.0 - 18-06-2023 *\/\n.elementor-widget-image{text-align:center}.elementor-widget-image a{display:inline-block}.elementor-widget-image a img[src$=\".svg\"]{width:48px}.elementor-widget-image img{vertical-align:middle;display:inline-block}<\/style>\t\t\t\t\t\t\t\t\t\t\t\t\t<a href=\"https:\/\/www.usac.edu.gt\/\" target=\"_blank\">\n\t\t\t\t\t\t\t<img loading=\"lazy\" decoding=\"async\" width=\"793\" height=\"317\" src=\"https:\/\/virtual.usac.edu.gt\/deai\/wp-content\/uploads\/2024\/08\/LOGO-USAC-PUBLICA_Mesa-de-trabajo-1-copia-4.png\" class=\"attachment-large size-large wp-image-2000\" alt=\"\" srcset=\"https:\/\/virtual.usac.edu.gt\/deai\/wp-content\/uploads\/2024\/08\/LOGO-USAC-PUBLICA_Mesa-de-trabajo-1-copia-4.png 793w, https:\/\/virtual.usac.edu.gt\/deai\/wp-content\/uploads\/2024\/08\/LOGO-USAC-PUBLICA_Mesa-de-trabajo-1-copia-4-300x120.png 300w, https:\/\/virtual.usac.edu.gt\/deai\/wp-content\/uploads\/2024\/08\/LOGO-USAC-PUBLICA_Mesa-de-trabajo-1-copia-4-768x307.png 768w\" sizes=\"auto, (max-width: 793px) 100vw, 793px\" \/>\t\t\t\t\t\t\t\t<\/a>\n\t\t\t\t\t\t\t\t\t\t\t\t\t\t\t<\/div>\n\t\t\t\t<\/div>\n\t\t\t\t\t<\/div>\n\t\t<\/div>\n\t\t\t\t<div class=\"elementor-column elementor-col-20 elementor-top-column elementor-element elementor-element-b123e56\" data-id=\"b123e56\" data-element_type=\"column\">\n\t\t\t<div class=\"elementor-widget-wrap\">\n\t\t\t\t\t\t\t\t\t<\/div>\n\t\t<\/div>\n\t\t\t\t<div class=\"elementor-column elementor-col-20 elementor-top-column elementor-element elementor-element-8b3e200\" data-id=\"8b3e200\" data-element_type=\"column\">\n\t\t\t<div class=\"elementor-widget-wrap\">\n\t\t\t\t\t\t\t\t\t<\/div>\n\t\t<\/div>\n\t\t\t\t<div class=\"elementor-column elementor-col-20 elementor-top-column elementor-element elementor-element-80e35f7\" data-id=\"80e35f7\" data-element_type=\"column\">\n\t\t\t<div class=\"elementor-widget-wrap\">\n\t\t\t\t\t\t\t\t\t<\/div>\n\t\t<\/div>\n\t\t\t\t<div class=\"elementor-column elementor-col-20 elementor-top-column elementor-element elementor-element-2d2a244\" data-id=\"2d2a244\" data-element_type=\"column\">\n\t\t\t<div class=\"elementor-widget-wrap elementor-element-populated\">\n\t\t\t\t\t\t\t\t<div class=\"elementor-element elementor-element-1be4c56 elementor-widget elementor-widget-image\" data-id=\"1be4c56\" data-element_type=\"widget\" data-widget_type=\"image.default\">\n\t\t\t\t<div class=\"elementor-widget-container\">\n\t\t\t\t\t\t\t\t\t\t\t\t\t\t\t\t<a href=\"https:\/\/virtual.usac.edu.gt\/diged\/\" target=\"_blank\">\n\t\t\t\t\t\t\t<img loading=\"lazy\" decoding=\"async\" width=\"1024\" height=\"474\" src=\"https:\/\/virtual.usac.edu.gt\/deai\/wp-content\/uploads\/2023\/06\/LOGOS-ENCABEZADO-PAGINAS-WEB-01-scaled-e1724431045150-1024x474.jpg\" class=\"attachment-large size-large wp-image-407\" alt=\"\" srcset=\"https:\/\/virtual.usac.edu.gt\/deai\/wp-content\/uploads\/2023\/06\/LOGOS-ENCABEZADO-PAGINAS-WEB-01-scaled-e1724431045150-1024x474.jpg 1024w, https:\/\/virtual.usac.edu.gt\/deai\/wp-content\/uploads\/2023\/06\/LOGOS-ENCABEZADO-PAGINAS-WEB-01-scaled-e1724431045150-300x139.jpg 300w, https:\/\/virtual.usac.edu.gt\/deai\/wp-content\/uploads\/2023\/06\/LOGOS-ENCABEZADO-PAGINAS-WEB-01-scaled-e1724431045150-768x356.jpg 768w, https:\/\/virtual.usac.edu.gt\/deai\/wp-content\/uploads\/2023\/06\/LOGOS-ENCABEZADO-PAGINAS-WEB-01-scaled-e1724431045150-1536x712.jpg 1536w, https:\/\/virtual.usac.edu.gt\/deai\/wp-content\/uploads\/2023\/06\/LOGOS-ENCABEZADO-PAGINAS-WEB-01-scaled-e1724431045150-2048x949.jpg 2048w\" sizes=\"auto, (max-width: 1024px) 100vw, 1024px\" \/>\t\t\t\t\t\t\t\t<\/a>\n\t\t\t\t\t\t\t\t\t\t\t\t\t\t\t<\/div>\n\t\t\t\t<\/div>\n\t\t\t\t\t<\/div>\n\t\t<\/div>\n\t\t\t\t\t\t\t<\/div>\n\t\t<\/section>\n\t\t\t\t<section class=\"elementor-section elementor-top-section elementor-element elementor-element-64617b5 elementor-section-full_width elementor-section-height-default elementor-section-height-default\" data-id=\"64617b5\" data-element_type=\"section\">\n\t\t\t\t\t\t<div class=\"elementor-container elementor-column-gap-default\">\n\t\t\t\t\t<div class=\"elementor-column elementor-col-16 elementor-top-column elementor-element elementor-element-af1b150\" data-id=\"af1b150\" data-element_type=\"column\">\n\t\t\t<div class=\"elementor-widget-wrap\">\n\t\t\t\t\t\t\t\t\t<\/div>\n\t\t<\/div>\n\t\t\t\t<div class=\"elementor-column elementor-col-66 elementor-top-column elementor-element elementor-element-639d185\" data-id=\"639d185\" data-element_type=\"column\">\n\t\t\t<div class=\"elementor-widget-wrap elementor-element-populated\">\n\t\t\t\t\t\t\t\t<div class=\"elementor-element elementor-element-b99862d elementor-widget elementor-widget-heading\" data-id=\"b99862d\" data-element_type=\"widget\" data-widget_type=\"heading.default\">\n\t\t\t\t<div class=\"elementor-widget-container\">\n\t\t\t<style>\/*! elementor - v3.14.0 - 18-06-2023 *\/\n.elementor-heading-title{padding:0;margin:0;line-height:1}.elementor-widget-heading .elementor-heading-title[class*=elementor-size-]>a{color:inherit;font-size:inherit;line-height:inherit}.elementor-widget-heading .elementor-heading-title.elementor-size-small{font-size:15px}.elementor-widget-heading .elementor-heading-title.elementor-size-medium{font-size:19px}.elementor-widget-heading .elementor-heading-title.elementor-size-large{font-size:29px}.elementor-widget-heading .elementor-heading-title.elementor-size-xl{font-size:39px}.elementor-widget-heading .elementor-heading-title.elementor-size-xxl{font-size:59px}<\/style><h2 class=\"elementor-heading-title elementor-size-default\"><h1><strong style=\"color: var(--ast-global-color-2); font-style: inherit; font-family: var( --e-global-typography-text-font-family ), Sans-serif; font-size: 3.1667rem;\"><span style=\"color: #003b57;\">Observatorio de seguimiento a graduados<\/span><\/strong><\/h1><\/h2>\t\t<\/div>\n\t\t\t\t<\/div>\n\t\t\t\t<div class=\"elementor-element elementor-element-e89b4cf elementor-widget elementor-widget-spacer\" data-id=\"e89b4cf\" data-element_type=\"widget\" data-widget_type=\"spacer.default\">\n\t\t\t\t<div class=\"elementor-widget-container\">\n\t\t\t<style>\/*! elementor - v3.14.0 - 18-06-2023 *\/\n.elementor-column .elementor-spacer-inner{height:var(--spacer-size)}.e-con{--container-widget-width:100%}.e-con-inner>.elementor-widget-spacer,.e-con>.elementor-widget-spacer{width:var(--container-widget-width,var(--spacer-size));--align-self:var(--container-widget-align-self,initial);--flex-shrink:0}.e-con-inner>.elementor-widget-spacer>.elementor-widget-container,.e-con-inner>.elementor-widget-spacer>.elementor-widget-container>.elementor-spacer,.e-con>.elementor-widget-spacer>.elementor-widget-container,.e-con>.elementor-widget-spacer>.elementor-widget-container>.elementor-spacer{height:100%}.e-con-inner>.elementor-widget-spacer>.elementor-widget-container>.elementor-spacer>.elementor-spacer-inner,.e-con>.elementor-widget-spacer>.elementor-widget-container>.elementor-spacer>.elementor-spacer-inner{height:var(--container-widget-height,var(--spacer-size))}<\/style>\t\t<div class=\"elementor-spacer\">\n\t\t\t<div class=\"elementor-spacer-inner\"><\/div>\n\t\t<\/div>\n\t\t\t\t<\/div>\n\t\t\t\t<\/div>\n\t\t\t\t\t<\/div>\n\t\t<\/div>\n\t\t\t\t<div class=\"elementor-column elementor-col-16 elementor-top-column elementor-element elementor-element-0f959d8\" data-id=\"0f959d8\" data-element_type=\"column\">\n\t\t\t<div class=\"elementor-widget-wrap\">\n\t\t\t\t\t\t\t\t\t<\/div>\n\t\t<\/div>\n\t\t\t\t\t\t\t<\/div>\n\t\t<\/section>\n\t\t\t\t<section class=\"elementor-section elementor-top-section elementor-element elementor-element-a4c93e7 elementor-section-full_width elementor-section-height-default elementor-section-height-default\" data-id=\"a4c93e7\" data-element_type=\"section\">\n\t\t\t\t\t\t<div class=\"elementor-container elementor-column-gap-default\">\n\t\t\t\t\t<div class=\"elementor-column elementor-col-16 elementor-top-column elementor-element elementor-element-54b328e\" data-id=\"54b328e\" data-element_type=\"column\">\n\t\t\t<div class=\"elementor-widget-wrap\">\n\t\t\t\t\t\t\t\t\t<\/div>\n\t\t<\/div>\n\t\t\t\t<div class=\"elementor-column elementor-col-66 elementor-top-column elementor-element elementor-element-a5045ea\" data-id=\"a5045ea\" data-element_type=\"column\">\n\t\t\t<div class=\"elementor-widget-wrap elementor-element-populated\">\n\t\t\t\t\t\t\t\t<div class=\"elementor-element elementor-element-fc1fd7d elementor-widget elementor-widget-text-editor\" data-id=\"fc1fd7d\" data-element_type=\"widget\" data-widget_type=\"text-editor.default\">\n\t\t\t\t<div class=\"elementor-widget-container\">\n\t\t\t<style>\/*! elementor - v3.14.0 - 18-06-2023 *\/\n.elementor-widget-text-editor.elementor-drop-cap-view-stacked .elementor-drop-cap{background-color:#69727d;color:#fff}.elementor-widget-text-editor.elementor-drop-cap-view-framed .elementor-drop-cap{color:#69727d;border:3px solid;background-color:transparent}.elementor-widget-text-editor:not(.elementor-drop-cap-view-default) .elementor-drop-cap{margin-top:8px}.elementor-widget-text-editor:not(.elementor-drop-cap-view-default) .elementor-drop-cap-letter{width:1em;height:1em}.elementor-widget-text-editor .elementor-drop-cap{float:left;text-align:center;line-height:1;font-size:50px}.elementor-widget-text-editor .elementor-drop-cap-letter{display:inline-block}<\/style>\t\t\t\t<h3 style=\"text-align: justify; font-size: 1.3767rem;\"><span style=\"color: #000000;\">El Observatorio de Seguimiento a Graduados, es una iniciativa dise\u00f1ada para fortalecer el v\u00ednculo entre nuestra instituci\u00f3n y los profesionales graduados en esta casa de estudios superiores. A trav\u00e9s de este espacio, nos vinculamos a las estrategias y acciones que las unidades acad\u00e9micas realizan, buscamos conocer la trayectoria profesional de sus graduados, adem\u00e1s conocer las necesidades de actualizaci\u00f3n para ofrecer programas acad\u00e9micos, cursos, diplomados, certificaciones y oferta de postgrado que respondan a as tendencias del mercado laboral actual. a la vez generar redes de colaboraci\u00f3n que contribuyan a su desarrollo personal\u00a0y\u00a0profesional.\n<\/span><\/h3>\t\t\t\t\t\t<\/div>\n\t\t\t\t<\/div>\n\t\t\t\t<div class=\"elementor-element elementor-element-a113483 elementor-widget elementor-widget-spacer\" data-id=\"a113483\" data-element_type=\"widget\" data-widget_type=\"spacer.default\">\n\t\t\t\t<div class=\"elementor-widget-container\">\n\t\t\t\t\t<div class=\"elementor-spacer\">\n\t\t\t<div class=\"elementor-spacer-inner\"><\/div>\n\t\t<\/div>\n\t\t\t\t<\/div>\n\t\t\t\t<\/div>\n\t\t\t\t\t<\/div>\n\t\t<\/div>\n\t\t\t\t<div class=\"elementor-column elementor-col-16 elementor-top-column elementor-element elementor-element-47d67ff\" data-id=\"47d67ff\" data-element_type=\"column\">\n\t\t\t<div class=\"elementor-widget-wrap\">\n\t\t\t\t\t\t\t\t\t<\/div>\n\t\t<\/div>\n\t\t\t\t\t\t\t<\/div>\n\t\t<\/section>\n\t\t\t\t<section class=\"elementor-section elementor-top-section elementor-element elementor-element-37a3850 elementor-section-full_width elementor-section-height-default elementor-section-height-default\" data-id=\"37a3850\" data-element_type=\"section\">\n\t\t\t\t\t\t<div class=\"elementor-container elementor-column-gap-default\">\n\t\t\t\t\t<div class=\"elementor-column elementor-col-25 elementor-top-column elementor-element elementor-element-b837554\" data-id=\"b837554\" data-element_type=\"column\" data-settings=\"{&quot;animation&quot;:&quot;none&quot;}\">\n\t\t\t<div class=\"elementor-widget-wrap elementor-element-populated\">\n\t\t\t\t\t\t\t\t<div class=\"elementor-element elementor-element-0885a1b elementor-widget elementor-widget-image\" data-id=\"0885a1b\" data-element_type=\"widget\" data-widget_type=\"image.default\">\n\t\t\t\t<div class=\"elementor-widget-container\">\n\t\t\t\t\t\t\t\t\t\t\t\t\t\t\t<img loading=\"lazy\" decoding=\"async\" width=\"1024\" height=\"683\" src=\"https:\/\/virtual.usac.edu.gt\/deai\/wp-content\/uploads\/2025\/01\/PORTADAS-DEAI-01-1024x683.png\" class=\"attachment-large size-large wp-image-2722\" alt=\"\" srcset=\"https:\/\/virtual.usac.edu.gt\/deai\/wp-content\/uploads\/2025\/01\/PORTADAS-DEAI-01-1024x683.png 1024w, https:\/\/virtual.usac.edu.gt\/deai\/wp-content\/uploads\/2025\/01\/PORTADAS-DEAI-01-300x200.png 300w, https:\/\/virtual.usac.edu.gt\/deai\/wp-content\/uploads\/2025\/01\/PORTADAS-DEAI-01-768x512.png 768w, https:\/\/virtual.usac.edu.gt\/deai\/wp-content\/uploads\/2025\/01\/PORTADAS-DEAI-01-1536x1024.png 1536w, https:\/\/virtual.usac.edu.gt\/deai\/wp-content\/uploads\/2025\/01\/PORTADAS-DEAI-01-2048x1366.png 2048w\" sizes=\"auto, (max-width: 1024px) 100vw, 1024px\" \/>\t\t\t\t\t\t\t\t\t\t\t\t\t\t\t<\/div>\n\t\t\t\t<\/div>\n\t\t\t\t\t<\/div>\n\t\t<\/div>\n\t\t\t\t<div class=\"elementor-column elementor-col-25 elementor-top-column elementor-element elementor-element-6cdcd07\" data-id=\"6cdcd07\" data-element_type=\"column\">\n\t\t\t<div class=\"elementor-widget-wrap elementor-element-populated\">\n\t\t\t\t\t\t\t\t<div class=\"elementor-element elementor-element-a8b4353 elementor-widget elementor-widget-image\" data-id=\"a8b4353\" data-element_type=\"widget\" data-widget_type=\"image.default\">\n\t\t\t\t<div class=\"elementor-widget-container\">\n\t\t\t\t\t\t\t\t\t\t\t\t\t\t\t<img loading=\"lazy\" decoding=\"async\" width=\"1024\" height=\"683\" src=\"https:\/\/virtual.usac.edu.gt\/deai\/wp-content\/uploads\/2025\/01\/PORTADAS-DEAI-02-1024x683.png\" class=\"attachment-large size-large wp-image-2723\" alt=\"\" srcset=\"https:\/\/virtual.usac.edu.gt\/deai\/wp-content\/uploads\/2025\/01\/PORTADAS-DEAI-02-1024x683.png 1024w, https:\/\/virtual.usac.edu.gt\/deai\/wp-content\/uploads\/2025\/01\/PORTADAS-DEAI-02-300x200.png 300w, https:\/\/virtual.usac.edu.gt\/deai\/wp-content\/uploads\/2025\/01\/PORTADAS-DEAI-02-768x512.png 768w, https:\/\/virtual.usac.edu.gt\/deai\/wp-content\/uploads\/2025\/01\/PORTADAS-DEAI-02-1536x1024.png 1536w, https:\/\/virtual.usac.edu.gt\/deai\/wp-content\/uploads\/2025\/01\/PORTADAS-DEAI-02-2048x1366.png 2048w\" sizes=\"auto, (max-width: 1024px) 100vw, 1024px\" \/>\t\t\t\t\t\t\t\t\t\t\t\t\t\t\t<\/div>\n\t\t\t\t<\/div>\n\t\t\t\t\t<\/div>\n\t\t<\/div>\n\t\t\t\t<div class=\"elementor-column elementor-col-25 elementor-top-column elementor-element elementor-element-93d5897\" data-id=\"93d5897\" data-element_type=\"column\">\n\t\t\t<div class=\"elementor-widget-wrap elementor-element-populated\">\n\t\t\t\t\t\t\t\t<div class=\"elementor-element elementor-element-9901d1c elementor-widget elementor-widget-image\" data-id=\"9901d1c\" data-element_type=\"widget\" data-widget_type=\"image.default\">\n\t\t\t\t<div class=\"elementor-widget-container\">\n\t\t\t\t\t\t\t\t\t\t\t\t\t\t\t<img loading=\"lazy\" decoding=\"async\" width=\"1024\" height=\"683\" src=\"https:\/\/virtual.usac.edu.gt\/deai\/wp-content\/uploads\/2025\/01\/PORTADAS-DEAI-03-1024x683.png\" class=\"attachment-large size-large wp-image-2724\" alt=\"\" srcset=\"https:\/\/virtual.usac.edu.gt\/deai\/wp-content\/uploads\/2025\/01\/PORTADAS-DEAI-03-1024x683.png 1024w, https:\/\/virtual.usac.edu.gt\/deai\/wp-content\/uploads\/2025\/01\/PORTADAS-DEAI-03-300x200.png 300w, https:\/\/virtual.usac.edu.gt\/deai\/wp-content\/uploads\/2025\/01\/PORTADAS-DEAI-03-768x512.png 768w, https:\/\/virtual.usac.edu.gt\/deai\/wp-content\/uploads\/2025\/01\/PORTADAS-DEAI-03-1536x1024.png 1536w, https:\/\/virtual.usac.edu.gt\/deai\/wp-content\/uploads\/2025\/01\/PORTADAS-DEAI-03-2048x1366.png 2048w\" sizes=\"auto, (max-width: 1024px) 100vw, 1024px\" \/>\t\t\t\t\t\t\t\t\t\t\t\t\t\t\t<\/div>\n\t\t\t\t<\/div>\n\t\t\t\t\t<\/div>\n\t\t<\/div>\n\t\t\t\t<div class=\"elementor-column elementor-col-25 elementor-top-column elementor-element elementor-element-9aa4faf\" data-id=\"9aa4faf\" data-element_type=\"column\" data-settings=\"{&quot;background_background&quot;:&quot;classic&quot;}\">\n\t\t\t<div class=\"elementor-widget-wrap elementor-element-populated\">\n\t\t\t\t\t\t\t\t<div class=\"elementor-element elementor-element-4beb368 elementor-widget elementor-widget-image\" data-id=\"4beb368\" data-element_type=\"widget\" data-widget_type=\"image.default\">\n\t\t\t\t<div class=\"elementor-widget-container\">\n\t\t\t\t\t\t\t\t\t\t\t\t\t\t\t<img loading=\"lazy\" decoding=\"async\" width=\"1024\" height=\"683\" src=\"https:\/\/virtual.usac.edu.gt\/deai\/wp-content\/uploads\/2025\/01\/PORTADAS-DEAI-04-1024x683.png\" class=\"attachment-large size-large wp-image-2725\" alt=\"\" srcset=\"https:\/\/virtual.usac.edu.gt\/deai\/wp-content\/uploads\/2025\/01\/PORTADAS-DEAI-04-1024x683.png 1024w, https:\/\/virtual.usac.edu.gt\/deai\/wp-content\/uploads\/2025\/01\/PORTADAS-DEAI-04-300x200.png 300w, https:\/\/virtual.usac.edu.gt\/deai\/wp-content\/uploads\/2025\/01\/PORTADAS-DEAI-04-768x512.png 768w, https:\/\/virtual.usac.edu.gt\/deai\/wp-content\/uploads\/2025\/01\/PORTADAS-DEAI-04-1536x1024.png 1536w, https:\/\/virtual.usac.edu.gt\/deai\/wp-content\/uploads\/2025\/01\/PORTADAS-DEAI-04-2048x1366.png 2048w\" sizes=\"auto, (max-width: 1024px) 100vw, 1024px\" \/>\t\t\t\t\t\t\t\t\t\t\t\t\t\t\t<\/div>\n\t\t\t\t<\/div>\n\t\t\t\t\t<\/div>\n\t\t<\/div>\n\t\t\t\t\t\t\t<\/div>\n\t\t<\/section>\n\t\t\t\t<section class=\"elementor-section elementor-top-section elementor-element elementor-element-3624cbc elementor-section-boxed elementor-section-height-default elementor-section-height-default\" data-id=\"3624cbc\" data-element_type=\"section\">\n\t\t\t\t\t\t<div class=\"elementor-container elementor-column-gap-default\">\n\t\t\t\t\t<div class=\"elementor-column elementor-col-50 elementor-top-column elementor-element elementor-element-02e735a\" data-id=\"02e735a\" data-element_type=\"column\">\n\t\t\t<div class=\"elementor-widget-wrap\">\n\t\t\t\t\t\t\t\t\t<\/div>\n\t\t<\/div>\n\t\t\t\t<div class=\"elementor-column elementor-col-50 elementor-top-column elementor-element elementor-element-92e25c1\" data-id=\"92e25c1\" data-element_type=\"column\">\n\t\t\t<div class=\"elementor-widget-wrap\">\n\t\t\t\t\t\t\t\t\t<\/div>\n\t\t<\/div>\n\t\t\t\t\t\t\t<\/div>\n\t\t<\/section>\n\t\t\t\t<section class=\"elementor-section elementor-top-section elementor-element elementor-element-23b2da0 elementor-section-boxed elementor-section-height-default elementor-section-height-default\" data-id=\"23b2da0\" data-element_type=\"section\">\n\t\t\t\t\t\t<div class=\"elementor-container elementor-column-gap-default\">\n\t\t\t\t\t<div class=\"elementor-column elementor-col-33 elementor-top-column elementor-element elementor-element-ea4a16a\" data-id=\"ea4a16a\" data-element_type=\"column\">\n\t\t\t<div class=\"elementor-widget-wrap\">\n\t\t\t\t\t\t\t\t\t<\/div>\n\t\t<\/div>\n\t\t\t\t<div class=\"elementor-column elementor-col-33 elementor-top-column elementor-element elementor-element-d071fc3\" data-id=\"d071fc3\" data-element_type=\"column\">\n\t\t\t<div class=\"elementor-widget-wrap elementor-element-populated\">\n\t\t\t\t\t\t\t\t<div class=\"elementor-element elementor-element-cfe7741 elementor-widget elementor-widget-spacer\" data-id=\"cfe7741\" data-element_type=\"widget\" data-widget_type=\"spacer.default\">\n\t\t\t\t<div class=\"elementor-widget-container\">\n\t\t\t\t\t<div class=\"elementor-spacer\">\n\t\t\t<div class=\"elementor-spacer-inner\"><\/div>\n\t\t<\/div>\n\t\t\t\t<\/div>\n\t\t\t\t<\/div>\n\t\t\t\t\t<\/div>\n\t\t<\/div>\n\t\t\t\t<div class=\"elementor-column elementor-col-33 elementor-top-column elementor-element elementor-element-92b41c7\" data-id=\"92b41c7\" data-element_type=\"column\">\n\t\t\t<div class=\"elementor-widget-wrap\">\n\t\t\t\t\t\t\t\t\t<\/div>\n\t\t<\/div>\n\t\t\t\t\t\t\t<\/div>\n\t\t<\/section>\n\t\t\t\t<section class=\"elementor-section elementor-top-section elementor-element elementor-element-12bab8b elementor-section-full_width elementor-section-height-default elementor-section-height-default\" data-id=\"12bab8b\" data-element_type=\"section\">\n\t\t\t\t\t\t<div class=\"elementor-container elementor-column-gap-default\">\n\t\t\t\t\t<div class=\"elementor-column elementor-col-100 elementor-top-column elementor-element elementor-element-509aab3\" data-id=\"509aab3\" data-element_type=\"column\" data-settings=\"{&quot;background_background&quot;:&quot;gradient&quot;}\">\n\t\t\t<div class=\"elementor-widget-wrap elementor-element-populated\">\n\t\t\t\t\t\t\t\t<div class=\"elementor-element elementor-element-17bedaa elementor-widget elementor-widget-html\" data-id=\"17bedaa\" data-element_type=\"widget\" data-widget_type=\"html.default\">\n\t\t\t\t<div class=\"elementor-widget-container\">\n\t\t\t\r\n <style>\r\n\r\n        .footer {\r\n            height: 100%;\r\n            width: 100%;\r\n            display: flex;\r\n            justify-content: space-around;\r\n            \r\n            color: #fff;\r\n        }\r\n\r\n        .footer h1 {\r\n            margin-bottom: 10px;\r\n            font-size: 15px;\r\n            color: #fff\r\n        }\r\n           .footer h2 {\r\n             line-height: 0;\r\n            font-size: 12px;\r\n            color: #fff\r\n        }\r\n\r\n        .footer div {\r\n            width: 100%;\r\n            margin: 0 10px;\r\n            text-align: center;\r\n        }\r\n\r\n        .footer p {\r\n            font-size: 10px;\r\n            line-height: 0;\r\n        }\r\n\r\n        .footer a {\r\n            color: #fff;\r\n        }\r\n\r\n        @media screen and (max-width: 750px) {\r\n            .footer {\r\n                flex-direction: column;\r\n            }\r\n            \r\n            .footer h1 {\r\n             font-size: 16px;\r\n            }\r\n            \r\n            .footer p {\r\n                font-size: 10px;\r\n                line-height: 0;\r\n            }\r\n             .footer h2 {\r\n                font-size: 11px;\r\n                line-height: 0;\r\n            }\r\n        }\r\n\r\n    <\/style>\r\n    <section class=\"footer\">\r\n        <div>\r\n            <h1>CONTACTO<\/h1>\r\n            <p> <\/p>\r\n             <h2><\/h2>\r\n            <p><h2>Edificio S11, Tercer Nivel <\/h2> <\/p>\r\n             <h2>Ciudad Universitaria, zona 12<\/h2>\r\n             <p><h2>Ciudad de Guatemala<\/h2> <\/p>\r\n            <h2> Planta baja<\/h2>\r\n            <h2>\r\n            <a href=\"mailto:deai.correspondencia2022@gmail.com\">deai.correspondencia2022@gmail.com<\/a>\r\n            <\/h2>\r\n            <h2>   <\/h2>\r\n        <\/div>\r\n        <div>\r\n            <h1>AVISOS LEGALES<\/h1>\r\n            <p> <a href=\"https:\/\/drive.google.com\/file\/d\/1DofTvMu7LQCTXop-v1ips7m8NPqwOfk-\/view?usp=sharing\" target=\"_blank\">Terminos de Uso<\/a><\/p>\r\n            <p> <a href=\"https:\/\/drive.google.com\/file\/d\/1zJUVhfjDJMl0jXy3ap1qa4ZG5839VWHg\/view?usp=sharing\" target=\"_blank\">Pol\u00edtica de privacidad y cookies<\/a><\/p>\r\n             <p>\r\n            <a rel=\"license\" href=\"http:\/\/creativecommons.org\/licenses\/by-nc-nd\/4.0\/\"  target=\"_blank\"><img decoding=\"async\" style=\"border-width: 0; max-width: 180px; height: auto;\" src=\"https:\/\/virtual.usac.edu.gt\/diged\/wp-content\/uploads\/2023\/05\/LICENCIA-CREATIVE-COMMONS-23-03.png\" \/><\/a><br \/>\r\n            <p> <\/p>\r\n           \r\n           \r\n        <\/div>\r\n    <\/section>\t\t<\/div>\n\t\t\t\t<\/div>\n\t\t\t\t\t<\/div>\n\t\t<\/div>\n\t\t\t\t\t\t\t<\/div>\n\t\t<\/section>\n\t\t\t\t\t\t\t<\/div>\n\t\t","protected":false},"excerpt":{"rendered":"<p>Observatorio de seguimiento a graduados El Observatorio de Seguimiento a Graduados, es una iniciativa dise\u00f1ada para fortalecer el v\u00ednculo entre nuestra instituci\u00f3n y los profesionales graduados en esta casa de estudios superiores. A trav\u00e9s de este espacio, nos vinculamos a las estrategias y acciones que las unidades acad\u00e9micas realizan, buscamos conocer la trayectoria profesional de &hellip;<\/p>\n<p class=\"read-more\"> <a class=\"\" href=\"https:\/\/virtual.usac.edu.gt\/deai\/graduados\/\"> <span class=\"screen-reader-text\">graduados<\/span> Read More &raquo;<\/a><\/p>\n","protected":false},"author":1,"featured_media":0,"parent":0,"menu_order":0,"comment_status":"closed","ping_status":"closed","template":"","meta":{"_monsterinsights_skip_tracking":false,"_monsterinsights_sitenote_active":false,"_monsterinsights_sitenote_note":"","_monsterinsights_sitenote_category":0,"site-sidebar-layout":"no-sidebar","site-content-layout":"page-builder","ast-global-header-display":"","ast-banner-title-visibility":"","ast-main-header-display":"","ast-hfb-above-header-display":"","ast-hfb-below-header-display":"","ast-hfb-mobile-header-display":"","site-post-title":"disabled","ast-breadcrumbs-content":"","ast-featured-img":"disabled","footer-sml-layout":"","theme-transparent-header-meta":"","adv-header-id-meta":"","stick-header-meta":"","header-above-stick-meta":"","header-main-stick-meta":"","header-below-stick-meta":"","footnotes":""},"class_list":["post-2127","page","type-page","status-publish","hentry"],"_links":{"self":[{"href":"https:\/\/virtual.usac.edu.gt\/deai\/wp-json\/wp\/v2\/pages\/2127","targetHints":{"allow":["GET"]}}],"collection":[{"href":"https:\/\/virtual.usac.edu.gt\/deai\/wp-json\/wp\/v2\/pages"}],"about":[{"href":"https:\/\/virtual.usac.edu.gt\/deai\/wp-json\/wp\/v2\/types\/page"}],"author":[{"embeddable":true,"href":"https:\/\/virtual.usac.edu.gt\/deai\/wp-json\/wp\/v2\/users\/1"}],"replies":[{"embeddable":true,"href":"https:\/\/virtual.usac.edu.gt\/deai\/wp-json\/wp\/v2\/comments?post=2127"}],"version-history":[{"count":173,"href":"https:\/\/virtual.usac.edu.gt\/deai\/wp-json\/wp\/v2\/pages\/2127\/revisions"}],"predecessor-version":[{"id":3158,"href":"https:\/\/virtual.usac.edu.gt\/deai\/wp-json\/wp\/v2\/pages\/2127\/revisions\/3158"}],"wp:attachment":[{"href":"https:\/\/virtual.usac.edu.gt\/deai\/wp-json\/wp\/v2\/media?parent=2127"}],"curies":[{"name":"wp","href":"https:\/\/api.w.org\/{rel}","templated":true}]}}