{"id":52,"date":"2023-05-25T21:27:31","date_gmt":"2023-05-25T19:27:31","guid":{"rendered":"http:\/\/192.168.100.2:82\/?page_id=52"},"modified":"2023-06-23T16:53:39","modified_gmt":"2023-06-23T14:53:39","slug":"funciones","status":"publish","type":"page","link":"https:\/\/virtual.usac.edu.gt\/deai\/funciones\/","title":{"rendered":"funciones"},"content":{"rendered":"\n<p><h1><strong style=\"color: var(--ast-global-color-2); font-style: inherit; font-family: var( --e-global-typography-text-font-family ), Sans-serif; font-size: 2.66667rem;\"><span style=\"color: #1E1D53;\"><\/span><\/strong><\/h1>\n        <h2 style=\"text-align: justify;\"><span style=\"color: #000000;\">\n        <\/span>   \n       <ol style= \"list-style-type: lower-alpha;\">\n            <li><span class=\"label\">Sistematizar los procesos de evaluaci\u00f3n acad\u00e9mica e institucional de la Universidad de San Carlos de Guatemala.<\/span><\/li>\n            <li><span class=\"label\">Administrar los procesos de evaluaci\u00f3n acad\u00e9mica e institucional de la Universidad de San Carlos de Guatemala.<\/span><\/li>\n            <li><span class=\"label\">Evaluar los procesos de evaluaci\u00f3n acad\u00e9mica e institucional de la Universidad de San Carlos de Guatemala.<\/span><\/li>\n            <li><span class=\"label\">Promover la evaluaci\u00f3n y acreditaci\u00f3n de los programas de estudio de las distintas carreras de la Universidad de San Carlos de Guatemala.<\/span><\/li>\n            <li><span class=\"label\">Coordinar con los Decanos y Directores de Centros Universitarios, las ventajas de la evaluaci\u00f3n y acreditaci\u00f3n de carreras o programas de estudio a nivel Regional dentro del Sistema de Evaluaci\u00f3n y Acreditaci\u00f3n de la Educaci\u00f3n Superior \u2013SICEVAES-.<\/span><\/li>\n            <li><span class=\"label\">Realizar estudios sobre la necesidad e importancia de la auto-evaluaci\u00f3n de Programas en las Unidades Acad\u00e9micas y Centros Universitarios, que sean necesarios o que le sean solicitados.<\/span><\/li>\n            <li><span class=\"label\">Asesorar y acompa\u00f1ar los procesos de auto-evaluaci\u00f3n en las distintas unidades acad\u00e9micas y centros universitarios de conformidad con la Gu\u00eda de auto-evaluaci\u00f3n de Programas Acad\u00e9micos, elaborada por la Comisi\u00f3n T\u00e9cnica del SICEVAES.<\/span><\/li>\n            <li><span class=\"label\">Acompa\u00f1ar las visitas de los Pares Externos para la evaluaci\u00f3n y acreditaci\u00f3n de programas acad\u00e9micos.<\/span><\/li>\n            <li><span class=\"label\">Planificar actividades de inducci\u00f3n, incentivaci\u00f3n y capacitaci\u00f3n, sobre evaluaci\u00f3n y acreditaci\u00f3n de los Programas Acad\u00e9micos de la Universidad de San Carlos de Guatemala, as\u00ed como de calidad educativa.<\/span><\/li>\n            <li><span class=\"label\">Dar seguimiento a la elaboraci\u00f3n de los informes de auto-evaluaci\u00f3n y planes de mejoras de las distintas unidades acad\u00e9micas en proceso de auto-evaluaci\u00f3n y\/o acreditaci\u00f3n.<\/span><\/li>\n          <\/ol>\n        <\/h2>\n        <\/p>\n\n\n\n<div class=\"wp-block-button\"><a class=\"wp-block-button__link has-background wp-element-button\" href=\"http:\/\/virtual.usac.edu.gt\/deai\/\" style=\"background-color:#1e1d53\"><strong>Regresar<\/strong><\/a><\/div>\n","protected":false},"excerpt":{"rendered":"<p>Sistematizar los procesos de evaluaci\u00f3n acad\u00e9mica e institucional de la Universidad de San Carlos de Guatemala. Administrar los procesos de evaluaci\u00f3n acad\u00e9mica e institucional de la Universidad de San Carlos de Guatemala. Evaluar los procesos de evaluaci\u00f3n acad\u00e9mica e institucional de la Universidad de San Carlos de Guatemala. Promover la evaluaci\u00f3n y acreditaci\u00f3n de los &hellip;<\/p>\n<p class=\"read-more\"> <a class=\"\" href=\"https:\/\/virtual.usac.edu.gt\/deai\/funciones\/\"> <span class=\"screen-reader-text\">funciones<\/span> Read More &raquo;<\/a><\/p>\n","protected":false},"author":1,"featured_media":0,"parent":0,"menu_order":0,"comment_status":"closed","ping_status":"closed","template":"","meta":{"_monsterinsights_skip_tracking":false,"_monsterinsights_sitenote_active":false,"_monsterinsights_sitenote_note":"","_monsterinsights_sitenote_category":0,"site-sidebar-layout":"default","site-content-layout":"default","ast-global-header-display":"","ast-banner-title-visibility":"","ast-main-header-display":"","ast-hfb-above-header-display":"","ast-hfb-below-header-display":"","ast-hfb-mobile-header-display":"","site-post-title":"disabled","ast-breadcrumbs-content":"","ast-featured-img":"","footer-sml-layout":"","theme-transparent-header-meta":"","adv-header-id-meta":"","stick-header-meta":"","header-above-stick-meta":"","header-main-stick-meta":"","header-below-stick-meta":"","footnotes":""},"class_list":["post-52","page","type-page","status-publish","hentry"],"_links":{"self":[{"href":"https:\/\/virtual.usac.edu.gt\/deai\/wp-json\/wp\/v2\/pages\/52","targetHints":{"allow":["GET"]}}],"collection":[{"href":"https:\/\/virtual.usac.edu.gt\/deai\/wp-json\/wp\/v2\/pages"}],"about":[{"href":"https:\/\/virtual.usac.edu.gt\/deai\/wp-json\/wp\/v2\/types\/page"}],"author":[{"embeddable":true,"href":"https:\/\/virtual.usac.edu.gt\/deai\/wp-json\/wp\/v2\/users\/1"}],"replies":[{"embeddable":true,"href":"https:\/\/virtual.usac.edu.gt\/deai\/wp-json\/wp\/v2\/comments?post=52"}],"version-history":[{"count":5,"href":"https:\/\/virtual.usac.edu.gt\/deai\/wp-json\/wp\/v2\/pages\/52\/revisions"}],"predecessor-version":[{"id":292,"href":"https:\/\/virtual.usac.edu.gt\/deai\/wp-json\/wp\/v2\/pages\/52\/revisions\/292"}],"wp:attachment":[{"href":"https:\/\/virtual.usac.edu.gt\/deai\/wp-json\/wp\/v2\/media?parent=52"}],"curies":[{"name":"wp","href":"https:\/\/api.w.org\/{rel}","templated":true}]}}