{"id":14326,"date":"2023-05-10T14:13:25","date_gmt":"2023-05-10T12:13:25","guid":{"rendered":"https:\/\/virtual.usac.edu.gt\/dedev\/?page_id=14326"},"modified":"2025-02-13T21:03:43","modified_gmt":"2025-02-13T20:03:43","slug":"asesoria-proyectos","status":"publish","type":"page","link":"https:\/\/virtual.usac.edu.gt\/dedev\/asesoria-proyectos\/","title":{"rendered":"DEDEV | Asesor\u00eda en Proyectos"},"content":{"rendered":"\t\t<div data-elementor-type=\"wp-page\" data-elementor-id=\"14326\" class=\"elementor elementor-14326\" data-elementor-settings=\"[]\">\n\t\t\t\t\t\t\t<div class=\"elementor-section-wrap\">\n\t\t\t\t\t\t\t<section class=\"elementor-section elementor-top-section elementor-element elementor-element-e1aacb3 elementor-section-boxed elementor-section-height-default elementor-section-height-default\" data-id=\"e1aacb3\" data-element_type=\"section\" data-settings=\"{&quot;background_background&quot;:&quot;classic&quot;}\">\n\t\t\t\t\t\t\t<div class=\"elementor-background-overlay\"><\/div>\n\t\t\t\t\t\t\t<div class=\"elementor-container elementor-column-gap-default\">\n\t\t\t\t\t<div class=\"elementor-column elementor-col-100 elementor-top-column elementor-element elementor-element-b41aebb\" data-id=\"b41aebb\" data-element_type=\"column\">\n\t\t\t<div class=\"elementor-widget-wrap elementor-element-populated\">\n\t\t\t\t\t\t\t\t<section class=\"elementor-section elementor-inner-section elementor-element elementor-element-df39131 elementor-section-full_width elementor-section-height-default elementor-section-height-default\" data-id=\"df39131\" data-element_type=\"section\">\n\t\t\t\t\t\t<div class=\"elementor-container elementor-column-gap-default\">\n\t\t\t\t\t<div class=\"elementor-column elementor-col-100 elementor-inner-column elementor-element elementor-element-83d44fd\" data-id=\"83d44fd\" data-element_type=\"column\">\n\t\t\t<div class=\"elementor-widget-wrap elementor-element-populated\">\n\t\t\t\t\t\t\t\t<div class=\"elementor-element elementor-element-6469c47 elementor-widget elementor-widget-image\" data-id=\"6469c47\" data-element_type=\"widget\" data-widget_type=\"image.default\">\n\t\t\t\t<div class=\"elementor-widget-container\">\n\t\t\t<style>\/*! elementor - v3.5.6 - 28-02-2022 *\/\n.elementor-widget-image{text-align:center}.elementor-widget-image a{display:inline-block}.elementor-widget-image a img[src$=\".svg\"]{width:48px}.elementor-widget-image img{vertical-align:middle;display:inline-block}<\/style>\t\t\t\t\t\t\t\t\t\t\t\t<img loading=\"lazy\" decoding=\"async\" width=\"2048\" height=\"527\" src=\"https:\/\/virtual.usac.edu.gt\/dedev\/wp-content\/uploads\/2025\/02\/BANNER-CREA-2025-asesoria-en-proyectos-01-2048x527.jpg\" class=\"attachment-2048x2048 size-2048x2048\" alt=\"\" srcset=\"https:\/\/virtual.usac.edu.gt\/dedev\/wp-content\/uploads\/2025\/02\/BANNER-CREA-2025-asesoria-en-proyectos-01-2048x527.jpg 2048w, https:\/\/virtual.usac.edu.gt\/dedev\/wp-content\/uploads\/2025\/02\/BANNER-CREA-2025-asesoria-en-proyectos-01-300x77.jpg 300w, https:\/\/virtual.usac.edu.gt\/dedev\/wp-content\/uploads\/2025\/02\/BANNER-CREA-2025-asesoria-en-proyectos-01-1024x264.jpg 1024w, https:\/\/virtual.usac.edu.gt\/dedev\/wp-content\/uploads\/2025\/02\/BANNER-CREA-2025-asesoria-en-proyectos-01-768x198.jpg 768w, https:\/\/virtual.usac.edu.gt\/dedev\/wp-content\/uploads\/2025\/02\/BANNER-CREA-2025-asesoria-en-proyectos-01-1536x395.jpg 1536w\" sizes=\"auto, (max-width: 2048px) 100vw, 2048px\" \/>\t\t\t\t\t\t\t\t\t\t\t\t\t\t\t<\/div>\n\t\t\t\t<\/div>\n\t\t\t\t\t<\/div>\n\t\t<\/div>\n\t\t\t\t\t\t\t<\/div>\n\t\t<\/section>\n\t\t\t\t<div class=\"elementor-element elementor-element-6c97ad1 elementor-widget elementor-widget-text-editor\" data-id=\"6c97ad1\" data-element_type=\"widget\" data-widget_type=\"text-editor.default\">\n\t\t\t\t<div class=\"elementor-widget-container\">\n\t\t\t<style>\/*! elementor - v3.5.6 - 28-02-2022 *\/\n.elementor-widget-text-editor.elementor-drop-cap-view-stacked .elementor-drop-cap{background-color:#818a91;color:#fff}.elementor-widget-text-editor.elementor-drop-cap-view-framed .elementor-drop-cap{color:#818a91;border:3px solid;background-color:transparent}.elementor-widget-text-editor:not(.elementor-drop-cap-view-default) .elementor-drop-cap{margin-top:8px}.elementor-widget-text-editor:not(.elementor-drop-cap-view-default) .elementor-drop-cap-letter{width:1em;height:1em}.elementor-widget-text-editor .elementor-drop-cap{float:left;text-align:center;line-height:1;font-size:50px}.elementor-widget-text-editor .elementor-drop-cap-letter{display:inline-block}<\/style>\t\t\t\t<h3 style=\"font-size: 1.66667rem; font-style: normal;\" align=\"justify\"><span style=\"color: #000000;\">El servicio de asesor\u00eda en proyectos para docentes del proyecto CREA de la Divisi\u00f3n de Educaci\u00f3n a Distancia en Entornos Virtuales (DEDEV) de la Direcci\u00f3n General de Docencia (DIGED) puede asesorar en el dise\u00f1o instruccional, para integrar recursos tecnol\u00f3gicos y redise\u00f1ar estrategias did\u00e1cticas efectivas para la educaci\u00f3n a distancia en entornos virtuales, en cumplimiento de la Pol\u00edtica de Educaci\u00f3n en Entornos Virtuales (PEDEV).<\/h3>\t\t\t\t\t\t<\/div>\n\t\t\t\t<\/div>\n\t\t\t\t<div class=\"elementor-element elementor-element-f89fbbe elementor-widget elementor-widget-text-editor\" data-id=\"f89fbbe\" data-element_type=\"widget\" data-widget_type=\"text-editor.default\">\n\t\t\t\t<div class=\"elementor-widget-container\">\n\t\t\t\t\t\t\t<h3 align=\"justify\"><span style=\"color: #000000; font-size: 1.66667rem; font-style: inherit; font-weight: inherit; font-family: var( --e-global-typography-text-font-family ), Sans-serif;\">Estos proyectos pueden ser individuales o grupales e involucrar a varias dependencias dentro de su unidad acad\u00e9mica. Adem\u00e1s, nuestro equipo profesional proporcionar\u00e1 seguimiento durante un per\u00edodo de 20 semanas, una vez firmado el acuerdo de trabajo.\u00a0<\/span><\/h3><div><p style=\"-webkit-font-smoothing: antialiased; outline-style: none; outline-width: initial; margin-block: 0px; line-height: normal; margin-bottom: 0px; color: #2b2e38; font-family: 'Source Sans Pro', sans-serif; font-size: medium; font-style: normal; font-weight: 300; text-align: justify;\">\u00a0<\/p><p style=\"-webkit-font-smoothing: antialiased; outline-style: none; outline-width: initial; margin-block: 0px; line-height: normal; margin-bottom: 0px; color: #2b2e38; font-family: 'Source Sans Pro', sans-serif; font-size: medium; font-style: normal; font-weight: 300; text-align: justify;\">\u00a0<\/p><p style=\"font-size: medium; font-style: normal; font-weight: 300; margin-bottom: 0px; outline-style: none; outline-width: initial; -webkit-font-smoothing: antialiased; margin-block: 0px; line-height: normal; color: #2b2e38; font-family: 'Source Sans Pro', sans-serif; text-align: justify;\">\u00a0<\/p><p style=\"-webkit-font-smoothing: antialiased; outline-style: none; outline-width: initial; margin-block: 0px; line-height: normal; margin-bottom: 0px; color: #2b2e38; font-family: 'Source Sans Pro', sans-serif; font-size: medium; font-style: normal; font-weight: 300; text-align: justify;\">\u00a0<\/p><p style=\"-webkit-font-smoothing: antialiased; outline-style: none; outline-width: initial; margin-block: 0px; line-height: normal; margin-bottom: 0px; color: #2b2e38; font-family: 'Source Sans Pro', sans-serif; font-size: medium; font-style: normal; font-weight: 300; text-align: justify;\">\u00a0<\/p><\/div>\t\t\t\t\t\t<\/div>\n\t\t\t\t<\/div>\n\t\t\t\t<div class=\"elementor-element elementor-element-16f61b0 elementor-widget elementor-widget-html\" data-id=\"16f61b0\" data-element_type=\"widget\" data-widget_type=\"html.default\">\n\t\t\t\t<div class=\"elementor-widget-container\">\n\t\t\t<div style=\"width: 100%;\"><div style=\"position: relative; padding-bottom: 56.25%; padding-top: 0; height: 0;\"><iframe loading=\"lazy\" frameborder=\"0\" width=\"1200\" height=\"675\" style=\"position: absolute; top: 0; left: 0; width: 100%; height: 100%;\" src=\"https:\/\/view.genial.ly\/61f09445c5806e0014164949\" type=\"text\/html\" \n allownetworking=\"all\"><\/iframe> <\/div> <\/div>\t\t<\/div>\n\t\t\t\t<\/div>\n\t\t\t\t<div class=\"elementor-element elementor-element-ac5cf08 elementor-align-justify elementor-widget elementor-widget-button\" data-id=\"ac5cf08\" data-element_type=\"widget\" data-widget_type=\"button.default\">\n\t\t\t\t<div class=\"elementor-widget-container\">\n\t\t\t\t\t<div class=\"elementor-button-wrapper\">\n\t\t\t<a href=\"https:\/\/drive.google.com\/file\/d\/1rck__iRvEC0ffwmkZXh3VpnpLRJ7TDyO\/view?usp=sharing\" target=\"_blank\" class=\"elementor-button-link elementor-button elementor-size-lg\" role=\"button\">\n\t\t\t\t\t\t<span class=\"elementor-button-content-wrapper\">\n\t\t\t\t\t\t<span class=\"elementor-button-text\">Descarga el procedimiento <\/span>\n\t\t<\/span>\n\t\t\t\t\t<\/a>\n\t\t<\/div>\n\t\t\t\t<\/div>\n\t\t\t\t<\/div>\n\t\t\t\t<div class=\"elementor-element elementor-element-84c80ae elementor-align-center elementor-widget elementor-widget-button\" data-id=\"84c80ae\" data-element_type=\"widget\" data-widget_type=\"button.default\">\n\t\t\t\t<div class=\"elementor-widget-container\">\n\t\t\t\t\t<div class=\"elementor-button-wrapper\">\n\t\t\t<a href=\"https:\/\/virtual.usac.edu.gt\/dedev\" class=\"elementor-button-link elementor-button elementor-size-md\" role=\"button\">\n\t\t\t\t\t\t<span class=\"elementor-button-content-wrapper\">\n\t\t\t\t\t\t<span class=\"elementor-button-icon elementor-align-icon-left\">\n\t\t\t\t<i aria-hidden=\"true\" class=\"far fa-arrow-alt-circle-left\"><\/i>\t\t\t<\/span>\n\t\t\t\t\t\t<span class=\"elementor-button-text\">Anterior<\/span>\n\t\t<\/span>\n\t\t\t\t\t<\/a>\n\t\t<\/div>\n\t\t\t\t<\/div>\n\t\t\t\t<\/div>\n\t\t\t\t\t<\/div>\n\t\t<\/div>\n\t\t\t\t\t\t\t<\/div>\n\t\t<\/section>\n\t\t\t\t\t\t<\/div>\n\t\t\t\t\t<\/div>\n\t\t","protected":false},"excerpt":{"rendered":"<p>El servicio de asesor\u00eda en proyectos para docentes del proyecto CREA de la Divisi\u00f3n de Educaci\u00f3n a Distancia en Entornos Virtuales (DEDEV) de la Direcci\u00f3n General de Docencia (DIGED) puede asesorar en el dise\u00f1o instruccional, para integrar recursos tecnol\u00f3gicos y redise\u00f1ar estrategias did\u00e1cticas efectivas para la educaci\u00f3n a distancia en entornos virtuales, en cumplimiento de &hellip;<\/p>\n<p class=\"read-more\"> <a class=\"\" href=\"https:\/\/virtual.usac.edu.gt\/dedev\/asesoria-proyectos\/\"> <span class=\"screen-reader-text\">DEDEV | Asesor\u00eda en Proyectos<\/span> Read More &raquo;<\/a><\/p>\n","protected":false},"author":1,"featured_media":0,"parent":0,"menu_order":0,"comment_status":"closed","ping_status":"closed","template":"","meta":{"site-sidebar-layout":"no-sidebar","site-content-layout":"page-builder","ast-main-header-display":"","ast-hfb-above-header-display":"","ast-hfb-below-header-display":"","ast-hfb-mobile-header-display":"","site-post-title":"disabled","ast-breadcrumbs-content":"","ast-featured-img":"disabled","footer-sml-layout":"","theme-transparent-header-meta":"","adv-header-id-meta":"","stick-header-meta":"","header-above-stick-meta":"","header-main-stick-meta":"","header-below-stick-meta":"","footnotes":""},"class_list":["post-14326","page","type-page","status-publish","hentry"],"yoast_head":"<!-- This site is optimized with the Yoast SEO plugin v22.0 - https:\/\/yoast.com\/wordpress\/plugins\/seo\/ -->\n<title>DEDEV | Asesor\u00eda en Proyectos<\/title>\n<meta name=\"description\" content=\"Este servicio puede ayudar a dise\u00f1ar y crear cursos, programas o carreras en modalidades virtuales o h\u00edbridas mediante un enfoque de dise\u00f1o instruccional\" \/>\n<meta name=\"robots\" content=\"index, follow, max-snippet:-1, max-image-preview:large, max-video-preview:-1\" \/>\n<link rel=\"canonical\" href=\"https:\/\/virtual.usac.edu.gt\/dedev\/asesoria-proyectos\/\" \/>\n<meta property=\"og:locale\" content=\"es_ES\" \/>\n<meta property=\"og:type\" content=\"article\" \/>\n<meta property=\"og:title\" content=\"DEDEV | Asesor\u00eda en Proyectos\" \/>\n<meta property=\"og:description\" content=\"Este servicio puede ayudar a dise\u00f1ar y crear cursos, programas o carreras en modalidades virtuales o h\u00edbridas mediante un enfoque de dise\u00f1o instruccional\" \/>\n<meta property=\"og:url\" content=\"https:\/\/virtual.usac.edu.gt\/dedev\/asesoria-proyectos\/\" \/>\n<meta property=\"article:publisher\" content=\"https:\/\/www.facebook.com\/dedevusac\" \/>\n<meta property=\"article:modified_time\" content=\"2025-02-13T20:03:43+00:00\" \/>\n<meta property=\"og:image\" content=\"http:\/\/virtual.usac.edu.gt\/dedev\/wp-content\/uploads\/2021\/11\/cropped-ICONO_Mesa-de-trabajo-1-copia.png\" \/>\n\t<meta property=\"og:image:width\" content=\"512\" \/>\n\t<meta property=\"og:image:height\" content=\"512\" \/>\n\t<meta property=\"og:image:type\" content=\"image\/png\" \/>\n<meta name=\"twitter:card\" content=\"summary_large_image\" \/>\n<meta name=\"twitter:site\" content=\"@usacdedev\" \/>\n<meta name=\"twitter:label1\" content=\"Est. reading time\" \/>\n\t<meta name=\"twitter:data1\" content=\"1 minuto\" \/>\n<script type=\"application\/ld+json\" class=\"yoast-schema-graph\">{\"@context\":\"https:\/\/schema.org\",\"@graph\":[{\"@type\":\"WebPage\",\"@id\":\"https:\/\/virtual.usac.edu.gt\/dedev\/asesoria-proyectos\/\",\"url\":\"https:\/\/virtual.usac.edu.gt\/dedev\/asesoria-proyectos\/\",\"name\":\"DEDEV | Asesor\u00eda en Proyectos\",\"isPartOf\":{\"@id\":\"https:\/\/virtual.usac.edu.gt\/dedev\/#website\"},\"datePublished\":\"2023-05-10T12:13:25+00:00\",\"dateModified\":\"2025-02-13T20:03:43+00:00\",\"description\":\"Este servicio puede ayudar a dise\u00f1ar y crear cursos, programas o carreras en modalidades virtuales o h\u00edbridas mediante un enfoque de dise\u00f1o instruccional\",\"breadcrumb\":{\"@id\":\"https:\/\/virtual.usac.edu.gt\/dedev\/asesoria-proyectos\/#breadcrumb\"},\"inLanguage\":\"es\",\"potentialAction\":[{\"@type\":\"ReadAction\",\"target\":[\"https:\/\/virtual.usac.edu.gt\/dedev\/asesoria-proyectos\/\"]}]},{\"@type\":\"BreadcrumbList\",\"@id\":\"https:\/\/virtual.usac.edu.gt\/dedev\/asesoria-proyectos\/#breadcrumb\",\"itemListElement\":[{\"@type\":\"ListItem\",\"position\":1,\"name\":\"Home\",\"item\":\"https:\/\/virtual.usac.edu.gt\/dedev\/\"},{\"@type\":\"ListItem\",\"position\":2,\"name\":\"DEDEV | Asesor\u00eda en Proyectos\"}]},{\"@type\":\"WebSite\",\"@id\":\"https:\/\/virtual.usac.edu.gt\/dedev\/#website\",\"url\":\"https:\/\/virtual.usac.edu.gt\/dedev\/\",\"name\":\"https:\/\/virtual.usac.edu.gt\/dedev\",\"description\":\"Divisi\u00f3n de Educaci\u00f3n a Distancia en Entornos Virtuales\",\"publisher\":{\"@id\":\"https:\/\/virtual.usac.edu.gt\/dedev\/#organization\"},\"potentialAction\":[{\"@type\":\"SearchAction\",\"target\":{\"@type\":\"EntryPoint\",\"urlTemplate\":\"https:\/\/virtual.usac.edu.gt\/dedev\/?s={search_term_string}\"},\"query-input\":\"required name=search_term_string\"}],\"inLanguage\":\"es\"},{\"@type\":\"Organization\",\"@id\":\"https:\/\/virtual.usac.edu.gt\/dedev\/#organization\",\"name\":\"DEDEV USAC\",\"alternateName\":\"DEDEV\",\"url\":\"https:\/\/virtual.usac.edu.gt\/dedev\/\",\"logo\":{\"@type\":\"ImageObject\",\"inLanguage\":\"es\",\"@id\":\"https:\/\/virtual.usac.edu.gt\/dedev\/#\/schema\/logo\/image\/\",\"url\":\"https:\/\/virtual.usac.edu.gt\/dedev\/wp-content\/uploads\/2021\/11\/cropped-ICONO_Mesa-de-trabajo-1-copia.png\",\"contentUrl\":\"https:\/\/virtual.usac.edu.gt\/dedev\/wp-content\/uploads\/2021\/11\/cropped-ICONO_Mesa-de-trabajo-1-copia.png\",\"width\":512,\"height\":512,\"caption\":\"DEDEV USAC\"},\"image\":{\"@id\":\"https:\/\/virtual.usac.edu.gt\/dedev\/#\/schema\/logo\/image\/\"},\"sameAs\":[\"https:\/\/www.facebook.com\/dedevusac\",\"https:\/\/twitter.com\/usacdedev\",\"https:\/\/www.youtube.com\/channel\/UC0weNIBRspBx-ntSC31LgVA\"]}]}<\/script>\n<!-- \/ Yoast SEO plugin. -->","yoast_head_json":{"title":"DEDEV | Asesor\u00eda en Proyectos","description":"Este servicio puede ayudar a dise\u00f1ar y crear cursos, programas o carreras en modalidades virtuales o h\u00edbridas mediante un enfoque de dise\u00f1o instruccional","robots":{"index":"index","follow":"follow","max-snippet":"max-snippet:-1","max-image-preview":"max-image-preview:large","max-video-preview":"max-video-preview:-1"},"canonical":"https:\/\/virtual.usac.edu.gt\/dedev\/asesoria-proyectos\/","og_locale":"es_ES","og_type":"article","og_title":"DEDEV | Asesor\u00eda en Proyectos","og_description":"Este servicio puede ayudar a dise\u00f1ar y crear cursos, programas o carreras en modalidades virtuales o h\u00edbridas mediante un enfoque de dise\u00f1o instruccional","og_url":"https:\/\/virtual.usac.edu.gt\/dedev\/asesoria-proyectos\/","article_publisher":"https:\/\/www.facebook.com\/dedevusac","article_modified_time":"2025-02-13T20:03:43+00:00","og_image":[{"width":512,"height":512,"url":"http:\/\/virtual.usac.edu.gt\/dedev\/wp-content\/uploads\/2021\/11\/cropped-ICONO_Mesa-de-trabajo-1-copia.png","type":"image\/png"}],"twitter_card":"summary_large_image","twitter_site":"@usacdedev","twitter_misc":{"Est. reading time":"1 minuto"},"schema":{"@context":"https:\/\/schema.org","@graph":[{"@type":"WebPage","@id":"https:\/\/virtual.usac.edu.gt\/dedev\/asesoria-proyectos\/","url":"https:\/\/virtual.usac.edu.gt\/dedev\/asesoria-proyectos\/","name":"DEDEV | Asesor\u00eda en Proyectos","isPartOf":{"@id":"https:\/\/virtual.usac.edu.gt\/dedev\/#website"},"datePublished":"2023-05-10T12:13:25+00:00","dateModified":"2025-02-13T20:03:43+00:00","description":"Este servicio puede ayudar a dise\u00f1ar y crear cursos, programas o carreras en modalidades virtuales o h\u00edbridas mediante un enfoque de dise\u00f1o instruccional","breadcrumb":{"@id":"https:\/\/virtual.usac.edu.gt\/dedev\/asesoria-proyectos\/#breadcrumb"},"inLanguage":"es","potentialAction":[{"@type":"ReadAction","target":["https:\/\/virtual.usac.edu.gt\/dedev\/asesoria-proyectos\/"]}]},{"@type":"BreadcrumbList","@id":"https:\/\/virtual.usac.edu.gt\/dedev\/asesoria-proyectos\/#breadcrumb","itemListElement":[{"@type":"ListItem","position":1,"name":"Home","item":"https:\/\/virtual.usac.edu.gt\/dedev\/"},{"@type":"ListItem","position":2,"name":"DEDEV | Asesor\u00eda en Proyectos"}]},{"@type":"WebSite","@id":"https:\/\/virtual.usac.edu.gt\/dedev\/#website","url":"https:\/\/virtual.usac.edu.gt\/dedev\/","name":"https:\/\/virtual.usac.edu.gt\/dedev","description":"Divisi\u00f3n de Educaci\u00f3n a Distancia en Entornos Virtuales","publisher":{"@id":"https:\/\/virtual.usac.edu.gt\/dedev\/#organization"},"potentialAction":[{"@type":"SearchAction","target":{"@type":"EntryPoint","urlTemplate":"https:\/\/virtual.usac.edu.gt\/dedev\/?s={search_term_string}"},"query-input":"required name=search_term_string"}],"inLanguage":"es"},{"@type":"Organization","@id":"https:\/\/virtual.usac.edu.gt\/dedev\/#organization","name":"DEDEV USAC","alternateName":"DEDEV","url":"https:\/\/virtual.usac.edu.gt\/dedev\/","logo":{"@type":"ImageObject","inLanguage":"es","@id":"https:\/\/virtual.usac.edu.gt\/dedev\/#\/schema\/logo\/image\/","url":"https:\/\/virtual.usac.edu.gt\/dedev\/wp-content\/uploads\/2021\/11\/cropped-ICONO_Mesa-de-trabajo-1-copia.png","contentUrl":"https:\/\/virtual.usac.edu.gt\/dedev\/wp-content\/uploads\/2021\/11\/cropped-ICONO_Mesa-de-trabajo-1-copia.png","width":512,"height":512,"caption":"DEDEV USAC"},"image":{"@id":"https:\/\/virtual.usac.edu.gt\/dedev\/#\/schema\/logo\/image\/"},"sameAs":["https:\/\/www.facebook.com\/dedevusac","https:\/\/twitter.com\/usacdedev","https:\/\/www.youtube.com\/channel\/UC0weNIBRspBx-ntSC31LgVA"]}]}},"_links":{"self":[{"href":"https:\/\/virtual.usac.edu.gt\/dedev\/wp-json\/wp\/v2\/pages\/14326","targetHints":{"allow":["GET"]}}],"collection":[{"href":"https:\/\/virtual.usac.edu.gt\/dedev\/wp-json\/wp\/v2\/pages"}],"about":[{"href":"https:\/\/virtual.usac.edu.gt\/dedev\/wp-json\/wp\/v2\/types\/page"}],"author":[{"embeddable":true,"href":"https:\/\/virtual.usac.edu.gt\/dedev\/wp-json\/wp\/v2\/users\/1"}],"replies":[{"embeddable":true,"href":"https:\/\/virtual.usac.edu.gt\/dedev\/wp-json\/wp\/v2\/comments?post=14326"}],"version-history":[{"count":69,"href":"https:\/\/virtual.usac.edu.gt\/dedev\/wp-json\/wp\/v2\/pages\/14326\/revisions"}],"predecessor-version":[{"id":17941,"href":"https:\/\/virtual.usac.edu.gt\/dedev\/wp-json\/wp\/v2\/pages\/14326\/revisions\/17941"}],"wp:attachment":[{"href":"https:\/\/virtual.usac.edu.gt\/dedev\/wp-json\/wp\/v2\/media?parent=14326"}],"curies":[{"name":"wp","href":"https:\/\/api.w.org\/{rel}","templated":true}]}}