{"id":14351,"date":"2023-05-10T14:26:54","date_gmt":"2023-05-10T12:26:54","guid":{"rendered":"https:\/\/virtual.usac.edu.gt\/dedev\/?page_id=14351"},"modified":"2025-01-20T22:26:03","modified_gmt":"2025-01-20T21:26:03","slug":"google-workspace","status":"publish","type":"page","link":"https:\/\/virtual.usac.edu.gt\/dedev\/google-workspace\/","title":{"rendered":"DEDEV | Google WorkSpace"},"content":{"rendered":"\t\t<div data-elementor-type=\"wp-page\" data-elementor-id=\"14351\" class=\"elementor elementor-14351\" data-elementor-settings=\"[]\">\n\t\t\t\t\t\t\t<div class=\"elementor-section-wrap\">\n\t\t\t\t\t\t\t<section class=\"elementor-section elementor-top-section elementor-element elementor-element-abcfff9 elementor-section-boxed elementor-section-height-default elementor-section-height-default\" data-id=\"abcfff9\" data-element_type=\"section\" data-settings=\"{&quot;background_background&quot;:&quot;classic&quot;}\">\n\t\t\t\t\t\t<div class=\"elementor-container elementor-column-gap-default\">\n\t\t\t\t\t<div class=\"elementor-column elementor-col-100 elementor-top-column elementor-element elementor-element-2d19abc\" data-id=\"2d19abc\" data-element_type=\"column\">\n\t\t\t<div class=\"elementor-widget-wrap elementor-element-populated\">\n\t\t\t\t\t\t\t\t<section class=\"elementor-section elementor-inner-section elementor-element elementor-element-bdc6767 elementor-section-boxed elementor-section-height-default elementor-section-height-default\" data-id=\"bdc6767\" data-element_type=\"section\">\n\t\t\t\t\t\t<div class=\"elementor-container elementor-column-gap-default\">\n\t\t\t\t\t<div class=\"elementor-column elementor-col-100 elementor-inner-column elementor-element elementor-element-9644880\" data-id=\"9644880\" data-element_type=\"column\">\n\t\t\t<div class=\"elementor-widget-wrap elementor-element-populated\">\n\t\t\t\t\t\t\t\t<div class=\"elementor-element elementor-element-c6f2e1d elementor-widget elementor-widget-image\" data-id=\"c6f2e1d\" data-element_type=\"widget\" data-widget_type=\"image.default\">\n\t\t\t\t<div class=\"elementor-widget-container\">\n\t\t\t<style>\/*! elementor - v3.5.6 - 28-02-2022 *\/\n.elementor-widget-image{text-align:center}.elementor-widget-image a{display:inline-block}.elementor-widget-image a img[src$=\".svg\"]{width:48px}.elementor-widget-image img{vertical-align:middle;display:inline-block}<\/style>\t\t\t\t\t\t\t\t\t\t\t\t<img loading=\"lazy\" decoding=\"async\" width=\"2048\" height=\"527\" src=\"https:\/\/virtual.usac.edu.gt\/dedev\/wp-content\/uploads\/2022\/02\/BANNER-CEASN-08-2048x527.png\" class=\"attachment-2048x2048 size-2048x2048\" alt=\"\" srcset=\"https:\/\/virtual.usac.edu.gt\/dedev\/wp-content\/uploads\/2022\/02\/BANNER-CEASN-08-2048x527.png 2048w, https:\/\/virtual.usac.edu.gt\/dedev\/wp-content\/uploads\/2022\/02\/BANNER-CEASN-08-300x77.png 300w, https:\/\/virtual.usac.edu.gt\/dedev\/wp-content\/uploads\/2022\/02\/BANNER-CEASN-08-1024x264.png 1024w, https:\/\/virtual.usac.edu.gt\/dedev\/wp-content\/uploads\/2022\/02\/BANNER-CEASN-08-768x198.png 768w, https:\/\/virtual.usac.edu.gt\/dedev\/wp-content\/uploads\/2022\/02\/BANNER-CEASN-08-1536x395.png 1536w\" sizes=\"auto, (max-width: 2048px) 100vw, 2048px\" \/>\t\t\t\t\t\t\t\t\t\t\t\t\t\t\t<\/div>\n\t\t\t\t<\/div>\n\t\t\t\t\t<\/div>\n\t\t<\/div>\n\t\t\t\t\t\t\t<\/div>\n\t\t<\/section>\n\t\t\t\t<section class=\"elementor-section elementor-inner-section elementor-element elementor-element-e20e656 elementor-section-boxed elementor-section-height-default elementor-section-height-default\" data-id=\"e20e656\" data-element_type=\"section\">\n\t\t\t\t\t\t<div class=\"elementor-container elementor-column-gap-default\">\n\t\t\t\t\t<div class=\"elementor-column elementor-col-100 elementor-inner-column elementor-element elementor-element-6b84ca9\" data-id=\"6b84ca9\" data-element_type=\"column\">\n\t\t\t<div class=\"elementor-widget-wrap elementor-element-populated\">\n\t\t\t\t\t\t\t\t<div class=\"elementor-element elementor-element-6f2cc3c elementor-widget elementor-widget-text-editor\" data-id=\"6f2cc3c\" data-element_type=\"widget\" data-widget_type=\"text-editor.default\">\n\t\t\t\t<div class=\"elementor-widget-container\">\n\t\t\t<style>\/*! elementor - v3.5.6 - 28-02-2022 *\/\n.elementor-widget-text-editor.elementor-drop-cap-view-stacked .elementor-drop-cap{background-color:#818a91;color:#fff}.elementor-widget-text-editor.elementor-drop-cap-view-framed .elementor-drop-cap{color:#818a91;border:3px solid;background-color:transparent}.elementor-widget-text-editor:not(.elementor-drop-cap-view-default) .elementor-drop-cap{margin-top:8px}.elementor-widget-text-editor:not(.elementor-drop-cap-view-default) .elementor-drop-cap-letter{width:1em;height:1em}.elementor-widget-text-editor .elementor-drop-cap{float:left;text-align:center;line-height:1;font-size:50px}.elementor-widget-text-editor .elementor-drop-cap-letter{display:inline-block}<\/style>\t\t\t\t<h3 align=\"justify\"><span style=\"color: #000000;\">El servicio Workspace para docentes del proyecto CREA de la Divisi\u00f3n de Educaci\u00f3n a Distancia en Entornos Virtuales (DEDEV) de la Direcci\u00f3n General de Docencia (DIGED), ofrece cuentas de correo electr\u00f3nico institucional con el dominio @profesor.usac.edu.gt a los profesores de la Universidad de San Carlos de Guatemala.<\/span><\/h3>\t\t\t\t\t\t<\/div>\n\t\t\t\t<\/div>\n\t\t\t\t\t<\/div>\n\t\t<\/div>\n\t\t\t\t\t\t\t<\/div>\n\t\t<\/section>\n\t\t\t\t<section class=\"elementor-section elementor-inner-section elementor-element elementor-element-7f7720f elementor-section-boxed elementor-section-height-default elementor-section-height-default\" data-id=\"7f7720f\" data-element_type=\"section\">\n\t\t\t\t\t\t<div class=\"elementor-container elementor-column-gap-default\">\n\t\t\t\t\t<div class=\"elementor-column elementor-col-100 elementor-inner-column elementor-element elementor-element-014e4e2\" data-id=\"014e4e2\" data-element_type=\"column\">\n\t\t\t<div class=\"elementor-widget-wrap elementor-element-populated\">\n\t\t\t\t\t\t\t\t<div class=\"elementor-element elementor-element-35ff249 elementor-widget elementor-widget-text-editor\" data-id=\"35ff249\" data-element_type=\"widget\" data-widget_type=\"text-editor.default\">\n\t\t\t\t<div class=\"elementor-widget-container\">\n\t\t\t\t\t\t\t<h3 align=\"justify\"><span style=\"color: #000000;\">Estas cuentas proporcionan las herramientas digitales necesarias para impartir clases sincr\u00f3nicas o asincr\u00f3nicas.<\/span><\/h3>\t\t\t\t\t\t<\/div>\n\t\t\t\t<\/div>\n\t\t\t\t\t<\/div>\n\t\t<\/div>\n\t\t\t\t\t\t\t<\/div>\n\t\t<\/section>\n\t\t\t\t<section class=\"elementor-section elementor-inner-section elementor-element elementor-element-7e8ab6c elementor-section-boxed elementor-section-height-default elementor-section-height-default\" data-id=\"7e8ab6c\" data-element_type=\"section\">\n\t\t\t\t\t\t<div class=\"elementor-container elementor-column-gap-default\">\n\t\t\t\t\t<div class=\"elementor-column elementor-col-100 elementor-inner-column elementor-element elementor-element-5a008d0\" data-id=\"5a008d0\" data-element_type=\"column\">\n\t\t\t<div class=\"elementor-widget-wrap elementor-element-populated\">\n\t\t\t\t\t\t\t\t<div class=\"elementor-element elementor-element-893b0d5 elementor-widget elementor-widget-text-editor\" data-id=\"893b0d5\" data-element_type=\"widget\" data-widget_type=\"text-editor.default\">\n\t\t\t\t<div class=\"elementor-widget-container\">\n\t\t\t\t\t\t\t<h3 align=\"justify\"><span style=\"color: #000000;\">Entre las herramientas disponibles se encuentra la aplicaci\u00f3n Google Meet para videollamadas y con la licencia de Workspace for Education Plus, permite hasta 500 personas por sala sin l\u00edmite de tiempo y con la opci\u00f3n de grabaci\u00f3n. Adem\u00e1s, incluye la integraci\u00f3n de la pizarra digital Jamboard, presentaciones de diapositivas, formularios, sitios web y otras aplicaciones para trabajo colaborativo.<br \/><\/span><\/h3>\t\t\t\t\t\t<\/div>\n\t\t\t\t<\/div>\n\t\t\t\t<div class=\"elementor-element elementor-element-372bcdc elementor-widget elementor-widget-text-editor\" data-id=\"372bcdc\" data-element_type=\"widget\" data-widget_type=\"text-editor.default\">\n\t\t\t\t<div class=\"elementor-widget-container\">\n\t\t\t\t\t\t\t<h3 align=\"justify\"><span style=\"color: #000000;\">Estas herramientas son \u00fatiles para estudiantes y docentes, mejoran la ense\u00f1anza y el aprendizaje.\n<\/span><\/h3>\n\n\t\t\t\t\t\t<\/div>\n\t\t\t\t<\/div>\n\t\t\t\t<div class=\"elementor-element elementor-element-d82478b elementor-widget elementor-widget-text-editor\" data-id=\"d82478b\" data-element_type=\"widget\" data-widget_type=\"text-editor.default\">\n\t\t\t\t<div class=\"elementor-widget-container\">\n\t\t\t\t\t\t\t\t\t\t\t\t\t<\/div>\n\t\t\t\t<\/div>\n\t\t\t\t\t<\/div>\n\t\t<\/div>\n\t\t\t\t\t\t\t<\/div>\n\t\t<\/section>\n\t\t\t\t<div class=\"elementor-element elementor-element-3bf37c1 elementor-widget elementor-widget-html\" data-id=\"3bf37c1\" data-element_type=\"widget\" data-widget_type=\"html.default\">\n\t\t\t\t<div class=\"elementor-widget-container\">\n\t\t\t<div style=\"width: 100%;\"><div style=\"position: relative; padding-bottom: 56.25%; padding-top: 0; height: 0;\"><iframe loading=\"lazy\" frameborder=\"0\" width=\"1200\" height=\"675\" style=\"position: absolute; top: 0; left: 0; width: 100%; height: 100%;\" src=\"https:\/\/view.genial.ly\/61f8432809bb2b00197583b9\" type=\"text\/html\" allowscriptaccess=\"always\" allowfullscreen=\"true\" scrolling=\"yes\" allownetworking=\"all\"><\/iframe> <\/div> <\/div>\t\t<\/div>\n\t\t\t\t<\/div>\n\t\t\t\t<div class=\"elementor-element elementor-element-4e14717 elementor-align-justify elementor-widget elementor-widget-button\" data-id=\"4e14717\" data-element_type=\"widget\" data-widget_type=\"button.default\">\n\t\t\t\t<div class=\"elementor-widget-container\">\n\t\t\t\t\t<div class=\"elementor-button-wrapper\">\n\t\t\t<a href=\"https:\/\/drive.google.com\/file\/d\/1Ve3bF38jNzA_P5hx4pGXDUUb1Gk70_Ad\/view?usp=drive_link\" target=\"_blank\" class=\"elementor-button-link elementor-button elementor-size-lg\" role=\"button\">\n\t\t\t\t\t\t<span class=\"elementor-button-content-wrapper\">\n\t\t\t\t\t\t<span class=\"elementor-button-text\">Descarga el procedimiento<\/span>\n\t\t<\/span>\n\t\t\t\t\t<\/a>\n\t\t<\/div>\n\t\t\t\t<\/div>\n\t\t\t\t<\/div>\n\t\t\t\t<div class=\"elementor-element elementor-element-0e8d60d elementor-align-center elementor-widget elementor-widget-button\" data-id=\"0e8d60d\" data-element_type=\"widget\" data-widget_type=\"button.default\">\n\t\t\t\t<div class=\"elementor-widget-container\">\n\t\t\t\t\t<div class=\"elementor-button-wrapper\">\n\t\t\t<a href=\"https:\/\/virtual.usac.edu.gt\/dedev\" class=\"elementor-button-link elementor-button elementor-size-md\" role=\"button\">\n\t\t\t\t\t\t<span class=\"elementor-button-content-wrapper\">\n\t\t\t\t\t\t<span class=\"elementor-button-icon elementor-align-icon-left\">\n\t\t\t\t<i aria-hidden=\"true\" class=\"far fa-arrow-alt-circle-left\"><\/i>\t\t\t<\/span>\n\t\t\t\t\t\t<span class=\"elementor-button-text\">Anterior<\/span>\n\t\t<\/span>\n\t\t\t\t\t<\/a>\n\t\t<\/div>\n\t\t\t\t<\/div>\n\t\t\t\t<\/div>\n\t\t\t\t\t<\/div>\n\t\t<\/div>\n\t\t\t\t\t\t\t<\/div>\n\t\t<\/section>\n\t\t\t\t\t\t<\/div>\n\t\t\t\t\t<\/div>\n\t\t","protected":false},"excerpt":{"rendered":"<p>El servicio Workspace para docentes del proyecto CREA de la Divisi\u00f3n de Educaci\u00f3n a Distancia en Entornos Virtuales (DEDEV) de la Direcci\u00f3n General de Docencia (DIGED), ofrece cuentas de correo electr\u00f3nico institucional con el dominio @profesor.usac.edu.gt a los profesores de la Universidad de San Carlos de Guatemala. Estas cuentas proporcionan las herramientas digitales necesarias para &hellip;<\/p>\n<p class=\"read-more\"> <a class=\"\" href=\"https:\/\/virtual.usac.edu.gt\/dedev\/google-workspace\/\"> <span class=\"screen-reader-text\">DEDEV | Google WorkSpace<\/span> Read More &raquo;<\/a><\/p>\n","protected":false},"author":1,"featured_media":0,"parent":0,"menu_order":0,"comment_status":"closed","ping_status":"closed","template":"","meta":{"site-sidebar-layout":"no-sidebar","site-content-layout":"page-builder","ast-main-header-display":"","ast-hfb-above-header-display":"","ast-hfb-below-header-display":"","ast-hfb-mobile-header-display":"","site-post-title":"disabled","ast-breadcrumbs-content":"","ast-featured-img":"disabled","footer-sml-layout":"","theme-transparent-header-meta":"","adv-header-id-meta":"","stick-header-meta":"","header-above-stick-meta":"","header-main-stick-meta":"","header-below-stick-meta":"","footnotes":""},"class_list":["post-14351","page","type-page","status-publish","hentry"],"yoast_head":"<!-- This site is optimized with the Yoast SEO plugin v22.0 - https:\/\/yoast.com\/wordpress\/plugins\/seo\/ -->\n<title>DEDEV | Google WorkSpace<\/title>\n<meta name=\"description\" content=\"Este servicio ofrece cuentas de correo electr\u00f3nico institucional con el dominio @profesor.usac.edu.gt a los profesores de la Universidad de San Carlos de Guatemala.\" \/>\n<meta name=\"robots\" content=\"index, follow, max-snippet:-1, max-image-preview:large, max-video-preview:-1\" \/>\n<link rel=\"canonical\" href=\"https:\/\/virtual.usac.edu.gt\/dedev\/google-workspace\/\" \/>\n<meta property=\"og:locale\" content=\"es_ES\" \/>\n<meta property=\"og:type\" content=\"article\" \/>\n<meta property=\"og:title\" content=\"DEDEV | Google WorkSpace\" \/>\n<meta property=\"og:description\" content=\"Este servicio ofrece cuentas de correo electr\u00f3nico institucional con el dominio @profesor.usac.edu.gt a los profesores de la Universidad de San Carlos de Guatemala.\" \/>\n<meta property=\"og:url\" content=\"https:\/\/virtual.usac.edu.gt\/dedev\/google-workspace\/\" \/>\n<meta property=\"article:publisher\" content=\"https:\/\/www.facebook.com\/dedevusac\" \/>\n<meta property=\"article:modified_time\" content=\"2025-01-20T21:26:03+00:00\" \/>\n<meta property=\"og:image\" content=\"http:\/\/virtual.usac.edu.gt\/dedev\/wp-content\/uploads\/2021\/11\/cropped-ICONO_Mesa-de-trabajo-1-copia.png\" \/>\n\t<meta property=\"og:image:width\" content=\"512\" \/>\n\t<meta property=\"og:image:height\" content=\"512\" \/>\n\t<meta property=\"og:image:type\" content=\"image\/png\" \/>\n<meta name=\"twitter:card\" content=\"summary_large_image\" \/>\n<meta name=\"twitter:site\" content=\"@usacdedev\" \/>\n<meta name=\"twitter:label1\" content=\"Est. reading time\" \/>\n\t<meta name=\"twitter:data1\" content=\"1 minuto\" \/>\n<script type=\"application\/ld+json\" class=\"yoast-schema-graph\">{\"@context\":\"https:\/\/schema.org\",\"@graph\":[{\"@type\":\"WebPage\",\"@id\":\"https:\/\/virtual.usac.edu.gt\/dedev\/google-workspace\/\",\"url\":\"https:\/\/virtual.usac.edu.gt\/dedev\/google-workspace\/\",\"name\":\"DEDEV | Google WorkSpace\",\"isPartOf\":{\"@id\":\"https:\/\/virtual.usac.edu.gt\/dedev\/#website\"},\"datePublished\":\"2023-05-10T12:26:54+00:00\",\"dateModified\":\"2025-01-20T21:26:03+00:00\",\"description\":\"Este servicio ofrece cuentas de correo electr\u00f3nico institucional con el dominio @profesor.usac.edu.gt a los profesores de la Universidad de San Carlos de Guatemala.\",\"breadcrumb\":{\"@id\":\"https:\/\/virtual.usac.edu.gt\/dedev\/google-workspace\/#breadcrumb\"},\"inLanguage\":\"es\",\"potentialAction\":[{\"@type\":\"ReadAction\",\"target\":[\"https:\/\/virtual.usac.edu.gt\/dedev\/google-workspace\/\"]}]},{\"@type\":\"BreadcrumbList\",\"@id\":\"https:\/\/virtual.usac.edu.gt\/dedev\/google-workspace\/#breadcrumb\",\"itemListElement\":[{\"@type\":\"ListItem\",\"position\":1,\"name\":\"Home\",\"item\":\"https:\/\/virtual.usac.edu.gt\/dedev\/\"},{\"@type\":\"ListItem\",\"position\":2,\"name\":\"DEDEV | Google WorkSpace\"}]},{\"@type\":\"WebSite\",\"@id\":\"https:\/\/virtual.usac.edu.gt\/dedev\/#website\",\"url\":\"https:\/\/virtual.usac.edu.gt\/dedev\/\",\"name\":\"https:\/\/virtual.usac.edu.gt\/dedev\",\"description\":\"Divisi\u00f3n de Educaci\u00f3n a Distancia en Entornos Virtuales\",\"publisher\":{\"@id\":\"https:\/\/virtual.usac.edu.gt\/dedev\/#organization\"},\"potentialAction\":[{\"@type\":\"SearchAction\",\"target\":{\"@type\":\"EntryPoint\",\"urlTemplate\":\"https:\/\/virtual.usac.edu.gt\/dedev\/?s={search_term_string}\"},\"query-input\":\"required name=search_term_string\"}],\"inLanguage\":\"es\"},{\"@type\":\"Organization\",\"@id\":\"https:\/\/virtual.usac.edu.gt\/dedev\/#organization\",\"name\":\"DEDEV USAC\",\"alternateName\":\"DEDEV\",\"url\":\"https:\/\/virtual.usac.edu.gt\/dedev\/\",\"logo\":{\"@type\":\"ImageObject\",\"inLanguage\":\"es\",\"@id\":\"https:\/\/virtual.usac.edu.gt\/dedev\/#\/schema\/logo\/image\/\",\"url\":\"https:\/\/virtual.usac.edu.gt\/dedev\/wp-content\/uploads\/2021\/11\/cropped-ICONO_Mesa-de-trabajo-1-copia.png\",\"contentUrl\":\"https:\/\/virtual.usac.edu.gt\/dedev\/wp-content\/uploads\/2021\/11\/cropped-ICONO_Mesa-de-trabajo-1-copia.png\",\"width\":512,\"height\":512,\"caption\":\"DEDEV USAC\"},\"image\":{\"@id\":\"https:\/\/virtual.usac.edu.gt\/dedev\/#\/schema\/logo\/image\/\"},\"sameAs\":[\"https:\/\/www.facebook.com\/dedevusac\",\"https:\/\/twitter.com\/usacdedev\",\"https:\/\/www.youtube.com\/channel\/UC0weNIBRspBx-ntSC31LgVA\"]}]}<\/script>\n<!-- \/ Yoast SEO plugin. -->","yoast_head_json":{"title":"DEDEV | Google WorkSpace","description":"Este servicio ofrece cuentas de correo electr\u00f3nico institucional con el dominio @profesor.usac.edu.gt a los profesores de la Universidad de San Carlos de Guatemala.","robots":{"index":"index","follow":"follow","max-snippet":"max-snippet:-1","max-image-preview":"max-image-preview:large","max-video-preview":"max-video-preview:-1"},"canonical":"https:\/\/virtual.usac.edu.gt\/dedev\/google-workspace\/","og_locale":"es_ES","og_type":"article","og_title":"DEDEV | Google WorkSpace","og_description":"Este servicio ofrece cuentas de correo electr\u00f3nico institucional con el dominio @profesor.usac.edu.gt a los profesores de la Universidad de San Carlos de Guatemala.","og_url":"https:\/\/virtual.usac.edu.gt\/dedev\/google-workspace\/","article_publisher":"https:\/\/www.facebook.com\/dedevusac","article_modified_time":"2025-01-20T21:26:03+00:00","og_image":[{"width":512,"height":512,"url":"http:\/\/virtual.usac.edu.gt\/dedev\/wp-content\/uploads\/2021\/11\/cropped-ICONO_Mesa-de-trabajo-1-copia.png","type":"image\/png"}],"twitter_card":"summary_large_image","twitter_site":"@usacdedev","twitter_misc":{"Est. reading time":"1 minuto"},"schema":{"@context":"https:\/\/schema.org","@graph":[{"@type":"WebPage","@id":"https:\/\/virtual.usac.edu.gt\/dedev\/google-workspace\/","url":"https:\/\/virtual.usac.edu.gt\/dedev\/google-workspace\/","name":"DEDEV | Google WorkSpace","isPartOf":{"@id":"https:\/\/virtual.usac.edu.gt\/dedev\/#website"},"datePublished":"2023-05-10T12:26:54+00:00","dateModified":"2025-01-20T21:26:03+00:00","description":"Este servicio ofrece cuentas de correo electr\u00f3nico institucional con el dominio @profesor.usac.edu.gt a los profesores de la Universidad de San Carlos de Guatemala.","breadcrumb":{"@id":"https:\/\/virtual.usac.edu.gt\/dedev\/google-workspace\/#breadcrumb"},"inLanguage":"es","potentialAction":[{"@type":"ReadAction","target":["https:\/\/virtual.usac.edu.gt\/dedev\/google-workspace\/"]}]},{"@type":"BreadcrumbList","@id":"https:\/\/virtual.usac.edu.gt\/dedev\/google-workspace\/#breadcrumb","itemListElement":[{"@type":"ListItem","position":1,"name":"Home","item":"https:\/\/virtual.usac.edu.gt\/dedev\/"},{"@type":"ListItem","position":2,"name":"DEDEV | Google WorkSpace"}]},{"@type":"WebSite","@id":"https:\/\/virtual.usac.edu.gt\/dedev\/#website","url":"https:\/\/virtual.usac.edu.gt\/dedev\/","name":"https:\/\/virtual.usac.edu.gt\/dedev","description":"Divisi\u00f3n de Educaci\u00f3n a Distancia en Entornos Virtuales","publisher":{"@id":"https:\/\/virtual.usac.edu.gt\/dedev\/#organization"},"potentialAction":[{"@type":"SearchAction","target":{"@type":"EntryPoint","urlTemplate":"https:\/\/virtual.usac.edu.gt\/dedev\/?s={search_term_string}"},"query-input":"required name=search_term_string"}],"inLanguage":"es"},{"@type":"Organization","@id":"https:\/\/virtual.usac.edu.gt\/dedev\/#organization","name":"DEDEV USAC","alternateName":"DEDEV","url":"https:\/\/virtual.usac.edu.gt\/dedev\/","logo":{"@type":"ImageObject","inLanguage":"es","@id":"https:\/\/virtual.usac.edu.gt\/dedev\/#\/schema\/logo\/image\/","url":"https:\/\/virtual.usac.edu.gt\/dedev\/wp-content\/uploads\/2021\/11\/cropped-ICONO_Mesa-de-trabajo-1-copia.png","contentUrl":"https:\/\/virtual.usac.edu.gt\/dedev\/wp-content\/uploads\/2021\/11\/cropped-ICONO_Mesa-de-trabajo-1-copia.png","width":512,"height":512,"caption":"DEDEV USAC"},"image":{"@id":"https:\/\/virtual.usac.edu.gt\/dedev\/#\/schema\/logo\/image\/"},"sameAs":["https:\/\/www.facebook.com\/dedevusac","https:\/\/twitter.com\/usacdedev","https:\/\/www.youtube.com\/channel\/UC0weNIBRspBx-ntSC31LgVA"]}]}},"_links":{"self":[{"href":"https:\/\/virtual.usac.edu.gt\/dedev\/wp-json\/wp\/v2\/pages\/14351","targetHints":{"allow":["GET"]}}],"collection":[{"href":"https:\/\/virtual.usac.edu.gt\/dedev\/wp-json\/wp\/v2\/pages"}],"about":[{"href":"https:\/\/virtual.usac.edu.gt\/dedev\/wp-json\/wp\/v2\/types\/page"}],"author":[{"embeddable":true,"href":"https:\/\/virtual.usac.edu.gt\/dedev\/wp-json\/wp\/v2\/users\/1"}],"replies":[{"embeddable":true,"href":"https:\/\/virtual.usac.edu.gt\/dedev\/wp-json\/wp\/v2\/comments?post=14351"}],"version-history":[{"count":59,"href":"https:\/\/virtual.usac.edu.gt\/dedev\/wp-json\/wp\/v2\/pages\/14351\/revisions"}],"predecessor-version":[{"id":17734,"href":"https:\/\/virtual.usac.edu.gt\/dedev\/wp-json\/wp\/v2\/pages\/14351\/revisions\/17734"}],"wp:attachment":[{"href":"https:\/\/virtual.usac.edu.gt\/dedev\/wp-json\/wp\/v2\/media?parent=14351"}],"curies":[{"name":"wp","href":"https:\/\/api.w.org\/{rel}","templated":true}]}}