{"id":17133,"date":"2024-10-02T17:42:23","date_gmt":"2024-10-02T15:42:23","guid":{"rendered":"https:\/\/virtual.usac.edu.gt\/dedev\/?page_id=17133"},"modified":"2025-01-20T22:26:59","modified_gmt":"2025-01-20T21:26:59","slug":"sandbox","status":"publish","type":"page","link":"https:\/\/virtual.usac.edu.gt\/dedev\/sandbox\/","title":{"rendered":"Sandbox"},"content":{"rendered":"\t\t<div data-elementor-type=\"wp-page\" data-elementor-id=\"17133\" class=\"elementor elementor-17133\" data-elementor-settings=\"[]\">\n\t\t\t\t\t\t\t<div class=\"elementor-section-wrap\">\n\t\t\t\t\t\t\t<section class=\"elementor-section elementor-top-section elementor-element elementor-element-98d807d elementor-section-boxed elementor-section-height-default elementor-section-height-default\" data-id=\"98d807d\" data-element_type=\"section\" data-settings=\"{&quot;background_background&quot;:&quot;classic&quot;}\">\n\t\t\t\t\t\t<div class=\"elementor-container elementor-column-gap-default\">\n\t\t\t\t\t<div class=\"elementor-column elementor-col-100 elementor-top-column elementor-element elementor-element-7beeb87\" data-id=\"7beeb87\" data-element_type=\"column\">\n\t\t\t<div class=\"elementor-widget-wrap elementor-element-populated\">\n\t\t\t\t\t\t\t\t<section class=\"elementor-section elementor-inner-section elementor-element elementor-element-52192b6 elementor-section-boxed elementor-section-height-default elementor-section-height-default\" data-id=\"52192b6\" data-element_type=\"section\">\n\t\t\t\t\t\t<div class=\"elementor-container elementor-column-gap-default\">\n\t\t\t\t\t<div class=\"elementor-column elementor-col-100 elementor-inner-column elementor-element elementor-element-525c3cf\" data-id=\"525c3cf\" data-element_type=\"column\">\n\t\t\t<div class=\"elementor-widget-wrap elementor-element-populated\">\n\t\t\t\t\t\t\t\t<div class=\"elementor-element elementor-element-5a16e6b elementor-widget elementor-widget-image\" data-id=\"5a16e6b\" data-element_type=\"widget\" data-widget_type=\"image.default\">\n\t\t\t\t<div class=\"elementor-widget-container\">\n\t\t\t<style>\/*! elementor - v3.5.6 - 28-02-2022 *\/\n.elementor-widget-image{text-align:center}.elementor-widget-image a{display:inline-block}.elementor-widget-image a img[src$=\".svg\"]{width:48px}.elementor-widget-image img{vertical-align:middle;display:inline-block}<\/style>\t\t\t\t\t\t\t\t\t\t\t\t<img loading=\"lazy\" decoding=\"async\" width=\"2048\" height=\"523\" src=\"https:\/\/virtual.usac.edu.gt\/dedev\/wp-content\/uploads\/2024\/10\/Sandbox-Moodle-DEDEV-2024_Mesa-de-trabajo-1-2048x523.png\" class=\"attachment-2048x2048 size-2048x2048\" alt=\"\" srcset=\"https:\/\/virtual.usac.edu.gt\/dedev\/wp-content\/uploads\/2024\/10\/Sandbox-Moodle-DEDEV-2024_Mesa-de-trabajo-1-2048x523.png 2048w, https:\/\/virtual.usac.edu.gt\/dedev\/wp-content\/uploads\/2024\/10\/Sandbox-Moodle-DEDEV-2024_Mesa-de-trabajo-1-300x77.png 300w, https:\/\/virtual.usac.edu.gt\/dedev\/wp-content\/uploads\/2024\/10\/Sandbox-Moodle-DEDEV-2024_Mesa-de-trabajo-1-1024x262.png 1024w, https:\/\/virtual.usac.edu.gt\/dedev\/wp-content\/uploads\/2024\/10\/Sandbox-Moodle-DEDEV-2024_Mesa-de-trabajo-1-768x196.png 768w, https:\/\/virtual.usac.edu.gt\/dedev\/wp-content\/uploads\/2024\/10\/Sandbox-Moodle-DEDEV-2024_Mesa-de-trabajo-1-1536x392.png 1536w\" sizes=\"auto, (max-width: 2048px) 100vw, 2048px\" \/>\t\t\t\t\t\t\t\t\t\t\t\t\t\t\t<\/div>\n\t\t\t\t<\/div>\n\t\t\t\t\t<\/div>\n\t\t<\/div>\n\t\t\t\t\t\t\t<\/div>\n\t\t<\/section>\n\t\t\t\t<section class=\"elementor-section elementor-inner-section elementor-element elementor-element-56edd4b elementor-section-boxed elementor-section-height-default elementor-section-height-default\" data-id=\"56edd4b\" data-element_type=\"section\">\n\t\t\t\t\t\t<div class=\"elementor-container elementor-column-gap-default\">\n\t\t\t\t\t<div class=\"elementor-column elementor-col-100 elementor-inner-column elementor-element elementor-element-a3ae2d5\" data-id=\"a3ae2d5\" data-element_type=\"column\">\n\t\t\t<div class=\"elementor-widget-wrap elementor-element-populated\">\n\t\t\t\t\t\t\t\t<div class=\"elementor-element elementor-element-35164f8 elementor-widget elementor-widget-text-editor\" data-id=\"35164f8\" data-element_type=\"widget\" data-widget_type=\"text-editor.default\">\n\t\t\t\t<div class=\"elementor-widget-container\">\n\t\t\t<style>\/*! elementor - v3.5.6 - 28-02-2022 *\/\n.elementor-widget-text-editor.elementor-drop-cap-view-stacked .elementor-drop-cap{background-color:#818a91;color:#fff}.elementor-widget-text-editor.elementor-drop-cap-view-framed .elementor-drop-cap{color:#818a91;border:3px solid;background-color:transparent}.elementor-widget-text-editor:not(.elementor-drop-cap-view-default) .elementor-drop-cap{margin-top:8px}.elementor-widget-text-editor:not(.elementor-drop-cap-view-default) .elementor-drop-cap-letter{width:1em;height:1em}.elementor-widget-text-editor .elementor-drop-cap{float:left;text-align:center;line-height:1;font-size:50px}.elementor-widget-text-editor .elementor-drop-cap-letter{display:inline-block}<\/style>\t\t\t\t<h3 align=\"justify\"><span style=\"color: #000000;\">En esta plataforma se puede crear y administrar un curso piloto para experimentar de primera mano herramientas de Moodle, como actividades, integraci\u00f3n de recursos educativos, elaboraci\u00f3n de evaluaciones y configuraciones avanzadas para el dise\u00f1o y estructura de las aulas\u00a0virtuales.<\/span><\/h3>\t\t\t\t\t\t<\/div>\n\t\t\t\t<\/div>\n\t\t\t\t\t<\/div>\n\t\t<\/div>\n\t\t\t\t\t\t\t<\/div>\n\t\t<\/section>\n\t\t\t\t<section class=\"elementor-section elementor-inner-section elementor-element elementor-element-a986967 elementor-section-boxed elementor-section-height-default elementor-section-height-default\" data-id=\"a986967\" data-element_type=\"section\">\n\t\t\t\t\t\t<div class=\"elementor-container elementor-column-gap-default\">\n\t\t\t\t\t<div class=\"elementor-column elementor-col-100 elementor-inner-column elementor-element elementor-element-273c917\" data-id=\"273c917\" data-element_type=\"column\">\n\t\t\t<div class=\"elementor-widget-wrap elementor-element-populated\">\n\t\t\t\t\t\t\t\t<div class=\"elementor-element elementor-element-83217c1 elementor-widget elementor-widget-text-editor\" data-id=\"83217c1\" data-element_type=\"widget\" data-widget_type=\"text-editor.default\">\n\t\t\t\t<div class=\"elementor-widget-container\">\n\t\t\t\t\t\t\t<h3 align=\"justify\"><span style=\"color: #000000;\">Los docentes de la Universidad de San Carlos de Guatemala pueden ingresar a <strong>Sandbox<\/strong> con su cuenta institucional de dominio <strong><span style=\"color: #000080;\">@profesor.usac.edu.gt<\/span><\/strong> para utilizar un entorno de pr\u00e1ctica seguro, flexible\u00a0e\u00a0innovador.<\/span><\/h3>\t\t\t\t\t\t<\/div>\n\t\t\t\t<\/div>\n\t\t\t\t\t<\/div>\n\t\t<\/div>\n\t\t\t\t\t\t\t<\/div>\n\t\t<\/section>\n\t\t\t\t<section class=\"elementor-section elementor-inner-section elementor-element elementor-element-dd0f3af elementor-section-boxed elementor-section-height-default elementor-section-height-default\" data-id=\"dd0f3af\" data-element_type=\"section\">\n\t\t\t\t\t\t<div class=\"elementor-container elementor-column-gap-default\">\n\t\t\t\t\t<div class=\"elementor-column elementor-col-100 elementor-inner-column elementor-element elementor-element-c265453\" data-id=\"c265453\" data-element_type=\"column\">\n\t\t\t<div class=\"elementor-widget-wrap elementor-element-populated\">\n\t\t\t\t\t\t\t\t<div class=\"elementor-element elementor-element-29f9e26 elementor-widget elementor-widget-text-editor\" data-id=\"29f9e26\" data-element_type=\"widget\" data-widget_type=\"text-editor.default\">\n\t\t\t\t<div class=\"elementor-widget-container\">\n\t\t\t\t\t\t\t<h3 align=\"justify\"><span style=\"color: #000000;\">Este espacio virtual creado por la Divisi\u00f3n de Educaci\u00f3n a Distancia en Entornos Virtuales de la Direcci\u00f3n General de Docencia permite a los docentes mejorar sus competencias digitales y tener experiencias de aprendizaje\u00a0efectivo.\n<\/span><\/h3>\t\t\t\t\t\t<\/div>\n\t\t\t\t<\/div>\n\t\t\t\t<div class=\"elementor-element elementor-element-d9850a5 elementor-widget elementor-widget-text-editor\" data-id=\"d9850a5\" data-element_type=\"widget\" data-widget_type=\"text-editor.default\">\n\t\t\t\t<div class=\"elementor-widget-container\">\n\t\t\t\t\t\t\t\t\t\t\t\t\t<\/div>\n\t\t\t\t<\/div>\n\t\t\t\t\t<\/div>\n\t\t<\/div>\n\t\t\t\t\t\t\t<\/div>\n\t\t<\/section>\n\t\t\t\t<div class=\"elementor-element elementor-element-e9933bd elementor-widget elementor-widget-html\" data-id=\"e9933bd\" data-element_type=\"widget\" data-widget_type=\"html.default\">\n\t\t\t\t<div class=\"elementor-widget-container\">\n\t\t\t<div style=\"width: 100%;\"><div style=\"position: relative; padding-bottom: 56.25%; padding-top: 0; height: 0;\"><iframe loading=\"lazy\" title=\"Sandbox de MOODLE\" frameborder=\"0\" width=\"1200\" height=\"675\" style=\"position: absolute; top: 0; left: 0; width: 100%; height: 100%;\" src=\"https:\/\/view.genially.com\/66fd69ec78e132b59b2d9018\" type=\"text\/html\" allowscriptaccess=\"always\" allowfullscreen=\"true\" scrolling=\"yes\" allownetworking=\"all\"><\/iframe>\u00a0<\/div>\u00a0<\/div>\t\t<\/div>\n\t\t\t\t<\/div>\n\t\t\t\t<div class=\"elementor-element elementor-element-75d7d0d elementor-align-center elementor-widget elementor-widget-button\" data-id=\"75d7d0d\" data-element_type=\"widget\" data-widget_type=\"button.default\">\n\t\t\t\t<div class=\"elementor-widget-container\">\n\t\t\t\t\t<div class=\"elementor-button-wrapper\">\n\t\t\t<a href=\"https:\/\/virtual.usac.edu.gt\/dedev\" class=\"elementor-button-link elementor-button elementor-size-md\" role=\"button\">\n\t\t\t\t\t\t<span class=\"elementor-button-content-wrapper\">\n\t\t\t\t\t\t<span class=\"elementor-button-icon elementor-align-icon-left\">\n\t\t\t\t<i aria-hidden=\"true\" class=\"far fa-arrow-alt-circle-left\"><\/i>\t\t\t<\/span>\n\t\t\t\t\t\t<span class=\"elementor-button-text\">Anterior<\/span>\n\t\t<\/span>\n\t\t\t\t\t<\/a>\n\t\t<\/div>\n\t\t\t\t<\/div>\n\t\t\t\t<\/div>\n\t\t\t\t\t<\/div>\n\t\t<\/div>\n\t\t\t\t\t\t\t<\/div>\n\t\t<\/section>\n\t\t\t\t\t\t<\/div>\n\t\t\t\t\t<\/div>\n\t\t","protected":false},"excerpt":{"rendered":"<p>En esta plataforma se puede crear y administrar un curso piloto para experimentar de primera mano herramientas de Moodle, como actividades, integraci\u00f3n de recursos educativos, elaboraci\u00f3n de evaluaciones y configuraciones avanzadas para el dise\u00f1o y estructura de las aulas\u00a0virtuales. Los docentes de la Universidad de San Carlos de Guatemala pueden ingresar a Sandbox con su &hellip;<\/p>\n<p class=\"read-more\"> <a class=\"\" href=\"https:\/\/virtual.usac.edu.gt\/dedev\/sandbox\/\"> <span class=\"screen-reader-text\">Sandbox<\/span> Read More &raquo;<\/a><\/p>\n","protected":false},"author":1,"featured_media":0,"parent":0,"menu_order":0,"comment_status":"closed","ping_status":"closed","template":"","meta":{"site-sidebar-layout":"no-sidebar","site-content-layout":"page-builder","ast-main-header-display":"","ast-hfb-above-header-display":"","ast-hfb-below-header-display":"","ast-hfb-mobile-header-display":"","site-post-title":"disabled","ast-breadcrumbs-content":"","ast-featured-img":"disabled","footer-sml-layout":"","theme-transparent-header-meta":"","adv-header-id-meta":"","stick-header-meta":"","header-above-stick-meta":"","header-main-stick-meta":"","header-below-stick-meta":"","footnotes":""},"class_list":["post-17133","page","type-page","status-publish","hentry"],"yoast_head":"<!-- This site is optimized with the Yoast SEO plugin v22.0 - https:\/\/yoast.com\/wordpress\/plugins\/seo\/ -->\n<title>Sandbox<\/title>\n<meta name=\"robots\" content=\"index, follow, max-snippet:-1, max-image-preview:large, max-video-preview:-1\" \/>\n<link rel=\"canonical\" href=\"https:\/\/virtual.usac.edu.gt\/dedev\/sandbox\/\" \/>\n<meta property=\"og:locale\" content=\"es_ES\" \/>\n<meta property=\"og:type\" content=\"article\" \/>\n<meta property=\"og:title\" content=\"Sandbox\" \/>\n<meta property=\"og:url\" content=\"https:\/\/virtual.usac.edu.gt\/dedev\/sandbox\/\" \/>\n<meta property=\"article:publisher\" content=\"https:\/\/www.facebook.com\/dedevusac\" \/>\n<meta property=\"article:modified_time\" content=\"2025-01-20T21:26:59+00:00\" \/>\n<meta property=\"og:image\" content=\"http:\/\/virtual.usac.edu.gt\/dedev\/wp-content\/uploads\/2024\/10\/Sandbox-Moodle-DEDEV-2024_Mesa-de-trabajo-1-2048x523.png\" \/>\n<meta name=\"twitter:card\" content=\"summary_large_image\" \/>\n<meta name=\"twitter:site\" content=\"@usacdedev\" \/>\n<meta name=\"twitter:label1\" content=\"Est. reading time\" \/>\n\t<meta name=\"twitter:data1\" content=\"1 minuto\" \/>\n<script type=\"application\/ld+json\" class=\"yoast-schema-graph\">{\"@context\":\"https:\/\/schema.org\",\"@graph\":[{\"@type\":\"WebPage\",\"@id\":\"https:\/\/virtual.usac.edu.gt\/dedev\/sandbox\/\",\"url\":\"https:\/\/virtual.usac.edu.gt\/dedev\/sandbox\/\",\"name\":\"Sandbox\",\"isPartOf\":{\"@id\":\"https:\/\/virtual.usac.edu.gt\/dedev\/#website\"},\"datePublished\":\"2024-10-02T15:42:23+00:00\",\"dateModified\":\"2025-01-20T21:26:59+00:00\",\"breadcrumb\":{\"@id\":\"https:\/\/virtual.usac.edu.gt\/dedev\/sandbox\/#breadcrumb\"},\"inLanguage\":\"es\",\"potentialAction\":[{\"@type\":\"ReadAction\",\"target\":[\"https:\/\/virtual.usac.edu.gt\/dedev\/sandbox\/\"]}]},{\"@type\":\"BreadcrumbList\",\"@id\":\"https:\/\/virtual.usac.edu.gt\/dedev\/sandbox\/#breadcrumb\",\"itemListElement\":[{\"@type\":\"ListItem\",\"position\":1,\"name\":\"Home\",\"item\":\"https:\/\/virtual.usac.edu.gt\/dedev\/\"},{\"@type\":\"ListItem\",\"position\":2,\"name\":\"Sandbox\"}]},{\"@type\":\"WebSite\",\"@id\":\"https:\/\/virtual.usac.edu.gt\/dedev\/#website\",\"url\":\"https:\/\/virtual.usac.edu.gt\/dedev\/\",\"name\":\"https:\/\/virtual.usac.edu.gt\/dedev\",\"description\":\"Divisi\u00f3n de Educaci\u00f3n a Distancia en Entornos Virtuales\",\"publisher\":{\"@id\":\"https:\/\/virtual.usac.edu.gt\/dedev\/#organization\"},\"potentialAction\":[{\"@type\":\"SearchAction\",\"target\":{\"@type\":\"EntryPoint\",\"urlTemplate\":\"https:\/\/virtual.usac.edu.gt\/dedev\/?s={search_term_string}\"},\"query-input\":\"required name=search_term_string\"}],\"inLanguage\":\"es\"},{\"@type\":\"Organization\",\"@id\":\"https:\/\/virtual.usac.edu.gt\/dedev\/#organization\",\"name\":\"DEDEV USAC\",\"alternateName\":\"DEDEV\",\"url\":\"https:\/\/virtual.usac.edu.gt\/dedev\/\",\"logo\":{\"@type\":\"ImageObject\",\"inLanguage\":\"es\",\"@id\":\"https:\/\/virtual.usac.edu.gt\/dedev\/#\/schema\/logo\/image\/\",\"url\":\"https:\/\/virtual.usac.edu.gt\/dedev\/wp-content\/uploads\/2021\/11\/cropped-ICONO_Mesa-de-trabajo-1-copia.png\",\"contentUrl\":\"https:\/\/virtual.usac.edu.gt\/dedev\/wp-content\/uploads\/2021\/11\/cropped-ICONO_Mesa-de-trabajo-1-copia.png\",\"width\":512,\"height\":512,\"caption\":\"DEDEV USAC\"},\"image\":{\"@id\":\"https:\/\/virtual.usac.edu.gt\/dedev\/#\/schema\/logo\/image\/\"},\"sameAs\":[\"https:\/\/www.facebook.com\/dedevusac\",\"https:\/\/twitter.com\/usacdedev\",\"https:\/\/www.youtube.com\/channel\/UC0weNIBRspBx-ntSC31LgVA\"]}]}<\/script>\n<!-- \/ Yoast SEO plugin. -->","yoast_head_json":{"title":"Sandbox","robots":{"index":"index","follow":"follow","max-snippet":"max-snippet:-1","max-image-preview":"max-image-preview:large","max-video-preview":"max-video-preview:-1"},"canonical":"https:\/\/virtual.usac.edu.gt\/dedev\/sandbox\/","og_locale":"es_ES","og_type":"article","og_title":"Sandbox","og_url":"https:\/\/virtual.usac.edu.gt\/dedev\/sandbox\/","article_publisher":"https:\/\/www.facebook.com\/dedevusac","article_modified_time":"2025-01-20T21:26:59+00:00","og_image":[{"url":"http:\/\/virtual.usac.edu.gt\/dedev\/wp-content\/uploads\/2024\/10\/Sandbox-Moodle-DEDEV-2024_Mesa-de-trabajo-1-2048x523.png"}],"twitter_card":"summary_large_image","twitter_site":"@usacdedev","twitter_misc":{"Est. reading time":"1 minuto"},"schema":{"@context":"https:\/\/schema.org","@graph":[{"@type":"WebPage","@id":"https:\/\/virtual.usac.edu.gt\/dedev\/sandbox\/","url":"https:\/\/virtual.usac.edu.gt\/dedev\/sandbox\/","name":"Sandbox","isPartOf":{"@id":"https:\/\/virtual.usac.edu.gt\/dedev\/#website"},"datePublished":"2024-10-02T15:42:23+00:00","dateModified":"2025-01-20T21:26:59+00:00","breadcrumb":{"@id":"https:\/\/virtual.usac.edu.gt\/dedev\/sandbox\/#breadcrumb"},"inLanguage":"es","potentialAction":[{"@type":"ReadAction","target":["https:\/\/virtual.usac.edu.gt\/dedev\/sandbox\/"]}]},{"@type":"BreadcrumbList","@id":"https:\/\/virtual.usac.edu.gt\/dedev\/sandbox\/#breadcrumb","itemListElement":[{"@type":"ListItem","position":1,"name":"Home","item":"https:\/\/virtual.usac.edu.gt\/dedev\/"},{"@type":"ListItem","position":2,"name":"Sandbox"}]},{"@type":"WebSite","@id":"https:\/\/virtual.usac.edu.gt\/dedev\/#website","url":"https:\/\/virtual.usac.edu.gt\/dedev\/","name":"https:\/\/virtual.usac.edu.gt\/dedev","description":"Divisi\u00f3n de Educaci\u00f3n a Distancia en Entornos Virtuales","publisher":{"@id":"https:\/\/virtual.usac.edu.gt\/dedev\/#organization"},"potentialAction":[{"@type":"SearchAction","target":{"@type":"EntryPoint","urlTemplate":"https:\/\/virtual.usac.edu.gt\/dedev\/?s={search_term_string}"},"query-input":"required name=search_term_string"}],"inLanguage":"es"},{"@type":"Organization","@id":"https:\/\/virtual.usac.edu.gt\/dedev\/#organization","name":"DEDEV USAC","alternateName":"DEDEV","url":"https:\/\/virtual.usac.edu.gt\/dedev\/","logo":{"@type":"ImageObject","inLanguage":"es","@id":"https:\/\/virtual.usac.edu.gt\/dedev\/#\/schema\/logo\/image\/","url":"https:\/\/virtual.usac.edu.gt\/dedev\/wp-content\/uploads\/2021\/11\/cropped-ICONO_Mesa-de-trabajo-1-copia.png","contentUrl":"https:\/\/virtual.usac.edu.gt\/dedev\/wp-content\/uploads\/2021\/11\/cropped-ICONO_Mesa-de-trabajo-1-copia.png","width":512,"height":512,"caption":"DEDEV USAC"},"image":{"@id":"https:\/\/virtual.usac.edu.gt\/dedev\/#\/schema\/logo\/image\/"},"sameAs":["https:\/\/www.facebook.com\/dedevusac","https:\/\/twitter.com\/usacdedev","https:\/\/www.youtube.com\/channel\/UC0weNIBRspBx-ntSC31LgVA"]}]}},"_links":{"self":[{"href":"https:\/\/virtual.usac.edu.gt\/dedev\/wp-json\/wp\/v2\/pages\/17133","targetHints":{"allow":["GET"]}}],"collection":[{"href":"https:\/\/virtual.usac.edu.gt\/dedev\/wp-json\/wp\/v2\/pages"}],"about":[{"href":"https:\/\/virtual.usac.edu.gt\/dedev\/wp-json\/wp\/v2\/types\/page"}],"author":[{"embeddable":true,"href":"https:\/\/virtual.usac.edu.gt\/dedev\/wp-json\/wp\/v2\/users\/1"}],"replies":[{"embeddable":true,"href":"https:\/\/virtual.usac.edu.gt\/dedev\/wp-json\/wp\/v2\/comments?post=17133"}],"version-history":[{"count":40,"href":"https:\/\/virtual.usac.edu.gt\/dedev\/wp-json\/wp\/v2\/pages\/17133\/revisions"}],"predecessor-version":[{"id":17741,"href":"https:\/\/virtual.usac.edu.gt\/dedev\/wp-json\/wp\/v2\/pages\/17133\/revisions\/17741"}],"wp:attachment":[{"href":"https:\/\/virtual.usac.edu.gt\/dedev\/wp-json\/wp\/v2\/media?parent=17133"}],"curies":[{"name":"wp","href":"https:\/\/api.w.org\/{rel}","templated":true}]}}