{"id":17590,"date":"2025-01-16T18:43:15","date_gmt":"2025-01-16T17:43:15","guid":{"rendered":"https:\/\/virtual.usac.edu.gt\/dedev\/?page_id=17590"},"modified":"2025-01-16T19:22:37","modified_gmt":"2025-01-16T18:22:37","slug":"accesibilidad-en-documentos-en-word","status":"publish","type":"page","link":"https:\/\/virtual.usac.edu.gt\/dedev\/accesibilidad-en-documentos-en-word\/","title":{"rendered":"Accesibilidad en documentos en Word"},"content":{"rendered":"\t\t<div data-elementor-type=\"wp-page\" data-elementor-id=\"17590\" class=\"elementor elementor-17590\" data-elementor-settings=\"[]\">\n\t\t\t\t\t\t\t<div class=\"elementor-section-wrap\">\n\t\t\t\t\t\t\t<section class=\"elementor-section elementor-top-section elementor-element elementor-element-8c70525 elementor-section-boxed elementor-section-height-default elementor-section-height-default\" data-id=\"8c70525\" data-element_type=\"section\">\n\t\t\t\t\t\t<div class=\"elementor-container elementor-column-gap-default\">\n\t\t\t\t\t<div class=\"elementor-column elementor-col-100 elementor-top-column elementor-element elementor-element-f5150c8\" data-id=\"f5150c8\" data-element_type=\"column\">\n\t\t\t<div class=\"elementor-widget-wrap elementor-element-populated\">\n\t\t\t\t\t\t\t\t<div class=\"elementor-element elementor-element-1d64d86 elementor-widget elementor-widget-html\" data-id=\"1d64d86\" data-element_type=\"widget\" data-widget_type=\"html.default\">\n\t\t\t\t<div class=\"elementor-widget-container\">\n\t\t\t<style>\r\n    body {\r\n        font-family: 'Arial', sans-serif;\r\n        line-height: 1.8;\r\n        color: #000;\r\n        margin: 20px;\r\n        font-size: 18px;\r\n    }\r\n\r\n    h1, h2 {\r\n        font-family: 'Segoe UI', Tahoma, Geneva, Verdana, sans-serif;\r\n        font-weight: bold;\r\n        color: #000;\r\n    }\r\n        h3 {\r\n        font-family: 'Segoe UI', Tahoma, Geneva, Verdana, sans-serif;\r\n        font-weight: bold;\r\n        color: #000;\r\n    }\r\n\r\n    h2 {\r\n        color: #333;\r\n    }\r\n\r\n    p {\r\n        margin-bottom: 15px;\r\n        color: #333;\r\n    }\r\n\r\nol {\r\n    margin-bottom: 15px;\r\n    color: #333;\r\n    padding-left: 40px; \/* Agrega sangr\u00eda a la izquierda *\/\r\n    list-style-type: decimal; \/* Usa n\u00fameros en lugar de vi\u00f1etas *\/\r\n}\r\n\r\nul {\r\n    margin-bottom: 15px;\r\n    color: #333;\r\n    padding-left: 40px; \/* Agrega sangr\u00eda a la izquierda *\/\r\n    list-style-type: none; \/* Elimina vi\u00f1etas predeterminadas *\/\r\n}\r\n\r\nul li {\r\n    margin-bottom: 15px;\r\n    position: relative;\r\n    padding-left: 1.em; \/* Ajusta el padding para alinear con n\u00fameros *\/\r\n}\r\n\r\nul li:before {\r\n    content: '\u27a4';\r\n    position: absolute;\r\n    left: -1.2em; \/* Ajusta la posici\u00f3n de la vi\u00f1eta *\/\r\n    top: 0;\r\n    color: #000;\r\n    font-size: 1em; \/* Ajusta el tama\u00f1o de la vi\u00f1eta *\/\r\n}\r\n\r\na {\r\n    color: #007BFF;\r\n    text-decoration: none;\r\n    font-size: 17px;\r\n}\r\n\r\na:hover {\r\n    text-decoration: underline;\r\n}\r\n\r\n\r\n    .title-section {\r\n        font-size: 24px;\r\n        font-weight: bold;\r\n        color: #000;\r\n    }\r\n\r\n    .bold-subsection {\r\n        font-weight: bold;\r\n    }\r\n<\/style>\r\n\r\n<h1>Sum\u00e9rgete en el fascinante mundo de la accesibilidad en documentos en Word<\/h1>\r\n<p>Prep\u00e1rate para explorar c\u00f3mo la tecnolog\u00eda puede ser un aliado clave en la creaci\u00f3n de documentos inclusivos. Descubrir\u00e1s c\u00f3mo combinar creatividad y accesibilidad para ofrecer experiencias impactantes a todos los usuarios. <\/p>\r\n\r\n\r\n\r\n\r\n<h2>Potencia tu creatividad e Inclusi\u00f3n con Word<\/h2>\r\n\r\n<p>Imagina un espacio donde cada documento que creas es accesible para todos, independientemente de sus capacidades. Word, m\u00e1s que una simple herramienta de procesamiento de texto es tu pasaporte hacia un mundo donde la creatividad y la inclusi\u00f3n se fusionan en cada p\u00e1gina.<\/p>\r\n\r\n<h2>\u00a1Funciones asombrosas!<\/h2>\r\n\r\n<p>Al igual que pinceles m\u00e1gicos, las herramientas de accesibilidad en Word te permiten crear documentos que no solo son visualmente atractivos, sino tambi\u00e9n accesibles para personas con discapacidades. Desde a\u00f1adir descripciones de texto alternativo para im\u00e1genes hasta usar estilos y estructuras que facilitan la navegaci\u00f3n con lectores de pantalla, estas funciones ampl\u00edan tus capacidades para crear contenido inclusivo.<\/p>\r\n\r\n        <h2>Beneficios de utilizar Word con accesibilidad mejorada<\/h2>\r\n    <p>Podr\u00e1s crear contenido inclusivo de forma r\u00e1pida y sencilla, garantizando que todos los usuarios puedan acceder y entender la informaci\u00f3n. Las herramientas de accesibilidad te permiten:<\/p>\r\n        <ul>\r\n            <li><strong>\tGenerar contenido claro y estructurado <\/strong> que facilita la comprensi\u00f3n.<\/li>\r\n            <li><strong>\tOptimizar la navegaci\u00f3n<\/strong> mediante el uso de encabezados y estilos adecuados.<\/li>\r\n            <li><strong>\tA\u00f1adir descripciones de texto alternativo <\/strong> a im\u00e1genes para mejorar la experiencia de los usuarios con discapacidades visuales.<\/li>\r\n            <li><strong>\tVerificar y corregir problemas de accesibilidad <\/strong> antes de compartir documentos.<\/li>\r\n        <\/ul>\r\n\r\n\r\n<p>En resumen, utilizar las funciones de accesibilidad en Word te ayudar\u00e1 a destacar y a hacer que tu contenido sea m\u00e1s inclusivo y efectivo.<\/p>\r\n\r\n<p>Por: Leonel Fuentes<\/p>\t\t<\/div>\n\t\t\t\t<\/div>\n\t\t\t\t\t<\/div>\n\t\t<\/div>\n\t\t\t\t\t\t\t<\/div>\n\t\t<\/section>\n\t\t\t\t\t\t<\/div>\n\t\t\t\t\t<\/div>\n\t\t","protected":false},"excerpt":{"rendered":"<p>Sum\u00e9rgete en el fascinante mundo de la accesibilidad en documentos en Word Prep\u00e1rate para explorar c\u00f3mo la tecnolog\u00eda puede ser un aliado clave en la creaci\u00f3n de documentos inclusivos. Descubrir\u00e1s c\u00f3mo combinar creatividad y accesibilidad para ofrecer experiencias impactantes a todos los usuarios. Potencia tu creatividad e Inclusi\u00f3n con Word Imagina un espacio donde cada &hellip;<\/p>\n<p class=\"read-more\"> <a class=\"\" href=\"https:\/\/virtual.usac.edu.gt\/dedev\/accesibilidad-en-documentos-en-word\/\"> <span class=\"screen-reader-text\">Accesibilidad en documentos en Word<\/span> Read More &raquo;<\/a><\/p>\n","protected":false},"author":1,"featured_media":0,"parent":0,"menu_order":0,"comment_status":"closed","ping_status":"closed","template":"","meta":{"site-sidebar-layout":"no-sidebar","site-content-layout":"page-builder","ast-main-header-display":"","ast-hfb-above-header-display":"","ast-hfb-below-header-display":"","ast-hfb-mobile-header-display":"","site-post-title":"disabled","ast-breadcrumbs-content":"","ast-featured-img":"disabled","footer-sml-layout":"","theme-transparent-header-meta":"","adv-header-id-meta":"","stick-header-meta":"","header-above-stick-meta":"","header-main-stick-meta":"","header-below-stick-meta":"","footnotes":""},"class_list":["post-17590","page","type-page","status-publish","hentry"],"yoast_head":"<!-- This site is optimized with the Yoast SEO plugin v22.0 - https:\/\/yoast.com\/wordpress\/plugins\/seo\/ -->\n<title>Accesibilidad en documentos en Word<\/title>\n<meta name=\"robots\" content=\"index, follow, max-snippet:-1, max-image-preview:large, max-video-preview:-1\" \/>\n<link rel=\"canonical\" href=\"https:\/\/virtual.usac.edu.gt\/dedev\/accesibilidad-en-documentos-en-word\/\" \/>\n<meta property=\"og:locale\" content=\"es_ES\" \/>\n<meta property=\"og:type\" content=\"article\" \/>\n<meta property=\"og:title\" content=\"Accesibilidad en documentos en Word\" \/>\n<meta property=\"og:url\" content=\"https:\/\/virtual.usac.edu.gt\/dedev\/accesibilidad-en-documentos-en-word\/\" \/>\n<meta property=\"article:publisher\" content=\"https:\/\/www.facebook.com\/dedevusac\" \/>\n<meta property=\"article:modified_time\" content=\"2025-01-16T18:22:37+00:00\" \/>\n<meta property=\"og:image\" content=\"https:\/\/virtual.usac.edu.gt\/dedev\/wp-content\/uploads\/2021\/11\/usac-dedev.png\" \/>\n\t<meta property=\"og:image:width\" content=\"355\" \/>\n\t<meta property=\"og:image:height\" content=\"97\" \/>\n\t<meta property=\"og:image:type\" content=\"image\/png\" \/>\n<meta name=\"twitter:card\" content=\"summary_large_image\" \/>\n<meta name=\"twitter:site\" content=\"@usacdedev\" \/>\n<meta name=\"twitter:label1\" content=\"Est. reading time\" \/>\n\t<meta name=\"twitter:data1\" content=\"1 minuto\" \/>\n<script type=\"application\/ld+json\" class=\"yoast-schema-graph\">{\"@context\":\"https:\/\/schema.org\",\"@graph\":[{\"@type\":\"WebPage\",\"@id\":\"https:\/\/virtual.usac.edu.gt\/dedev\/accesibilidad-en-documentos-en-word\/\",\"url\":\"https:\/\/virtual.usac.edu.gt\/dedev\/accesibilidad-en-documentos-en-word\/\",\"name\":\"Accesibilidad en documentos en Word\",\"isPartOf\":{\"@id\":\"https:\/\/virtual.usac.edu.gt\/dedev\/#website\"},\"datePublished\":\"2025-01-16T17:43:15+00:00\",\"dateModified\":\"2025-01-16T18:22:37+00:00\",\"breadcrumb\":{\"@id\":\"https:\/\/virtual.usac.edu.gt\/dedev\/accesibilidad-en-documentos-en-word\/#breadcrumb\"},\"inLanguage\":\"es\",\"potentialAction\":[{\"@type\":\"ReadAction\",\"target\":[\"https:\/\/virtual.usac.edu.gt\/dedev\/accesibilidad-en-documentos-en-word\/\"]}]},{\"@type\":\"BreadcrumbList\",\"@id\":\"https:\/\/virtual.usac.edu.gt\/dedev\/accesibilidad-en-documentos-en-word\/#breadcrumb\",\"itemListElement\":[{\"@type\":\"ListItem\",\"position\":1,\"name\":\"Home\",\"item\":\"https:\/\/virtual.usac.edu.gt\/dedev\/\"},{\"@type\":\"ListItem\",\"position\":2,\"name\":\"Accesibilidad en documentos en Word\"}]},{\"@type\":\"WebSite\",\"@id\":\"https:\/\/virtual.usac.edu.gt\/dedev\/#website\",\"url\":\"https:\/\/virtual.usac.edu.gt\/dedev\/\",\"name\":\"https:\/\/virtual.usac.edu.gt\/dedev\",\"description\":\"Divisi\u00f3n de Educaci\u00f3n a Distancia en Entornos Virtuales\",\"publisher\":{\"@id\":\"https:\/\/virtual.usac.edu.gt\/dedev\/#organization\"},\"potentialAction\":[{\"@type\":\"SearchAction\",\"target\":{\"@type\":\"EntryPoint\",\"urlTemplate\":\"https:\/\/virtual.usac.edu.gt\/dedev\/?s={search_term_string}\"},\"query-input\":\"required name=search_term_string\"}],\"inLanguage\":\"es\"},{\"@type\":\"Organization\",\"@id\":\"https:\/\/virtual.usac.edu.gt\/dedev\/#organization\",\"name\":\"DEDEV USAC\",\"alternateName\":\"DEDEV\",\"url\":\"https:\/\/virtual.usac.edu.gt\/dedev\/\",\"logo\":{\"@type\":\"ImageObject\",\"inLanguage\":\"es\",\"@id\":\"https:\/\/virtual.usac.edu.gt\/dedev\/#\/schema\/logo\/image\/\",\"url\":\"https:\/\/virtual.usac.edu.gt\/dedev\/wp-content\/uploads\/2021\/11\/cropped-ICONO_Mesa-de-trabajo-1-copia.png\",\"contentUrl\":\"https:\/\/virtual.usac.edu.gt\/dedev\/wp-content\/uploads\/2021\/11\/cropped-ICONO_Mesa-de-trabajo-1-copia.png\",\"width\":512,\"height\":512,\"caption\":\"DEDEV USAC\"},\"image\":{\"@id\":\"https:\/\/virtual.usac.edu.gt\/dedev\/#\/schema\/logo\/image\/\"},\"sameAs\":[\"https:\/\/www.facebook.com\/dedevusac\",\"https:\/\/twitter.com\/usacdedev\",\"https:\/\/www.youtube.com\/channel\/UC0weNIBRspBx-ntSC31LgVA\"]}]}<\/script>\n<!-- \/ Yoast SEO plugin. -->","yoast_head_json":{"title":"Accesibilidad en documentos en Word","robots":{"index":"index","follow":"follow","max-snippet":"max-snippet:-1","max-image-preview":"max-image-preview:large","max-video-preview":"max-video-preview:-1"},"canonical":"https:\/\/virtual.usac.edu.gt\/dedev\/accesibilidad-en-documentos-en-word\/","og_locale":"es_ES","og_type":"article","og_title":"Accesibilidad en documentos en Word","og_url":"https:\/\/virtual.usac.edu.gt\/dedev\/accesibilidad-en-documentos-en-word\/","article_publisher":"https:\/\/www.facebook.com\/dedevusac","article_modified_time":"2025-01-16T18:22:37+00:00","og_image":[{"width":355,"height":97,"url":"https:\/\/virtual.usac.edu.gt\/dedev\/wp-content\/uploads\/2021\/11\/usac-dedev.png","type":"image\/png"}],"twitter_card":"summary_large_image","twitter_site":"@usacdedev","twitter_misc":{"Est. reading time":"1 minuto"},"schema":{"@context":"https:\/\/schema.org","@graph":[{"@type":"WebPage","@id":"https:\/\/virtual.usac.edu.gt\/dedev\/accesibilidad-en-documentos-en-word\/","url":"https:\/\/virtual.usac.edu.gt\/dedev\/accesibilidad-en-documentos-en-word\/","name":"Accesibilidad en documentos en Word","isPartOf":{"@id":"https:\/\/virtual.usac.edu.gt\/dedev\/#website"},"datePublished":"2025-01-16T17:43:15+00:00","dateModified":"2025-01-16T18:22:37+00:00","breadcrumb":{"@id":"https:\/\/virtual.usac.edu.gt\/dedev\/accesibilidad-en-documentos-en-word\/#breadcrumb"},"inLanguage":"es","potentialAction":[{"@type":"ReadAction","target":["https:\/\/virtual.usac.edu.gt\/dedev\/accesibilidad-en-documentos-en-word\/"]}]},{"@type":"BreadcrumbList","@id":"https:\/\/virtual.usac.edu.gt\/dedev\/accesibilidad-en-documentos-en-word\/#breadcrumb","itemListElement":[{"@type":"ListItem","position":1,"name":"Home","item":"https:\/\/virtual.usac.edu.gt\/dedev\/"},{"@type":"ListItem","position":2,"name":"Accesibilidad en documentos en Word"}]},{"@type":"WebSite","@id":"https:\/\/virtual.usac.edu.gt\/dedev\/#website","url":"https:\/\/virtual.usac.edu.gt\/dedev\/","name":"https:\/\/virtual.usac.edu.gt\/dedev","description":"Divisi\u00f3n de Educaci\u00f3n a Distancia en Entornos Virtuales","publisher":{"@id":"https:\/\/virtual.usac.edu.gt\/dedev\/#organization"},"potentialAction":[{"@type":"SearchAction","target":{"@type":"EntryPoint","urlTemplate":"https:\/\/virtual.usac.edu.gt\/dedev\/?s={search_term_string}"},"query-input":"required name=search_term_string"}],"inLanguage":"es"},{"@type":"Organization","@id":"https:\/\/virtual.usac.edu.gt\/dedev\/#organization","name":"DEDEV USAC","alternateName":"DEDEV","url":"https:\/\/virtual.usac.edu.gt\/dedev\/","logo":{"@type":"ImageObject","inLanguage":"es","@id":"https:\/\/virtual.usac.edu.gt\/dedev\/#\/schema\/logo\/image\/","url":"https:\/\/virtual.usac.edu.gt\/dedev\/wp-content\/uploads\/2021\/11\/cropped-ICONO_Mesa-de-trabajo-1-copia.png","contentUrl":"https:\/\/virtual.usac.edu.gt\/dedev\/wp-content\/uploads\/2021\/11\/cropped-ICONO_Mesa-de-trabajo-1-copia.png","width":512,"height":512,"caption":"DEDEV USAC"},"image":{"@id":"https:\/\/virtual.usac.edu.gt\/dedev\/#\/schema\/logo\/image\/"},"sameAs":["https:\/\/www.facebook.com\/dedevusac","https:\/\/twitter.com\/usacdedev","https:\/\/www.youtube.com\/channel\/UC0weNIBRspBx-ntSC31LgVA"]}]}},"_links":{"self":[{"href":"https:\/\/virtual.usac.edu.gt\/dedev\/wp-json\/wp\/v2\/pages\/17590","targetHints":{"allow":["GET"]}}],"collection":[{"href":"https:\/\/virtual.usac.edu.gt\/dedev\/wp-json\/wp\/v2\/pages"}],"about":[{"href":"https:\/\/virtual.usac.edu.gt\/dedev\/wp-json\/wp\/v2\/types\/page"}],"author":[{"embeddable":true,"href":"https:\/\/virtual.usac.edu.gt\/dedev\/wp-json\/wp\/v2\/users\/1"}],"replies":[{"embeddable":true,"href":"https:\/\/virtual.usac.edu.gt\/dedev\/wp-json\/wp\/v2\/comments?post=17590"}],"version-history":[{"count":14,"href":"https:\/\/virtual.usac.edu.gt\/dedev\/wp-json\/wp\/v2\/pages\/17590\/revisions"}],"predecessor-version":[{"id":17604,"href":"https:\/\/virtual.usac.edu.gt\/dedev\/wp-json\/wp\/v2\/pages\/17590\/revisions\/17604"}],"wp:attachment":[{"href":"https:\/\/virtual.usac.edu.gt\/dedev\/wp-json\/wp\/v2\/media?parent=17590"}],"curies":[{"name":"wp","href":"https:\/\/api.w.org\/{rel}","templated":true}]}}