{"id":17982,"date":"2025-03-06T15:40:01","date_gmt":"2025-03-06T14:40:01","guid":{"rendered":"https:\/\/virtual.usac.edu.gt\/dedev\/?page_id=17982"},"modified":"2025-03-07T21:57:04","modified_gmt":"2025-03-07T20:57:04","slug":"descubre-el-poder-de-la-tecnoaccesibilidad-en-la-educacion","status":"publish","type":"page","link":"https:\/\/virtual.usac.edu.gt\/dedev\/descubre-el-poder-de-la-tecnoaccesibilidad-en-la-educacion\/","title":{"rendered":"Descubre el poder de la Tecnoaccesibilidad en la educaci\u00f3n"},"content":{"rendered":"\t\t<div data-elementor-type=\"wp-page\" data-elementor-id=\"17982\" class=\"elementor elementor-17982\" data-elementor-settings=\"[]\">\n\t\t\t\t\t\t\t<div class=\"elementor-section-wrap\">\n\t\t\t\t\t\t\t<section class=\"elementor-section elementor-top-section elementor-element elementor-element-8c70525 elementor-section-boxed elementor-section-height-default elementor-section-height-default\" data-id=\"8c70525\" data-element_type=\"section\">\n\t\t\t\t\t\t<div class=\"elementor-container elementor-column-gap-default\">\n\t\t\t\t\t<div class=\"elementor-column elementor-col-100 elementor-top-column elementor-element elementor-element-f5150c8\" data-id=\"f5150c8\" data-element_type=\"column\">\n\t\t\t<div class=\"elementor-widget-wrap elementor-element-populated\">\n\t\t\t\t\t\t\t\t<div class=\"elementor-element elementor-element-1d64d86 elementor-widget elementor-widget-html\" data-id=\"1d64d86\" data-element_type=\"widget\" data-widget_type=\"html.default\">\n\t\t\t\t<div class=\"elementor-widget-container\">\n\t\t\t<!DOCTYPE html>\r\n<html lang=\"es\">\r\n<head>\r\n    <meta charset=\"UTF-8\">\r\n    <meta name=\"viewport\" content=\"width=device-width, initial-scale=1.0\">\r\n    <title>Tecnoaccesibilidad en la Educaci\u00f3n<\/title>\r\n    <style>\r\n        body {\r\n            font-family: Arial, sans-serif;\r\n            line-height: 1.6;\r\n            margin: 20px;\r\n            padding: 20px;\r\n        }\r\n        h1, h2,h3 {\r\n           \r\n             font-weight: bold;\r\n        color: #000;\r\n        }\r\n        p {\r\n            font-size: 1.2em;\r\n        }\r\n        .icon {\r\n            font-size: 1.2em;\r\n        }\r\n        .benefits, .tools {\r\n            padding: 15px;\r\n            margin: 10px 0;\r\n            border-radius: 5px;\r\n            box-shadow: 0 0 10px rgba(0, 0, 0, 0.1);\r\n        }\r\n        .cta {\r\n            font-size: 1.2em;\r\n            font-weight: bold;\r\n            color: #007BFF;\r\n        }\r\n    <\/style>\r\n<\/head>\r\n<body>\r\n    <h2>Descubre el poder de la tecnoaccesibilidad en la educaci\u00f3n<\/h1>\r\n    \r\n    <img decoding=\"async\" class=\"alignnone size-full wp-ima5916\" src=\"http:\/\/virtual.usac.edu.gt\/dedev\/wp-content\/uploads\/2025\/03\/Imagen-de-WhatsApp-2025-03-07-a-las-14.51.55_4127ebbf-e1741381011855.jpg\" \/>\r\n    <h3>\u201cTecnolog\u00eda al servicio de la inclusi\u00f3n\u201d<\/h2>\r\n    <p>\u00bfSab\u00edas que peque\u00f1as acciones pueden hacer una gran diferencia en la experiencia educativa de los estudiantes con discapacidad? Gracias a la tecnoaccesibilidad, es posible eliminar barreras y mejorar la forma en que compartimos conocimiento.<\/p>\r\n    \r\n    <h2>Herramientas clave<\/h2>\r\n    <div class=\"tools\">\r\n        <p><span class=\"icon\">\ud83d\udc41\ufe0f<\/span> <strong>Lector de pantalla y texto alternativo:<\/strong> Facilita el acceso a la informaci\u00f3n para personas con discapacidad visual.<\/p>\r\n        <p><span class=\"icon\">\ud83c\udfa7<\/span> <strong>Subt\u00edtulos y transcripci\u00f3n autom\u00e1tica:<\/strong> Ayuda a los estudiantes con discapacidad auditiva a comprender el contenido multimedia.<\/p>\r\n        <p><span class=\"icon\">\ud83e\udde0<\/span> <strong>Dise\u00f1o cognitivo accesible:<\/strong> Aprende a estructurar materiales de manera clara y comprensible para estudiantes con dificultades de aprendizaje.<\/p>\r\n        <p><span class=\"icon\">\ud83d\udcda<\/span> <strong>Plataformas inclusivas:<\/strong> Explora recursos digitales que promueven la educaci\u00f3n accesible, como Microsoft Word, Google Docs y Moodle.<\/p>\r\n    <\/div>\r\n    \r\n    <h2>Beneficios de la accesibilidad digital en la educaci\u00f3n<\/h2>\r\n    <div class=\"benefits\">\r\n        <p><span class=\"icon\">\ud83d\udccc<\/span> <strong>Mayor inclusi\u00f3n y equidad:<\/strong> Brinda oportunidades de aprendizaje para todos los estudiantes.<\/p>\r\n        <p><span class=\"icon\">\ud83d\udccc<\/span> <strong>Mejor comprensi\u00f3n y retenci\u00f3n del contenido:<\/strong> Un dise\u00f1o accesible beneficia a todos, no solo a quienes tienen discapacidad.<\/p>\r\n        <p><span class=\"icon\">\ud83d\udccc<\/span> <strong>Cumplimiento de normativas de accesibilidad:<\/strong> Aprende a crear materiales educativos que cumplan con est\u00e1ndares internacionales.<\/p>\r\n    <\/div>\r\n    \r\n    <h2>\u00a1Forma parte del cambio!<\/h2>\r\n    <p>Tienes en tus manos la posibilidad de transformar la educaci\u00f3n y hacerla m\u00e1s inclusiva. Con este curso, no solo mejorar\u00e1s tus habilidades tecnol\u00f3gicas, sino que tambi\u00e9n contribuir\u00e1s a un entorno de aprendizaje m\u00e1s justo y accesible.<\/p>\r\n    <p class=\"cta\">\ud83d\ude80 \u00a1\u00danete ahora y empieza a hacer la diferencia!<\/p>\r\n<\/body>\r\n<\/html>\t\t<\/div>\n\t\t\t\t<\/div>\n\t\t\t\t\t<\/div>\n\t\t<\/div>\n\t\t\t\t\t\t\t<\/div>\n\t\t<\/section>\n\t\t\t\t\t\t<\/div>\n\t\t\t\t\t<\/div>\n\t\t","protected":false},"excerpt":{"rendered":"<p>Tecnoaccesibilidad en la Educaci\u00f3n Descubre el poder de la tecnoaccesibilidad en la educaci\u00f3n \u201cTecnolog\u00eda al servicio de la inclusi\u00f3n\u201d \u00bfSab\u00edas que peque\u00f1as acciones pueden hacer una gran diferencia en la experiencia educativa de los estudiantes con discapacidad? Gracias a la tecnoaccesibilidad, es posible eliminar barreras y mejorar la forma en que compartimos conocimiento. Herramientas clave &hellip;<\/p>\n<p class=\"read-more\"> <a class=\"\" href=\"https:\/\/virtual.usac.edu.gt\/dedev\/descubre-el-poder-de-la-tecnoaccesibilidad-en-la-educacion\/\"> <span class=\"screen-reader-text\">Descubre el poder de la Tecnoaccesibilidad en la educaci\u00f3n<\/span> Read More &raquo;<\/a><\/p>\n","protected":false},"author":1,"featured_media":0,"parent":0,"menu_order":0,"comment_status":"closed","ping_status":"closed","template":"","meta":{"site-sidebar-layout":"no-sidebar","site-content-layout":"page-builder","ast-main-header-display":"","ast-hfb-above-header-display":"","ast-hfb-below-header-display":"","ast-hfb-mobile-header-display":"","site-post-title":"disabled","ast-breadcrumbs-content":"","ast-featured-img":"disabled","footer-sml-layout":"","theme-transparent-header-meta":"","adv-header-id-meta":"","stick-header-meta":"","header-above-stick-meta":"","header-main-stick-meta":"","header-below-stick-meta":"","footnotes":""},"class_list":["post-17982","page","type-page","status-publish","hentry"],"yoast_head":"<!-- This site is optimized with the Yoast SEO plugin v22.0 - https:\/\/yoast.com\/wordpress\/plugins\/seo\/ -->\n<title>Descubre el poder de la Tecnoaccesibilidad en la educaci\u00f3n<\/title>\n<meta name=\"robots\" content=\"index, follow, max-snippet:-1, max-image-preview:large, max-video-preview:-1\" \/>\n<link rel=\"canonical\" href=\"https:\/\/virtual.usac.edu.gt\/dedev\/descubre-el-poder-de-la-tecnoaccesibilidad-en-la-educacion\/\" \/>\n<meta property=\"og:locale\" content=\"es_ES\" \/>\n<meta property=\"og:type\" content=\"article\" \/>\n<meta property=\"og:title\" content=\"Descubre el poder de la Tecnoaccesibilidad en la educaci\u00f3n\" \/>\n<meta property=\"og:url\" content=\"https:\/\/virtual.usac.edu.gt\/dedev\/descubre-el-poder-de-la-tecnoaccesibilidad-en-la-educacion\/\" \/>\n<meta property=\"article:publisher\" content=\"https:\/\/www.facebook.com\/dedevusac\" \/>\n<meta property=\"article:modified_time\" content=\"2025-03-07T20:57:04+00:00\" \/>\n<meta property=\"og:image\" content=\"http:\/\/virtual.usac.edu.gt\/dedev\/wp-content\/uploads\/2025\/03\/Imagen-de-WhatsApp-2025-03-07-a-las-14.51.55_4127ebbf-e1741381011855.jpg\" \/>\n<meta name=\"twitter:card\" content=\"summary_large_image\" \/>\n<meta name=\"twitter:site\" content=\"@usacdedev\" \/>\n<meta name=\"twitter:label1\" content=\"Est. reading time\" \/>\n\t<meta name=\"twitter:data1\" content=\"1 minuto\" \/>\n<script type=\"application\/ld+json\" class=\"yoast-schema-graph\">{\"@context\":\"https:\/\/schema.org\",\"@graph\":[{\"@type\":\"WebPage\",\"@id\":\"https:\/\/virtual.usac.edu.gt\/dedev\/descubre-el-poder-de-la-tecnoaccesibilidad-en-la-educacion\/\",\"url\":\"https:\/\/virtual.usac.edu.gt\/dedev\/descubre-el-poder-de-la-tecnoaccesibilidad-en-la-educacion\/\",\"name\":\"Descubre el poder de la Tecnoaccesibilidad en la educaci\u00f3n\",\"isPartOf\":{\"@id\":\"https:\/\/virtual.usac.edu.gt\/dedev\/#website\"},\"datePublished\":\"2025-03-06T14:40:01+00:00\",\"dateModified\":\"2025-03-07T20:57:04+00:00\",\"breadcrumb\":{\"@id\":\"https:\/\/virtual.usac.edu.gt\/dedev\/descubre-el-poder-de-la-tecnoaccesibilidad-en-la-educacion\/#breadcrumb\"},\"inLanguage\":\"es\",\"potentialAction\":[{\"@type\":\"ReadAction\",\"target\":[\"https:\/\/virtual.usac.edu.gt\/dedev\/descubre-el-poder-de-la-tecnoaccesibilidad-en-la-educacion\/\"]}]},{\"@type\":\"BreadcrumbList\",\"@id\":\"https:\/\/virtual.usac.edu.gt\/dedev\/descubre-el-poder-de-la-tecnoaccesibilidad-en-la-educacion\/#breadcrumb\",\"itemListElement\":[{\"@type\":\"ListItem\",\"position\":1,\"name\":\"Home\",\"item\":\"https:\/\/virtual.usac.edu.gt\/dedev\/\"},{\"@type\":\"ListItem\",\"position\":2,\"name\":\"Descubre el poder de la Tecnoaccesibilidad en la educaci\u00f3n\"}]},{\"@type\":\"WebSite\",\"@id\":\"https:\/\/virtual.usac.edu.gt\/dedev\/#website\",\"url\":\"https:\/\/virtual.usac.edu.gt\/dedev\/\",\"name\":\"https:\/\/virtual.usac.edu.gt\/dedev\",\"description\":\"Divisi\u00f3n de Educaci\u00f3n a Distancia en Entornos Virtuales\",\"publisher\":{\"@id\":\"https:\/\/virtual.usac.edu.gt\/dedev\/#organization\"},\"potentialAction\":[{\"@type\":\"SearchAction\",\"target\":{\"@type\":\"EntryPoint\",\"urlTemplate\":\"https:\/\/virtual.usac.edu.gt\/dedev\/?s={search_term_string}\"},\"query-input\":\"required name=search_term_string\"}],\"inLanguage\":\"es\"},{\"@type\":\"Organization\",\"@id\":\"https:\/\/virtual.usac.edu.gt\/dedev\/#organization\",\"name\":\"DEDEV USAC\",\"alternateName\":\"DEDEV\",\"url\":\"https:\/\/virtual.usac.edu.gt\/dedev\/\",\"logo\":{\"@type\":\"ImageObject\",\"inLanguage\":\"es\",\"@id\":\"https:\/\/virtual.usac.edu.gt\/dedev\/#\/schema\/logo\/image\/\",\"url\":\"https:\/\/virtual.usac.edu.gt\/dedev\/wp-content\/uploads\/2021\/11\/cropped-ICONO_Mesa-de-trabajo-1-copia.png\",\"contentUrl\":\"https:\/\/virtual.usac.edu.gt\/dedev\/wp-content\/uploads\/2021\/11\/cropped-ICONO_Mesa-de-trabajo-1-copia.png\",\"width\":512,\"height\":512,\"caption\":\"DEDEV USAC\"},\"image\":{\"@id\":\"https:\/\/virtual.usac.edu.gt\/dedev\/#\/schema\/logo\/image\/\"},\"sameAs\":[\"https:\/\/www.facebook.com\/dedevusac\",\"https:\/\/twitter.com\/usacdedev\",\"https:\/\/www.youtube.com\/channel\/UC0weNIBRspBx-ntSC31LgVA\"]}]}<\/script>\n<!-- \/ Yoast SEO plugin. -->","yoast_head_json":{"title":"Descubre el poder de la Tecnoaccesibilidad en la educaci\u00f3n","robots":{"index":"index","follow":"follow","max-snippet":"max-snippet:-1","max-image-preview":"max-image-preview:large","max-video-preview":"max-video-preview:-1"},"canonical":"https:\/\/virtual.usac.edu.gt\/dedev\/descubre-el-poder-de-la-tecnoaccesibilidad-en-la-educacion\/","og_locale":"es_ES","og_type":"article","og_title":"Descubre el poder de la Tecnoaccesibilidad en la educaci\u00f3n","og_url":"https:\/\/virtual.usac.edu.gt\/dedev\/descubre-el-poder-de-la-tecnoaccesibilidad-en-la-educacion\/","article_publisher":"https:\/\/www.facebook.com\/dedevusac","article_modified_time":"2025-03-07T20:57:04+00:00","og_image":[{"url":"http:\/\/virtual.usac.edu.gt\/dedev\/wp-content\/uploads\/2025\/03\/Imagen-de-WhatsApp-2025-03-07-a-las-14.51.55_4127ebbf-e1741381011855.jpg"}],"twitter_card":"summary_large_image","twitter_site":"@usacdedev","twitter_misc":{"Est. reading time":"1 minuto"},"schema":{"@context":"https:\/\/schema.org","@graph":[{"@type":"WebPage","@id":"https:\/\/virtual.usac.edu.gt\/dedev\/descubre-el-poder-de-la-tecnoaccesibilidad-en-la-educacion\/","url":"https:\/\/virtual.usac.edu.gt\/dedev\/descubre-el-poder-de-la-tecnoaccesibilidad-en-la-educacion\/","name":"Descubre el poder de la Tecnoaccesibilidad en la educaci\u00f3n","isPartOf":{"@id":"https:\/\/virtual.usac.edu.gt\/dedev\/#website"},"datePublished":"2025-03-06T14:40:01+00:00","dateModified":"2025-03-07T20:57:04+00:00","breadcrumb":{"@id":"https:\/\/virtual.usac.edu.gt\/dedev\/descubre-el-poder-de-la-tecnoaccesibilidad-en-la-educacion\/#breadcrumb"},"inLanguage":"es","potentialAction":[{"@type":"ReadAction","target":["https:\/\/virtual.usac.edu.gt\/dedev\/descubre-el-poder-de-la-tecnoaccesibilidad-en-la-educacion\/"]}]},{"@type":"BreadcrumbList","@id":"https:\/\/virtual.usac.edu.gt\/dedev\/descubre-el-poder-de-la-tecnoaccesibilidad-en-la-educacion\/#breadcrumb","itemListElement":[{"@type":"ListItem","position":1,"name":"Home","item":"https:\/\/virtual.usac.edu.gt\/dedev\/"},{"@type":"ListItem","position":2,"name":"Descubre el poder de la Tecnoaccesibilidad en la educaci\u00f3n"}]},{"@type":"WebSite","@id":"https:\/\/virtual.usac.edu.gt\/dedev\/#website","url":"https:\/\/virtual.usac.edu.gt\/dedev\/","name":"https:\/\/virtual.usac.edu.gt\/dedev","description":"Divisi\u00f3n de Educaci\u00f3n a Distancia en Entornos Virtuales","publisher":{"@id":"https:\/\/virtual.usac.edu.gt\/dedev\/#organization"},"potentialAction":[{"@type":"SearchAction","target":{"@type":"EntryPoint","urlTemplate":"https:\/\/virtual.usac.edu.gt\/dedev\/?s={search_term_string}"},"query-input":"required name=search_term_string"}],"inLanguage":"es"},{"@type":"Organization","@id":"https:\/\/virtual.usac.edu.gt\/dedev\/#organization","name":"DEDEV USAC","alternateName":"DEDEV","url":"https:\/\/virtual.usac.edu.gt\/dedev\/","logo":{"@type":"ImageObject","inLanguage":"es","@id":"https:\/\/virtual.usac.edu.gt\/dedev\/#\/schema\/logo\/image\/","url":"https:\/\/virtual.usac.edu.gt\/dedev\/wp-content\/uploads\/2021\/11\/cropped-ICONO_Mesa-de-trabajo-1-copia.png","contentUrl":"https:\/\/virtual.usac.edu.gt\/dedev\/wp-content\/uploads\/2021\/11\/cropped-ICONO_Mesa-de-trabajo-1-copia.png","width":512,"height":512,"caption":"DEDEV USAC"},"image":{"@id":"https:\/\/virtual.usac.edu.gt\/dedev\/#\/schema\/logo\/image\/"},"sameAs":["https:\/\/www.facebook.com\/dedevusac","https:\/\/twitter.com\/usacdedev","https:\/\/www.youtube.com\/channel\/UC0weNIBRspBx-ntSC31LgVA"]}]}},"_links":{"self":[{"href":"https:\/\/virtual.usac.edu.gt\/dedev\/wp-json\/wp\/v2\/pages\/17982","targetHints":{"allow":["GET"]}}],"collection":[{"href":"https:\/\/virtual.usac.edu.gt\/dedev\/wp-json\/wp\/v2\/pages"}],"about":[{"href":"https:\/\/virtual.usac.edu.gt\/dedev\/wp-json\/wp\/v2\/types\/page"}],"author":[{"embeddable":true,"href":"https:\/\/virtual.usac.edu.gt\/dedev\/wp-json\/wp\/v2\/users\/1"}],"replies":[{"embeddable":true,"href":"https:\/\/virtual.usac.edu.gt\/dedev\/wp-json\/wp\/v2\/comments?post=17982"}],"version-history":[{"count":50,"href":"https:\/\/virtual.usac.edu.gt\/dedev\/wp-json\/wp\/v2\/pages\/17982\/revisions"}],"predecessor-version":[{"id":18121,"href":"https:\/\/virtual.usac.edu.gt\/dedev\/wp-json\/wp\/v2\/pages\/17982\/revisions\/18121"}],"wp:attachment":[{"href":"https:\/\/virtual.usac.edu.gt\/dedev\/wp-json\/wp\/v2\/media?parent=17982"}],"curies":[{"name":"wp","href":"https:\/\/api.w.org\/{rel}","templated":true}]}}