{"id":18261,"date":"2025-04-21T23:49:42","date_gmt":"2025-04-21T21:49:42","guid":{"rendered":"https:\/\/virtual.usac.edu.gt\/dedev\/?page_id=18261"},"modified":"2025-04-22T00:00:21","modified_gmt":"2025-04-21T22:00:21","slug":"moodle-la-plataforma-que-transforma-la-educacion-con-tecnologia-y-metodologias-activas","status":"publish","type":"page","link":"https:\/\/virtual.usac.edu.gt\/dedev\/moodle-la-plataforma-que-transforma-la-educacion-con-tecnologia-y-metodologias-activas\/","title":{"rendered":"Moodle: la plataforma que transforma la educaci\u00f3n con tecnolog\u00eda y metodolog\u00edas activas"},"content":{"rendered":"\t\t<div data-elementor-type=\"wp-page\" data-elementor-id=\"18261\" class=\"elementor elementor-18261\" data-elementor-settings=\"[]\">\n\t\t\t\t\t\t\t<div class=\"elementor-section-wrap\">\n\t\t\t\t\t\t\t<section class=\"elementor-section elementor-top-section elementor-element elementor-element-5a0dc63 elementor-section-boxed elementor-section-height-default elementor-section-height-default\" data-id=\"5a0dc63\" data-element_type=\"section\">\n\t\t\t\t\t\t<div class=\"elementor-container elementor-column-gap-default\">\n\t\t\t\t\t<div class=\"elementor-column elementor-col-100 elementor-top-column elementor-element elementor-element-770887c\" data-id=\"770887c\" data-element_type=\"column\">\n\t\t\t<div class=\"elementor-widget-wrap elementor-element-populated\">\n\t\t\t\t\t\t\t\t<div class=\"elementor-element elementor-element-25a4241 elementor-widget elementor-widget-html\" data-id=\"25a4241\" data-element_type=\"widget\" data-widget_type=\"html.default\">\n\t\t\t\t<div class=\"elementor-widget-container\">\n\t\t\t<!DOCTYPE html>\r\n<html lang=\"es\">\r\n<head>\r\n    <meta charset=\"UTF-8\">\r\n    <meta name=\"viewport\" content=\"width=device-width, initial-scale=1.0\">\r\n    <title>Moodle: La plataforma que transforma la educaci\u00f3n<\/title>\r\n    <style>\r\n        body {\r\n            font-family: Arial, sans-serif;\r\n            line-height: 1.6;\r\n            margin: 20px;\r\n            background-color: #f9f9f9;\r\n            color: #333;\r\n        }\r\n        h1, h2 {\r\n            color: #2a7ae2;\r\n        }\r\n        ul {\r\n            list-style: none;\r\n            padding-left: 0;\r\n        }\r\n        ul li::before {\r\n            content: \"\u2705 \";\r\n            color: #28a745;\r\n        }\r\n        .highlight {\r\n            background-color: #e0f7fa;\r\n            padding: 10px;\r\n            border-radius: 8px;\r\n            margin: 15px 0;\r\n        }\r\n    <\/style>\r\n<\/head>\r\n<body>\r\n\r\n    <h1>\ud83c\udf10 Moodle: la plataforma que transforma la educaci\u00f3n con tecnolog\u00eda y metodolog\u00edas activas<\/h1>\r\n    \r\n    <img decoding=\"async\" class=\"alignnone size-full wp-image-15916\" src=\"http:\/\/virtual.usac.edu.gt\/dedev\/wp-content\/uploads\/2025\/04\/Moodle.jpg\" \/>\r\n    \r\n\r\n    <p>En el contexto actual, donde la tecnolog\u00eda redefine la manera en que aprendemos y ense\u00f1amos, contar con herramientas potentes, flexibles y accesibles es esencial para lograr una educaci\u00f3n de calidad. Moodle, una plataforma de gesti\u00f3n del aprendizaje de c\u00f3digo abierto, se ha consolidado como una de las soluciones m\u00e1s completas y utilizadas a nivel mundial para la educaci\u00f3n en l\u00ednea.<\/p>\r\n\r\n    <h2>\ud83c\udfaf Beneficios clave de Moodle para la educaci\u00f3n<\/h2>\r\n    <ul>\r\n        <li><strong>1. Plataforma libre y personalizable:<\/strong> Moodle es gratuito y de c\u00f3digo abierto, lo que permite a las instituciones adaptar su funcionamiento a sus necesidades particulares.<\/li>\r\n        <li><strong>2. Entorno centrado en el estudiante:<\/strong> Permite que el proceso de aprendizaje est\u00e9 enfocado en la participaci\u00f3n del estudiante, fomentando la autonom\u00eda y el pensamiento cr\u00edtico. Ofrece herramientas para foros, encuestas, wikis, glosarios, lecciones, talleres, entre otros recursos colaborativos.<\/li>\r\n        <li><strong>3. Soporte para metodolog\u00edas activas:<\/strong> Moodle facilita la implementaci\u00f3n de metodolog\u00edas activas como el aprendizaje basado en proyectos (ABP), el aprendizaje invertido (flipped classroom), el aprendizaje colaborativo y el aprendizaje basado en problemas (ABP).<\/li>\r\n        <li><strong>4. Integraci\u00f3n con herramientas digitales externas:<\/strong> Moodle puede conectarse con m\u00faltiples herramientas y servicios como Google Workspace, Microsoft 365, H5P, Turnitin, Zoom o BigBlueButton para videoconferencias integradas.<\/li>\r\n        \r\n    <\/ul>\r\n    <p> Esto permite una experiencia de ense\u00f1anza-aprendizaje enriquecida y multiplataforma, conectando recursos desde distintas fuentes en un solo lugar.<\/p>\r\n\r\n    <h2>\ud83d\udd27 Funcionalidades destacadas de Moodle<\/h2>\r\n    <div class=\"highlight\">\r\n        <p><strong>Dise\u00f1o modular:<\/strong> El curso se organiza por secciones tem\u00e1ticas o por semanas, facilitando la navegaci\u00f3n estructurada.<\/p>\r\n        <p><strong>Control de progreso:<\/strong> El docente puede ver qu\u00e9 actividades ha completado cada estudiante y programar condiciones para avanzar.<\/p>\r\n        <p><strong>Retroalimentaci\u00f3n personalizada:<\/strong> Posibilidad de calificar, comentar y devolver trabajos en diferentes formatos.<\/p>\r\n        <p><strong>Escalabilidad:<\/strong> Moodle se adapta a cursos con 10 estudiantes o con 1,000, sin perder funcionalidad.<\/p>\r\n        <p><strong>Accesibilidad:<\/strong> Cumple con los est\u00e1ndares internacionales de accesibilidad web (WCAG), facilitando la inclusi\u00f3n de estudiantes con discapacidad.<\/p>\r\n    <\/div>\r\n\r\n    <h2>\ud83c\udf0d Moodle como ecosistema para una educaci\u00f3n digital transformadora<\/h2>\r\n    <p>Adem\u00e1s, con la aparici\u00f3n de nuevas tendencias como la inteligencia artificial, el microlearning, el aprendizaje h\u00edbrido y la gamificaci\u00f3n, Moodle se mantiene como una plataforma vigente y adaptable, que contin\u00faa evolucionando junto a las necesidades educativas.<\/p>\r\n\r\n    <h2>\ud83d\ude80 Con Moodle, la educaci\u00f3n no tiene l\u00edmites<\/h2>\r\n    <p>Transforma tu forma de ense\u00f1ar. Explora, dise\u00f1a, innova.<\/p>\r\n\r\n<\/body>\r\n<\/html>\r\n\t\t<\/div>\n\t\t\t\t<\/div>\n\t\t\t\t\t<\/div>\n\t\t<\/div>\n\t\t\t\t\t\t\t<\/div>\n\t\t<\/section>\n\t\t\t\t\t\t<\/div>\n\t\t\t\t\t<\/div>\n\t\t","protected":false},"excerpt":{"rendered":"<p>Moodle: La plataforma que transforma la educaci\u00f3n \ud83c\udf10 Moodle: la plataforma que transforma la educaci\u00f3n con tecnolog\u00eda y metodolog\u00edas activas En el contexto actual, donde la tecnolog\u00eda redefine la manera en que aprendemos y ense\u00f1amos, contar con herramientas potentes, flexibles y accesibles es esencial para lograr una educaci\u00f3n de calidad. Moodle, una plataforma de gesti\u00f3n &hellip;<\/p>\n<p class=\"read-more\"> <a class=\"\" href=\"https:\/\/virtual.usac.edu.gt\/dedev\/moodle-la-plataforma-que-transforma-la-educacion-con-tecnologia-y-metodologias-activas\/\"> <span class=\"screen-reader-text\">Moodle: la plataforma que transforma la educaci\u00f3n con tecnolog\u00eda y metodolog\u00edas activas<\/span> Read More &raquo;<\/a><\/p>\n","protected":false},"author":1,"featured_media":0,"parent":0,"menu_order":0,"comment_status":"closed","ping_status":"closed","template":"","meta":{"site-sidebar-layout":"no-sidebar","site-content-layout":"page-builder","ast-main-header-display":"","ast-hfb-above-header-display":"","ast-hfb-below-header-display":"","ast-hfb-mobile-header-display":"","site-post-title":"disabled","ast-breadcrumbs-content":"","ast-featured-img":"disabled","footer-sml-layout":"","theme-transparent-header-meta":"","adv-header-id-meta":"","stick-header-meta":"","header-above-stick-meta":"","header-main-stick-meta":"","header-below-stick-meta":"","footnotes":""},"class_list":["post-18261","page","type-page","status-publish","hentry"],"yoast_head":"<!-- This site is optimized with the Yoast SEO plugin v22.0 - https:\/\/yoast.com\/wordpress\/plugins\/seo\/ -->\n<title>Moodle: la plataforma que transforma la educaci\u00f3n con tecnolog\u00eda y metodolog\u00edas activas<\/title>\n<meta name=\"robots\" content=\"index, follow, max-snippet:-1, max-image-preview:large, max-video-preview:-1\" \/>\n<link rel=\"canonical\" href=\"https:\/\/virtual.usac.edu.gt\/dedev\/moodle-la-plataforma-que-transforma-la-educacion-con-tecnologia-y-metodologias-activas\/\" \/>\n<meta property=\"og:locale\" content=\"es_ES\" \/>\n<meta property=\"og:type\" content=\"article\" \/>\n<meta property=\"og:title\" content=\"Moodle: la plataforma que transforma la educaci\u00f3n con tecnolog\u00eda y metodolog\u00edas activas\" \/>\n<meta property=\"og:url\" content=\"https:\/\/virtual.usac.edu.gt\/dedev\/moodle-la-plataforma-que-transforma-la-educacion-con-tecnologia-y-metodologias-activas\/\" \/>\n<meta property=\"article:publisher\" content=\"https:\/\/www.facebook.com\/dedevusac\" \/>\n<meta property=\"article:modified_time\" content=\"2025-04-21T22:00:21+00:00\" \/>\n<meta property=\"og:image\" content=\"http:\/\/virtual.usac.edu.gt\/dedev\/wp-content\/uploads\/2025\/04\/Moodle.jpg\" \/>\n<meta name=\"twitter:card\" content=\"summary_large_image\" \/>\n<meta name=\"twitter:site\" content=\"@usacdedev\" \/>\n<meta name=\"twitter:label1\" content=\"Est. reading time\" \/>\n\t<meta name=\"twitter:data1\" content=\"2 minutos\" \/>\n<script type=\"application\/ld+json\" class=\"yoast-schema-graph\">{\"@context\":\"https:\/\/schema.org\",\"@graph\":[{\"@type\":\"WebPage\",\"@id\":\"https:\/\/virtual.usac.edu.gt\/dedev\/moodle-la-plataforma-que-transforma-la-educacion-con-tecnologia-y-metodologias-activas\/\",\"url\":\"https:\/\/virtual.usac.edu.gt\/dedev\/moodle-la-plataforma-que-transforma-la-educacion-con-tecnologia-y-metodologias-activas\/\",\"name\":\"Moodle: la plataforma que transforma la educaci\u00f3n con tecnolog\u00eda y metodolog\u00edas activas\",\"isPartOf\":{\"@id\":\"https:\/\/virtual.usac.edu.gt\/dedev\/#website\"},\"datePublished\":\"2025-04-21T21:49:42+00:00\",\"dateModified\":\"2025-04-21T22:00:21+00:00\",\"breadcrumb\":{\"@id\":\"https:\/\/virtual.usac.edu.gt\/dedev\/moodle-la-plataforma-que-transforma-la-educacion-con-tecnologia-y-metodologias-activas\/#breadcrumb\"},\"inLanguage\":\"es\",\"potentialAction\":[{\"@type\":\"ReadAction\",\"target\":[\"https:\/\/virtual.usac.edu.gt\/dedev\/moodle-la-plataforma-que-transforma-la-educacion-con-tecnologia-y-metodologias-activas\/\"]}]},{\"@type\":\"BreadcrumbList\",\"@id\":\"https:\/\/virtual.usac.edu.gt\/dedev\/moodle-la-plataforma-que-transforma-la-educacion-con-tecnologia-y-metodologias-activas\/#breadcrumb\",\"itemListElement\":[{\"@type\":\"ListItem\",\"position\":1,\"name\":\"Home\",\"item\":\"https:\/\/virtual.usac.edu.gt\/dedev\/\"},{\"@type\":\"ListItem\",\"position\":2,\"name\":\"Moodle: la plataforma que transforma la educaci\u00f3n con tecnolog\u00eda y metodolog\u00edas activas\"}]},{\"@type\":\"WebSite\",\"@id\":\"https:\/\/virtual.usac.edu.gt\/dedev\/#website\",\"url\":\"https:\/\/virtual.usac.edu.gt\/dedev\/\",\"name\":\"https:\/\/virtual.usac.edu.gt\/dedev\",\"description\":\"Divisi\u00f3n de Educaci\u00f3n a Distancia en Entornos Virtuales\",\"publisher\":{\"@id\":\"https:\/\/virtual.usac.edu.gt\/dedev\/#organization\"},\"potentialAction\":[{\"@type\":\"SearchAction\",\"target\":{\"@type\":\"EntryPoint\",\"urlTemplate\":\"https:\/\/virtual.usac.edu.gt\/dedev\/?s={search_term_string}\"},\"query-input\":\"required name=search_term_string\"}],\"inLanguage\":\"es\"},{\"@type\":\"Organization\",\"@id\":\"https:\/\/virtual.usac.edu.gt\/dedev\/#organization\",\"name\":\"DEDEV USAC\",\"alternateName\":\"DEDEV\",\"url\":\"https:\/\/virtual.usac.edu.gt\/dedev\/\",\"logo\":{\"@type\":\"ImageObject\",\"inLanguage\":\"es\",\"@id\":\"https:\/\/virtual.usac.edu.gt\/dedev\/#\/schema\/logo\/image\/\",\"url\":\"https:\/\/virtual.usac.edu.gt\/dedev\/wp-content\/uploads\/2021\/11\/cropped-ICONO_Mesa-de-trabajo-1-copia.png\",\"contentUrl\":\"https:\/\/virtual.usac.edu.gt\/dedev\/wp-content\/uploads\/2021\/11\/cropped-ICONO_Mesa-de-trabajo-1-copia.png\",\"width\":512,\"height\":512,\"caption\":\"DEDEV USAC\"},\"image\":{\"@id\":\"https:\/\/virtual.usac.edu.gt\/dedev\/#\/schema\/logo\/image\/\"},\"sameAs\":[\"https:\/\/www.facebook.com\/dedevusac\",\"https:\/\/twitter.com\/usacdedev\",\"https:\/\/www.youtube.com\/channel\/UC0weNIBRspBx-ntSC31LgVA\"]}]}<\/script>\n<!-- \/ Yoast SEO plugin. -->","yoast_head_json":{"title":"Moodle: la plataforma que transforma la educaci\u00f3n con tecnolog\u00eda y metodolog\u00edas activas","robots":{"index":"index","follow":"follow","max-snippet":"max-snippet:-1","max-image-preview":"max-image-preview:large","max-video-preview":"max-video-preview:-1"},"canonical":"https:\/\/virtual.usac.edu.gt\/dedev\/moodle-la-plataforma-que-transforma-la-educacion-con-tecnologia-y-metodologias-activas\/","og_locale":"es_ES","og_type":"article","og_title":"Moodle: la plataforma que transforma la educaci\u00f3n con tecnolog\u00eda y metodolog\u00edas activas","og_url":"https:\/\/virtual.usac.edu.gt\/dedev\/moodle-la-plataforma-que-transforma-la-educacion-con-tecnologia-y-metodologias-activas\/","article_publisher":"https:\/\/www.facebook.com\/dedevusac","article_modified_time":"2025-04-21T22:00:21+00:00","og_image":[{"url":"http:\/\/virtual.usac.edu.gt\/dedev\/wp-content\/uploads\/2025\/04\/Moodle.jpg"}],"twitter_card":"summary_large_image","twitter_site":"@usacdedev","twitter_misc":{"Est. reading time":"2 minutos"},"schema":{"@context":"https:\/\/schema.org","@graph":[{"@type":"WebPage","@id":"https:\/\/virtual.usac.edu.gt\/dedev\/moodle-la-plataforma-que-transforma-la-educacion-con-tecnologia-y-metodologias-activas\/","url":"https:\/\/virtual.usac.edu.gt\/dedev\/moodle-la-plataforma-que-transforma-la-educacion-con-tecnologia-y-metodologias-activas\/","name":"Moodle: la plataforma que transforma la educaci\u00f3n con tecnolog\u00eda y metodolog\u00edas activas","isPartOf":{"@id":"https:\/\/virtual.usac.edu.gt\/dedev\/#website"},"datePublished":"2025-04-21T21:49:42+00:00","dateModified":"2025-04-21T22:00:21+00:00","breadcrumb":{"@id":"https:\/\/virtual.usac.edu.gt\/dedev\/moodle-la-plataforma-que-transforma-la-educacion-con-tecnologia-y-metodologias-activas\/#breadcrumb"},"inLanguage":"es","potentialAction":[{"@type":"ReadAction","target":["https:\/\/virtual.usac.edu.gt\/dedev\/moodle-la-plataforma-que-transforma-la-educacion-con-tecnologia-y-metodologias-activas\/"]}]},{"@type":"BreadcrumbList","@id":"https:\/\/virtual.usac.edu.gt\/dedev\/moodle-la-plataforma-que-transforma-la-educacion-con-tecnologia-y-metodologias-activas\/#breadcrumb","itemListElement":[{"@type":"ListItem","position":1,"name":"Home","item":"https:\/\/virtual.usac.edu.gt\/dedev\/"},{"@type":"ListItem","position":2,"name":"Moodle: la plataforma que transforma la educaci\u00f3n con tecnolog\u00eda y metodolog\u00edas activas"}]},{"@type":"WebSite","@id":"https:\/\/virtual.usac.edu.gt\/dedev\/#website","url":"https:\/\/virtual.usac.edu.gt\/dedev\/","name":"https:\/\/virtual.usac.edu.gt\/dedev","description":"Divisi\u00f3n de Educaci\u00f3n a Distancia en Entornos Virtuales","publisher":{"@id":"https:\/\/virtual.usac.edu.gt\/dedev\/#organization"},"potentialAction":[{"@type":"SearchAction","target":{"@type":"EntryPoint","urlTemplate":"https:\/\/virtual.usac.edu.gt\/dedev\/?s={search_term_string}"},"query-input":"required name=search_term_string"}],"inLanguage":"es"},{"@type":"Organization","@id":"https:\/\/virtual.usac.edu.gt\/dedev\/#organization","name":"DEDEV USAC","alternateName":"DEDEV","url":"https:\/\/virtual.usac.edu.gt\/dedev\/","logo":{"@type":"ImageObject","inLanguage":"es","@id":"https:\/\/virtual.usac.edu.gt\/dedev\/#\/schema\/logo\/image\/","url":"https:\/\/virtual.usac.edu.gt\/dedev\/wp-content\/uploads\/2021\/11\/cropped-ICONO_Mesa-de-trabajo-1-copia.png","contentUrl":"https:\/\/virtual.usac.edu.gt\/dedev\/wp-content\/uploads\/2021\/11\/cropped-ICONO_Mesa-de-trabajo-1-copia.png","width":512,"height":512,"caption":"DEDEV USAC"},"image":{"@id":"https:\/\/virtual.usac.edu.gt\/dedev\/#\/schema\/logo\/image\/"},"sameAs":["https:\/\/www.facebook.com\/dedevusac","https:\/\/twitter.com\/usacdedev","https:\/\/www.youtube.com\/channel\/UC0weNIBRspBx-ntSC31LgVA"]}]}},"_links":{"self":[{"href":"https:\/\/virtual.usac.edu.gt\/dedev\/wp-json\/wp\/v2\/pages\/18261","targetHints":{"allow":["GET"]}}],"collection":[{"href":"https:\/\/virtual.usac.edu.gt\/dedev\/wp-json\/wp\/v2\/pages"}],"about":[{"href":"https:\/\/virtual.usac.edu.gt\/dedev\/wp-json\/wp\/v2\/types\/page"}],"author":[{"embeddable":true,"href":"https:\/\/virtual.usac.edu.gt\/dedev\/wp-json\/wp\/v2\/users\/1"}],"replies":[{"embeddable":true,"href":"https:\/\/virtual.usac.edu.gt\/dedev\/wp-json\/wp\/v2\/comments?post=18261"}],"version-history":[{"count":18,"href":"https:\/\/virtual.usac.edu.gt\/dedev\/wp-json\/wp\/v2\/pages\/18261\/revisions"}],"predecessor-version":[{"id":18283,"href":"https:\/\/virtual.usac.edu.gt\/dedev\/wp-json\/wp\/v2\/pages\/18261\/revisions\/18283"}],"wp:attachment":[{"href":"https:\/\/virtual.usac.edu.gt\/dedev\/wp-json\/wp\/v2\/media?parent=18261"}],"curies":[{"name":"wp","href":"https:\/\/api.w.org\/{rel}","templated":true}]}}