{"id":21364,"date":"2025-07-31T18:57:08","date_gmt":"2025-07-31T16:57:08","guid":{"rendered":"https:\/\/virtual.usac.edu.gt\/dedev\/?page_id=21364"},"modified":"2025-07-31T19:44:10","modified_gmt":"2025-07-31T17:44:10","slug":"moodle-avanzado-para-profesores","status":"publish","type":"page","link":"https:\/\/virtual.usac.edu.gt\/dedev\/moodle-avanzado-para-profesores\/","title":{"rendered":"Moodle avanzado para profesores"},"content":{"rendered":"\t\t<div data-elementor-type=\"wp-page\" data-elementor-id=\"21364\" class=\"elementor elementor-21364\" data-elementor-settings=\"[]\">\n\t\t\t\t\t\t\t<div class=\"elementor-section-wrap\">\n\t\t\t\t\t\t\t<section class=\"elementor-section elementor-top-section elementor-element elementor-element-8c70525 elementor-section-boxed elementor-section-height-default elementor-section-height-default\" data-id=\"8c70525\" data-element_type=\"section\">\n\t\t\t\t\t\t<div class=\"elementor-container elementor-column-gap-default\">\n\t\t\t\t\t<div class=\"elementor-column elementor-col-100 elementor-top-column elementor-element elementor-element-f5150c8\" data-id=\"f5150c8\" data-element_type=\"column\">\n\t\t\t<div class=\"elementor-widget-wrap elementor-element-populated\">\n\t\t\t\t\t\t\t\t<div class=\"elementor-element elementor-element-1d64d86 elementor-widget elementor-widget-html\" data-id=\"1d64d86\" data-element_type=\"widget\" data-widget_type=\"html.default\">\n\t\t\t\t<div class=\"elementor-widget-container\">\n\t\t\t<!DOCTYPE html>\r\n<html lang=\"es\">\r\n<head>\r\n  <meta charset=\"UTF-8\">\r\n  <title>Moodle avanzado para profesores<\/title>\r\n  <style>\r\n    body {\r\n      font-family: 'Arial', sans-serif;\r\n      line-height: 1.8;\r\n      color: #000;\r\n      margin: 20px;\r\n      font-size: 18px;\r\n      background-color: #f9f9f9;\r\n    }\r\n\r\n    h1, h2, h3 {\r\n      font-family: 'Segoe UI', Tahoma, Geneva, Verdana, sans-serif;\r\n      font-weight: bold;\r\n      color: #000;\r\n    }\r\n\r\n    h2 {\r\n      color: #333;\r\n      margin-top: 40px;\r\n    }\r\n\r\n    h3 {\r\n      color: #000;\r\n      margin-top: 30px;\r\n    }\r\n\r\n    p {\r\n      margin-bottom: 15px;\r\n      color: #333;\r\n    }\r\n\r\n    ul {\r\n      margin-bottom: 15px;\r\n      color: #333;\r\n      padding-left: 40px;\r\n      list-style-type: none;\r\n    }\r\n\r\n    ul li {\r\n      margin-bottom: 15px;\r\n      position: relative;\r\n      padding-left: 1em;\r\n    }\r\n\r\n    ul li:before {\r\n      content: '\u27a4';\r\n      position: absolute;\r\n      left: -1.2em;\r\n      top: 0;\r\n      color: #000;\r\n      font-size: 1em;\r\n    }\r\n\r\n    a {\r\n      color: #007BFF;\r\n      text-decoration: none;\r\n      font-size: 17px;\r\n    }\r\n\r\n    a:hover {\r\n      text-decoration: underline;\r\n    }\r\n\r\n    ol {\r\n      margin-bottom: 15px;\r\n      color: #333;\r\n      padding-left: 40px;\r\n      list-style-type: decimal;\r\n    }\r\n\r\n    .title-section {\r\n      font-size: 24px;\r\n      font-weight: bold;\r\n      color: #000;\r\n    }\r\n\r\n    .bold-subsection {\r\n      font-weight: bold;\r\n    }\r\n\r\n    .banner {\r\n      width: 100%;\r\n      max-width: 900px;\r\n      margin: 20px 0;\r\n      display: block;\r\n      border-radius: 8px;\r\n    }\r\n  <\/style>\r\n<\/head>\r\n<body>\r\n\r\n  <h1>Moodle avanzado para profesores: potenciar la educaci\u00f3n digital<\/h1>\r\n\r\n  <img decoding=\"async\" class=\"banner\" src=\"http:\/\/virtual.usac.edu.gt\/dedev\/wp-content\/uploads\/2025\/07\/moodleavanzado.png\" alt=\"Banner Moodle Avanzado\" \/>\r\n\r\n  <p>La educaci\u00f3n ha cambiado abruptamente en la \u00faltima d\u00e9cada, y herramientas como <strong>Moodle<\/strong> se han consolidado como pilares fundamentales para la gesti\u00f3n del aprendizaje virtual. Si usted es profesor y ya domina lo b\u00e1sico, es momento de descubrir c\u00f3mo Moodle avanzado puede transformar a\u00fan m\u00e1s su pr\u00e1ctica docente.<\/p>\r\n\r\n  <h2>\u00bfPor qu\u00e9 Moodle avanzado?<\/h2>\r\n\r\n  <p>M\u00e1s all\u00e1 de crear simples cursos y subir archivos, Moodle ofrece una variedad de opciones avanzadas que pueden ayudarle a:<\/p>\r\n\r\n  <ul>\r\n    <li><strong>Personalizar la experiencia de aprendizaje<\/strong><\/li>\r\n    <li><strong>Automatizar tareas como las entregas y finalizaci\u00f3n de actividades<\/strong><\/li>\r\n    <li><strong>Reutilizar materiales entre cursos<\/strong><\/li>\r\n    <li><strong>Generar contenido con el m\u00f3dulo de inteligencia artificial<\/strong><\/li>\r\n  <\/ul>\r\n\r\n  <h2>Funcionalidades avanzadas clave<\/h2>\r\n\r\n  <ul>\r\n    <li><strong>Condiciones de finalizaci\u00f3n y restricci\u00f3n de acceso:<\/strong> Configura actividades y recursos para que solo sean visibles cuando los estudiantes hayan cumplido ciertos criterios. Esto permite construir rutas de aprendizaje personalizadas y adaptativas.<\/li>\r\n    <li><strong>Calificador avanzado:<\/strong> Crea categor\u00edas, utiliza \u00edtems para calificaci\u00f3n de notas de actividades externas para ahorrar tiempo en los procesos de calificaci\u00f3n y consolidaci\u00f3n de notas.<\/li>\r\n    <li><strong>Grupos y agrupamientos:<\/strong> Dise\u00f1e actividades colaborativas diferenciadas, asignando recursos o evaluaciones espec\u00edficas para distintos grupos dentro del curso.<\/li>\r\n    <li><strong>Uso de herramientas para optimizar tiempos:<\/strong> Utiliza el m\u00f3dulo integrado de inteligencia artificial para generar contenido y la aplicaci\u00f3n m\u00f3vil para mejorar la inmediatez de la gesti\u00f3n del curso.<\/li>\r\n  <\/ul>\r\n\r\n  <h2>Consejos para aprovechar al m\u00e1ximo Moodle<\/h2>\r\n\r\n  <ul>\r\n    <li>Invierta tiempo en explorar los diferentes recursos y actividades disponibles en la plataforma, adem\u00e1s de las opciones de configuraci\u00f3n de cada m\u00f3dulo.<\/li>\r\n    <li>Participe en las actividades de capacitaci\u00f3n como las que ofrece la DEDEV sobre la plataforma Moodle, donde podr\u00e1 intercambiar ideas y recursos, adem\u00e1s de resolver las dudas que vayan surgiendo.<\/li>\r\n    <li>Utilice las herramientas de comunicaci\u00f3n y retroalimentaci\u00f3n para fortalecer la interacci\u00f3n con sus estudiantes.<\/li>\r\n    <li>Haga pruebas con usuarios ficticios antes de lanzar nuevas actividades o recursos.<\/li>\r\n  <\/ul>\r\n\r\n  <p>Dominar Moodle avanzado no solo mejorar\u00e1 su eficiencia como profesor, sino que enriquecer\u00e1 la experiencia de sus estudiantes y abrir\u00e1 un conjunto de posibilidades para innovar en su ense\u00f1anza diaria.<\/p>\r\n\r\n  <h3>Referencias:<\/h3>\r\n\r\n  <ol>\r\n    <li><a href=\"https:\/\/virtual.usac.edu.gt\/dedev\/como-puede-moodle-mejorar-su-ensenanza\/\" target=\"_blank\">https:\/\/virtual.usac.edu.gt\/dedev\/como-puede-moodle-mejorar-su-ensenanza\/<\/a><\/li>\r\n    <li><a href=\"https:\/\/docs.moodle.org\/all\/es\/Gu%C3%ADa_r%C3%A1pida_del_profesor\" target=\"_blank\">https:\/\/docs.moodle.org\/all\/es\/Gu\u00eda_r\u00e1pida_del_profesor<\/a><\/li>\r\n    <li><a href=\"https:\/\/oa.upm.es\/74499\/1\/Manual_Moodle_4_1.pdf\" target=\"_blank\">https:\/\/oa.upm.es\/74499\/1\/Manual_Moodle_4_1.pdf<\/a><\/li>\r\n  <\/ol>\r\n\r\n<\/body>\r\n<\/html>\r\n\t\t<\/div>\n\t\t\t\t<\/div>\n\t\t\t\t\t<\/div>\n\t\t<\/div>\n\t\t\t\t\t\t\t<\/div>\n\t\t<\/section>\n\t\t\t\t\t\t<\/div>\n\t\t\t\t\t<\/div>\n\t\t","protected":false},"excerpt":{"rendered":"<p>Moodle avanzado para profesores Moodle avanzado para profesores: potenciar la educaci\u00f3n digital La educaci\u00f3n ha cambiado abruptamente en la \u00faltima d\u00e9cada, y herramientas como Moodle se han consolidado como pilares fundamentales para la gesti\u00f3n del aprendizaje virtual. Si usted es profesor y ya domina lo b\u00e1sico, es momento de descubrir c\u00f3mo Moodle avanzado puede transformar &hellip;<\/p>\n<p class=\"read-more\"> <a class=\"\" href=\"https:\/\/virtual.usac.edu.gt\/dedev\/moodle-avanzado-para-profesores\/\"> <span class=\"screen-reader-text\">Moodle avanzado para profesores<\/span> Read More &raquo;<\/a><\/p>\n","protected":false},"author":1,"featured_media":0,"parent":0,"menu_order":0,"comment_status":"closed","ping_status":"closed","template":"","meta":{"site-sidebar-layout":"no-sidebar","site-content-layout":"page-builder","ast-main-header-display":"","ast-hfb-above-header-display":"","ast-hfb-below-header-display":"","ast-hfb-mobile-header-display":"","site-post-title":"disabled","ast-breadcrumbs-content":"","ast-featured-img":"disabled","footer-sml-layout":"","theme-transparent-header-meta":"","adv-header-id-meta":"","stick-header-meta":"","header-above-stick-meta":"","header-main-stick-meta":"","header-below-stick-meta":"","footnotes":""},"class_list":["post-21364","page","type-page","status-publish","hentry"],"yoast_head":"<!-- This site is optimized with the Yoast SEO plugin v22.0 - https:\/\/yoast.com\/wordpress\/plugins\/seo\/ -->\n<title>Moodle avanzado para profesores<\/title>\n<meta name=\"robots\" content=\"index, follow, max-snippet:-1, max-image-preview:large, max-video-preview:-1\" \/>\n<link rel=\"canonical\" href=\"https:\/\/virtual.usac.edu.gt\/dedev\/moodle-avanzado-para-profesores\/\" \/>\n<meta property=\"og:locale\" content=\"es_ES\" \/>\n<meta property=\"og:type\" content=\"article\" \/>\n<meta property=\"og:title\" content=\"Moodle avanzado para profesores\" \/>\n<meta property=\"og:url\" content=\"https:\/\/virtual.usac.edu.gt\/dedev\/moodle-avanzado-para-profesores\/\" \/>\n<meta property=\"article:publisher\" content=\"https:\/\/www.facebook.com\/dedevusac\" \/>\n<meta property=\"article:modified_time\" content=\"2025-07-31T17:44:10+00:00\" \/>\n<meta property=\"og:image\" content=\"http:\/\/virtual.usac.edu.gt\/dedev\/wp-content\/uploads\/2025\/07\/moodleavanzado.png\" \/>\n<meta name=\"twitter:card\" content=\"summary_large_image\" \/>\n<meta name=\"twitter:site\" content=\"@usacdedev\" \/>\n<meta name=\"twitter:label1\" content=\"Est. reading time\" \/>\n\t<meta name=\"twitter:data1\" content=\"2 minutos\" \/>\n<script type=\"application\/ld+json\" class=\"yoast-schema-graph\">{\"@context\":\"https:\/\/schema.org\",\"@graph\":[{\"@type\":\"WebPage\",\"@id\":\"https:\/\/virtual.usac.edu.gt\/dedev\/moodle-avanzado-para-profesores\/\",\"url\":\"https:\/\/virtual.usac.edu.gt\/dedev\/moodle-avanzado-para-profesores\/\",\"name\":\"Moodle avanzado para profesores\",\"isPartOf\":{\"@id\":\"https:\/\/virtual.usac.edu.gt\/dedev\/#website\"},\"datePublished\":\"2025-07-31T16:57:08+00:00\",\"dateModified\":\"2025-07-31T17:44:10+00:00\",\"breadcrumb\":{\"@id\":\"https:\/\/virtual.usac.edu.gt\/dedev\/moodle-avanzado-para-profesores\/#breadcrumb\"},\"inLanguage\":\"es\",\"potentialAction\":[{\"@type\":\"ReadAction\",\"target\":[\"https:\/\/virtual.usac.edu.gt\/dedev\/moodle-avanzado-para-profesores\/\"]}]},{\"@type\":\"BreadcrumbList\",\"@id\":\"https:\/\/virtual.usac.edu.gt\/dedev\/moodle-avanzado-para-profesores\/#breadcrumb\",\"itemListElement\":[{\"@type\":\"ListItem\",\"position\":1,\"name\":\"Home\",\"item\":\"https:\/\/virtual.usac.edu.gt\/dedev\/\"},{\"@type\":\"ListItem\",\"position\":2,\"name\":\"Moodle avanzado para profesores\"}]},{\"@type\":\"WebSite\",\"@id\":\"https:\/\/virtual.usac.edu.gt\/dedev\/#website\",\"url\":\"https:\/\/virtual.usac.edu.gt\/dedev\/\",\"name\":\"https:\/\/virtual.usac.edu.gt\/dedev\",\"description\":\"Divisi\u00f3n de Educaci\u00f3n a Distancia en Entornos Virtuales\",\"publisher\":{\"@id\":\"https:\/\/virtual.usac.edu.gt\/dedev\/#organization\"},\"potentialAction\":[{\"@type\":\"SearchAction\",\"target\":{\"@type\":\"EntryPoint\",\"urlTemplate\":\"https:\/\/virtual.usac.edu.gt\/dedev\/?s={search_term_string}\"},\"query-input\":\"required name=search_term_string\"}],\"inLanguage\":\"es\"},{\"@type\":\"Organization\",\"@id\":\"https:\/\/virtual.usac.edu.gt\/dedev\/#organization\",\"name\":\"DEDEV USAC\",\"alternateName\":\"DEDEV\",\"url\":\"https:\/\/virtual.usac.edu.gt\/dedev\/\",\"logo\":{\"@type\":\"ImageObject\",\"inLanguage\":\"es\",\"@id\":\"https:\/\/virtual.usac.edu.gt\/dedev\/#\/schema\/logo\/image\/\",\"url\":\"https:\/\/virtual.usac.edu.gt\/dedev\/wp-content\/uploads\/2021\/11\/cropped-ICONO_Mesa-de-trabajo-1-copia.png\",\"contentUrl\":\"https:\/\/virtual.usac.edu.gt\/dedev\/wp-content\/uploads\/2021\/11\/cropped-ICONO_Mesa-de-trabajo-1-copia.png\",\"width\":512,\"height\":512,\"caption\":\"DEDEV USAC\"},\"image\":{\"@id\":\"https:\/\/virtual.usac.edu.gt\/dedev\/#\/schema\/logo\/image\/\"},\"sameAs\":[\"https:\/\/www.facebook.com\/dedevusac\",\"https:\/\/twitter.com\/usacdedev\",\"https:\/\/www.youtube.com\/channel\/UC0weNIBRspBx-ntSC31LgVA\"]}]}<\/script>\n<!-- \/ Yoast SEO plugin. -->","yoast_head_json":{"title":"Moodle avanzado para profesores","robots":{"index":"index","follow":"follow","max-snippet":"max-snippet:-1","max-image-preview":"max-image-preview:large","max-video-preview":"max-video-preview:-1"},"canonical":"https:\/\/virtual.usac.edu.gt\/dedev\/moodle-avanzado-para-profesores\/","og_locale":"es_ES","og_type":"article","og_title":"Moodle avanzado para profesores","og_url":"https:\/\/virtual.usac.edu.gt\/dedev\/moodle-avanzado-para-profesores\/","article_publisher":"https:\/\/www.facebook.com\/dedevusac","article_modified_time":"2025-07-31T17:44:10+00:00","og_image":[{"url":"http:\/\/virtual.usac.edu.gt\/dedev\/wp-content\/uploads\/2025\/07\/moodleavanzado.png"}],"twitter_card":"summary_large_image","twitter_site":"@usacdedev","twitter_misc":{"Est. reading time":"2 minutos"},"schema":{"@context":"https:\/\/schema.org","@graph":[{"@type":"WebPage","@id":"https:\/\/virtual.usac.edu.gt\/dedev\/moodle-avanzado-para-profesores\/","url":"https:\/\/virtual.usac.edu.gt\/dedev\/moodle-avanzado-para-profesores\/","name":"Moodle avanzado para profesores","isPartOf":{"@id":"https:\/\/virtual.usac.edu.gt\/dedev\/#website"},"datePublished":"2025-07-31T16:57:08+00:00","dateModified":"2025-07-31T17:44:10+00:00","breadcrumb":{"@id":"https:\/\/virtual.usac.edu.gt\/dedev\/moodle-avanzado-para-profesores\/#breadcrumb"},"inLanguage":"es","potentialAction":[{"@type":"ReadAction","target":["https:\/\/virtual.usac.edu.gt\/dedev\/moodle-avanzado-para-profesores\/"]}]},{"@type":"BreadcrumbList","@id":"https:\/\/virtual.usac.edu.gt\/dedev\/moodle-avanzado-para-profesores\/#breadcrumb","itemListElement":[{"@type":"ListItem","position":1,"name":"Home","item":"https:\/\/virtual.usac.edu.gt\/dedev\/"},{"@type":"ListItem","position":2,"name":"Moodle avanzado para profesores"}]},{"@type":"WebSite","@id":"https:\/\/virtual.usac.edu.gt\/dedev\/#website","url":"https:\/\/virtual.usac.edu.gt\/dedev\/","name":"https:\/\/virtual.usac.edu.gt\/dedev","description":"Divisi\u00f3n de Educaci\u00f3n a Distancia en Entornos Virtuales","publisher":{"@id":"https:\/\/virtual.usac.edu.gt\/dedev\/#organization"},"potentialAction":[{"@type":"SearchAction","target":{"@type":"EntryPoint","urlTemplate":"https:\/\/virtual.usac.edu.gt\/dedev\/?s={search_term_string}"},"query-input":"required name=search_term_string"}],"inLanguage":"es"},{"@type":"Organization","@id":"https:\/\/virtual.usac.edu.gt\/dedev\/#organization","name":"DEDEV USAC","alternateName":"DEDEV","url":"https:\/\/virtual.usac.edu.gt\/dedev\/","logo":{"@type":"ImageObject","inLanguage":"es","@id":"https:\/\/virtual.usac.edu.gt\/dedev\/#\/schema\/logo\/image\/","url":"https:\/\/virtual.usac.edu.gt\/dedev\/wp-content\/uploads\/2021\/11\/cropped-ICONO_Mesa-de-trabajo-1-copia.png","contentUrl":"https:\/\/virtual.usac.edu.gt\/dedev\/wp-content\/uploads\/2021\/11\/cropped-ICONO_Mesa-de-trabajo-1-copia.png","width":512,"height":512,"caption":"DEDEV USAC"},"image":{"@id":"https:\/\/virtual.usac.edu.gt\/dedev\/#\/schema\/logo\/image\/"},"sameAs":["https:\/\/www.facebook.com\/dedevusac","https:\/\/twitter.com\/usacdedev","https:\/\/www.youtube.com\/channel\/UC0weNIBRspBx-ntSC31LgVA"]}]}},"_links":{"self":[{"href":"https:\/\/virtual.usac.edu.gt\/dedev\/wp-json\/wp\/v2\/pages\/21364","targetHints":{"allow":["GET"]}}],"collection":[{"href":"https:\/\/virtual.usac.edu.gt\/dedev\/wp-json\/wp\/v2\/pages"}],"about":[{"href":"https:\/\/virtual.usac.edu.gt\/dedev\/wp-json\/wp\/v2\/types\/page"}],"author":[{"embeddable":true,"href":"https:\/\/virtual.usac.edu.gt\/dedev\/wp-json\/wp\/v2\/users\/1"}],"replies":[{"embeddable":true,"href":"https:\/\/virtual.usac.edu.gt\/dedev\/wp-json\/wp\/v2\/comments?post=21364"}],"version-history":[{"count":20,"href":"https:\/\/virtual.usac.edu.gt\/dedev\/wp-json\/wp\/v2\/pages\/21364\/revisions"}],"predecessor-version":[{"id":22051,"href":"https:\/\/virtual.usac.edu.gt\/dedev\/wp-json\/wp\/v2\/pages\/21364\/revisions\/22051"}],"wp:attachment":[{"href":"https:\/\/virtual.usac.edu.gt\/dedev\/wp-json\/wp\/v2\/media?parent=21364"}],"curies":[{"name":"wp","href":"https:\/\/api.w.org\/{rel}","templated":true}]}}