{"id":3792,"date":"2021-11-16T02:11:39","date_gmt":"2021-11-16T01:11:39","guid":{"rendered":"https:\/\/virtual.usac.edu.gt\/dedev\/?page_id=3792"},"modified":"2025-01-22T17:53:31","modified_gmt":"2025-01-22T16:53:31","slug":"antecedentes","status":"publish","type":"page","link":"https:\/\/virtual.usac.edu.gt\/dedev\/antecedentes\/","title":{"rendered":"DEDEV | Antecedentes"},"content":{"rendered":"\t\t<div data-elementor-type=\"wp-page\" data-elementor-id=\"3792\" class=\"elementor elementor-3792\" data-elementor-settings=\"[]\">\n\t\t\t\t\t\t\t<div class=\"elementor-section-wrap\">\n\t\t\t\t\t\t\t<section class=\"elementor-section elementor-top-section elementor-element elementor-element-cb578a2 elementor-section-full_width elementor-section-height-default elementor-section-height-default\" data-id=\"cb578a2\" data-element_type=\"section\" data-settings=\"{&quot;background_background&quot;:&quot;classic&quot;}\">\n\t\t\t\t\t\t<div class=\"elementor-container elementor-column-gap-default\">\n\t\t\t\t\t<div class=\"elementor-column elementor-col-33 elementor-top-column elementor-element elementor-element-fb22ba1\" data-id=\"fb22ba1\" data-element_type=\"column\">\n\t\t\t<div class=\"elementor-widget-wrap\">\n\t\t\t\t\t\t\t\t\t<\/div>\n\t\t<\/div>\n\t\t\t\t<div class=\"elementor-column elementor-col-33 elementor-top-column elementor-element elementor-element-a0bf184\" data-id=\"a0bf184\" data-element_type=\"column\">\n\t\t\t<div class=\"elementor-widget-wrap elementor-element-populated\">\n\t\t\t\t\t\t\t\t<section class=\"elementor-section elementor-inner-section elementor-element elementor-element-d400967 elementor-section-boxed elementor-section-height-default elementor-section-height-default\" data-id=\"d400967\" data-element_type=\"section\">\n\t\t\t\t\t\t<div class=\"elementor-container elementor-column-gap-default\">\n\t\t\t\t\t<div class=\"elementor-column elementor-col-100 elementor-inner-column elementor-element elementor-element-7ade9a1\" data-id=\"7ade9a1\" data-element_type=\"column\">\n\t\t\t<div class=\"elementor-widget-wrap elementor-element-populated\">\n\t\t\t\t\t\t\t\t<div class=\"elementor-element elementor-element-9602347 elementor-widget elementor-widget-image\" data-id=\"9602347\" data-element_type=\"widget\" data-widget_type=\"image.default\">\n\t\t\t\t<div class=\"elementor-widget-container\">\n\t\t\t<style>\/*! elementor - v3.5.6 - 28-02-2022 *\/\n.elementor-widget-image{text-align:center}.elementor-widget-image a{display:inline-block}.elementor-widget-image a img[src$=\".svg\"]{width:48px}.elementor-widget-image img{vertical-align:middle;display:inline-block}<\/style>\t\t\t\t\t\t\t\t\t\t\t\t<img loading=\"lazy\" decoding=\"async\" width=\"300\" height=\"96\" src=\"https:\/\/virtual.usac.edu.gt\/dedev\/wp-content\/uploads\/2022\/02\/ANTECEDENTES-300x96.png\" class=\"attachment-medium size-medium\" alt=\"\" srcset=\"https:\/\/virtual.usac.edu.gt\/dedev\/wp-content\/uploads\/2022\/02\/ANTECEDENTES-300x96.png 300w, https:\/\/virtual.usac.edu.gt\/dedev\/wp-content\/uploads\/2022\/02\/ANTECEDENTES-768x246.png 768w, https:\/\/virtual.usac.edu.gt\/dedev\/wp-content\/uploads\/2022\/02\/ANTECEDENTES.png 774w\" sizes=\"auto, (max-width: 300px) 100vw, 300px\" \/>\t\t\t\t\t\t\t\t\t\t\t\t\t\t\t<\/div>\n\t\t\t\t<\/div>\n\t\t\t\t\t<\/div>\n\t\t<\/div>\n\t\t\t\t\t\t\t<\/div>\n\t\t<\/section>\n\t\t\t\t<div class=\"elementor-element elementor-element-fd8d162 elementor-widget elementor-widget-text-editor\" data-id=\"fd8d162\" data-element_type=\"widget\" data-widget_type=\"text-editor.default\">\n\t\t\t\t<div class=\"elementor-widget-container\">\n\t\t\t<style>\/*! elementor - v3.5.6 - 28-02-2022 *\/\n.elementor-widget-text-editor.elementor-drop-cap-view-stacked .elementor-drop-cap{background-color:#818a91;color:#fff}.elementor-widget-text-editor.elementor-drop-cap-view-framed .elementor-drop-cap{color:#818a91;border:3px solid;background-color:transparent}.elementor-widget-text-editor:not(.elementor-drop-cap-view-default) .elementor-drop-cap{margin-top:8px}.elementor-widget-text-editor:not(.elementor-drop-cap-view-default) .elementor-drop-cap-letter{width:1em;height:1em}.elementor-widget-text-editor .elementor-drop-cap{float:left;text-align:center;line-height:1;font-size:50px}.elementor-widget-text-editor .elementor-drop-cap-letter{display:inline-block}<\/style>\t\t\t\t<h1 style=\"text-align: justify;\"><\/h1>\n<h2 align=\"justify\"><span style=\"color: #000000;\">Debido a la constante evoluci\u00f3n en la producci\u00f3n y transferencia del conocimiento, en aumento durante la \u00faltima d\u00e9cada, contrastado con la existencia de pol\u00edticas educativas orientadas al desarrollo e inclusi\u00f3n de metodolog\u00edas y t\u00e9cnicas actualizadas aplicables al proceso de ense\u00f1anza-aprendizaje, ha generado que las unidades administrativas y acad\u00e9micas realicen esfuerzos aislados en el \u00e1rea de tecnificaci\u00f3n de la educaci\u00f3n superior, dando lugar a la subutilizaci\u00f3n de recursos.<\/span><\/h2>\n<h2 align=\"justify\"><span style=\"color: #000000;\">En respuesta a las carencias existentes respecto a la optimizaci\u00f3n de recursos did\u00e1cticos, metodol\u00f3gicos y tecnol\u00f3gicos orientados a la educaci\u00f3n virtual, desde la academia se desarrollaron nuevas formas y m\u00e9todos de innovaci\u00f3n educativa para el perfeccionamiento y tecnificaci\u00f3n del sistema de educaci\u00f3n superior y el fortalecimiento de la formaci\u00f3n estudiantil, acad\u00e9mica y profesional.<\/span><\/h2>\n<h2 align=\"justify\"><span style=\"color: #000000;\">No obstante dichos esfuerzos, se ten\u00eda necesario contar con una estructura organizativa encabezada por una dependencia coordinadora del proceso de tecnificaci\u00f3n educativa, que contribuyera al cumplimiento de la Pol\u00edtica de Educaci\u00f3n a Distancia en Entornos Virtuales y de esa cuenta coordinar programas de educaci\u00f3n virtual para la actualizaci\u00f3n y capacitaci\u00f3n constante de los docentes con la utilizaci\u00f3n de las nuevas tecnolog\u00edas de la informaci\u00f3n y comunicaci\u00f3n.\u00a0<\/span><\/h2>\n<div>\n<h2 style=\"font-style: normal;\" align=\"justify\"><span style=\"color: #000000;\">En respuesta a lo anterior, mediante Acuerdo de Rector\u00eda No.0190-2020 de fecha 05 de marzo del a\u00f1o 2020, se aprob\u00f3 la reestructuraci\u00f3n de la Unidad de Educaci\u00f3n Virtual y el Programa para la Formaci\u00f3n de Formadores para la conformaci\u00f3n de la Divisi\u00f3n de Educaci\u00f3n a Distancia en Entornos Virtuales de la Direcci\u00f3n General de Docencia, como la instancia responsable de impulsar los distintos programas y proyectos que a corto, mediano y largo plazo se implementen en la Universidad de San Carlos de Guatemala, en el \u00e1mbito de educaci\u00f3n virtual en las modalidades abierta, a distancia, virtual, en l\u00ednea, las cuales viabilizan las ventajas que hoy por hoy pueden ofrecer las Tecnolog\u00edas de la Informaci\u00f3n y la Comunicaci\u00f3n, en cuanto aspectos de ense\u00f1anza-aprendizaje, temporalidad, localizaci\u00f3n f\u00edsica, horarios, carga de trabajos y un sin fin de caracter\u00edsticas y necesidades para la formaci\u00f3n estudiantil, acad\u00e9mica, as\u00ed como para el \u00e1rea profesional.\u00a0<\/span><\/h2>\n<\/div>\t\t\t\t\t\t<\/div>\n\t\t\t\t<\/div>\n\t\t\t\t<div class=\"elementor-element elementor-element-8724689 elementor-align-center elementor-widget elementor-widget-button\" data-id=\"8724689\" data-element_type=\"widget\" data-widget_type=\"button.default\">\n\t\t\t\t<div class=\"elementor-widget-container\">\n\t\t\t\t\t<div class=\"elementor-button-wrapper\">\n\t\t\t<a href=\"https:\/\/virtual.usac.edu.gt\/dedev\/conocenos\/\" class=\"elementor-button-link elementor-button elementor-size-md\" role=\"button\">\n\t\t\t\t\t\t<span class=\"elementor-button-content-wrapper\">\n\t\t\t\t\t\t<span class=\"elementor-button-icon elementor-align-icon-left\">\n\t\t\t\t<i aria-hidden=\"true\" class=\"far fa-arrow-alt-circle-left\"><\/i>\t\t\t<\/span>\n\t\t\t\t\t\t<span class=\"elementor-button-text\">Anterior<\/span>\n\t\t<\/span>\n\t\t\t\t\t<\/a>\n\t\t<\/div>\n\t\t\t\t<\/div>\n\t\t\t\t<\/div>\n\t\t\t\t\t<\/div>\n\t\t<\/div>\n\t\t\t\t<div class=\"elementor-column elementor-col-33 elementor-top-column elementor-element elementor-element-f00d45f\" data-id=\"f00d45f\" data-element_type=\"column\">\n\t\t\t<div class=\"elementor-widget-wrap\">\n\t\t\t\t\t\t\t\t\t<\/div>\n\t\t<\/div>\n\t\t\t\t\t\t\t<\/div>\n\t\t<\/section>\n\t\t\t\t\t\t<\/div>\n\t\t\t\t\t<\/div>\n\t\t","protected":false},"excerpt":{"rendered":"<p>Debido a la constante evoluci\u00f3n en la producci\u00f3n y transferencia del conocimiento, en aumento durante la \u00faltima d\u00e9cada, contrastado con la existencia de pol\u00edticas educativas orientadas al desarrollo e inclusi\u00f3n de metodolog\u00edas y t\u00e9cnicas actualizadas aplicables al proceso de ense\u00f1anza-aprendizaje, ha generado que las unidades administrativas y acad\u00e9micas realicen esfuerzos aislados en el \u00e1rea de &hellip;<\/p>\n<p class=\"read-more\"> <a class=\"\" href=\"https:\/\/virtual.usac.edu.gt\/dedev\/antecedentes\/\"> <span class=\"screen-reader-text\">DEDEV | Antecedentes<\/span> Read More &raquo;<\/a><\/p>\n","protected":false},"author":1,"featured_media":0,"parent":0,"menu_order":0,"comment_status":"closed","ping_status":"closed","template":"","meta":{"site-sidebar-layout":"no-sidebar","site-content-layout":"page-builder","ast-main-header-display":"","ast-hfb-above-header-display":"","ast-hfb-below-header-display":"","ast-hfb-mobile-header-display":"","site-post-title":"disabled","ast-breadcrumbs-content":"","ast-featured-img":"disabled","footer-sml-layout":"","theme-transparent-header-meta":"","adv-header-id-meta":"","stick-header-meta":"","header-above-stick-meta":"","header-main-stick-meta":"","header-below-stick-meta":"","footnotes":""},"class_list":["post-3792","page","type-page","status-publish","hentry"],"yoast_head":"<!-- This site is optimized with the Yoast SEO plugin v22.0 - https:\/\/yoast.com\/wordpress\/plugins\/seo\/ -->\n<title>DEDEV | Antecedentes<\/title>\n<meta name=\"description\" content=\"Debido a la constante evoluci\u00f3n en la producci\u00f3n y transferencia del conocimiento, en aumento durante la \u00faltima d\u00e9cada, contrastado\" \/>\n<meta name=\"robots\" content=\"index, follow, max-snippet:-1, max-image-preview:large, max-video-preview:-1\" \/>\n<link rel=\"canonical\" href=\"https:\/\/virtual.usac.edu.gt\/dedev\/antecedentes\/\" \/>\n<meta property=\"og:locale\" content=\"es_ES\" \/>\n<meta property=\"og:type\" content=\"article\" \/>\n<meta property=\"og:title\" content=\"DEDEV | Antecedentes\" \/>\n<meta property=\"og:description\" content=\"Debido a la constante evoluci\u00f3n en la producci\u00f3n y transferencia del conocimiento, en aumento durante la \u00faltima d\u00e9cada, contrastado\" \/>\n<meta property=\"og:url\" content=\"https:\/\/virtual.usac.edu.gt\/dedev\/antecedentes\/\" \/>\n<meta property=\"article:publisher\" content=\"https:\/\/www.facebook.com\/dedevusac\" \/>\n<meta property=\"article:modified_time\" content=\"2025-01-22T16:53:31+00:00\" \/>\n<meta property=\"og:image\" content=\"http:\/\/virtual.usac.edu.gt\/dedev\/wp-content\/uploads\/2021\/11\/cropped-ICONO_Mesa-de-trabajo-1-copia.png\" \/>\n\t<meta property=\"og:image:width\" content=\"512\" \/>\n\t<meta property=\"og:image:height\" content=\"512\" \/>\n\t<meta property=\"og:image:type\" content=\"image\/png\" \/>\n<meta name=\"twitter:card\" content=\"summary_large_image\" \/>\n<meta name=\"twitter:site\" content=\"@usacdedev\" \/>\n<meta name=\"twitter:label1\" content=\"Est. reading time\" \/>\n\t<meta name=\"twitter:data1\" content=\"2 minutos\" \/>\n<script type=\"application\/ld+json\" class=\"yoast-schema-graph\">{\"@context\":\"https:\/\/schema.org\",\"@graph\":[{\"@type\":\"WebPage\",\"@id\":\"https:\/\/virtual.usac.edu.gt\/dedev\/antecedentes\/\",\"url\":\"https:\/\/virtual.usac.edu.gt\/dedev\/antecedentes\/\",\"name\":\"DEDEV | Antecedentes\",\"isPartOf\":{\"@id\":\"https:\/\/virtual.usac.edu.gt\/dedev\/#website\"},\"datePublished\":\"2021-11-16T01:11:39+00:00\",\"dateModified\":\"2025-01-22T16:53:31+00:00\",\"description\":\"Debido a la constante evoluci\u00f3n en la producci\u00f3n y transferencia del conocimiento, en aumento durante la \u00faltima d\u00e9cada, contrastado\",\"breadcrumb\":{\"@id\":\"https:\/\/virtual.usac.edu.gt\/dedev\/antecedentes\/#breadcrumb\"},\"inLanguage\":\"es\",\"potentialAction\":[{\"@type\":\"ReadAction\",\"target\":[\"https:\/\/virtual.usac.edu.gt\/dedev\/antecedentes\/\"]}]},{\"@type\":\"BreadcrumbList\",\"@id\":\"https:\/\/virtual.usac.edu.gt\/dedev\/antecedentes\/#breadcrumb\",\"itemListElement\":[{\"@type\":\"ListItem\",\"position\":1,\"name\":\"Home\",\"item\":\"https:\/\/virtual.usac.edu.gt\/dedev\/\"},{\"@type\":\"ListItem\",\"position\":2,\"name\":\"DEDEV | Antecedentes\"}]},{\"@type\":\"WebSite\",\"@id\":\"https:\/\/virtual.usac.edu.gt\/dedev\/#website\",\"url\":\"https:\/\/virtual.usac.edu.gt\/dedev\/\",\"name\":\"https:\/\/virtual.usac.edu.gt\/dedev\",\"description\":\"Divisi\u00f3n de Educaci\u00f3n a Distancia en Entornos Virtuales\",\"publisher\":{\"@id\":\"https:\/\/virtual.usac.edu.gt\/dedev\/#organization\"},\"potentialAction\":[{\"@type\":\"SearchAction\",\"target\":{\"@type\":\"EntryPoint\",\"urlTemplate\":\"https:\/\/virtual.usac.edu.gt\/dedev\/?s={search_term_string}\"},\"query-input\":\"required name=search_term_string\"}],\"inLanguage\":\"es\"},{\"@type\":\"Organization\",\"@id\":\"https:\/\/virtual.usac.edu.gt\/dedev\/#organization\",\"name\":\"DEDEV USAC\",\"alternateName\":\"DEDEV\",\"url\":\"https:\/\/virtual.usac.edu.gt\/dedev\/\",\"logo\":{\"@type\":\"ImageObject\",\"inLanguage\":\"es\",\"@id\":\"https:\/\/virtual.usac.edu.gt\/dedev\/#\/schema\/logo\/image\/\",\"url\":\"https:\/\/virtual.usac.edu.gt\/dedev\/wp-content\/uploads\/2021\/11\/cropped-ICONO_Mesa-de-trabajo-1-copia.png\",\"contentUrl\":\"https:\/\/virtual.usac.edu.gt\/dedev\/wp-content\/uploads\/2021\/11\/cropped-ICONO_Mesa-de-trabajo-1-copia.png\",\"width\":512,\"height\":512,\"caption\":\"DEDEV USAC\"},\"image\":{\"@id\":\"https:\/\/virtual.usac.edu.gt\/dedev\/#\/schema\/logo\/image\/\"},\"sameAs\":[\"https:\/\/www.facebook.com\/dedevusac\",\"https:\/\/twitter.com\/usacdedev\",\"https:\/\/www.youtube.com\/channel\/UC0weNIBRspBx-ntSC31LgVA\"]}]}<\/script>\n<!-- \/ Yoast SEO plugin. -->","yoast_head_json":{"title":"DEDEV | Antecedentes","description":"Debido a la constante evoluci\u00f3n en la producci\u00f3n y transferencia del conocimiento, en aumento durante la \u00faltima d\u00e9cada, contrastado","robots":{"index":"index","follow":"follow","max-snippet":"max-snippet:-1","max-image-preview":"max-image-preview:large","max-video-preview":"max-video-preview:-1"},"canonical":"https:\/\/virtual.usac.edu.gt\/dedev\/antecedentes\/","og_locale":"es_ES","og_type":"article","og_title":"DEDEV | Antecedentes","og_description":"Debido a la constante evoluci\u00f3n en la producci\u00f3n y transferencia del conocimiento, en aumento durante la \u00faltima d\u00e9cada, contrastado","og_url":"https:\/\/virtual.usac.edu.gt\/dedev\/antecedentes\/","article_publisher":"https:\/\/www.facebook.com\/dedevusac","article_modified_time":"2025-01-22T16:53:31+00:00","og_image":[{"width":512,"height":512,"url":"http:\/\/virtual.usac.edu.gt\/dedev\/wp-content\/uploads\/2021\/11\/cropped-ICONO_Mesa-de-trabajo-1-copia.png","type":"image\/png"}],"twitter_card":"summary_large_image","twitter_site":"@usacdedev","twitter_misc":{"Est. reading time":"2 minutos"},"schema":{"@context":"https:\/\/schema.org","@graph":[{"@type":"WebPage","@id":"https:\/\/virtual.usac.edu.gt\/dedev\/antecedentes\/","url":"https:\/\/virtual.usac.edu.gt\/dedev\/antecedentes\/","name":"DEDEV | Antecedentes","isPartOf":{"@id":"https:\/\/virtual.usac.edu.gt\/dedev\/#website"},"datePublished":"2021-11-16T01:11:39+00:00","dateModified":"2025-01-22T16:53:31+00:00","description":"Debido a la constante evoluci\u00f3n en la producci\u00f3n y transferencia del conocimiento, en aumento durante la \u00faltima d\u00e9cada, contrastado","breadcrumb":{"@id":"https:\/\/virtual.usac.edu.gt\/dedev\/antecedentes\/#breadcrumb"},"inLanguage":"es","potentialAction":[{"@type":"ReadAction","target":["https:\/\/virtual.usac.edu.gt\/dedev\/antecedentes\/"]}]},{"@type":"BreadcrumbList","@id":"https:\/\/virtual.usac.edu.gt\/dedev\/antecedentes\/#breadcrumb","itemListElement":[{"@type":"ListItem","position":1,"name":"Home","item":"https:\/\/virtual.usac.edu.gt\/dedev\/"},{"@type":"ListItem","position":2,"name":"DEDEV | Antecedentes"}]},{"@type":"WebSite","@id":"https:\/\/virtual.usac.edu.gt\/dedev\/#website","url":"https:\/\/virtual.usac.edu.gt\/dedev\/","name":"https:\/\/virtual.usac.edu.gt\/dedev","description":"Divisi\u00f3n de Educaci\u00f3n a Distancia en Entornos Virtuales","publisher":{"@id":"https:\/\/virtual.usac.edu.gt\/dedev\/#organization"},"potentialAction":[{"@type":"SearchAction","target":{"@type":"EntryPoint","urlTemplate":"https:\/\/virtual.usac.edu.gt\/dedev\/?s={search_term_string}"},"query-input":"required name=search_term_string"}],"inLanguage":"es"},{"@type":"Organization","@id":"https:\/\/virtual.usac.edu.gt\/dedev\/#organization","name":"DEDEV USAC","alternateName":"DEDEV","url":"https:\/\/virtual.usac.edu.gt\/dedev\/","logo":{"@type":"ImageObject","inLanguage":"es","@id":"https:\/\/virtual.usac.edu.gt\/dedev\/#\/schema\/logo\/image\/","url":"https:\/\/virtual.usac.edu.gt\/dedev\/wp-content\/uploads\/2021\/11\/cropped-ICONO_Mesa-de-trabajo-1-copia.png","contentUrl":"https:\/\/virtual.usac.edu.gt\/dedev\/wp-content\/uploads\/2021\/11\/cropped-ICONO_Mesa-de-trabajo-1-copia.png","width":512,"height":512,"caption":"DEDEV USAC"},"image":{"@id":"https:\/\/virtual.usac.edu.gt\/dedev\/#\/schema\/logo\/image\/"},"sameAs":["https:\/\/www.facebook.com\/dedevusac","https:\/\/twitter.com\/usacdedev","https:\/\/www.youtube.com\/channel\/UC0weNIBRspBx-ntSC31LgVA"]}]}},"_links":{"self":[{"href":"https:\/\/virtual.usac.edu.gt\/dedev\/wp-json\/wp\/v2\/pages\/3792","targetHints":{"allow":["GET"]}}],"collection":[{"href":"https:\/\/virtual.usac.edu.gt\/dedev\/wp-json\/wp\/v2\/pages"}],"about":[{"href":"https:\/\/virtual.usac.edu.gt\/dedev\/wp-json\/wp\/v2\/types\/page"}],"author":[{"embeddable":true,"href":"https:\/\/virtual.usac.edu.gt\/dedev\/wp-json\/wp\/v2\/users\/1"}],"replies":[{"embeddable":true,"href":"https:\/\/virtual.usac.edu.gt\/dedev\/wp-json\/wp\/v2\/comments?post=3792"}],"version-history":[{"count":128,"href":"https:\/\/virtual.usac.edu.gt\/dedev\/wp-json\/wp\/v2\/pages\/3792\/revisions"}],"predecessor-version":[{"id":17780,"href":"https:\/\/virtual.usac.edu.gt\/dedev\/wp-json\/wp\/v2\/pages\/3792\/revisions\/17780"}],"wp:attachment":[{"href":"https:\/\/virtual.usac.edu.gt\/dedev\/wp-json\/wp\/v2\/media?parent=3792"}],"curies":[{"name":"wp","href":"https:\/\/api.w.org\/{rel}","templated":true}]}}