{"id":4460,"date":"2021-11-18T03:31:38","date_gmt":"2021-11-18T02:31:38","guid":{"rendered":"https:\/\/virtual.usac.edu.gt\/dedev\/?page_id=4460"},"modified":"2025-08-07T18:24:57","modified_gmt":"2025-08-07T16:24:57","slug":"formacion-pedagogica11","status":"publish","type":"page","link":"https:\/\/virtual.usac.edu.gt\/dedev\/formacion-pedagogica11\/","title":{"rendered":"DEDEV | Formaci\u00f3n Pedag\u00f3gica"},"content":{"rendered":"\t\t<div data-elementor-type=\"wp-page\" data-elementor-id=\"4460\" class=\"elementor elementor-4460\" data-elementor-settings=\"[]\">\n\t\t\t\t\t\t\t<div class=\"elementor-section-wrap\">\n\t\t\t\t\t\t\t<section class=\"elementor-section elementor-top-section elementor-element elementor-element-c7bc161 elementor-section-full_width elementor-section-height-default elementor-section-height-default\" data-id=\"c7bc161\" data-element_type=\"section\" data-settings=\"{&quot;background_background&quot;:&quot;classic&quot;}\">\n\t\t\t\t\t\t<div class=\"elementor-container elementor-column-gap-default\">\n\t\t\t\t\t<div class=\"elementor-column elementor-col-100 elementor-top-column elementor-element elementor-element-9cf7f3b\" data-id=\"9cf7f3b\" data-element_type=\"column\">\n\t\t\t<div class=\"elementor-widget-wrap elementor-element-populated\">\n\t\t\t\t\t\t\t\t<section class=\"elementor-section elementor-inner-section elementor-element elementor-element-b9d0488 elementor-section-boxed elementor-section-height-default elementor-section-height-default\" data-id=\"b9d0488\" data-element_type=\"section\">\n\t\t\t\t\t\t<div class=\"elementor-container elementor-column-gap-default\">\n\t\t\t\t\t<div class=\"elementor-column elementor-col-100 elementor-inner-column elementor-element elementor-element-e3182ec\" data-id=\"e3182ec\" data-element_type=\"column\">\n\t\t\t<div class=\"elementor-widget-wrap elementor-element-populated\">\n\t\t\t\t\t\t\t\t<div class=\"elementor-element elementor-element-8040583 elementor-widget elementor-widget-image\" data-id=\"8040583\" data-element_type=\"widget\" data-widget_type=\"image.default\">\n\t\t\t\t<div class=\"elementor-widget-container\">\n\t\t\t<style>\/*! elementor - v3.5.6 - 28-02-2022 *\/\n.elementor-widget-image{text-align:center}.elementor-widget-image a{display:inline-block}.elementor-widget-image a img[src$=\".svg\"]{width:48px}.elementor-widget-image img{vertical-align:middle;display:inline-block}<\/style>\t\t\t\t\t\t\t\t\t\t\t\t<img loading=\"lazy\" decoding=\"async\" width=\"2048\" height=\"433\" src=\"https:\/\/virtual.usac.edu.gt\/dedev\/wp-content\/uploads\/2024\/03\/BANNER-FORMACION-TECNOPEDAGOGICA-2024-scaled-e1722968940857-2048x433.jpg\" class=\"attachment-2048x2048 size-2048x2048\" alt=\"\" srcset=\"https:\/\/virtual.usac.edu.gt\/dedev\/wp-content\/uploads\/2024\/03\/BANNER-FORMACION-TECNOPEDAGOGICA-2024-scaled-e1722968940857-2048x433.jpg 2048w, https:\/\/virtual.usac.edu.gt\/dedev\/wp-content\/uploads\/2024\/03\/BANNER-FORMACION-TECNOPEDAGOGICA-2024-scaled-e1722968940857-300x63.jpg 300w, https:\/\/virtual.usac.edu.gt\/dedev\/wp-content\/uploads\/2024\/03\/BANNER-FORMACION-TECNOPEDAGOGICA-2024-scaled-e1722968940857-1024x216.jpg 1024w, https:\/\/virtual.usac.edu.gt\/dedev\/wp-content\/uploads\/2024\/03\/BANNER-FORMACION-TECNOPEDAGOGICA-2024-scaled-e1722968940857-768x162.jpg 768w, https:\/\/virtual.usac.edu.gt\/dedev\/wp-content\/uploads\/2024\/03\/BANNER-FORMACION-TECNOPEDAGOGICA-2024-scaled-e1722968940857-1536x325.jpg 1536w\" sizes=\"auto, (max-width: 2048px) 100vw, 2048px\" \/>\t\t\t\t\t\t\t\t\t\t\t\t\t\t\t<\/div>\n\t\t\t\t<\/div>\n\t\t\t\t\t<\/div>\n\t\t<\/div>\n\t\t\t\t\t\t\t<\/div>\n\t\t<\/section>\n\t\t\t\t<section class=\"elementor-section elementor-inner-section elementor-element elementor-element-b3f222a elementor-section-boxed elementor-section-height-default elementor-section-height-default\" data-id=\"b3f222a\" data-element_type=\"section\">\n\t\t\t\t\t\t<div class=\"elementor-container elementor-column-gap-default\">\n\t\t\t\t\t<div class=\"elementor-column elementor-col-100 elementor-inner-column elementor-element elementor-element-d385091\" data-id=\"d385091\" data-element_type=\"column\">\n\t\t\t<div class=\"elementor-widget-wrap elementor-element-populated\">\n\t\t\t\t\t\t\t\t<div class=\"elementor-element elementor-element-0e2ccd4 elementor-widget elementor-widget-text-editor\" data-id=\"0e2ccd4\" data-element_type=\"widget\" data-widget_type=\"text-editor.default\">\n\t\t\t\t<div class=\"elementor-widget-container\">\n\t\t\t<style>\/*! elementor - v3.5.6 - 28-02-2022 *\/\n.elementor-widget-text-editor.elementor-drop-cap-view-stacked .elementor-drop-cap{background-color:#818a91;color:#fff}.elementor-widget-text-editor.elementor-drop-cap-view-framed .elementor-drop-cap{color:#818a91;border:3px solid;background-color:transparent}.elementor-widget-text-editor:not(.elementor-drop-cap-view-default) .elementor-drop-cap{margin-top:8px}.elementor-widget-text-editor:not(.elementor-drop-cap-view-default) .elementor-drop-cap-letter{width:1em;height:1em}.elementor-widget-text-editor .elementor-drop-cap{float:left;text-align:center;line-height:1;font-size:50px}.elementor-widget-text-editor .elementor-drop-cap-letter{display:inline-block}<\/style>\t\t\t\t<h3 style=\"font-size: 1.66667rem; font-style: normal;\" align=\"justify\"><span style=\"color: #000000;\">La implementaci\u00f3n de tecnolog\u00eda en la educaci\u00f3n demanda nuevas habilidades digitales. Para desarrollarlas ponemos a tu disposici\u00f3n cursos, talleres, conferencias y diplomados en el fortalecimiento de conocimientos en educaci\u00f3n virtual. Selecciona el proceso acad\u00e9mico&nbsp;de&nbsp;tu&nbsp;inter\u00e9s.<\/span><\/h3>\n<h3 style=\"font-size: 1.66667rem; font-style: normal;\" align=\"justify\"><span style=\"color: #000000;\">El Acuerdo de Rector\u00eda N\u00b0 0045-2025&nbsp;<\/span><span style=\"color: #000000; font-size: 1.66667rem; font-weight: inherit;\">crea el programa de formaci\u00f3n y capacitaci\u00f3n con la emisi\u00f3n de \u201cMICROCREDENCIALES DIGITALES UNIVERSITARIAS\u201d. Una microcredencial, es una certificaci\u00f3n que reconoce el dominio de un conjunto de habilidades o habilidad espec\u00edfica que se adquieren por medio de los programas de formaci\u00f3n y actualizaci\u00f3n con una duraci\u00f3n corta y que se crean para la adquisici\u00f3n de aprendizajes de manera formal para el fortalecimiento de la Pol\u00edtica de la Calidad Educativa y Pol\u00edtica de Educaci\u00f3n a Distancia en Entornos Virtuales de la USAC.<\/span><\/h3>\n<h3 style=\"font-size: 1.66667rem; font-style: normal;\" align=\"justify\"><span style=\"color: #000000;\">Las microcredenciales para su validaci\u00f3n en la emisi\u00f3n ser\u00e1 coordinada por la&nbsp;<\/span><span style=\"color: #000000; font-size: 1.66667rem; font-weight: inherit;\">DIGED por medio de la Divisi\u00f3n de Educaci\u00f3n a Distancia en Entornos Virtuales (DEDEV) y de la Divisi\u00f3n de Evaluaci\u00f3n y Acreditaci\u00f3n Institucional (DEAI)<\/span><span style=\"color: #000000; font-size: 1.66667rem; font-weight: inherit;\">, para aprobar la autorizaci\u00f3n de hacer extensivas estas certificaciones digitales con el uso de tecnolog\u00eda blockchain (se considera este tipo de tecnolog\u00eda como una cadena de bloques de informaci\u00f3n vinculados y asegurados mediante criptograf\u00eda, validados por una red descentralizada de nodos; en este caso se validar\u00e1 la emisi\u00f3n de las microcredenciales para garantizar que un estudiante, profesor, profesional o personal administrativo ha adquirido el aprendizaje o la habilidad espec\u00edfica) por medio de las formaciones tecnopedag\u00f3gicas ya sea en modalidad presencial, virtuales o mixtas; con el fin de ser accesible a toda la comunidad universitaria.<\/span><\/h3>\t\t\t\t\t\t<\/div>\n\t\t\t\t<\/div>\n\t\t\t\t\t<\/div>\n\t\t<\/div>\n\t\t\t\t\t\t\t<\/div>\n\t\t<\/section>\n\t\t\t\t<section class=\"elementor-section elementor-inner-section elementor-element elementor-element-a6fca89 elementor-section-full_width elementor-section-height-default elementor-section-height-default\" data-id=\"a6fca89\" data-element_type=\"section\">\n\t\t\t\t\t\t<div class=\"elementor-container elementor-column-gap-default\">\n\t\t\t\t\t<div class=\"elementor-column elementor-col-25 elementor-inner-column elementor-element elementor-element-14af07d\" data-id=\"14af07d\" data-element_type=\"column\">\n\t\t\t<div class=\"elementor-widget-wrap elementor-element-populated\">\n\t\t\t\t\t\t\t\t<div class=\"elementor-element elementor-element-dfe4c8d elementor-widget elementor-widget-image\" data-id=\"dfe4c8d\" data-element_type=\"widget\" data-widget_type=\"image.default\">\n\t\t\t\t<div class=\"elementor-widget-container\">\n\t\t\t\t\t\t\t\t\t\t\t\t\t\t\t\t<a href=\"https:\/\/virtual.usac.edu.gt\/dedev\/cursos\/\">\n\t\t\t\t\t\t\t<img loading=\"lazy\" decoding=\"async\" width=\"300\" height=\"86\" src=\"https:\/\/virtual.usac.edu.gt\/dedev\/wp-content\/uploads\/2024\/10\/Logo-Cursos-300x86.png\" class=\"elementor-animation-grow attachment-medium size-medium\" alt=\"\" srcset=\"https:\/\/virtual.usac.edu.gt\/dedev\/wp-content\/uploads\/2024\/10\/Logo-Cursos-300x86.png 300w, https:\/\/virtual.usac.edu.gt\/dedev\/wp-content\/uploads\/2024\/10\/Logo-Cursos-1024x294.png 1024w, https:\/\/virtual.usac.edu.gt\/dedev\/wp-content\/uploads\/2024\/10\/Logo-Cursos-768x220.png 768w, https:\/\/virtual.usac.edu.gt\/dedev\/wp-content\/uploads\/2024\/10\/Logo-Cursos.png 1251w\" sizes=\"auto, (max-width: 300px) 100vw, 300px\" \/>\t\t\t\t\t\t\t\t<\/a>\n\t\t\t\t\t\t\t\t\t\t\t\t\t\t\t<\/div>\n\t\t\t\t<\/div>\n\t\t\t\t\t<\/div>\n\t\t<\/div>\n\t\t\t\t<div class=\"elementor-column elementor-col-25 elementor-inner-column elementor-element elementor-element-648d3f8\" data-id=\"648d3f8\" data-element_type=\"column\">\n\t\t\t<div class=\"elementor-widget-wrap elementor-element-populated\">\n\t\t\t\t\t\t\t\t<div class=\"elementor-element elementor-element-705bc4b elementor-widget elementor-widget-image\" data-id=\"705bc4b\" data-element_type=\"widget\" data-widget_type=\"image.default\">\n\t\t\t\t<div class=\"elementor-widget-container\">\n\t\t\t\t\t\t\t\t\t\t\t\t\t\t\t\t<a href=\"https:\/\/virtual.usac.edu.gt\/dedev\/diplomados\/\">\n\t\t\t\t\t\t\t<img loading=\"lazy\" decoding=\"async\" width=\"300\" height=\"86\" src=\"https:\/\/virtual.usac.edu.gt\/dedev\/wp-content\/uploads\/2024\/10\/Logo-Diplomados-300x86.png\" class=\"elementor-animation-grow attachment-medium size-medium\" alt=\"\" srcset=\"https:\/\/virtual.usac.edu.gt\/dedev\/wp-content\/uploads\/2024\/10\/Logo-Diplomados-300x86.png 300w, https:\/\/virtual.usac.edu.gt\/dedev\/wp-content\/uploads\/2024\/10\/Logo-Diplomados-1024x294.png 1024w, https:\/\/virtual.usac.edu.gt\/dedev\/wp-content\/uploads\/2024\/10\/Logo-Diplomados-768x220.png 768w, https:\/\/virtual.usac.edu.gt\/dedev\/wp-content\/uploads\/2024\/10\/Logo-Diplomados.png 1251w\" sizes=\"auto, (max-width: 300px) 100vw, 300px\" \/>\t\t\t\t\t\t\t\t<\/a>\n\t\t\t\t\t\t\t\t\t\t\t\t\t\t\t<\/div>\n\t\t\t\t<\/div>\n\t\t\t\t\t<\/div>\n\t\t<\/div>\n\t\t\t\t<div class=\"elementor-column elementor-col-25 elementor-inner-column elementor-element elementor-element-97c8fb5\" data-id=\"97c8fb5\" data-element_type=\"column\">\n\t\t\t<div class=\"elementor-widget-wrap elementor-element-populated\">\n\t\t\t\t\t\t\t\t<div class=\"elementor-element elementor-element-6e46a7a elementor-widget elementor-widget-image\" data-id=\"6e46a7a\" data-element_type=\"widget\" data-widget_type=\"image.default\">\n\t\t\t\t<div class=\"elementor-widget-container\">\n\t\t\t\t\t\t\t\t\t\t\t\t\t\t\t\t<a href=\"https:\/\/virtual.usac.edu.gt\/dedev\/talleres-virtuales\/\">\n\t\t\t\t\t\t\t<img loading=\"lazy\" decoding=\"async\" width=\"300\" height=\"86\" src=\"https:\/\/virtual.usac.edu.gt\/dedev\/wp-content\/uploads\/2024\/10\/Logo-Talleres-300x86.png\" class=\"elementor-animation-grow attachment-medium size-medium\" alt=\"\" srcset=\"https:\/\/virtual.usac.edu.gt\/dedev\/wp-content\/uploads\/2024\/10\/Logo-Talleres-300x86.png 300w, https:\/\/virtual.usac.edu.gt\/dedev\/wp-content\/uploads\/2024\/10\/Logo-Talleres-1024x294.png 1024w, https:\/\/virtual.usac.edu.gt\/dedev\/wp-content\/uploads\/2024\/10\/Logo-Talleres-768x220.png 768w, https:\/\/virtual.usac.edu.gt\/dedev\/wp-content\/uploads\/2024\/10\/Logo-Talleres.png 1251w\" sizes=\"auto, (max-width: 300px) 100vw, 300px\" \/>\t\t\t\t\t\t\t\t<\/a>\n\t\t\t\t\t\t\t\t\t\t\t\t\t\t\t<\/div>\n\t\t\t\t<\/div>\n\t\t\t\t\t<\/div>\n\t\t<\/div>\n\t\t\t\t<div class=\"elementor-column elementor-col-25 elementor-inner-column elementor-element elementor-element-72d6b39\" data-id=\"72d6b39\" data-element_type=\"column\">\n\t\t\t<div class=\"elementor-widget-wrap elementor-element-populated\">\n\t\t\t\t\t\t\t\t<div class=\"elementor-element elementor-element-1f84b4f elementor-widget elementor-widget-image\" data-id=\"1f84b4f\" data-element_type=\"widget\" data-widget_type=\"image.default\">\n\t\t\t\t<div class=\"elementor-widget-container\">\n\t\t\t\t\t\t\t\t\t\t\t\t\t\t\t\t<a href=\"https:\/\/virtual.usac.edu.gt\/dedev\/conferencias\/\">\n\t\t\t\t\t\t\t<img loading=\"lazy\" decoding=\"async\" width=\"300\" height=\"86\" src=\"https:\/\/virtual.usac.edu.gt\/dedev\/wp-content\/uploads\/2024\/10\/Logo-Conferencias-300x86.png\" class=\"elementor-animation-grow attachment-medium size-medium\" alt=\"\" srcset=\"https:\/\/virtual.usac.edu.gt\/dedev\/wp-content\/uploads\/2024\/10\/Logo-Conferencias-300x86.png 300w, https:\/\/virtual.usac.edu.gt\/dedev\/wp-content\/uploads\/2024\/10\/Logo-Conferencias-1024x294.png 1024w, https:\/\/virtual.usac.edu.gt\/dedev\/wp-content\/uploads\/2024\/10\/Logo-Conferencias-768x220.png 768w, https:\/\/virtual.usac.edu.gt\/dedev\/wp-content\/uploads\/2024\/10\/Logo-Conferencias.png 1251w\" sizes=\"auto, (max-width: 300px) 100vw, 300px\" \/>\t\t\t\t\t\t\t\t<\/a>\n\t\t\t\t\t\t\t\t\t\t\t\t\t\t\t<\/div>\n\t\t\t\t<\/div>\n\t\t\t\t\t<\/div>\n\t\t<\/div>\n\t\t\t\t\t\t\t<\/div>\n\t\t<\/section>\n\t\t\t\t<section class=\"elementor-section elementor-inner-section elementor-element elementor-element-a817f23 elementor-section-full_width elementor-section-height-default elementor-section-height-default\" data-id=\"a817f23\" data-element_type=\"section\">\n\t\t\t\t\t\t<div class=\"elementor-container elementor-column-gap-default\">\n\t\t\t\t\t<div class=\"elementor-column elementor-col-100 elementor-inner-column elementor-element elementor-element-4af1858\" data-id=\"4af1858\" data-element_type=\"column\">\n\t\t\t<div class=\"elementor-widget-wrap\">\n\t\t\t\t\t\t\t\t\t<\/div>\n\t\t<\/div>\n\t\t\t\t\t\t\t<\/div>\n\t\t<\/section>\n\t\t\t\t\t<\/div>\n\t\t<\/div>\n\t\t\t\t\t\t\t<\/div>\n\t\t<\/section>\n\t\t\t\t<section class=\"elementor-section elementor-top-section elementor-element elementor-element-f87a493 elementor-section-boxed elementor-section-height-default elementor-section-height-default\" data-id=\"f87a493\" data-element_type=\"section\">\n\t\t\t\t\t\t<div class=\"elementor-container elementor-column-gap-default\">\n\t\t\t\t\t<div class=\"elementor-column elementor-col-100 elementor-top-column elementor-element elementor-element-1aa787f\" data-id=\"1aa787f\" data-element_type=\"column\">\n\t\t\t<div class=\"elementor-widget-wrap elementor-element-populated\">\n\t\t\t\t\t\t\t\t<div class=\"elementor-element elementor-element-e809b18 elementor-align-center elementor-widget elementor-widget-button\" data-id=\"e809b18\" data-element_type=\"widget\" data-widget_type=\"button.default\">\n\t\t\t\t<div class=\"elementor-widget-container\">\n\t\t\t\t\t<div class=\"elementor-button-wrapper\">\n\t\t\t<a href=\"https:\/\/virtual.usac.edu.gt\/dedev\" class=\"elementor-button-link elementor-button elementor-size-md\" role=\"button\">\n\t\t\t\t\t\t<span class=\"elementor-button-content-wrapper\">\n\t\t\t\t\t\t<span class=\"elementor-button-icon elementor-align-icon-left\">\n\t\t\t\t<i aria-hidden=\"true\" class=\"far fa-arrow-alt-circle-left\"><\/i>\t\t\t<\/span>\n\t\t\t\t\t\t<span class=\"elementor-button-text\">Anterior<\/span>\n\t\t<\/span>\n\t\t\t\t\t<\/a>\n\t\t<\/div>\n\t\t\t\t<\/div>\n\t\t\t\t<\/div>\n\t\t\t\t\t<\/div>\n\t\t<\/div>\n\t\t\t\t\t\t\t<\/div>\n\t\t<\/section>\n\t\t\t\t\t\t<\/div>\n\t\t\t\t\t<\/div>\n\t\t","protected":false},"excerpt":{"rendered":"<p>La implementaci\u00f3n de tecnolog\u00eda en la educaci\u00f3n demanda nuevas habilidades digitales. Para desarrollarlas ponemos a tu disposici\u00f3n cursos, talleres, conferencias y diplomados en el fortalecimiento de conocimientos en educaci\u00f3n virtual. Selecciona el proceso acad\u00e9mico&nbsp;de&nbsp;tu&nbsp;inter\u00e9s. El Acuerdo de Rector\u00eda N\u00b0 0045-2025&nbsp;crea el programa de formaci\u00f3n y capacitaci\u00f3n con la emisi\u00f3n de \u201cMICROCREDENCIALES DIGITALES UNIVERSITARIAS\u201d. Una microcredencial, &hellip;<\/p>\n<p class=\"read-more\"> <a class=\"\" href=\"https:\/\/virtual.usac.edu.gt\/dedev\/formacion-pedagogica11\/\"> <span class=\"screen-reader-text\">DEDEV | Formaci\u00f3n Pedag\u00f3gica<\/span> Read More &raquo;<\/a><\/p>\n","protected":false},"author":1,"featured_media":0,"parent":0,"menu_order":0,"comment_status":"closed","ping_status":"closed","template":"","meta":{"site-sidebar-layout":"no-sidebar","site-content-layout":"page-builder","ast-main-header-display":"","ast-hfb-above-header-display":"","ast-hfb-below-header-display":"","ast-hfb-mobile-header-display":"","site-post-title":"disabled","ast-breadcrumbs-content":"","ast-featured-img":"disabled","footer-sml-layout":"","theme-transparent-header-meta":"","adv-header-id-meta":"","stick-header-meta":"","header-above-stick-meta":"","header-main-stick-meta":"","header-below-stick-meta":"","footnotes":""},"class_list":["post-4460","page","type-page","status-publish","hentry"],"yoast_head":"<!-- This site is optimized with the Yoast SEO plugin v22.0 - https:\/\/yoast.com\/wordpress\/plugins\/seo\/ -->\n<title>DEDEV | Formaci\u00f3n Pedag\u00f3gica<\/title>\n<meta name=\"description\" content=\"La implementaci\u00f3n de la tecnolog\u00eda en la educaci\u00f3n requiere de una serie de nuevas habilidades y capacidades digitales docentes.\" \/>\n<meta name=\"robots\" content=\"index, follow, max-snippet:-1, max-image-preview:large, max-video-preview:-1\" \/>\n<link rel=\"canonical\" href=\"https:\/\/virtual.usac.edu.gt\/dedev\/formacion-pedagogica11\/\" \/>\n<meta property=\"og:locale\" content=\"es_ES\" \/>\n<meta property=\"og:type\" content=\"article\" \/>\n<meta property=\"og:title\" content=\"DEDEV | Formaci\u00f3n Pedag\u00f3gica\" \/>\n<meta property=\"og:description\" content=\"La implementaci\u00f3n de la tecnolog\u00eda en la educaci\u00f3n requiere de una serie de nuevas habilidades y capacidades digitales docentes.\" \/>\n<meta property=\"og:url\" content=\"https:\/\/virtual.usac.edu.gt\/dedev\/formacion-pedagogica11\/\" \/>\n<meta property=\"article:publisher\" content=\"https:\/\/www.facebook.com\/dedevusac\" \/>\n<meta property=\"article:modified_time\" content=\"2025-08-07T16:24:57+00:00\" \/>\n<meta property=\"og:image\" content=\"http:\/\/virtual.usac.edu.gt\/dedev\/wp-content\/uploads\/2021\/11\/cropped-ICONO_Mesa-de-trabajo-1-copia.png\" \/>\n\t<meta property=\"og:image:width\" content=\"512\" \/>\n\t<meta property=\"og:image:height\" content=\"512\" \/>\n\t<meta property=\"og:image:type\" content=\"image\/png\" \/>\n<meta name=\"twitter:card\" content=\"summary_large_image\" \/>\n<meta name=\"twitter:site\" content=\"@usacdedev\" \/>\n<meta name=\"twitter:label1\" content=\"Est. reading time\" \/>\n\t<meta name=\"twitter:data1\" content=\"1 minuto\" \/>\n<script type=\"application\/ld+json\" class=\"yoast-schema-graph\">{\"@context\":\"https:\/\/schema.org\",\"@graph\":[{\"@type\":\"WebPage\",\"@id\":\"https:\/\/virtual.usac.edu.gt\/dedev\/formacion-pedagogica11\/\",\"url\":\"https:\/\/virtual.usac.edu.gt\/dedev\/formacion-pedagogica11\/\",\"name\":\"DEDEV | Formaci\u00f3n Pedag\u00f3gica\",\"isPartOf\":{\"@id\":\"https:\/\/virtual.usac.edu.gt\/dedev\/#website\"},\"datePublished\":\"2021-11-18T02:31:38+00:00\",\"dateModified\":\"2025-08-07T16:24:57+00:00\",\"description\":\"La implementaci\u00f3n de la tecnolog\u00eda en la educaci\u00f3n requiere de una serie de nuevas habilidades y capacidades digitales docentes.\",\"breadcrumb\":{\"@id\":\"https:\/\/virtual.usac.edu.gt\/dedev\/formacion-pedagogica11\/#breadcrumb\"},\"inLanguage\":\"es\",\"potentialAction\":[{\"@type\":\"ReadAction\",\"target\":[\"https:\/\/virtual.usac.edu.gt\/dedev\/formacion-pedagogica11\/\"]}]},{\"@type\":\"BreadcrumbList\",\"@id\":\"https:\/\/virtual.usac.edu.gt\/dedev\/formacion-pedagogica11\/#breadcrumb\",\"itemListElement\":[{\"@type\":\"ListItem\",\"position\":1,\"name\":\"Home\",\"item\":\"https:\/\/virtual.usac.edu.gt\/dedev\/\"},{\"@type\":\"ListItem\",\"position\":2,\"name\":\"DEDEV | Formaci\u00f3n Pedag\u00f3gica\"}]},{\"@type\":\"WebSite\",\"@id\":\"https:\/\/virtual.usac.edu.gt\/dedev\/#website\",\"url\":\"https:\/\/virtual.usac.edu.gt\/dedev\/\",\"name\":\"https:\/\/virtual.usac.edu.gt\/dedev\",\"description\":\"Divisi\u00f3n de Educaci\u00f3n a Distancia en Entornos Virtuales\",\"publisher\":{\"@id\":\"https:\/\/virtual.usac.edu.gt\/dedev\/#organization\"},\"potentialAction\":[{\"@type\":\"SearchAction\",\"target\":{\"@type\":\"EntryPoint\",\"urlTemplate\":\"https:\/\/virtual.usac.edu.gt\/dedev\/?s={search_term_string}\"},\"query-input\":\"required name=search_term_string\"}],\"inLanguage\":\"es\"},{\"@type\":\"Organization\",\"@id\":\"https:\/\/virtual.usac.edu.gt\/dedev\/#organization\",\"name\":\"DEDEV USAC\",\"alternateName\":\"DEDEV\",\"url\":\"https:\/\/virtual.usac.edu.gt\/dedev\/\",\"logo\":{\"@type\":\"ImageObject\",\"inLanguage\":\"es\",\"@id\":\"https:\/\/virtual.usac.edu.gt\/dedev\/#\/schema\/logo\/image\/\",\"url\":\"https:\/\/virtual.usac.edu.gt\/dedev\/wp-content\/uploads\/2021\/11\/cropped-ICONO_Mesa-de-trabajo-1-copia.png\",\"contentUrl\":\"https:\/\/virtual.usac.edu.gt\/dedev\/wp-content\/uploads\/2021\/11\/cropped-ICONO_Mesa-de-trabajo-1-copia.png\",\"width\":512,\"height\":512,\"caption\":\"DEDEV USAC\"},\"image\":{\"@id\":\"https:\/\/virtual.usac.edu.gt\/dedev\/#\/schema\/logo\/image\/\"},\"sameAs\":[\"https:\/\/www.facebook.com\/dedevusac\",\"https:\/\/twitter.com\/usacdedev\",\"https:\/\/www.youtube.com\/channel\/UC0weNIBRspBx-ntSC31LgVA\"]}]}<\/script>\n<!-- \/ Yoast SEO plugin. -->","yoast_head_json":{"title":"DEDEV | Formaci\u00f3n Pedag\u00f3gica","description":"La implementaci\u00f3n de la tecnolog\u00eda en la educaci\u00f3n requiere de una serie de nuevas habilidades y capacidades digitales docentes.","robots":{"index":"index","follow":"follow","max-snippet":"max-snippet:-1","max-image-preview":"max-image-preview:large","max-video-preview":"max-video-preview:-1"},"canonical":"https:\/\/virtual.usac.edu.gt\/dedev\/formacion-pedagogica11\/","og_locale":"es_ES","og_type":"article","og_title":"DEDEV | Formaci\u00f3n Pedag\u00f3gica","og_description":"La implementaci\u00f3n de la tecnolog\u00eda en la educaci\u00f3n requiere de una serie de nuevas habilidades y capacidades digitales docentes.","og_url":"https:\/\/virtual.usac.edu.gt\/dedev\/formacion-pedagogica11\/","article_publisher":"https:\/\/www.facebook.com\/dedevusac","article_modified_time":"2025-08-07T16:24:57+00:00","og_image":[{"width":512,"height":512,"url":"http:\/\/virtual.usac.edu.gt\/dedev\/wp-content\/uploads\/2021\/11\/cropped-ICONO_Mesa-de-trabajo-1-copia.png","type":"image\/png"}],"twitter_card":"summary_large_image","twitter_site":"@usacdedev","twitter_misc":{"Est. reading time":"1 minuto"},"schema":{"@context":"https:\/\/schema.org","@graph":[{"@type":"WebPage","@id":"https:\/\/virtual.usac.edu.gt\/dedev\/formacion-pedagogica11\/","url":"https:\/\/virtual.usac.edu.gt\/dedev\/formacion-pedagogica11\/","name":"DEDEV | Formaci\u00f3n Pedag\u00f3gica","isPartOf":{"@id":"https:\/\/virtual.usac.edu.gt\/dedev\/#website"},"datePublished":"2021-11-18T02:31:38+00:00","dateModified":"2025-08-07T16:24:57+00:00","description":"La implementaci\u00f3n de la tecnolog\u00eda en la educaci\u00f3n requiere de una serie de nuevas habilidades y capacidades digitales docentes.","breadcrumb":{"@id":"https:\/\/virtual.usac.edu.gt\/dedev\/formacion-pedagogica11\/#breadcrumb"},"inLanguage":"es","potentialAction":[{"@type":"ReadAction","target":["https:\/\/virtual.usac.edu.gt\/dedev\/formacion-pedagogica11\/"]}]},{"@type":"BreadcrumbList","@id":"https:\/\/virtual.usac.edu.gt\/dedev\/formacion-pedagogica11\/#breadcrumb","itemListElement":[{"@type":"ListItem","position":1,"name":"Home","item":"https:\/\/virtual.usac.edu.gt\/dedev\/"},{"@type":"ListItem","position":2,"name":"DEDEV | Formaci\u00f3n Pedag\u00f3gica"}]},{"@type":"WebSite","@id":"https:\/\/virtual.usac.edu.gt\/dedev\/#website","url":"https:\/\/virtual.usac.edu.gt\/dedev\/","name":"https:\/\/virtual.usac.edu.gt\/dedev","description":"Divisi\u00f3n de Educaci\u00f3n a Distancia en Entornos Virtuales","publisher":{"@id":"https:\/\/virtual.usac.edu.gt\/dedev\/#organization"},"potentialAction":[{"@type":"SearchAction","target":{"@type":"EntryPoint","urlTemplate":"https:\/\/virtual.usac.edu.gt\/dedev\/?s={search_term_string}"},"query-input":"required name=search_term_string"}],"inLanguage":"es"},{"@type":"Organization","@id":"https:\/\/virtual.usac.edu.gt\/dedev\/#organization","name":"DEDEV USAC","alternateName":"DEDEV","url":"https:\/\/virtual.usac.edu.gt\/dedev\/","logo":{"@type":"ImageObject","inLanguage":"es","@id":"https:\/\/virtual.usac.edu.gt\/dedev\/#\/schema\/logo\/image\/","url":"https:\/\/virtual.usac.edu.gt\/dedev\/wp-content\/uploads\/2021\/11\/cropped-ICONO_Mesa-de-trabajo-1-copia.png","contentUrl":"https:\/\/virtual.usac.edu.gt\/dedev\/wp-content\/uploads\/2021\/11\/cropped-ICONO_Mesa-de-trabajo-1-copia.png","width":512,"height":512,"caption":"DEDEV USAC"},"image":{"@id":"https:\/\/virtual.usac.edu.gt\/dedev\/#\/schema\/logo\/image\/"},"sameAs":["https:\/\/www.facebook.com\/dedevusac","https:\/\/twitter.com\/usacdedev","https:\/\/www.youtube.com\/channel\/UC0weNIBRspBx-ntSC31LgVA"]}]}},"_links":{"self":[{"href":"https:\/\/virtual.usac.edu.gt\/dedev\/wp-json\/wp\/v2\/pages\/4460","targetHints":{"allow":["GET"]}}],"collection":[{"href":"https:\/\/virtual.usac.edu.gt\/dedev\/wp-json\/wp\/v2\/pages"}],"about":[{"href":"https:\/\/virtual.usac.edu.gt\/dedev\/wp-json\/wp\/v2\/types\/page"}],"author":[{"embeddable":true,"href":"https:\/\/virtual.usac.edu.gt\/dedev\/wp-json\/wp\/v2\/users\/1"}],"replies":[{"embeddable":true,"href":"https:\/\/virtual.usac.edu.gt\/dedev\/wp-json\/wp\/v2\/comments?post=4460"}],"version-history":[{"count":668,"href":"https:\/\/virtual.usac.edu.gt\/dedev\/wp-json\/wp\/v2\/pages\/4460\/revisions"}],"predecessor-version":[{"id":18194,"href":"https:\/\/virtual.usac.edu.gt\/dedev\/wp-json\/wp\/v2\/pages\/4460\/revisions\/18194"}],"wp:attachment":[{"href":"https:\/\/virtual.usac.edu.gt\/dedev\/wp-json\/wp\/v2\/media?parent=4460"}],"curies":[{"name":"wp","href":"https:\/\/api.w.org\/{rel}","templated":true}]}}