{"id":14027,"date":"2023-04-20T16:07:49","date_gmt":"2023-04-20T14:07:49","guid":{"rendered":"https:\/\/virtual.usac.edu.gt\/dedev\/?page_id=14027"},"modified":"2025-04-09T23:27:22","modified_gmt":"2025-04-09T21:27:22","slug":"funciones-diged","status":"publish","type":"page","link":"https:\/\/virtual.usac.edu.gt\/diged\/funciones-diged\/","title":{"rendered":"DIGED | Funciones"},"content":{"rendered":"\t\t<div data-elementor-type=\"wp-page\" data-elementor-id=\"14027\" class=\"elementor elementor-14027\">\n\t\t\t\t\t\t\t\t\t<section class=\"elementor-section elementor-top-section elementor-element elementor-element-c8a51f0 elementor-section-full_width elementor-section-height-min-height elementor-section-height-default elementor-section-items-middle\" data-id=\"c8a51f0\" data-element_type=\"section\">\n\t\t\t\t\t\t<div class=\"elementor-container elementor-column-gap-no\">\n\t\t\t\t\t<div class=\"elementor-column elementor-col-11 elementor-top-column elementor-element elementor-element-cbff129\" data-id=\"cbff129\" data-element_type=\"column\">\n\t\t\t<div class=\"elementor-widget-wrap elementor-element-populated\">\n\t\t\t\t\t\t\t\t<div class=\"elementor-element elementor-element-0a0ef21 elementor-widget elementor-widget-image\" data-id=\"0a0ef21\" data-element_type=\"widget\" data-widget_type=\"image.default\">\n\t\t\t\t<div class=\"elementor-widget-container\">\n\t\t\t<style>\/*! elementor - v3.14.0 - 26-06-2023 *\/\n.elementor-widget-image{text-align:center}.elementor-widget-image a{display:inline-block}.elementor-widget-image a img[src$=\".svg\"]{width:48px}.elementor-widget-image img{vertical-align:middle;display:inline-block}<\/style>\t\t\t\t\t\t\t\t\t\t\t\t\t<a href=\"https:\/\/www.usac.edu.gt\/\" target=\"_blank\">\n\t\t\t\t\t\t\t<img loading=\"lazy\" decoding=\"async\" width=\"300\" height=\"92\" src=\"https:\/\/virtual.usac.edu.gt\/diged\/wp-content\/uploads\/2023\/02\/LOGO-USAC-04-N-11-300x92.png\" class=\"attachment-medium size-medium wp-image-13080\" alt=\"\" srcset=\"https:\/\/virtual.usac.edu.gt\/diged\/wp-content\/uploads\/2023\/02\/LOGO-USAC-04-N-11-300x92.png 300w, https:\/\/virtual.usac.edu.gt\/diged\/wp-content\/uploads\/2023\/02\/LOGO-USAC-04-N-11-1024x312.png 1024w, https:\/\/virtual.usac.edu.gt\/diged\/wp-content\/uploads\/2023\/02\/LOGO-USAC-04-N-11-768x234.png 768w, https:\/\/virtual.usac.edu.gt\/diged\/wp-content\/uploads\/2023\/02\/LOGO-USAC-04-N-11-1536x469.png 1536w, https:\/\/virtual.usac.edu.gt\/diged\/wp-content\/uploads\/2023\/02\/LOGO-USAC-04-N-11-2048x625.png 2048w\" sizes=\"auto, (max-width: 300px) 100vw, 300px\" \/>\t\t\t\t\t\t\t\t<\/a>\n\t\t\t\t\t\t\t\t\t\t\t\t\t\t\t<\/div>\n\t\t\t\t<\/div>\n\t\t\t\t\t<\/div>\n\t\t<\/div>\n\t\t\t\t<div class=\"elementor-column elementor-col-11 elementor-top-column elementor-element elementor-element-7c57677\" data-id=\"7c57677\" data-element_type=\"column\">\n\t\t\t<div class=\"elementor-widget-wrap\">\n\t\t\t\t\t\t\t\t\t<\/div>\n\t\t<\/div>\n\t\t\t\t<div class=\"elementor-column elementor-col-11 elementor-top-column elementor-element elementor-element-e59ccd2\" data-id=\"e59ccd2\" data-element_type=\"column\">\n\t\t\t<div class=\"elementor-widget-wrap elementor-element-populated\">\n\t\t\t\t\t\t\t\t<div class=\"elementor-element elementor-element-3b385b4 elementor-invisible elementor-widget elementor-widget-image\" data-id=\"3b385b4\" data-element_type=\"widget\" data-settings=\"{&quot;_animation&quot;:&quot;fadeIn&quot;}\" data-widget_type=\"image.default\">\n\t\t\t\t<div class=\"elementor-widget-container\">\n\t\t\t\t\t\t\t\t\t\t\t\t\t\t\t\t<a href=\"https:\/\/virtual.usac.edu.gt\/diged\/nosotros-diged\/\">\n\t\t\t\t\t\t\t<img loading=\"lazy\" decoding=\"async\" width=\"300\" height=\"91\" src=\"https:\/\/virtual.usac.edu.gt\/diged\/wp-content\/uploads\/2024\/07\/CARPETITAS-NOSOTROS-300x91.png\" class=\"elementor-animation-wobble-horizontal attachment-medium size-medium wp-image-15832\" alt=\"\" srcset=\"https:\/\/virtual.usac.edu.gt\/diged\/wp-content\/uploads\/2024\/07\/CARPETITAS-NOSOTROS-300x91.png 300w, https:\/\/virtual.usac.edu.gt\/diged\/wp-content\/uploads\/2024\/07\/CARPETITAS-NOSOTROS-1024x312.png 1024w, https:\/\/virtual.usac.edu.gt\/diged\/wp-content\/uploads\/2024\/07\/CARPETITAS-NOSOTROS-768x234.png 768w, https:\/\/virtual.usac.edu.gt\/diged\/wp-content\/uploads\/2024\/07\/CARPETITAS-NOSOTROS-1536x468.png 1536w, https:\/\/virtual.usac.edu.gt\/diged\/wp-content\/uploads\/2024\/07\/CARPETITAS-NOSOTROS-2048x624.png 2048w\" sizes=\"auto, (max-width: 300px) 100vw, 300px\" \/>\t\t\t\t\t\t\t\t<\/a>\n\t\t\t\t\t\t\t\t\t\t\t\t\t\t\t<\/div>\n\t\t\t\t<\/div>\n\t\t\t\t\t<\/div>\n\t\t<\/div>\n\t\t\t\t<div class=\"elementor-column elementor-col-11 elementor-top-column elementor-element elementor-element-727fa35\" data-id=\"727fa35\" data-element_type=\"column\">\n\t\t\t<div class=\"elementor-widget-wrap elementor-element-populated\">\n\t\t\t\t\t\t\t\t<div class=\"elementor-element elementor-element-982ca7a elementor-widget elementor-widget-image\" data-id=\"982ca7a\" data-element_type=\"widget\" data-widget_type=\"image.default\">\n\t\t\t\t<div class=\"elementor-widget-container\">\n\t\t\t\t\t\t\t\t\t\t\t\t\t\t\t\t<a href=\"https:\/\/virtual.usac.edu.gt\/diged\/funciones-diged\/\">\n\t\t\t\t\t\t\t<img loading=\"lazy\" decoding=\"async\" width=\"300\" height=\"92\" src=\"https:\/\/virtual.usac.edu.gt\/diged\/wp-content\/uploads\/2023\/04\/CARPETITAS-12-12-300x92.png\" class=\"elementor-animation-wobble-horizontal attachment-medium size-medium wp-image-14087\" alt=\"\" srcset=\"https:\/\/virtual.usac.edu.gt\/diged\/wp-content\/uploads\/2023\/04\/CARPETITAS-12-12-300x92.png 300w, https:\/\/virtual.usac.edu.gt\/diged\/wp-content\/uploads\/2023\/04\/CARPETITAS-12-12-1024x312.png 1024w, https:\/\/virtual.usac.edu.gt\/diged\/wp-content\/uploads\/2023\/04\/CARPETITAS-12-12-768x234.png 768w, https:\/\/virtual.usac.edu.gt\/diged\/wp-content\/uploads\/2023\/04\/CARPETITAS-12-12-1536x469.png 1536w, https:\/\/virtual.usac.edu.gt\/diged\/wp-content\/uploads\/2023\/04\/CARPETITAS-12-12-2048x625.png 2048w\" sizes=\"auto, (max-width: 300px) 100vw, 300px\" \/>\t\t\t\t\t\t\t\t<\/a>\n\t\t\t\t\t\t\t\t\t\t\t\t\t\t\t<\/div>\n\t\t\t\t<\/div>\n\t\t\t\t\t<\/div>\n\t\t<\/div>\n\t\t\t\t<div class=\"elementor-column elementor-col-11 elementor-top-column elementor-element elementor-element-432a795\" data-id=\"432a795\" data-element_type=\"column\">\n\t\t\t<div class=\"elementor-widget-wrap elementor-element-populated\">\n\t\t\t\t\t\t\t\t<div class=\"elementor-element elementor-element-5ae0d70 elementor-widget elementor-widget-image\" data-id=\"5ae0d70\" data-element_type=\"widget\" data-widget_type=\"image.default\">\n\t\t\t\t<div class=\"elementor-widget-container\">\n\t\t\t\t\t\t\t\t\t\t\t\t\t\t\t\t<a href=\"https:\/\/virtual.usac.edu.gt\/diged\/estructura\/\">\n\t\t\t\t\t\t\t<img loading=\"lazy\" decoding=\"async\" width=\"300\" height=\"92\" src=\"https:\/\/virtual.usac.edu.gt\/diged\/wp-content\/uploads\/2023\/02\/CARPETITAS-10-300x92.png\" class=\"elementor-animation-wobble-horizontal attachment-medium size-medium wp-image-13069\" alt=\"\" srcset=\"https:\/\/virtual.usac.edu.gt\/diged\/wp-content\/uploads\/2023\/02\/CARPETITAS-10-300x92.png 300w, https:\/\/virtual.usac.edu.gt\/diged\/wp-content\/uploads\/2023\/02\/CARPETITAS-10-1024x312.png 1024w, https:\/\/virtual.usac.edu.gt\/diged\/wp-content\/uploads\/2023\/02\/CARPETITAS-10-768x234.png 768w, https:\/\/virtual.usac.edu.gt\/diged\/wp-content\/uploads\/2023\/02\/CARPETITAS-10-1536x469.png 1536w, https:\/\/virtual.usac.edu.gt\/diged\/wp-content\/uploads\/2023\/02\/CARPETITAS-10-2048x625.png 2048w\" sizes=\"auto, (max-width: 300px) 100vw, 300px\" \/>\t\t\t\t\t\t\t\t<\/a>\n\t\t\t\t\t\t\t\t\t\t\t\t\t\t\t<\/div>\n\t\t\t\t<\/div>\n\t\t\t\t\t<\/div>\n\t\t<\/div>\n\t\t\t\t<div class=\"elementor-column elementor-col-11 elementor-top-column elementor-element elementor-element-01477c3 elementor-hidden-mobile\" data-id=\"01477c3\" data-element_type=\"column\">\n\t\t\t<div class=\"elementor-widget-wrap\">\n\t\t\t\t\t\t\t\t\t<\/div>\n\t\t<\/div>\n\t\t\t\t<div class=\"elementor-column elementor-col-11 elementor-top-column elementor-element elementor-element-b9742bc\" data-id=\"b9742bc\" data-element_type=\"column\">\n\t\t\t<div class=\"elementor-widget-wrap elementor-element-populated\">\n\t\t\t\t\t\t\t\t<div class=\"elementor-element elementor-element-52cd8dd elementor-widget elementor-widget-image\" data-id=\"52cd8dd\" data-element_type=\"widget\" data-widget_type=\"image.default\">\n\t\t\t\t<div class=\"elementor-widget-container\">\n\t\t\t\t\t\t\t\t\t\t\t\t\t\t\t\t<a href=\"https:\/\/virtual.usac.edu.gt\/diged\/politicas-diged-usac\/\">\n\t\t\t\t\t\t\t<img loading=\"lazy\" decoding=\"async\" width=\"300\" height=\"91\" src=\"https:\/\/virtual.usac.edu.gt\/diged\/wp-content\/uploads\/2024\/07\/CARPETITAS-Actividades-y-Politicas-14-300x91.png\" class=\"elementor-animation-wobble-horizontal attachment-medium size-medium wp-image-16035\" alt=\"\" srcset=\"https:\/\/virtual.usac.edu.gt\/diged\/wp-content\/uploads\/2024\/07\/CARPETITAS-Actividades-y-Politicas-14-300x91.png 300w, https:\/\/virtual.usac.edu.gt\/diged\/wp-content\/uploads\/2024\/07\/CARPETITAS-Actividades-y-Politicas-14-1024x312.png 1024w, https:\/\/virtual.usac.edu.gt\/diged\/wp-content\/uploads\/2024\/07\/CARPETITAS-Actividades-y-Politicas-14-768x234.png 768w, https:\/\/virtual.usac.edu.gt\/diged\/wp-content\/uploads\/2024\/07\/CARPETITAS-Actividades-y-Politicas-14-1536x468.png 1536w, https:\/\/virtual.usac.edu.gt\/diged\/wp-content\/uploads\/2024\/07\/CARPETITAS-Actividades-y-Politicas-14-2048x624.png 2048w\" sizes=\"auto, (max-width: 300px) 100vw, 300px\" \/>\t\t\t\t\t\t\t\t<\/a>\n\t\t\t\t\t\t\t\t\t\t\t\t\t\t\t<\/div>\n\t\t\t\t<\/div>\n\t\t\t\t\t<\/div>\n\t\t<\/div>\n\t\t\t\t<div class=\"elementor-column elementor-col-11 elementor-top-column elementor-element elementor-element-43c0bf5\" data-id=\"43c0bf5\" data-element_type=\"column\">\n\t\t\t<div class=\"elementor-widget-wrap elementor-element-populated\">\n\t\t\t\t\t\t\t\t<div class=\"elementor-element elementor-element-ced883b elementor-widget elementor-widget-image\" data-id=\"ced883b\" data-element_type=\"widget\" data-widget_type=\"image.default\">\n\t\t\t\t<div class=\"elementor-widget-container\">\n\t\t\t\t\t\t\t\t\t\t\t\t\t\t\t\t<a href=\"https:\/\/virtual.usac.edu.gt\/diged\/actividades\/\">\n\t\t\t\t\t\t\t<img loading=\"lazy\" decoding=\"async\" width=\"300\" height=\"91\" src=\"https:\/\/virtual.usac.edu.gt\/diged\/wp-content\/uploads\/2024\/10\/CARPETITAS-programas-300x91.png\" class=\"elementor-animation-wobble-horizontal attachment-medium size-medium wp-image-16709\" alt=\"\" srcset=\"https:\/\/virtual.usac.edu.gt\/diged\/wp-content\/uploads\/2024\/10\/CARPETITAS-programas-300x91.png 300w, https:\/\/virtual.usac.edu.gt\/diged\/wp-content\/uploads\/2024\/10\/CARPETITAS-programas-1024x312.png 1024w, https:\/\/virtual.usac.edu.gt\/diged\/wp-content\/uploads\/2024\/10\/CARPETITAS-programas-768x234.png 768w, https:\/\/virtual.usac.edu.gt\/diged\/wp-content\/uploads\/2024\/10\/CARPETITAS-programas-1536x468.png 1536w, https:\/\/virtual.usac.edu.gt\/diged\/wp-content\/uploads\/2024\/10\/CARPETITAS-programas-2048x624.png 2048w\" sizes=\"auto, (max-width: 300px) 100vw, 300px\" \/>\t\t\t\t\t\t\t\t<\/a>\n\t\t\t\t\t\t\t\t\t\t\t\t\t\t\t<\/div>\n\t\t\t\t<\/div>\n\t\t\t\t\t<\/div>\n\t\t<\/div>\n\t\t\t\t<div class=\"elementor-column elementor-col-11 elementor-top-column elementor-element elementor-element-16c22b3\" data-id=\"16c22b3\" data-element_type=\"column\">\n\t\t\t<div class=\"elementor-widget-wrap elementor-element-populated\">\n\t\t\t\t\t\t\t\t<div class=\"elementor-element elementor-element-90b1980 elementor-widget elementor-widget-image\" data-id=\"90b1980\" data-element_type=\"widget\" data-widget_type=\"image.default\">\n\t\t\t\t<div class=\"elementor-widget-container\">\n\t\t\t\t\t\t\t\t\t\t\t\t\t\t\t\t<a href=\"https:\/\/virtual.usac.edu.gt\/diged\/pagina_reconocimientos\/\">\n\t\t\t\t\t\t\t<img loading=\"lazy\" decoding=\"async\" width=\"1024\" height=\"313\" src=\"https:\/\/virtual.usac.edu.gt\/diged\/wp-content\/uploads\/2025\/04\/RECONOCIMIENTOS-1024x313.png\" class=\"elementor-animation-wobble-horizontal attachment-large size-large wp-image-19144\" alt=\"\" srcset=\"https:\/\/virtual.usac.edu.gt\/diged\/wp-content\/uploads\/2025\/04\/RECONOCIMIENTOS-1024x313.png 1024w, https:\/\/virtual.usac.edu.gt\/diged\/wp-content\/uploads\/2025\/04\/RECONOCIMIENTOS-300x92.png 300w, https:\/\/virtual.usac.edu.gt\/diged\/wp-content\/uploads\/2025\/04\/RECONOCIMIENTOS-768x235.png 768w, https:\/\/virtual.usac.edu.gt\/diged\/wp-content\/uploads\/2025\/04\/RECONOCIMIENTOS-1536x470.png 1536w, https:\/\/virtual.usac.edu.gt\/diged\/wp-content\/uploads\/2025\/04\/RECONOCIMIENTOS-2048x626.png 2048w\" sizes=\"auto, (max-width: 1024px) 100vw, 1024px\" \/>\t\t\t\t\t\t\t\t<\/a>\n\t\t\t\t\t\t\t\t\t\t\t\t\t\t\t<\/div>\n\t\t\t\t<\/div>\n\t\t\t\t\t<\/div>\n\t\t<\/div>\n\t\t\t\t\t\t\t<\/div>\n\t\t<\/section>\n\t\t\t\t<section class=\"elementor-section elementor-top-section elementor-element elementor-element-a13c793 elementor-section-boxed elementor-section-height-default elementor-section-height-default\" data-id=\"a13c793\" data-element_type=\"section\" data-settings=\"{&quot;background_background&quot;:&quot;classic&quot;}\">\n\t\t\t\t\t\t<div class=\"elementor-container elementor-column-gap-default\">\n\t\t\t\t\t<div class=\"elementor-column elementor-col-100 elementor-top-column elementor-element elementor-element-3aa12c0\" data-id=\"3aa12c0\" data-element_type=\"column\">\n\t\t\t<div class=\"elementor-widget-wrap elementor-element-populated\">\n\t\t\t\t\t\t\t\t<div class=\"elementor-element elementor-element-cda870a elementor-widget elementor-widget-spacer\" data-id=\"cda870a\" data-element_type=\"widget\" data-widget_type=\"spacer.default\">\n\t\t\t\t<div class=\"elementor-widget-container\">\n\t\t\t<style>\/*! elementor - v3.14.0 - 26-06-2023 *\/\n.elementor-column .elementor-spacer-inner{height:var(--spacer-size)}.e-con{--container-widget-width:100%}.e-con-inner>.elementor-widget-spacer,.e-con>.elementor-widget-spacer{width:var(--container-widget-width,var(--spacer-size));--align-self:var(--container-widget-align-self,initial);--flex-shrink:0}.e-con-inner>.elementor-widget-spacer>.elementor-widget-container,.e-con-inner>.elementor-widget-spacer>.elementor-widget-container>.elementor-spacer,.e-con>.elementor-widget-spacer>.elementor-widget-container,.e-con>.elementor-widget-spacer>.elementor-widget-container>.elementor-spacer{height:100%}.e-con-inner>.elementor-widget-spacer>.elementor-widget-container>.elementor-spacer>.elementor-spacer-inner,.e-con>.elementor-widget-spacer>.elementor-widget-container>.elementor-spacer>.elementor-spacer-inner{height:var(--container-widget-height,var(--spacer-size))}<\/style>\t\t<div class=\"elementor-spacer\">\n\t\t\t<div class=\"elementor-spacer-inner\"><\/div>\n\t\t<\/div>\n\t\t\t\t<\/div>\n\t\t\t\t<\/div>\n\t\t\t\t<div class=\"elementor-element elementor-element-8ce976f elementor-invisible elementor-widget elementor-widget-image\" data-id=\"8ce976f\" data-element_type=\"widget\" data-settings=\"{&quot;_animation&quot;:&quot;fadeIn&quot;}\" data-widget_type=\"image.default\">\n\t\t\t\t<div class=\"elementor-widget-container\">\n\t\t\t\t\t\t\t\t\t\t\t\t\t\t\t<img loading=\"lazy\" decoding=\"async\" width=\"300\" height=\"92\" src=\"https:\/\/virtual.usac.edu.gt\/diged\/wp-content\/uploads\/2023\/04\/ICONOS-CARPETAS-CON-ICONOS-04-300x92.png\" class=\"elementor-animation-wobble-horizontal attachment-medium size-medium wp-image-14103\" alt=\"\" srcset=\"https:\/\/virtual.usac.edu.gt\/diged\/wp-content\/uploads\/2023\/04\/ICONOS-CARPETAS-CON-ICONOS-04-300x92.png 300w, https:\/\/virtual.usac.edu.gt\/diged\/wp-content\/uploads\/2023\/04\/ICONOS-CARPETAS-CON-ICONOS-04-1024x312.png 1024w, https:\/\/virtual.usac.edu.gt\/diged\/wp-content\/uploads\/2023\/04\/ICONOS-CARPETAS-CON-ICONOS-04-768x234.png 768w, https:\/\/virtual.usac.edu.gt\/diged\/wp-content\/uploads\/2023\/04\/ICONOS-CARPETAS-CON-ICONOS-04-1536x469.png 1536w, https:\/\/virtual.usac.edu.gt\/diged\/wp-content\/uploads\/2023\/04\/ICONOS-CARPETAS-CON-ICONOS-04-2048x625.png 2048w\" sizes=\"auto, (max-width: 300px) 100vw, 300px\" \/>\t\t\t\t\t\t\t\t\t\t\t\t\t\t\t<\/div>\n\t\t\t\t<\/div>\n\t\t\t\t<div class=\"elementor-element elementor-element-9b2d47b elementor-widget elementor-widget-text-editor\" data-id=\"9b2d47b\" data-element_type=\"widget\" data-widget_type=\"text-editor.default\">\n\t\t\t\t<div class=\"elementor-widget-container\">\n\t\t\t<style>\/*! elementor - v3.14.0 - 26-06-2023 *\/\n.elementor-widget-text-editor.elementor-drop-cap-view-stacked .elementor-drop-cap{background-color:#69727d;color:#fff}.elementor-widget-text-editor.elementor-drop-cap-view-framed .elementor-drop-cap{color:#69727d;border:3px solid;background-color:transparent}.elementor-widget-text-editor:not(.elementor-drop-cap-view-default) .elementor-drop-cap{margin-top:8px}.elementor-widget-text-editor:not(.elementor-drop-cap-view-default) .elementor-drop-cap-letter{width:1em;height:1em}.elementor-widget-text-editor .elementor-drop-cap{float:left;text-align:center;line-height:1;font-size:50px}.elementor-widget-text-editor .elementor-drop-cap-letter{display:inline-block}<\/style>\t\t\t\t<h1><strong style=\"color: var(--ast-global-color-2); font-style: inherit; font-family: var( --e-global-typography-text-font-family ), Sans-serif; font-size: 2.66667rem;\"><span style=\"color: #003b57;\">FUNCIONES<\/span><\/strong><\/h1>\n<dl>\n \t<dd>a. Planificar, dirigir, coordinar, supervisar y organizar las actividades acad\u00e9mico administrativas de la Direcci\u00f3n General de Docencia.<\/dd>\n \t<dd>b. Formular y proponer al Consejo Superior Universitario las Pol\u00edticas Acad\u00e9micas de\ncar\u00e1cter general que fortalezcan el sistema educativo de la Universidad de San Carlos de\nGuatemala.<\/dd>\n \t<dd>c. Dise\u00f1ar y ejecutar programas para el mejoramiento del sistema educativo de la\nUniversidad de San Carlos de Guatemala.<\/dd>\n \t<dd>d. Asesorar t\u00e9cnicamente a las unidades acad\u00e9micas en la elaboraci\u00f3n de planes, programas y\nproyectos educativos, generar metodolog\u00edas de ense\u00f1anza aprendizaje y elaboraci\u00f3n de\ninstrumentos de evaluaci\u00f3n.<\/dd>\n \t<dd>e. Velar por el cumplimiento de las pol\u00edticas, acuerdos y disposiciones acad\u00e9micas y\nadministrativas emitidas por el Consejo Superior Universitario.<\/dd>\n \t<dd>f. Planificar, coordinar, supervisar y evaluar las actividades de las dependencias de la\nDirecci\u00f3n General de Docencia.<\/dd>\n \t<dd>g. Dictar pol\u00edticas, estrategias, planes y programas de desarrollo acad\u00e9mico.<\/dd>\n \t<dd>h. Velar por la excelencia acad\u00e9mica de la Universidad de San Carlos de Guatemala.<\/dd>\n<\/dl>\t\t\t\t\t\t<\/div>\n\t\t\t\t<\/div>\n\t\t\t\t\t<\/div>\n\t\t<\/div>\n\t\t\t\t\t\t\t<\/div>\n\t\t<\/section>\n\t\t\t\t<section class=\"elementor-section elementor-top-section elementor-element elementor-element-dfb8d38 elementor-section-boxed elementor-section-height-default elementor-section-height-default\" data-id=\"dfb8d38\" data-element_type=\"section\">\n\t\t\t\t\t\t<div class=\"elementor-container elementor-column-gap-default\">\n\t\t\t\t\t<div class=\"elementor-column elementor-col-100 elementor-top-column elementor-element elementor-element-219115a\" data-id=\"219115a\" data-element_type=\"column\">\n\t\t\t<div class=\"elementor-widget-wrap elementor-element-populated\">\n\t\t\t\t\t\t\t\t<div class=\"elementor-element elementor-element-bcb6f08 elementor-align-left elementor-widget elementor-widget-button\" data-id=\"bcb6f08\" data-element_type=\"widget\" data-widget_type=\"button.default\">\n\t\t\t\t<div class=\"elementor-widget-container\">\n\t\t\t\t\t<div class=\"elementor-button-wrapper\">\n\t\t\t<a class=\"elementor-button elementor-button-link elementor-size-md\" href=\"https:\/\/virtual.usac.edu.gt\/diged\/diged\/\">\n\t\t\t\t\t\t<span class=\"elementor-button-content-wrapper\">\n\t\t\t\t\t\t<span class=\"elementor-button-icon elementor-align-icon-left\">\n\t\t\t\t<i aria-hidden=\"true\" class=\"far fa-arrow-alt-circle-left\"><\/i>\t\t\t<\/span>\n\t\t\t\t\t\t<span class=\"elementor-button-text\">Regresar<\/span>\n\t\t<\/span>\n\t\t\t\t\t<\/a>\n\t\t<\/div>\n\t\t\t\t<\/div>\n\t\t\t\t<\/div>\n\t\t\t\t\t<\/div>\n\t\t<\/div>\n\t\t\t\t\t\t\t<\/div>\n\t\t<\/section>\n\t\t\t\t\t\t\t<\/div>\n\t\t","protected":false},"excerpt":{"rendered":"<p>FUNCIONES a. Planificar, dirigir, coordinar, supervisar y organizar las actividades acad\u00e9mico administrativas de la Direcci\u00f3n General de Docencia. b. Formular y proponer al Consejo Superior Universitario las Pol\u00edticas Acad\u00e9micas de car\u00e1cter general que fortalezcan el sistema educativo de la Universidad de San Carlos de Guatemala. c. Dise\u00f1ar y ejecutar programas para el mejoramiento del sistema &hellip;<\/p>\n<p class=\"read-more\"> <a class=\"\" href=\"https:\/\/virtual.usac.edu.gt\/diged\/funciones-diged\/\"> <span class=\"screen-reader-text\">DIGED | Funciones<\/span> Read More &raquo;<\/a><\/p>\n","protected":false},"author":1,"featured_media":0,"parent":0,"menu_order":0,"comment_status":"closed","ping_status":"closed","template":"","meta":{"site-sidebar-layout":"no-sidebar","site-content-layout":"page-builder","ast-main-header-display":"","ast-hfb-above-header-display":"","ast-hfb-below-header-display":"","ast-hfb-mobile-header-display":"","site-post-title":"disabled","ast-breadcrumbs-content":"","ast-featured-img":"disabled","footer-sml-layout":"","theme-transparent-header-meta":"","adv-header-id-meta":"","stick-header-meta":"","header-above-stick-meta":"","header-main-stick-meta":"","header-below-stick-meta":"","footnotes":""},"class_list":["post-14027","page","type-page","status-publish","hentry"],"_links":{"self":[{"href":"https:\/\/virtual.usac.edu.gt\/diged\/wp-json\/wp\/v2\/pages\/14027","targetHints":{"allow":["GET"]}}],"collection":[{"href":"https:\/\/virtual.usac.edu.gt\/diged\/wp-json\/wp\/v2\/pages"}],"about":[{"href":"https:\/\/virtual.usac.edu.gt\/diged\/wp-json\/wp\/v2\/types\/page"}],"author":[{"embeddable":true,"href":"https:\/\/virtual.usac.edu.gt\/diged\/wp-json\/wp\/v2\/users\/1"}],"replies":[{"embeddable":true,"href":"https:\/\/virtual.usac.edu.gt\/diged\/wp-json\/wp\/v2\/comments?post=14027"}],"version-history":[{"count":107,"href":"https:\/\/virtual.usac.edu.gt\/diged\/wp-json\/wp\/v2\/pages\/14027\/revisions"}],"predecessor-version":[{"id":19456,"href":"https:\/\/virtual.usac.edu.gt\/diged\/wp-json\/wp\/v2\/pages\/14027\/revisions\/19456"}],"wp:attachment":[{"href":"https:\/\/virtual.usac.edu.gt\/diged\/wp-json\/wp\/v2\/media?parent=14027"}],"curies":[{"name":"wp","href":"https:\/\/api.w.org\/{rel}","templated":true}]}}